{"id":14329,"date":"2021-03-10T18:21:18","date_gmt":"2021-03-10T18:21:18","guid":{"rendered":"https:\/\/longboard.ee\/?page_id=14329"},"modified":"2021-12-15T09:17:24","modified_gmt":"2021-12-15T09:17:24","slug":"longboard-pika-laua-lugu","status":"publish","type":"page","link":"https:\/\/longboard.ee\/en\/longboard-pika-laua-lugu\/","title":{"rendered":"Longboard - the story of a long board"},"content":{"rendered":"<p>When you talk about a \"longboard skate\", you are in the territory of a subculture within a subculture, which feeds on myths and legends of its own, has unwritten rules and communities that build their own rituals and shape their own language. <\/p>\n\n\n\n<div class=\"wp-block-image\"><figure class=\"alignright size-large\"><img loading=\"lazy\" decoding=\"async\" width=\"236\" height=\"353\" src=\"https:\/\/longboard.ee\/wp-content\/uploads\/2021\/03\/973d766a9cde6646c6238e48eb6c016e-longboard-surf-skate-surf.jpg\" alt=\"\" class=\"wp-image-14331\" srcset=\"https:\/\/longboard.ee\/wp-content\/uploads\/2021\/03\/973d766a9cde6646c6238e48eb6c016e-longboard-surf-skate-surf.jpg 236w, https:\/\/longboard.ee\/wp-content\/uploads\/2021\/03\/973d766a9cde6646c6238e48eb6c016e-longboard-surf-skate-surf-8x12.jpg 8w\" sizes=\"auto, (max-width: 236px) 100vw, 236px\" \/><\/figure><\/div>\n\n\n\n<figure class=\"wp-block-image is-resized\"><img loading=\"lazy\" decoding=\"async\" src=\"https:\/\/longboard.ee\/wp-content\/uploads\/2021\/03\/dbeff2d0e434510520e0b46c020cb992-hang-ten-skateboarding.jpg\" alt=\"\" class=\"wp-image-14330\" width=\"204\" height=\"305\" srcset=\"https:\/\/longboard.ee\/wp-content\/uploads\/2021\/03\/dbeff2d0e434510520e0b46c020cb992-hang-ten-skateboarding.jpg 236w, https:\/\/longboard.ee\/wp-content\/uploads\/2021\/03\/dbeff2d0e434510520e0b46c020cb992-hang-ten-skateboarding-8x12.jpg 8w\" sizes=\"auto, (max-width: 204px) 100vw, 204px\" \/><\/figure>\n\n\n\n<p>The longboard descends from the noble art of surfing and is the brother of skateboarding. The idea originated with surfers in Hawaii. They wanted to bring surfing to land when the waves were too small to surf. They made a new kind of skateboard of thick plywood shaped into a smaller version of a surfboard, with trucks and wheels screwed to the decks, and used their surfing moves on small hills.<\/p>\n\n\n\n<figure class=\"wp-block-image size-large\"><img loading=\"lazy\" decoding=\"async\" width=\"741\" height=\"897\" src=\"https:\/\/longboard.ee\/wp-content\/uploads\/2021\/03\/1_F-x5U3D1lsUXof0Qaj3WQg.png\" alt=\"\" class=\"wp-image-14333\" srcset=\"https:\/\/longboard.ee\/wp-content\/uploads\/2021\/03\/1_F-x5U3D1lsUXof0Qaj3WQg.png 741w, https:\/\/longboard.ee\/wp-content\/uploads\/2021\/03\/1_F-x5U3D1lsUXof0Qaj3WQg-10x12.png 10w, https:\/\/longboard.ee\/wp-content\/uploads\/2021\/03\/1_F-x5U3D1lsUXof0Qaj3WQg-454x550.png 454w, https:\/\/longboard.ee\/wp-content\/uploads\/2021\/03\/1_F-x5U3D1lsUXof0Qaj3WQg-413x500.png 413w\" sizes=\"auto, (max-width: 741px) 100vw, 741px\" \/><\/figure>\n\n\n\n<p>In 1970s, a small group of longboarders honed their techniques, and some were profiled in a 1978 SkateBoarder magazine article, \"Cult of the Longboard\". <em>Skateboarder<\/em>Tom Sims, a surfer from Santa Barbara, gave life to the phenomenon of downhill, the reckless descent along the mountain roads. Despite the advent of polyurethane wheels (referred to as \"thane\" by longboarders), longboarding did not become popular in the 1970s. It lived on as an underground sport with home hobbyists continuing to make boards in their garages or strap trucks onto snowboard decks using old Kryptonic wheels from the 1970s or roller skating wheels.<\/p>\n\n\n\n<figure class=\"wp-block-image size-large\"><img loading=\"lazy\" decoding=\"async\" width=\"1024\" height=\"689\" src=\"https:\/\/longboard.ee\/wp-content\/uploads\/2021\/03\/6223adc45b7767927ba7fd16cea2d6c7983089a7-1024x689.jpg\" alt=\"\" class=\"wp-image-14332\" srcset=\"https:\/\/longboard.ee\/wp-content\/uploads\/2021\/03\/6223adc45b7767927ba7fd16cea2d6c7983089a7-1024x689.jpg 1024w, https:\/\/longboard.ee\/wp-content\/uploads\/2021\/03\/6223adc45b7767927ba7fd16cea2d6c7983089a7-950x639.jpg 950w, https:\/\/longboard.ee\/wp-content\/uploads\/2021\/03\/6223adc45b7767927ba7fd16cea2d6c7983089a7-16x12.jpg 16w, https:\/\/longboard.ee\/wp-content\/uploads\/2021\/03\/6223adc45b7767927ba7fd16cea2d6c7983089a7-465x313.jpg 465w, https:\/\/longboard.ee\/wp-content\/uploads\/2021\/03\/6223adc45b7767927ba7fd16cea2d6c7983089a7-695x468.jpg 695w, https:\/\/longboard.ee\/wp-content\/uploads\/2021\/03\/6223adc45b7767927ba7fd16cea2d6c7983089a7.jpg 1500w\" sizes=\"auto, (max-width: 1024px) 100vw, 1024px\" \/><\/figure>\n\n\n\n<p>Only with the advent of innovative materials, around the 90s, was the longboard rediscovered: for example, new reverse kingpins in trucks made longboarding more stable. Caliornia-based Sector 9 started mass-producing and selling longboards, which eventually made longboarding a serious sport (X-Games etc.).<\/p>\n\n\n\n<p>The golden age of longboards is the year 2010, when longboards reached the masses. Lots of people started to use longboards for every-day commute.<\/p>\n\n\n\n<figure class=\"wp-block-image size-large is-resized\"><img loading=\"lazy\" decoding=\"async\" src=\"https:\/\/longboard.ee\/wp-content\/uploads\/2021\/03\/22278205_303963223413425_2902475994545782784_n_large-1.jpg\" alt=\"\" class=\"wp-image-14335\" width=\"570\" height=\"570\" srcset=\"https:\/\/longboard.ee\/wp-content\/uploads\/2021\/03\/22278205_303963223413425_2902475994545782784_n_large-1.jpg 480w, https:\/\/longboard.ee\/wp-content\/uploads\/2021\/03\/22278205_303963223413425_2902475994545782784_n_large-1-12x12.jpg 12w, https:\/\/longboard.ee\/wp-content\/uploads\/2021\/03\/22278205_303963223413425_2902475994545782784_n_large-1-465x465.jpg 465w, https:\/\/longboard.ee\/wp-content\/uploads\/2021\/03\/22278205_303963223413425_2902475994545782784_n_large-1-150x150.jpg 150w, https:\/\/longboard.ee\/wp-content\/uploads\/2021\/03\/22278205_303963223413425_2902475994545782784_n_large-1-100x100.jpg 100w\" sizes=\"auto, (max-width: 570px) 100vw, 570px\" \/><\/figure>\n\n\n\n<p>The first time a longboard appeared on the big screen was in The secret life of Walter Mitty, Ben Stiller's 2013 movie, <em>The Secret Life of Walter Mitty<\/em> which must have made all the longboard fans' hearts beat faster.<\/p>\n\n\n\n<figure class=\"wp-block-image size-large\"><img loading=\"lazy\" decoding=\"async\" width=\"660\" height=\"276\" src=\"https:\/\/longboard.ee\/wp-content\/uploads\/2021\/03\/Walter-Mitty-longboarding.jpg\" alt=\"\" class=\"wp-image-14337\" srcset=\"https:\/\/longboard.ee\/wp-content\/uploads\/2021\/03\/Walter-Mitty-longboarding.jpg 660w, https:\/\/longboard.ee\/wp-content\/uploads\/2021\/03\/Walter-Mitty-longboarding-16x7.jpg 16w, https:\/\/longboard.ee\/wp-content\/uploads\/2021\/03\/Walter-Mitty-longboarding-465x194.jpg 465w\" sizes=\"auto, (max-width: 660px) 100vw, 660px\" \/><\/figure>\n\n\n\n<p>When it comes to longboards and skateboards, the stylistic element must be considered before the competitive component. The board whether it is long or short, is first of all a subculture, and in it coexists many different elements that help to make it closer to a philosophy of life than to a sport. Skateboarding styles and attitudes have evolved over the years, changing from city to city, and today each scene is closely linked to the interpretation of space and the character of the places where the discipline is practiced. New York longboarders, for example, coined the expression \"Push Culture\", which referred to a community and a rather aggressive and fast style of board use, a frontal way of approaching the city. New York is an urban agglomeration full of obstacles and complexity and precisely because of this articulation represents a real playground for anyone who loves skateboarding. It's like day day and night compared to the Californian set-up, where the long stretches of asphalt and hills allow a more \"surfing\" approach to the discipline.<\/p>\n\n\n\n<figure class=\"wp-block-image size-large\"><img loading=\"lazy\" decoding=\"async\" width=\"1024\" height=\"683\" src=\"https:\/\/longboard.ee\/wp-content\/uploads\/2021\/03\/SKATEBOARDss-slide-P1FG-superJumbo-1024x683.jpg\" alt=\"\" class=\"wp-image-14338\" srcset=\"https:\/\/longboard.ee\/wp-content\/uploads\/2021\/03\/SKATEBOARDss-slide-P1FG-superJumbo-1024x683.jpg 1024w, https:\/\/longboard.ee\/wp-content\/uploads\/2021\/03\/SKATEBOARDss-slide-P1FG-superJumbo-950x633.jpg 950w, https:\/\/longboard.ee\/wp-content\/uploads\/2021\/03\/SKATEBOARDss-slide-P1FG-superJumbo-1536x1024.jpg 1536w, https:\/\/longboard.ee\/wp-content\/uploads\/2021\/03\/SKATEBOARDss-slide-P1FG-superJumbo-16x12.jpg 16w, https:\/\/longboard.ee\/wp-content\/uploads\/2021\/03\/SKATEBOARDss-slide-P1FG-superJumbo-465x310.jpg 465w, https:\/\/longboard.ee\/wp-content\/uploads\/2021\/03\/SKATEBOARDss-slide-P1FG-superJumbo-695x463.jpg 695w, https:\/\/longboard.ee\/wp-content\/uploads\/2021\/03\/SKATEBOARDss-slide-P1FG-superJumbo-2000x1333.jpg 2000w, https:\/\/longboard.ee\/wp-content\/uploads\/2021\/03\/SKATEBOARDss-slide-P1FG-superJumbo.jpg 2048w\" sizes=\"auto, (max-width: 1024px) 100vw, 1024px\" \/><\/figure>\n\n\n\n<p>The longboard was born essentially to offer the thrill of speed, especially in the size of the downhill \/ freeride, when you devour the hills dashing in the wind. But within this universe there are also other disciplines in which coordination, balance and technique are the dominant skills: this is the case of carving or cruising, or simply moving using the board as a means of transport, usually in urban areas. In the extreme version, carving becomes slalom, where the skill of the rider is put to the test by a speed course between the pins. Then there is technical sliding, where speed control and tricks are the main purpose, and the boards are stressed in continuous slides and early grabs. And there is pumping, which consists of making wave movements to perform syncopated curves, so that the body alone gives the thrust necessary to move the board. At the end there are dancing and freestyle: the first is to move with your feet above the board, performing real dance steps, while the second provides tricks similar to those of the skateboard and other specifics, such as some spectacular grab tricks made possible by the specific length of the board. <em>*<\/em>&#8217;i ja <em>*<\/em>* <em>*<\/em>* <em>*<\/em> * <em>*<\/em> * <em>*<\/em> * <em>* <\/em>*<\/p>\n\n\n\n<p>Sources: <em>Wikipedia, Longboardbrand, Technogym<\/em><\/p>\n\n\n\n<figure class=\"wp-block-image size-large\"><img loading=\"lazy\" decoding=\"async\" width=\"590\" height=\"592\" src=\"https:\/\/longboard.ee\/wp-content\/uploads\/2021\/03\/03-Hamboards-Cruising-carving_1024x1024.png\" alt=\"\" class=\"wp-image-14343\" srcset=\"https:\/\/longboard.ee\/wp-content\/uploads\/2021\/03\/03-Hamboards-Cruising-carving_1024x1024.png 590w, https:\/\/longboard.ee\/wp-content\/uploads\/2021\/03\/03-Hamboards-Cruising-carving_1024x1024-12x12.png 12w, https:\/\/longboard.ee\/wp-content\/uploads\/2021\/03\/03-Hamboards-Cruising-carving_1024x1024-465x467.png 465w, https:\/\/longboard.ee\/wp-content\/uploads\/2021\/03\/03-Hamboards-Cruising-carving_1024x1024-498x500.png 498w, https:\/\/longboard.ee\/wp-content\/uploads\/2021\/03\/03-Hamboards-Cruising-carving_1024x1024-150x150.png 150w, https:\/\/longboard.ee\/wp-content\/uploads\/2021\/03\/03-Hamboards-Cruising-carving_1024x1024-100x100.png 100w\" sizes=\"auto, (max-width: 590px) 100vw, 590px\" \/><figcaption><em>Carving<\/em><\/figcaption><\/figure>\n\n\n\n<figure class=\"wp-block-image size-large\"><img loading=\"lazy\" decoding=\"async\" width=\"660\" height=\"660\" src=\"https:\/\/longboard.ee\/wp-content\/uploads\/2021\/03\/slide.jpg\" alt=\"\" class=\"wp-image-14344\" srcset=\"https:\/\/longboard.ee\/wp-content\/uploads\/2021\/03\/slide.jpg 660w, https:\/\/longboard.ee\/wp-content\/uploads\/2021\/03\/slide-12x12.jpg 12w, https:\/\/longboard.ee\/wp-content\/uploads\/2021\/03\/slide-465x465.jpg 465w, https:\/\/longboard.ee\/wp-content\/uploads\/2021\/03\/slide-500x500.jpg 500w, https:\/\/longboard.ee\/wp-content\/uploads\/2021\/03\/slide-150x150.jpg 150w, https:\/\/longboard.ee\/wp-content\/uploads\/2021\/03\/slide-100x100.jpg 100w\" sizes=\"auto, (max-width: 660px) 100vw, 660px\" \/><figcaption><em>Sliding<\/em><\/figcaption><\/figure>\n\n\n\n<figure class=\"wp-block-image size-large\"><img loading=\"lazy\" decoding=\"async\" width=\"602\" height=\"402\" src=\"https:\/\/longboard.ee\/wp-content\/uploads\/2021\/03\/Practice-turning-1.jpg\" alt=\"\" class=\"wp-image-14345\" srcset=\"https:\/\/longboard.ee\/wp-content\/uploads\/2021\/03\/Practice-turning-1.jpg 602w, https:\/\/longboard.ee\/wp-content\/uploads\/2021\/03\/Practice-turning-1-16x12.jpg 16w, https:\/\/longboard.ee\/wp-content\/uploads\/2021\/03\/Practice-turning-1-465x311.jpg 465w\" sizes=\"auto, (max-width: 602px) 100vw, 602px\" \/><figcaption><em>Freestyle<\/em><\/figcaption><\/figure>\n\n\n\n<figure class=\"wp-block-image size-large\"><img loading=\"lazy\" decoding=\"async\" width=\"1024\" height=\"683\" src=\"https:\/\/longboard.ee\/wp-content\/uploads\/2021\/03\/longboard-dancing-1024x683.jpg\" alt=\"\" class=\"wp-image-14346\" srcset=\"https:\/\/longboard.ee\/wp-content\/uploads\/2021\/03\/longboard-dancing-1024x683.jpg 1024w, https:\/\/longboard.ee\/wp-content\/uploads\/2021\/03\/longboard-dancing-950x633.jpg 950w, https:\/\/longboard.ee\/wp-content\/uploads\/2021\/03\/longboard-dancing-16x12.jpg 16w, https:\/\/longboard.ee\/wp-content\/uploads\/2021\/03\/longboard-dancing-465x310.jpg 465w, https:\/\/longboard.ee\/wp-content\/uploads\/2021\/03\/longboard-dancing-695x463.jpg 695w, https:\/\/longboard.ee\/wp-content\/uploads\/2021\/03\/longboard-dancing.jpg 1200w\" sizes=\"auto, (max-width: 1024px) 100vw, 1024px\" \/><figcaption>Dancing<\/figcaption><\/figure>\n\n\n\n<figure class=\"wp-block-image size-large is-resized\"><img loading=\"lazy\" decoding=\"async\" src=\"https:\/\/longboard.ee\/wp-content\/uploads\/2021\/03\/freeride.jpg\" alt=\"\" class=\"wp-image-14348\" width=\"584\" height=\"389\" srcset=\"https:\/\/longboard.ee\/wp-content\/uploads\/2021\/03\/freeride.jpg 500w, https:\/\/longboard.ee\/wp-content\/uploads\/2021\/03\/freeride-16x12.jpg 16w, https:\/\/longboard.ee\/wp-content\/uploads\/2021\/03\/freeride-465x310.jpg 465w\" sizes=\"auto, (max-width: 584px) 100vw, 584px\" \/><figcaption><em>Freeride<\/em><\/figcaption><\/figure>\n\n\n\n<figure class=\"wp-block-image size-large\"><img loading=\"lazy\" decoding=\"async\" width=\"1024\" height=\"576\" src=\"https:\/\/longboard.ee\/wp-content\/uploads\/2021\/03\/6c290f96ede737cb644725305bbdeb11-2-1024x576.jpg\" alt=\"\" class=\"wp-image-14347\" srcset=\"https:\/\/longboard.ee\/wp-content\/uploads\/2021\/03\/6c290f96ede737cb644725305bbdeb11-2-1024x576.jpg 1024w, https:\/\/longboard.ee\/wp-content\/uploads\/2021\/03\/6c290f96ede737cb644725305bbdeb11-2-950x534.jpg 950w, https:\/\/longboard.ee\/wp-content\/uploads\/2021\/03\/6c290f96ede737cb644725305bbdeb11-2-16x9.jpg 16w, https:\/\/longboard.ee\/wp-content\/uploads\/2021\/03\/6c290f96ede737cb644725305bbdeb11-2-465x262.jpg 465w, https:\/\/longboard.ee\/wp-content\/uploads\/2021\/03\/6c290f96ede737cb644725305bbdeb11-2-695x391.jpg 695w, https:\/\/longboard.ee\/wp-content\/uploads\/2021\/03\/6c290f96ede737cb644725305bbdeb11-2.jpg 1280w\" sizes=\"auto, (max-width: 1024px) 100vw, 1024px\" \/><figcaption><em>Downhill<\/em><\/figcaption><\/figure>\n\n\n\n<p><strong>Tricks get applause, style gets respect!<\/strong><\/p>","protected":false},"excerpt":{"rendered":"<p>Kui me r\u00e4\u00e4gime longboardimisest, siis oleme me omadega j\u00f5udnud \u00fche subkultuuri territooriumile, mis on omakorda osa \u00fchest teisest subkultuurist, millel on oma m\u00fc\u00fcdid ja legendid, kirjutamata reeglid ja kommuunid, kes loovad uusi rituaale ja kujundavad ise oma keelt. Longboard, nagu tema v\u00e4iksem vend rulagi, sai alguse surfaritest, kes vajasid alternatiivset<span class=\"more-link\"><a href=\"https:\/\/longboard.ee\/en\/longboard-pika-laua-lugu\/\">Continue Reading<\/a><\/span><\/p>","protected":false},"author":4,"featured_media":0,"parent":0,"menu_order":0,"comment_status":"closed","ping_status":"closed","template":"","meta":{"footnotes":""},"class_list":["entry","author-johanna","post-14329","page","type-page","status-publish"],"yoast_head":"<!-- This site is optimized with the Yoast SEO plugin v27.4 - https:\/\/yoast.com\/product\/yoast-seo-wordpress\/ -->\n<title>Longboard - pika laua lugu - Longboard.ee<\/title>\n<meta name=\"description\" content=\"Kui me r\u00e4\u00e4gime longboardimisest, siis oleme me omadega j\u00f5udnud \u00fche subkultuuri territooriumile, mis on omakorda osa \u00fchest teisest subkultuurist...\" \/>\n<meta name=\"robots\" content=\"index, follow, max-snippet:-1, max-image-preview:large, max-video-preview:-1\" \/>\n<link rel=\"canonical\" href=\"https:\/\/longboard.ee\/en\/longboard-the-story-of-a-long-board\/\" \/>\n<meta name=\"twitter:label1\" content=\"Estimated reading time\" \/>\n\t<meta name=\"twitter:data1\" content=\"5 minutes\" \/>\n<script type=\"application\/ld+json\" class=\"yoast-schema-graph\">{\"@context\":\"https:\\\/\\\/schema.org\",\"@graph\":[{\"@type\":\"WebPage\",\"@id\":\"https:\\\/\\\/longboard.ee\\\/en\\\/longboard-the-story-of-a-long-board\\\/\",\"url\":\"https:\\\/\\\/longboard.ee\\\/en\\\/longboard-the-story-of-a-long-board\\\/\",\"name\":\"Longboard - pika laua lugu - Longboard.ee\",\"isPartOf\":{\"@id\":\"https:\\\/\\\/longboard.ee\\\/et\\\/#website\"},\"primaryImageOfPage\":{\"@id\":\"https:\\\/\\\/longboard.ee\\\/en\\\/longboard-the-story-of-a-long-board\\\/#primaryimage\"},\"image\":{\"@id\":\"https:\\\/\\\/longboard.ee\\\/en\\\/longboard-the-story-of-a-long-board\\\/#primaryimage\"},\"thumbnailUrl\":\"https:\\\/\\\/longboard.ee\\\/wp-content\\\/uploads\\\/2021\\\/03\\\/973d766a9cde6646c6238e48eb6c016e-longboard-surf-skate-surf.jpg\",\"datePublished\":\"2021-03-10T18:21:18+00:00\",\"dateModified\":\"2021-12-15T09:17:24+00:00\",\"description\":\"Kui me r\u00e4\u00e4gime longboardimisest, siis oleme me omadega j\u00f5udnud \u00fche subkultuuri territooriumile, mis on omakorda osa \u00fchest teisest subkultuurist...\",\"breadcrumb\":{\"@id\":\"https:\\\/\\\/longboard.ee\\\/en\\\/longboard-the-story-of-a-long-board\\\/#breadcrumb\"},\"inLanguage\":\"en-GB\",\"potentialAction\":[{\"@type\":\"ReadAction\",\"target\":[\"https:\\\/\\\/longboard.ee\\\/en\\\/longboard-the-story-of-a-long-board\\\/\"]}]},{\"@type\":\"ImageObject\",\"inLanguage\":\"en-GB\",\"@id\":\"https:\\\/\\\/longboard.ee\\\/en\\\/longboard-the-story-of-a-long-board\\\/#primaryimage\",\"url\":\"https:\\\/\\\/longboard.ee\\\/wp-content\\\/uploads\\\/2021\\\/03\\\/973d766a9cde6646c6238e48eb6c016e-longboard-surf-skate-surf.jpg\",\"contentUrl\":\"https:\\\/\\\/longboard.ee\\\/wp-content\\\/uploads\\\/2021\\\/03\\\/973d766a9cde6646c6238e48eb6c016e-longboard-surf-skate-surf.jpg\"},{\"@type\":\"BreadcrumbList\",\"@id\":\"https:\\\/\\\/longboard.ee\\\/en\\\/longboard-the-story-of-a-long-board\\\/#breadcrumb\",\"itemListElement\":[{\"@type\":\"ListItem\",\"position\":1,\"name\":\"Home\",\"item\":\"https:\\\/\\\/longboard.ee\\\/\"},{\"@type\":\"ListItem\",\"position\":2,\"name\":\"Longboard &#8211; pika laua lugu\"}]},{\"@type\":\"WebSite\",\"@id\":\"https:\\\/\\\/longboard.ee\\\/et\\\/#website\",\"url\":\"https:\\\/\\\/longboard.ee\\\/et\\\/\",\"name\":\"Longboard.ee\",\"description\":\"Longboardide e-pood\",\"publisher\":{\"@id\":\"https:\\\/\\\/longboard.ee\\\/et\\\/#organization\"},\"potentialAction\":[{\"@type\":\"SearchAction\",\"target\":{\"@type\":\"EntryPoint\",\"urlTemplate\":\"https:\\\/\\\/longboard.ee\\\/et\\\/?s={search_term_string}\"},\"query-input\":{\"@type\":\"PropertyValueSpecification\",\"valueRequired\":true,\"valueName\":\"search_term_string\"}}],\"inLanguage\":\"en-GB\"},{\"@type\":\"Organization\",\"@id\":\"https:\\\/\\\/longboard.ee\\\/et\\\/#organization\",\"name\":\"Longboard.ee\",\"url\":\"https:\\\/\\\/longboard.ee\\\/et\\\/\",\"logo\":{\"@type\":\"ImageObject\",\"inLanguage\":\"en-GB\",\"@id\":\"https:\\\/\\\/longboard.ee\\\/et\\\/#\\\/schema\\\/logo\\\/image\\\/\",\"url\":\"https:\\\/\\\/longboard.ee\\\/wp-content\\\/uploads\\\/2021\\\/10\\\/logo55.jpg\",\"contentUrl\":\"https:\\\/\\\/longboard.ee\\\/wp-content\\\/uploads\\\/2021\\\/10\\\/logo55.jpg\",\"width\":180,\"height\":180,\"caption\":\"Longboard.ee\"},\"image\":{\"@id\":\"https:\\\/\\\/longboard.ee\\\/et\\\/#\\\/schema\\\/logo\\\/image\\\/\"},\"sameAs\":[\"https:\\\/\\\/www.facebook.com\\\/Longboardee-131787663895166\\\/\"]}]}<\/script>\n<!-- \/ Yoast SEO plugin. -->","yoast_head_json":{"title":"Longboard - pika laua lugu - Longboard.ee","description":"Kui me r\u00e4\u00e4gime longboardimisest, siis oleme me omadega j\u00f5udnud \u00fche subkultuuri territooriumile, mis on omakorda osa \u00fchest teisest subkultuurist...","robots":{"index":"index","follow":"follow","max-snippet":"max-snippet:-1","max-image-preview":"max-image-preview:large","max-video-preview":"max-video-preview:-1"},"canonical":"https:\/\/longboard.ee\/en\/longboard-the-story-of-a-long-board\/","twitter_misc":{"Estimated reading time":"5 minutes"},"schema":{"@context":"https:\/\/schema.org","@graph":[{"@type":"WebPage","@id":"https:\/\/longboard.ee\/en\/longboard-the-story-of-a-long-board\/","url":"https:\/\/longboard.ee\/en\/longboard-the-story-of-a-long-board\/","name":"Longboard - pika laua lugu - Longboard.ee","isPartOf":{"@id":"https:\/\/longboard.ee\/et\/#website"},"primaryImageOfPage":{"@id":"https:\/\/longboard.ee\/en\/longboard-the-story-of-a-long-board\/#primaryimage"},"image":{"@id":"https:\/\/longboard.ee\/en\/longboard-the-story-of-a-long-board\/#primaryimage"},"thumbnailUrl":"https:\/\/longboard.ee\/wp-content\/uploads\/2021\/03\/973d766a9cde6646c6238e48eb6c016e-longboard-surf-skate-surf.jpg","datePublished":"2021-03-10T18:21:18+00:00","dateModified":"2021-12-15T09:17:24+00:00","description":"Kui me r\u00e4\u00e4gime longboardimisest, siis oleme me omadega j\u00f5udnud \u00fche subkultuuri territooriumile, mis on omakorda osa \u00fchest teisest subkultuurist...","breadcrumb":{"@id":"https:\/\/longboard.ee\/en\/longboard-the-story-of-a-long-board\/#breadcrumb"},"inLanguage":"en-GB","potentialAction":[{"@type":"ReadAction","target":["https:\/\/longboard.ee\/en\/longboard-the-story-of-a-long-board\/"]}]},{"@type":"ImageObject","inLanguage":"en-GB","@id":"https:\/\/longboard.ee\/en\/longboard-the-story-of-a-long-board\/#primaryimage","url":"https:\/\/longboard.ee\/wp-content\/uploads\/2021\/03\/973d766a9cde6646c6238e48eb6c016e-longboard-surf-skate-surf.jpg","contentUrl":"https:\/\/longboard.ee\/wp-content\/uploads\/2021\/03\/973d766a9cde6646c6238e48eb6c016e-longboard-surf-skate-surf.jpg"},{"@type":"BreadcrumbList","@id":"https:\/\/longboard.ee\/en\/longboard-the-story-of-a-long-board\/#breadcrumb","itemListElement":[{"@type":"ListItem","position":1,"name":"Home","item":"https:\/\/longboard.ee\/"},{"@type":"ListItem","position":2,"name":"Longboard &#8211; pika laua lugu"}]},{"@type":"WebSite","@id":"https:\/\/longboard.ee\/et\/#website","url":"https:\/\/longboard.ee\/et\/","name":"Longboard.ee","description":"The Longboard Store","publisher":{"@id":"https:\/\/longboard.ee\/et\/#organization"},"potentialAction":[{"@type":"SearchAction","target":{"@type":"EntryPoint","urlTemplate":"https:\/\/longboard.ee\/et\/?s={search_term_string}"},"query-input":{"@type":"PropertyValueSpecification","valueRequired":true,"valueName":"search_term_string"}}],"inLanguage":"en-GB"},{"@type":"Organization","@id":"https:\/\/longboard.ee\/et\/#organization","name":"Longboard.ee","url":"https:\/\/longboard.ee\/et\/","logo":{"@type":"ImageObject","inLanguage":"en-GB","@id":"https:\/\/longboard.ee\/et\/#\/schema\/logo\/image\/","url":"https:\/\/longboard.ee\/wp-content\/uploads\/2021\/10\/logo55.jpg","contentUrl":"https:\/\/longboard.ee\/wp-content\/uploads\/2021\/10\/logo55.jpg","width":180,"height":180,"caption":"Longboard.ee"},"image":{"@id":"https:\/\/longboard.ee\/et\/#\/schema\/logo\/image\/"},"sameAs":["https:\/\/www.facebook.com\/Longboardee-131787663895166\/"]}]}},"_links":{"self":[{"href":"https:\/\/longboard.ee\/en\/wp-json\/wp\/v2\/pages\/14329","targetHints":{"allow":["GET"]}}],"collection":[{"href":"https:\/\/longboard.ee\/en\/wp-json\/wp\/v2\/pages"}],"about":[{"href":"https:\/\/longboard.ee\/en\/wp-json\/wp\/v2\/types\/page"}],"author":[{"embeddable":true,"href":"https:\/\/longboard.ee\/en\/wp-json\/wp\/v2\/users\/4"}],"replies":[{"embeddable":true,"href":"https:\/\/longboard.ee\/en\/wp-json\/wp\/v2\/comments?post=14329"}],"version-history":[{"count":0,"href":"https:\/\/longboard.ee\/en\/wp-json\/wp\/v2\/pages\/14329\/revisions"}],"wp:attachment":[{"href":"https:\/\/longboard.ee\/en\/wp-json\/wp\/v2\/media?parent=14329"}],"curies":[{"name":"wp","href":"https:\/\/api.w.org\/{rel}","templated":true}]}}