{"id":357,"date":"2014-03-02T18:19:56","date_gmt":"2014-03-02T18:19:56","guid":{"rendered":"http:\/\/longboard.ee\/?page_id=357"},"modified":"2021-09-26T07:49:34","modified_gmt":"2021-09-26T07:49:34","slug":"tellimisinfo","status":"publish","type":"page","link":"https:\/\/longboard.ee\/en\/tellimisinfo\/","title":{"rendered":"Ordering"},"content":{"rendered":"<p> <\/p>\n\n\n\n<p> <\/p>\n\n\n\n<p class=\"has-text-align-left\"><strong>Ordering<\/strong><\/p>\n\n\n\n<p class=\"has-text-align-left\">To make an order select the appropriate products and confirm the order.<\/p>\n\n\n\n<p class=\"has-text-align-left\">You can use discount coupons when making your Order. Each promotional code coupon is a combination of letters or numbers.<br>.<\/p>\n\n\n\n<p><strong>Coupons<\/strong><\/p>\n\n\n\n<p class=\"has-text-align-left\">You can use the promotional code during checkout.<br>Coupons can be obtained through advertisments.<\/p>\n\n\n\n<p class=\"has-text-align-left\"><strong>Order payment<\/strong><\/p>\n\n\n\n<p class=\"has-text-align-left\">Purchases will be settled in euros.<\/p>\n\n\n\n<p class=\"has-text-align-left\">You can pay for your purchases in 3 different ways:<\/p>\n\n\n\n<p class=\"has-text-align-left\">By choosing \"Payment through PayPal environment\", you can pay instantly using the secure PayPal payment environment.<\/p>\n\n\n\n<p class=\"has-text-align-left\">By choosing \"Payment by bank link\", you can instantly pay via bank links, using the secure SEB E-Commerce payment environment.<\/p>\n\n\n\n<p class=\"has-text-align-left\">By choosing  \"Payment by Invoice\", we will send you an invoice with the delivery time within 1 working day. The invoice\/order will be cancelled if the payment has not been received within 5 business days.<\/p>\n\n\n\n<p class=\"has-text-align-left\">You can pay for the products also in instalments provided by ESTO AS\/Kevin EU UAB.<\/p>\n\n\n\n<p class=\"has-text-align-left\"><strong>Transport<\/strong><\/p>\n\n\n\n<p class=\"has-text-align-left\">We will send out the goods that are available in stock within 1 working day. We will send a confirmation email with the delivery time and delivery terms for the items labelled \"On request\" within 1 working day.<\/p>\n\n\n\n<p class=\"has-text-align-left\">Orders and additional questions can also be sent to the e-mail address info@longboard.ee or call us +372 53 07 98 11; +372 55 67 42 42.<\/p>\n\n\n\n<div class=\"wp-block-image\"><figure class=\"aligncenter\"><img decoding=\"async\" src=\"https:\/\/longboard.ee\/wp-content\/uploads\/2015\/09\/DSC_0170.jpg\" alt=\"\" class=\"wp-image-1761\"\/><\/figure><\/div>","protected":false},"excerpt":{"rendered":"<p>Tellimine Kauba tellimiseks valige v\u00e4lja sobivad tooted ning kinnitage tellimus. Tellimust vormistades on v\u00f5imalik kasutada sooduskuponge. Igal sooduskoodi kupongil ont\u00e4htedest v\u00f5i numbritest koosnev kood. Sooduskupongid Sooduskoodi saab sisestada ostukorvis &#8220;Kupongi kood&#8221;lahtrisse. Kuponge on v\u00f5imalik saada l\u00e4bi reklaamide. Ostude eest tasumine Ostude eest arveldamine toimub eurodes. Ostude eest on v\u00f5imalik tasuda<span class=\"more-link\"><a href=\"https:\/\/longboard.ee\/en\/tellimisinfo\/\">Continue Reading<\/a><\/span><\/p>","protected":false},"author":3,"featured_media":0,"parent":0,"menu_order":0,"comment_status":"closed","ping_status":"closed","template":"","meta":{"footnotes":""},"class_list":["entry","author-nzz","post-357","page","type-page","status-publish"],"yoast_head":"<!-- This site is optimized with the Yoast SEO plugin v27.5 - https:\/\/yoast.com\/product\/yoast-seo-wordpress\/ -->\n<title>Tellimisinfo - longboard.ee<\/title>\n<meta name=\"description\" content=\"Teretulemast longboard.ee poodi. Original longboardide, pintailide, minide m\u00fc\u00fck.\" \/>\n<meta name=\"robots\" content=\"index, follow, max-snippet:-1, max-image-preview:large, max-video-preview:-1\" \/>\n<link rel=\"canonical\" href=\"https:\/\/longboard.ee\/en\/ordering-info\/\" \/>\n<meta name=\"twitter:label1\" content=\"Estimated reading time\" \/>\n\t<meta name=\"twitter:data1\" content=\"1 minute\" \/>\n<script type=\"application\/ld+json\" class=\"yoast-schema-graph\">{\"@context\":\"https:\\\/\\\/schema.org\",\"@graph\":[{\"@type\":\"WebPage\",\"@id\":\"https:\\\/\\\/longboard.ee\\\/en\\\/ordering-info\\\/\",\"url\":\"https:\\\/\\\/longboard.ee\\\/en\\\/ordering-info\\\/\",\"name\":\"Tellimisinfo - longboard.ee\",\"isPartOf\":{\"@id\":\"https:\\\/\\\/longboard.ee\\\/et\\\/#website\"},\"primaryImageOfPage\":{\"@id\":\"https:\\\/\\\/longboard.ee\\\/en\\\/ordering-info\\\/#primaryimage\"},\"image\":{\"@id\":\"https:\\\/\\\/longboard.ee\\\/en\\\/ordering-info\\\/#primaryimage\"},\"thumbnailUrl\":\"https:\\\/\\\/longboard.ee\\\/wp-content\\\/uploads\\\/2015\\\/09\\\/DSC_0170.jpg\",\"datePublished\":\"2014-03-02T18:19:56+00:00\",\"dateModified\":\"2021-09-26T07:49:34+00:00\",\"description\":\"Teretulemast longboard.ee poodi. Original longboardide, pintailide, minide m\u00fc\u00fck.\",\"breadcrumb\":{\"@id\":\"https:\\\/\\\/longboard.ee\\\/en\\\/ordering-info\\\/#breadcrumb\"},\"inLanguage\":\"en-GB\",\"potentialAction\":[{\"@type\":\"ReadAction\",\"target\":[\"https:\\\/\\\/longboard.ee\\\/en\\\/ordering-info\\\/\"]}]},{\"@type\":\"ImageObject\",\"inLanguage\":\"en-GB\",\"@id\":\"https:\\\/\\\/longboard.ee\\\/en\\\/ordering-info\\\/#primaryimage\",\"url\":\"https:\\\/\\\/longboard.ee\\\/wp-content\\\/uploads\\\/2015\\\/09\\\/DSC_0170.jpg\",\"contentUrl\":\"https:\\\/\\\/longboard.ee\\\/wp-content\\\/uploads\\\/2015\\\/09\\\/DSC_0170.jpg\"},{\"@type\":\"BreadcrumbList\",\"@id\":\"https:\\\/\\\/longboard.ee\\\/en\\\/ordering-info\\\/#breadcrumb\",\"itemListElement\":[{\"@type\":\"ListItem\",\"position\":1,\"name\":\"Home\",\"item\":\"https:\\\/\\\/longboard.ee\\\/\"},{\"@type\":\"ListItem\",\"position\":2,\"name\":\"Tellimisinfo\"}]},{\"@type\":\"WebSite\",\"@id\":\"https:\\\/\\\/longboard.ee\\\/et\\\/#website\",\"url\":\"https:\\\/\\\/longboard.ee\\\/et\\\/\",\"name\":\"Longboard.ee\",\"description\":\"Longboardide e-pood\",\"publisher\":{\"@id\":\"https:\\\/\\\/longboard.ee\\\/et\\\/#organization\"},\"potentialAction\":[{\"@type\":\"SearchAction\",\"target\":{\"@type\":\"EntryPoint\",\"urlTemplate\":\"https:\\\/\\\/longboard.ee\\\/et\\\/?s={search_term_string}\"},\"query-input\":{\"@type\":\"PropertyValueSpecification\",\"valueRequired\":true,\"valueName\":\"search_term_string\"}}],\"inLanguage\":\"en-GB\"},{\"@type\":\"Organization\",\"@id\":\"https:\\\/\\\/longboard.ee\\\/et\\\/#organization\",\"name\":\"Longboard.ee\",\"url\":\"https:\\\/\\\/longboard.ee\\\/et\\\/\",\"logo\":{\"@type\":\"ImageObject\",\"inLanguage\":\"en-GB\",\"@id\":\"https:\\\/\\\/longboard.ee\\\/et\\\/#\\\/schema\\\/logo\\\/image\\\/\",\"url\":\"https:\\\/\\\/longboard.ee\\\/wp-content\\\/uploads\\\/2021\\\/10\\\/logo55.jpg\",\"contentUrl\":\"https:\\\/\\\/longboard.ee\\\/wp-content\\\/uploads\\\/2021\\\/10\\\/logo55.jpg\",\"width\":180,\"height\":180,\"caption\":\"Longboard.ee\"},\"image\":{\"@id\":\"https:\\\/\\\/longboard.ee\\\/et\\\/#\\\/schema\\\/logo\\\/image\\\/\"},\"sameAs\":[\"https:\\\/\\\/www.facebook.com\\\/Longboardee-131787663895166\\\/\"]}]}<\/script>\n<!-- \/ Yoast SEO plugin. -->","yoast_head_json":{"title":"Tellimisinfo - longboard.ee","description":"Teretulemast longboard.ee poodi. Original longboardide, pintailide, minide m\u00fc\u00fck.","robots":{"index":"index","follow":"follow","max-snippet":"max-snippet:-1","max-image-preview":"max-image-preview:large","max-video-preview":"max-video-preview:-1"},"canonical":"https:\/\/longboard.ee\/en\/ordering-info\/","twitter_misc":{"Estimated reading time":"1 minute"},"schema":{"@context":"https:\/\/schema.org","@graph":[{"@type":"WebPage","@id":"https:\/\/longboard.ee\/en\/ordering-info\/","url":"https:\/\/longboard.ee\/en\/ordering-info\/","name":"Tellimisinfo - longboard.ee","isPartOf":{"@id":"https:\/\/longboard.ee\/et\/#website"},"primaryImageOfPage":{"@id":"https:\/\/longboard.ee\/en\/ordering-info\/#primaryimage"},"image":{"@id":"https:\/\/longboard.ee\/en\/ordering-info\/#primaryimage"},"thumbnailUrl":"https:\/\/longboard.ee\/wp-content\/uploads\/2015\/09\/DSC_0170.jpg","datePublished":"2014-03-02T18:19:56+00:00","dateModified":"2021-09-26T07:49:34+00:00","description":"Teretulemast longboard.ee poodi. Original longboardide, pintailide, minide m\u00fc\u00fck.","breadcrumb":{"@id":"https:\/\/longboard.ee\/en\/ordering-info\/#breadcrumb"},"inLanguage":"en-GB","potentialAction":[{"@type":"ReadAction","target":["https:\/\/longboard.ee\/en\/ordering-info\/"]}]},{"@type":"ImageObject","inLanguage":"en-GB","@id":"https:\/\/longboard.ee\/en\/ordering-info\/#primaryimage","url":"https:\/\/longboard.ee\/wp-content\/uploads\/2015\/09\/DSC_0170.jpg","contentUrl":"https:\/\/longboard.ee\/wp-content\/uploads\/2015\/09\/DSC_0170.jpg"},{"@type":"BreadcrumbList","@id":"https:\/\/longboard.ee\/en\/ordering-info\/#breadcrumb","itemListElement":[{"@type":"ListItem","position":1,"name":"Home","item":"https:\/\/longboard.ee\/"},{"@type":"ListItem","position":2,"name":"Tellimisinfo"}]},{"@type":"WebSite","@id":"https:\/\/longboard.ee\/et\/#website","url":"https:\/\/longboard.ee\/et\/","name":"Longboard.ee","description":"The Longboard Store","publisher":{"@id":"https:\/\/longboard.ee\/et\/#organization"},"potentialAction":[{"@type":"SearchAction","target":{"@type":"EntryPoint","urlTemplate":"https:\/\/longboard.ee\/et\/?s={search_term_string}"},"query-input":{"@type":"PropertyValueSpecification","valueRequired":true,"valueName":"search_term_string"}}],"inLanguage":"en-GB"},{"@type":"Organization","@id":"https:\/\/longboard.ee\/et\/#organization","name":"Longboard.ee","url":"https:\/\/longboard.ee\/et\/","logo":{"@type":"ImageObject","inLanguage":"en-GB","@id":"https:\/\/longboard.ee\/et\/#\/schema\/logo\/image\/","url":"https:\/\/longboard.ee\/wp-content\/uploads\/2021\/10\/logo55.jpg","contentUrl":"https:\/\/longboard.ee\/wp-content\/uploads\/2021\/10\/logo55.jpg","width":180,"height":180,"caption":"Longboard.ee"},"image":{"@id":"https:\/\/longboard.ee\/et\/#\/schema\/logo\/image\/"},"sameAs":["https:\/\/www.facebook.com\/Longboardee-131787663895166\/"]}]}},"_links":{"self":[{"href":"https:\/\/longboard.ee\/en\/wp-json\/wp\/v2\/pages\/357","targetHints":{"allow":["GET"]}}],"collection":[{"href":"https:\/\/longboard.ee\/en\/wp-json\/wp\/v2\/pages"}],"about":[{"href":"https:\/\/longboard.ee\/en\/wp-json\/wp\/v2\/types\/page"}],"author":[{"embeddable":true,"href":"https:\/\/longboard.ee\/en\/wp-json\/wp\/v2\/users\/3"}],"replies":[{"embeddable":true,"href":"https:\/\/longboard.ee\/en\/wp-json\/wp\/v2\/comments?post=357"}],"version-history":[{"count":0,"href":"https:\/\/longboard.ee\/en\/wp-json\/wp\/v2\/pages\/357\/revisions"}],"wp:attachment":[{"href":"https:\/\/longboard.ee\/en\/wp-json\/wp\/v2\/media?parent=357"}],"curies":[{"name":"wp","href":"https:\/\/api.w.org\/{rel}","templated":true}]}}