{"id":401,"date":"2015-02-26T16:44:36","date_gmt":"2015-02-26T16:44:36","guid":{"rendered":"http:\/\/longboard.ee\/?page_id=401"},"modified":"2021-10-21T08:27:34","modified_gmt":"2021-10-21T08:27:34","slug":"longboardid-eesti-meist","status":"publish","type":"page","link":"https:\/\/longboard.ee\/en\/longboardid-eesti-meist\/","title":{"rendered":"About Us"},"content":{"rendered":"<p><img loading=\"lazy\" decoding=\"async\" class=\"wp-image-14165 alignright\" src=\"https:\/\/longboard.ee\/wp-content\/uploads\/2021\/02\/Longboard.ee_-713x950.jpg\" alt=\"\" width=\"364\" height=\"485\" srcset=\"https:\/\/longboard.ee\/wp-content\/uploads\/2021\/02\/Longboard.ee_-713x950.jpg 713w, https:\/\/longboard.ee\/wp-content\/uploads\/2021\/02\/Longboard.ee_-9x12.jpg 9w, https:\/\/longboard.ee\/wp-content\/uploads\/2021\/02\/Longboard.ee_-413x550.jpg 413w, https:\/\/longboard.ee\/wp-content\/uploads\/2021\/02\/Longboard.ee_-375x500.jpg 375w, https:\/\/longboard.ee\/wp-content\/uploads\/2021\/02\/Longboard.ee_.jpg 768w\" sizes=\"auto, (max-width: 364px) 100vw, 364px\" \/><\/p>\n<p>Longboard or \"long board\" is not a simple children's toy or, in no case, just another piece of sports equipment, but something for people who enjoy the ride, the open air, the sights &amp; the atmostphere.<\/p>\n<p>I learned to ride in the early childhood with the \"Soviet\" skateboards. A decade went by, childhood passed. One day, after seeing a longboard in one dedicated skate shop - it became an obsession to get one and ride again. It took another couple of years before the obsession and the dream were fulfilled.<\/p>\n<p>Longboard.ee is created and driven by an idea\/dream - by people who refuse to grow up. Our longboard store is certainly not another BUSINESS, but rather an enterprise driven by enthusiasts, the main goal of which is to spread the longboard fever and offer truly good boards.<\/p>\n<p>In Estonia, there are surprisingly many interesting curves, gentle descents and endless paths in scenic places to explore. When we travel around Estonia, we always have the longboards with us.<\/p>\n<p>The longboards are practical companions: they don't run out of petrol or battery, they're light enough to carry. You can just sit on them and eat ice cream.<\/p>\n<p style=\"text-align: left;\">\u00a0Dream it, Think it, Do it!<\/p>\n<p>Yours<\/p>\n<p>Longboard.ee<\/p>\n<p><a href=\"https:\/\/longboard.ee\/wp-content\/uploads\/2021\/10\/logo55.jpg\"><img loading=\"lazy\" decoding=\"async\" class=\"alignnone size-full wp-image-15901\" src=\"https:\/\/longboard.ee\/wp-content\/uploads\/2021\/10\/logo55.jpg\" alt=\"\" width=\"180\" height=\"180\" srcset=\"https:\/\/longboard.ee\/wp-content\/uploads\/2021\/10\/logo55.jpg 180w, https:\/\/longboard.ee\/wp-content\/uploads\/2021\/10\/logo55-12x12.jpg 12w, https:\/\/longboard.ee\/wp-content\/uploads\/2021\/10\/logo55-100x100.jpg 100w\" sizes=\"auto, (max-width: 180px) 100vw, 180px\" \/><\/a><\/p>","protected":false},"excerpt":{"rendered":"<p>Longboard ehk &#8220;pikk laud&#8221; pole \u00a0lihtne laste m\u00e4nguasi ega mitte mingisugusel juhul j\u00e4rjekordne sportimisvahend, vaid midagi inimestele, kes naudivad teekonda, \u00a0kulgemist vabas \u00f5hus, \u00fcmbritsevat. Olles \u00f5ppinud varajases lapsep\u00f5lves\u00a0s\u00f5itma &#8220;n\u00f5ukaaegsete&#8221; laudadega ja omandanud rulapisiku, sai mitu aastat hiljem \u00a0poes n\u00e4htud longboardist kinnisidee. L\u00e4ks veel mitu head aastat edasi, enne kui kinnisidee<span class=\"more-link\"><a href=\"https:\/\/longboard.ee\/en\/longboardid-eesti-meist\/\">Continue Reading<\/a><\/span><\/p>","protected":false},"author":3,"featured_media":0,"parent":0,"menu_order":0,"comment_status":"closed","ping_status":"closed","template":"","meta":{"footnotes":""},"class_list":["entry","author-nzz","post-401","page","type-page","status-publish"],"yoast_head":"<!-- This site is optimized with the Yoast SEO plugin v27.5 - https:\/\/yoast.com\/product\/yoast-seo-wordpress\/ -->\n<title>Meist - Longboard.ee<\/title>\n<meta name=\"description\" content=\"Longboard.ee - Longboardide m\u00fc\u00fck Eestis. Meist - Longboard on midagi inimestele, kes naudivad teekonda, kulgemist vabas \u00f5hus, \u00fcmbritsevat.\" \/>\n<meta name=\"robots\" content=\"index, follow, max-snippet:-1, max-image-preview:large, max-video-preview:-1\" \/>\n<link rel=\"canonical\" href=\"https:\/\/longboard.ee\/en\/longboards-about-us\/\" \/>\n<meta name=\"twitter:label1\" content=\"Estimated reading time\" \/>\n\t<meta name=\"twitter:data1\" content=\"2 minutes\" \/>\n<script type=\"application\/ld+json\" class=\"yoast-schema-graph\">{\"@context\":\"https:\\\/\\\/schema.org\",\"@graph\":[{\"@type\":\"WebPage\",\"@id\":\"https:\\\/\\\/longboard.ee\\\/en\\\/longboards-about-us\\\/\",\"url\":\"https:\\\/\\\/longboard.ee\\\/en\\\/longboards-about-us\\\/\",\"name\":\"Meist - Longboard.ee\",\"isPartOf\":{\"@id\":\"https:\\\/\\\/longboard.ee\\\/et\\\/#website\"},\"primaryImageOfPage\":{\"@id\":\"https:\\\/\\\/longboard.ee\\\/en\\\/longboards-about-us\\\/#primaryimage\"},\"image\":{\"@id\":\"https:\\\/\\\/longboard.ee\\\/en\\\/longboards-about-us\\\/#primaryimage\"},\"thumbnailUrl\":\"https:\\\/\\\/longboard.ee\\\/wp-content\\\/uploads\\\/2021\\\/02\\\/Longboard.ee_-713x950.jpg\",\"datePublished\":\"2015-02-26T16:44:36+00:00\",\"dateModified\":\"2021-10-21T08:27:34+00:00\",\"description\":\"Longboard.ee - Longboardide m\u00fc\u00fck Eestis. Meist - Longboard on midagi inimestele, kes naudivad teekonda, kulgemist vabas \u00f5hus, \u00fcmbritsevat.\",\"breadcrumb\":{\"@id\":\"https:\\\/\\\/longboard.ee\\\/en\\\/longboards-about-us\\\/#breadcrumb\"},\"inLanguage\":\"en-GB\",\"potentialAction\":[{\"@type\":\"ReadAction\",\"target\":[\"https:\\\/\\\/longboard.ee\\\/en\\\/longboards-about-us\\\/\"]}]},{\"@type\":\"ImageObject\",\"inLanguage\":\"en-GB\",\"@id\":\"https:\\\/\\\/longboard.ee\\\/en\\\/longboards-about-us\\\/#primaryimage\",\"url\":\"https:\\\/\\\/longboard.ee\\\/wp-content\\\/uploads\\\/2021\\\/02\\\/Longboard.ee_-713x950.jpg\",\"contentUrl\":\"https:\\\/\\\/longboard.ee\\\/wp-content\\\/uploads\\\/2021\\\/02\\\/Longboard.ee_-713x950.jpg\"},{\"@type\":\"BreadcrumbList\",\"@id\":\"https:\\\/\\\/longboard.ee\\\/en\\\/longboards-about-us\\\/#breadcrumb\",\"itemListElement\":[{\"@type\":\"ListItem\",\"position\":1,\"name\":\"Home\",\"item\":\"https:\\\/\\\/longboard.ee\\\/\"},{\"@type\":\"ListItem\",\"position\":2,\"name\":\"Meist\"}]},{\"@type\":\"WebSite\",\"@id\":\"https:\\\/\\\/longboard.ee\\\/et\\\/#website\",\"url\":\"https:\\\/\\\/longboard.ee\\\/et\\\/\",\"name\":\"Longboard.ee\",\"description\":\"Longboardide e-pood\",\"publisher\":{\"@id\":\"https:\\\/\\\/longboard.ee\\\/et\\\/#organization\"},\"potentialAction\":[{\"@type\":\"SearchAction\",\"target\":{\"@type\":\"EntryPoint\",\"urlTemplate\":\"https:\\\/\\\/longboard.ee\\\/et\\\/?s={search_term_string}\"},\"query-input\":{\"@type\":\"PropertyValueSpecification\",\"valueRequired\":true,\"valueName\":\"search_term_string\"}}],\"inLanguage\":\"en-GB\"},{\"@type\":\"Organization\",\"@id\":\"https:\\\/\\\/longboard.ee\\\/et\\\/#organization\",\"name\":\"Longboard.ee\",\"url\":\"https:\\\/\\\/longboard.ee\\\/et\\\/\",\"logo\":{\"@type\":\"ImageObject\",\"inLanguage\":\"en-GB\",\"@id\":\"https:\\\/\\\/longboard.ee\\\/et\\\/#\\\/schema\\\/logo\\\/image\\\/\",\"url\":\"https:\\\/\\\/longboard.ee\\\/wp-content\\\/uploads\\\/2021\\\/10\\\/logo55.jpg\",\"contentUrl\":\"https:\\\/\\\/longboard.ee\\\/wp-content\\\/uploads\\\/2021\\\/10\\\/logo55.jpg\",\"width\":180,\"height\":180,\"caption\":\"Longboard.ee\"},\"image\":{\"@id\":\"https:\\\/\\\/longboard.ee\\\/et\\\/#\\\/schema\\\/logo\\\/image\\\/\"},\"sameAs\":[\"https:\\\/\\\/www.facebook.com\\\/Longboardee-131787663895166\\\/\"]}]}<\/script>\n<!-- \/ Yoast SEO plugin. -->","yoast_head_json":{"title":"Meist - Longboard.ee","description":"Longboard.ee - Longboardide m\u00fc\u00fck Eestis. Meist - Longboard on midagi inimestele, kes naudivad teekonda, kulgemist vabas \u00f5hus, \u00fcmbritsevat.","robots":{"index":"index","follow":"follow","max-snippet":"max-snippet:-1","max-image-preview":"max-image-preview:large","max-video-preview":"max-video-preview:-1"},"canonical":"https:\/\/longboard.ee\/en\/longboards-about-us\/","twitter_misc":{"Estimated reading time":"2 minutes"},"schema":{"@context":"https:\/\/schema.org","@graph":[{"@type":"WebPage","@id":"https:\/\/longboard.ee\/en\/longboards-about-us\/","url":"https:\/\/longboard.ee\/en\/longboards-about-us\/","name":"Meist - Longboard.ee","isPartOf":{"@id":"https:\/\/longboard.ee\/et\/#website"},"primaryImageOfPage":{"@id":"https:\/\/longboard.ee\/en\/longboards-about-us\/#primaryimage"},"image":{"@id":"https:\/\/longboard.ee\/en\/longboards-about-us\/#primaryimage"},"thumbnailUrl":"https:\/\/longboard.ee\/wp-content\/uploads\/2021\/02\/Longboard.ee_-713x950.jpg","datePublished":"2015-02-26T16:44:36+00:00","dateModified":"2021-10-21T08:27:34+00:00","description":"Longboard.ee - Longboardide m\u00fc\u00fck Eestis. Meist - Longboard on midagi inimestele, kes naudivad teekonda, kulgemist vabas \u00f5hus, \u00fcmbritsevat.","breadcrumb":{"@id":"https:\/\/longboard.ee\/en\/longboards-about-us\/#breadcrumb"},"inLanguage":"en-GB","potentialAction":[{"@type":"ReadAction","target":["https:\/\/longboard.ee\/en\/longboards-about-us\/"]}]},{"@type":"ImageObject","inLanguage":"en-GB","@id":"https:\/\/longboard.ee\/en\/longboards-about-us\/#primaryimage","url":"https:\/\/longboard.ee\/wp-content\/uploads\/2021\/02\/Longboard.ee_-713x950.jpg","contentUrl":"https:\/\/longboard.ee\/wp-content\/uploads\/2021\/02\/Longboard.ee_-713x950.jpg"},{"@type":"BreadcrumbList","@id":"https:\/\/longboard.ee\/en\/longboards-about-us\/#breadcrumb","itemListElement":[{"@type":"ListItem","position":1,"name":"Home","item":"https:\/\/longboard.ee\/"},{"@type":"ListItem","position":2,"name":"Meist"}]},{"@type":"WebSite","@id":"https:\/\/longboard.ee\/et\/#website","url":"https:\/\/longboard.ee\/et\/","name":"Longboard.ee","description":"The Longboard Store","publisher":{"@id":"https:\/\/longboard.ee\/et\/#organization"},"potentialAction":[{"@type":"SearchAction","target":{"@type":"EntryPoint","urlTemplate":"https:\/\/longboard.ee\/et\/?s={search_term_string}"},"query-input":{"@type":"PropertyValueSpecification","valueRequired":true,"valueName":"search_term_string"}}],"inLanguage":"en-GB"},{"@type":"Organization","@id":"https:\/\/longboard.ee\/et\/#organization","name":"Longboard.ee","url":"https:\/\/longboard.ee\/et\/","logo":{"@type":"ImageObject","inLanguage":"en-GB","@id":"https:\/\/longboard.ee\/et\/#\/schema\/logo\/image\/","url":"https:\/\/longboard.ee\/wp-content\/uploads\/2021\/10\/logo55.jpg","contentUrl":"https:\/\/longboard.ee\/wp-content\/uploads\/2021\/10\/logo55.jpg","width":180,"height":180,"caption":"Longboard.ee"},"image":{"@id":"https:\/\/longboard.ee\/et\/#\/schema\/logo\/image\/"},"sameAs":["https:\/\/www.facebook.com\/Longboardee-131787663895166\/"]}]}},"_links":{"self":[{"href":"https:\/\/longboard.ee\/en\/wp-json\/wp\/v2\/pages\/401","targetHints":{"allow":["GET"]}}],"collection":[{"href":"https:\/\/longboard.ee\/en\/wp-json\/wp\/v2\/pages"}],"about":[{"href":"https:\/\/longboard.ee\/en\/wp-json\/wp\/v2\/types\/page"}],"author":[{"embeddable":true,"href":"https:\/\/longboard.ee\/en\/wp-json\/wp\/v2\/users\/3"}],"replies":[{"embeddable":true,"href":"https:\/\/longboard.ee\/en\/wp-json\/wp\/v2\/comments?post=401"}],"version-history":[{"count":0,"href":"https:\/\/longboard.ee\/en\/wp-json\/wp\/v2\/pages\/401\/revisions"}],"wp:attachment":[{"href":"https:\/\/longboard.ee\/en\/wp-json\/wp\/v2\/media?parent=401"}],"curies":[{"name":"wp","href":"https:\/\/api.w.org\/{rel}","templated":true}]}}