{"id":641,"date":"2014-07-06T08:12:59","date_gmt":"2014-07-06T08:12:59","guid":{"rendered":"http:\/\/longboard.ee\/?page_id=641"},"modified":"2021-03-10T18:30:20","modified_gmt":"2021-03-10T18:30:20","slug":"longboardide-opetused-videod-abimaterjal-eesti","status":"publish","type":"page","link":"https:\/\/longboard.ee\/en\/longboardide-opetused-videod-abimaterjal-eesti\/","title":{"rendered":"Help &amp; support information, videos"},"content":{"rendered":"<p>Here you can find a number of suggestions and instructions for longboarding. These are based on various materials on the Internet as well as personal experience and observations.<\/p>\n<p>PS! We are constantly updating this page.<\/p>\n<figure id=\"attachment_654\" aria-describedby=\"caption-attachment-654\" style=\"width: 144px\" class=\"wp-caption alignleft\"><a href=\"https:\/\/longboard.ee\/en\/opetused-videod-abimaterjal-jms\/kuidas-valida\/\"><img loading=\"lazy\" decoding=\"async\" class=\"wp-image-654\" src=\"https:\/\/longboard.ee\/wp-content\/uploads\/2014\/07\/diagram-skateboard-wheels-diameter.png\" alt=\"diagram-skateboard-wheels-diameter\" width=\"144\" height=\"59\" srcset=\"https:\/\/longboard.ee\/wp-content\/uploads\/2014\/07\/diagram-skateboard-wheels-diameter.png 700w, https:\/\/longboard.ee\/wp-content\/uploads\/2014\/07\/diagram-skateboard-wheels-diameter-16x7.png 16w, https:\/\/longboard.ee\/wp-content\/uploads\/2014\/07\/diagram-skateboard-wheels-diameter-465x191.png 465w, https:\/\/longboard.ee\/wp-content\/uploads\/2014\/07\/diagram-skateboard-wheels-diameter-690x287.png 690w, https:\/\/longboard.ee\/wp-content\/uploads\/2014\/07\/diagram-skateboard-wheels-diameter-695x285.png 695w\" sizes=\"auto, (max-width: 144px) 100vw, 144px\" \/><\/a><figcaption id=\"caption-attachment-654\" class=\"wp-caption-text\">How to choose wheels, bearings, trucks etc. for your longboard<\/figcaption><\/figure>\n<figure id=\"attachment_656\" aria-describedby=\"caption-attachment-656\" style=\"width: 131px\" class=\"wp-caption alignleft\"><a href=\"https:\/\/longboard.ee\/en\/opetused-videod-abimaterjal-jms\/lihtsalt-lahedad-longboardimise-videod\/\"><img loading=\"lazy\" decoding=\"async\" class=\"wp-image-656\" src=\"https:\/\/longboard.ee\/wp-content\/uploads\/2014\/07\/longboard-videos.jpg\" alt=\"longboard videos\" width=\"131\" height=\"76\" srcset=\"https:\/\/longboard.ee\/wp-content\/uploads\/2014\/07\/longboard-videos.jpg 640w, https:\/\/longboard.ee\/wp-content\/uploads\/2014\/07\/longboard-videos-16x9.jpg 16w, https:\/\/longboard.ee\/wp-content\/uploads\/2014\/07\/longboard-videos-465x270.jpg 465w\" sizes=\"auto, (max-width: 131px) 100vw, 131px\" \/><\/a><figcaption id=\"caption-attachment-656\" class=\"wp-caption-text\">Just cool longboarding videos<\/figcaption><\/figure>\n<h1 class=\"title\" style=\"font-weight: 300;\"><\/h1>","protected":false},"excerpt":{"rendered":"<p>Siit leiate abimaterjale ja \u00f5petusi longboardide ja longboardimise kohta. \u00d5petused ja abimaterjalid on koostatud tuginedes erinevatele internetiallikatele ja isiklikele kogemustele. PS. Uuendame ja lisame infot siia lehele j\u00e4rgem\u00f6\u00f6da.<span class=\"more-link\"><a href=\"https:\/\/longboard.ee\/en\/longboardide-opetused-videod-abimaterjal-eesti\/\">Continue Reading<\/a><\/span><\/p>","protected":false},"author":3,"featured_media":0,"parent":0,"menu_order":0,"comment_status":"closed","ping_status":"open","template":"","meta":{"footnotes":""},"class_list":["entry","author-nzz","post-641","page","type-page","status-publish"],"yoast_head":"<!-- This site is optimized with the Yoast SEO plugin v27.5 - https:\/\/yoast.com\/product\/yoast-seo-wordpress\/ -->\n<title>Longboard.ee I Eesti I longboardide e-pood. Abimaterjalid ja videod<\/title>\n<meta name=\"description\" content=\"Siit leiate longboardide videoid, abimaterjale ja \u00f5petusi longboardide ja longboardimise kohta. Longboard.ee - k\u00f5ik vajalik longboardidele.\" \/>\n<meta name=\"robots\" content=\"index, follow, max-snippet:-1, max-image-preview:large, max-video-preview:-1\" \/>\n<link rel=\"canonical\" href=\"https:\/\/longboard.ee\/en\/longboardide-opetused-videod-abimaterjal-eesti\/\" \/>\n<script type=\"application\/ld+json\" class=\"yoast-schema-graph\">{\"@context\":\"https:\\\/\\\/schema.org\",\"@graph\":[{\"@type\":\"WebPage\",\"@id\":\"https:\\\/\\\/longboard.ee\\\/et\\\/longboardide-opetused-videod-abimaterjal-eesti\\\/\",\"url\":\"https:\\\/\\\/longboard.ee\\\/et\\\/longboardide-opetused-videod-abimaterjal-eesti\\\/\",\"name\":\"Longboard.ee I Eesti I longboardide e-pood. Abimaterjalid ja videod\",\"isPartOf\":{\"@id\":\"https:\\\/\\\/longboard.ee\\\/et\\\/#website\"},\"primaryImageOfPage\":{\"@id\":\"https:\\\/\\\/longboard.ee\\\/et\\\/longboardide-opetused-videod-abimaterjal-eesti\\\/#primaryimage\"},\"image\":{\"@id\":\"https:\\\/\\\/longboard.ee\\\/et\\\/longboardide-opetused-videod-abimaterjal-eesti\\\/#primaryimage\"},\"thumbnailUrl\":\"https:\\\/\\\/longboard.ee\\\/wp-content\\\/uploads\\\/2014\\\/07\\\/diagram-skateboard-wheels-diameter.png\",\"datePublished\":\"2014-07-06T08:12:59+00:00\",\"dateModified\":\"2021-03-10T18:30:20+00:00\",\"description\":\"Siit leiate longboardide videoid, abimaterjale ja \u00f5petusi longboardide ja longboardimise kohta. Longboard.ee - k\u00f5ik vajalik longboardidele.\",\"breadcrumb\":{\"@id\":\"https:\\\/\\\/longboard.ee\\\/et\\\/longboardide-opetused-videod-abimaterjal-eesti\\\/#breadcrumb\"},\"inLanguage\":\"en-GB\",\"potentialAction\":[{\"@type\":\"ReadAction\",\"target\":[\"https:\\\/\\\/longboard.ee\\\/et\\\/longboardide-opetused-videod-abimaterjal-eesti\\\/\"]}]},{\"@type\":\"ImageObject\",\"inLanguage\":\"en-GB\",\"@id\":\"https:\\\/\\\/longboard.ee\\\/et\\\/longboardide-opetused-videod-abimaterjal-eesti\\\/#primaryimage\",\"url\":\"https:\\\/\\\/longboard.ee\\\/wp-content\\\/uploads\\\/2014\\\/07\\\/diagram-skateboard-wheels-diameter.png\",\"contentUrl\":\"https:\\\/\\\/longboard.ee\\\/wp-content\\\/uploads\\\/2014\\\/07\\\/diagram-skateboard-wheels-diameter.png\"},{\"@type\":\"BreadcrumbList\",\"@id\":\"https:\\\/\\\/longboard.ee\\\/et\\\/longboardide-opetused-videod-abimaterjal-eesti\\\/#breadcrumb\",\"itemListElement\":[{\"@type\":\"ListItem\",\"position\":1,\"name\":\"Home\",\"item\":\"https:\\\/\\\/longboard.ee\\\/\"},{\"@type\":\"ListItem\",\"position\":2,\"name\":\"Longboardide abimaterjalid, videod\"}]},{\"@type\":\"WebSite\",\"@id\":\"https:\\\/\\\/longboard.ee\\\/et\\\/#website\",\"url\":\"https:\\\/\\\/longboard.ee\\\/et\\\/\",\"name\":\"Longboard.ee\",\"description\":\"Longboardide e-pood\",\"publisher\":{\"@id\":\"https:\\\/\\\/longboard.ee\\\/et\\\/#organization\"},\"potentialAction\":[{\"@type\":\"SearchAction\",\"target\":{\"@type\":\"EntryPoint\",\"urlTemplate\":\"https:\\\/\\\/longboard.ee\\\/et\\\/?s={search_term_string}\"},\"query-input\":{\"@type\":\"PropertyValueSpecification\",\"valueRequired\":true,\"valueName\":\"search_term_string\"}}],\"inLanguage\":\"en-GB\"},{\"@type\":\"Organization\",\"@id\":\"https:\\\/\\\/longboard.ee\\\/et\\\/#organization\",\"name\":\"Longboard.ee\",\"url\":\"https:\\\/\\\/longboard.ee\\\/et\\\/\",\"logo\":{\"@type\":\"ImageObject\",\"inLanguage\":\"en-GB\",\"@id\":\"https:\\\/\\\/longboard.ee\\\/et\\\/#\\\/schema\\\/logo\\\/image\\\/\",\"url\":\"https:\\\/\\\/longboard.ee\\\/wp-content\\\/uploads\\\/2021\\\/10\\\/logo55.jpg\",\"contentUrl\":\"https:\\\/\\\/longboard.ee\\\/wp-content\\\/uploads\\\/2021\\\/10\\\/logo55.jpg\",\"width\":180,\"height\":180,\"caption\":\"Longboard.ee\"},\"image\":{\"@id\":\"https:\\\/\\\/longboard.ee\\\/et\\\/#\\\/schema\\\/logo\\\/image\\\/\"},\"sameAs\":[\"https:\\\/\\\/www.facebook.com\\\/Longboardee-131787663895166\\\/\"]}]}<\/script>\n<!-- \/ Yoast SEO plugin. -->","yoast_head_json":{"title":"Longboard.ee I Eesti I longboardide e-pood. Abimaterjalid ja videod","description":"Siit leiate longboardide videoid, abimaterjale ja \u00f5petusi longboardide ja longboardimise kohta. Longboard.ee - k\u00f5ik vajalik longboardidele.","robots":{"index":"index","follow":"follow","max-snippet":"max-snippet:-1","max-image-preview":"max-image-preview:large","max-video-preview":"max-video-preview:-1"},"canonical":"https:\/\/longboard.ee\/en\/longboardide-opetused-videod-abimaterjal-eesti\/","schema":{"@context":"https:\/\/schema.org","@graph":[{"@type":"WebPage","@id":"https:\/\/longboard.ee\/et\/longboardide-opetused-videod-abimaterjal-eesti\/","url":"https:\/\/longboard.ee\/et\/longboardide-opetused-videod-abimaterjal-eesti\/","name":"Longboard.ee I Eesti I longboardide e-pood. Abimaterjalid ja videod","isPartOf":{"@id":"https:\/\/longboard.ee\/et\/#website"},"primaryImageOfPage":{"@id":"https:\/\/longboard.ee\/et\/longboardide-opetused-videod-abimaterjal-eesti\/#primaryimage"},"image":{"@id":"https:\/\/longboard.ee\/et\/longboardide-opetused-videod-abimaterjal-eesti\/#primaryimage"},"thumbnailUrl":"https:\/\/longboard.ee\/wp-content\/uploads\/2014\/07\/diagram-skateboard-wheels-diameter.png","datePublished":"2014-07-06T08:12:59+00:00","dateModified":"2021-03-10T18:30:20+00:00","description":"Siit leiate longboardide videoid, abimaterjale ja \u00f5petusi longboardide ja longboardimise kohta. Longboard.ee - k\u00f5ik vajalik longboardidele.","breadcrumb":{"@id":"https:\/\/longboard.ee\/et\/longboardide-opetused-videod-abimaterjal-eesti\/#breadcrumb"},"inLanguage":"en-GB","potentialAction":[{"@type":"ReadAction","target":["https:\/\/longboard.ee\/et\/longboardide-opetused-videod-abimaterjal-eesti\/"]}]},{"@type":"ImageObject","inLanguage":"en-GB","@id":"https:\/\/longboard.ee\/et\/longboardide-opetused-videod-abimaterjal-eesti\/#primaryimage","url":"https:\/\/longboard.ee\/wp-content\/uploads\/2014\/07\/diagram-skateboard-wheels-diameter.png","contentUrl":"https:\/\/longboard.ee\/wp-content\/uploads\/2014\/07\/diagram-skateboard-wheels-diameter.png"},{"@type":"BreadcrumbList","@id":"https:\/\/longboard.ee\/et\/longboardide-opetused-videod-abimaterjal-eesti\/#breadcrumb","itemListElement":[{"@type":"ListItem","position":1,"name":"Home","item":"https:\/\/longboard.ee\/"},{"@type":"ListItem","position":2,"name":"Longboardide abimaterjalid, videod"}]},{"@type":"WebSite","@id":"https:\/\/longboard.ee\/et\/#website","url":"https:\/\/longboard.ee\/et\/","name":"Longboard.ee","description":"The Longboard Store","publisher":{"@id":"https:\/\/longboard.ee\/et\/#organization"},"potentialAction":[{"@type":"SearchAction","target":{"@type":"EntryPoint","urlTemplate":"https:\/\/longboard.ee\/et\/?s={search_term_string}"},"query-input":{"@type":"PropertyValueSpecification","valueRequired":true,"valueName":"search_term_string"}}],"inLanguage":"en-GB"},{"@type":"Organization","@id":"https:\/\/longboard.ee\/et\/#organization","name":"Longboard.ee","url":"https:\/\/longboard.ee\/et\/","logo":{"@type":"ImageObject","inLanguage":"en-GB","@id":"https:\/\/longboard.ee\/et\/#\/schema\/logo\/image\/","url":"https:\/\/longboard.ee\/wp-content\/uploads\/2021\/10\/logo55.jpg","contentUrl":"https:\/\/longboard.ee\/wp-content\/uploads\/2021\/10\/logo55.jpg","width":180,"height":180,"caption":"Longboard.ee"},"image":{"@id":"https:\/\/longboard.ee\/et\/#\/schema\/logo\/image\/"},"sameAs":["https:\/\/www.facebook.com\/Longboardee-131787663895166\/"]}]}},"_links":{"self":[{"href":"https:\/\/longboard.ee\/en\/wp-json\/wp\/v2\/pages\/641","targetHints":{"allow":["GET"]}}],"collection":[{"href":"https:\/\/longboard.ee\/en\/wp-json\/wp\/v2\/pages"}],"about":[{"href":"https:\/\/longboard.ee\/en\/wp-json\/wp\/v2\/types\/page"}],"author":[{"embeddable":true,"href":"https:\/\/longboard.ee\/en\/wp-json\/wp\/v2\/users\/3"}],"replies":[{"embeddable":true,"href":"https:\/\/longboard.ee\/en\/wp-json\/wp\/v2\/comments?post=641"}],"version-history":[{"count":0,"href":"https:\/\/longboard.ee\/en\/wp-json\/wp\/v2\/pages\/641\/revisions"}],"wp:attachment":[{"href":"https:\/\/longboard.ee\/en\/wp-json\/wp\/v2\/media?parent=641"}],"curies":[{"name":"wp","href":"https:\/\/api.w.org\/{rel}","templated":true}]}}