{"id":6533,"date":"2019-12-14T21:36:23","date_gmt":"2019-12-14T21:36:23","guid":{"rendered":"https:\/\/longboard.ee\/?page_id=6533"},"modified":"2019-12-14T22:07:16","modified_gmt":"2019-12-14T22:07:16","slug":"toukeratastest","status":"publish","type":"page","link":"https:\/\/longboard.ee\/en\/longboardide-opetused-videod-abimaterjal-eesti\/toukeratastest\/","title":{"rendered":"About Scooters"},"content":{"rendered":"<p> Scooters are by nature very universal vehicles. Their phenomenon is based really on their simplicity. Scooters don't weigh much, they are usually foldable equipped with brakes and a bar - that is why it is easy to learn to ride a scooter and why scooters are usually the first vehicles that children learn to ride. No wonder that we can see 3-year-olds as well as 63-year-olds on scooters and everyone in between!<\/p>\n\n\n\n<p>As the mission of longboard.ee team is to promote spending quality time outdoors on different vehicles and in good company, it is only natural that in addition to longboards  we also have skateboards, stunt scooters, city scooters and quads in our product range as well as in our personal bike shed.<\/p>\n\n\n\n<figure class=\"wp-block-image\"><img loading=\"lazy\" decoding=\"async\" width=\"1024\" height=\"683\" src=\"https:\/\/longboard.ee\/wp-content\/uploads\/2019\/10\/SL1760-Slamm-Strobe-II-PROMO-01-1024x683.jpg\" alt=\"\" class=\"wp-image-4156\" srcset=\"https:\/\/longboard.ee\/wp-content\/uploads\/2019\/10\/SL1760-Slamm-Strobe-II-PROMO-01-1024x683.jpg 1024w, https:\/\/longboard.ee\/wp-content\/uploads\/2019\/10\/SL1760-Slamm-Strobe-II-PROMO-01-950x633.jpg 950w, https:\/\/longboard.ee\/wp-content\/uploads\/2019\/10\/SL1760-Slamm-Strobe-II-PROMO-01-465x310.jpg 465w, https:\/\/longboard.ee\/wp-content\/uploads\/2019\/10\/SL1760-Slamm-Strobe-II-PROMO-01-695x463.jpg 695w, https:\/\/longboard.ee\/wp-content\/uploads\/2019\/10\/SL1760-Slamm-Strobe-II-PROMO-01-2000x1333.jpg 2000w\" sizes=\"auto, (max-width: 1024px) 100vw, 1024px\" \/><\/figure>\n\n\n\n<p> \u201cYou have to live spherically &#8211; in many directions. Never lose your childish enthusiasm &#8211; and things will come your way.\u201d<\/p>\n\n\n\n<p>Italian film director<br>\u2015\u00a0<strong>Federico Fellini<\/strong><\/p>\n\n\n\n<p><\/p>","protected":false},"excerpt":{"rendered":"<p>T\u00f5ukerattad on oma olemuselt v\u00e4ga universaalsed s\u00f5iduvahendid. T\u00f5ukerataste fenomen on seotud nende lihtsa olemusega. Nad on kerged, tihtipeale h\u00f5lpsasti kokkupakitavad, varustatud piduri ja lenksuga &#8211; need omadused aitavad muuta s\u00f5idu \u00f5ppimise v\u00f5rdlemisi lihtsaks ning tagavad kontrolli. Sageli on just eeltoodud omaduste p\u00e4rast t\u00f5ukerattad laste esimeseks s\u00f5iduvahendiks. Samuti pole ime, et<span class=\"more-link\"><a href=\"https:\/\/longboard.ee\/en\/longboardide-opetused-videod-abimaterjal-eesti\/toukeratastest\/\">Continue Reading<\/a><\/span><\/p>","protected":false},"author":3,"featured_media":0,"parent":641,"menu_order":3,"comment_status":"closed","ping_status":"closed","template":"","meta":{"footnotes":""},"class_list":["entry","author-nzz","post-6533","page","type-page","status-publish"],"yoast_head":"<!-- This site is optimized with the Yoast SEO plugin v27.5 - https:\/\/yoast.com\/product\/yoast-seo-wordpress\/ -->\n<title>T\u00f5ukeratastest - Longboard.ee<\/title>\n<meta name=\"description\" content=\"Longboard. ee - longboardid, rula, rulad, t\u00f5ukerattad, quad ilu-rulluisud\" \/>\n<meta name=\"robots\" content=\"index, follow, max-snippet:-1, max-image-preview:large, max-video-preview:-1\" \/>\n<link rel=\"canonical\" href=\"https:\/\/longboard.ee\/en\/longboarding-help-and-support-information-videos\/about-scooters\/\" \/>\n<meta name=\"twitter:label1\" content=\"Estimated reading time\" \/>\n\t<meta name=\"twitter:data1\" content=\"1 minute\" \/>\n<script type=\"application\/ld+json\" class=\"yoast-schema-graph\">{\"@context\":\"https:\\\/\\\/schema.org\",\"@graph\":[{\"@type\":\"WebPage\",\"@id\":\"https:\\\/\\\/longboard.ee\\\/en\\\/longboarding-help-and-support-information-videos\\\/about-scooters\\\/\",\"url\":\"https:\\\/\\\/longboard.ee\\\/en\\\/longboarding-help-and-support-information-videos\\\/about-scooters\\\/\",\"name\":\"T\u00f5ukeratastest - Longboard.ee\",\"isPartOf\":{\"@id\":\"https:\\\/\\\/longboard.ee\\\/et\\\/#website\"},\"primaryImageOfPage\":{\"@id\":\"https:\\\/\\\/longboard.ee\\\/en\\\/longboarding-help-and-support-information-videos\\\/about-scooters\\\/#primaryimage\"},\"image\":{\"@id\":\"https:\\\/\\\/longboard.ee\\\/en\\\/longboarding-help-and-support-information-videos\\\/about-scooters\\\/#primaryimage\"},\"thumbnailUrl\":\"https:\\\/\\\/longboard.ee\\\/wp-content\\\/uploads\\\/2019\\\/10\\\/SL1760-Slamm-Strobe-II-PROMO-01-1024x683.jpg\",\"datePublished\":\"2019-12-14T21:36:23+00:00\",\"dateModified\":\"2019-12-14T22:07:16+00:00\",\"description\":\"Longboard. ee - longboardid, rula, rulad, t\u00f5ukerattad, quad ilu-rulluisud\",\"breadcrumb\":{\"@id\":\"https:\\\/\\\/longboard.ee\\\/en\\\/longboarding-help-and-support-information-videos\\\/about-scooters\\\/#breadcrumb\"},\"inLanguage\":\"en-GB\",\"potentialAction\":[{\"@type\":\"ReadAction\",\"target\":[\"https:\\\/\\\/longboard.ee\\\/en\\\/longboarding-help-and-support-information-videos\\\/about-scooters\\\/\"]}]},{\"@type\":\"ImageObject\",\"inLanguage\":\"en-GB\",\"@id\":\"https:\\\/\\\/longboard.ee\\\/en\\\/longboarding-help-and-support-information-videos\\\/about-scooters\\\/#primaryimage\",\"url\":\"https:\\\/\\\/longboard.ee\\\/wp-content\\\/uploads\\\/2019\\\/10\\\/SL1760-Slamm-Strobe-II-PROMO-01-1024x683.jpg\",\"contentUrl\":\"https:\\\/\\\/longboard.ee\\\/wp-content\\\/uploads\\\/2019\\\/10\\\/SL1760-Slamm-Strobe-II-PROMO-01-1024x683.jpg\"},{\"@type\":\"BreadcrumbList\",\"@id\":\"https:\\\/\\\/longboard.ee\\\/en\\\/longboarding-help-and-support-information-videos\\\/about-scooters\\\/#breadcrumb\",\"itemListElement\":[{\"@type\":\"ListItem\",\"position\":1,\"name\":\"Home\",\"item\":\"https:\\\/\\\/longboard.ee\\\/\"},{\"@type\":\"ListItem\",\"position\":2,\"name\":\"Longboardide abimaterjalid, videod\",\"item\":\"https:\\\/\\\/longboard.ee\\\/et\\\/longboardide-opetused-videod-abimaterjal-eesti\\\/\"},{\"@type\":\"ListItem\",\"position\":3,\"name\":\"T\u00f5ukeratastest\"}]},{\"@type\":\"WebSite\",\"@id\":\"https:\\\/\\\/longboard.ee\\\/et\\\/#website\",\"url\":\"https:\\\/\\\/longboard.ee\\\/et\\\/\",\"name\":\"Longboard.ee\",\"description\":\"Longboardide e-pood\",\"publisher\":{\"@id\":\"https:\\\/\\\/longboard.ee\\\/et\\\/#organization\"},\"potentialAction\":[{\"@type\":\"SearchAction\",\"target\":{\"@type\":\"EntryPoint\",\"urlTemplate\":\"https:\\\/\\\/longboard.ee\\\/et\\\/?s={search_term_string}\"},\"query-input\":{\"@type\":\"PropertyValueSpecification\",\"valueRequired\":true,\"valueName\":\"search_term_string\"}}],\"inLanguage\":\"en-GB\"},{\"@type\":\"Organization\",\"@id\":\"https:\\\/\\\/longboard.ee\\\/et\\\/#organization\",\"name\":\"Longboard.ee\",\"url\":\"https:\\\/\\\/longboard.ee\\\/et\\\/\",\"logo\":{\"@type\":\"ImageObject\",\"inLanguage\":\"en-GB\",\"@id\":\"https:\\\/\\\/longboard.ee\\\/et\\\/#\\\/schema\\\/logo\\\/image\\\/\",\"url\":\"https:\\\/\\\/longboard.ee\\\/wp-content\\\/uploads\\\/2021\\\/10\\\/logo55.jpg\",\"contentUrl\":\"https:\\\/\\\/longboard.ee\\\/wp-content\\\/uploads\\\/2021\\\/10\\\/logo55.jpg\",\"width\":180,\"height\":180,\"caption\":\"Longboard.ee\"},\"image\":{\"@id\":\"https:\\\/\\\/longboard.ee\\\/et\\\/#\\\/schema\\\/logo\\\/image\\\/\"},\"sameAs\":[\"https:\\\/\\\/www.facebook.com\\\/Longboardee-131787663895166\\\/\"]}]}<\/script>\n<!-- \/ Yoast SEO plugin. -->","yoast_head_json":{"title":"T\u00f5ukeratastest - Longboard.ee","description":"Longboard. ee - longboardid, rula, rulad, t\u00f5ukerattad, quad ilu-rulluisud","robots":{"index":"index","follow":"follow","max-snippet":"max-snippet:-1","max-image-preview":"max-image-preview:large","max-video-preview":"max-video-preview:-1"},"canonical":"https:\/\/longboard.ee\/en\/longboarding-help-and-support-information-videos\/about-scooters\/","twitter_misc":{"Estimated reading time":"1 minute"},"schema":{"@context":"https:\/\/schema.org","@graph":[{"@type":"WebPage","@id":"https:\/\/longboard.ee\/en\/longboarding-help-and-support-information-videos\/about-scooters\/","url":"https:\/\/longboard.ee\/en\/longboarding-help-and-support-information-videos\/about-scooters\/","name":"T\u00f5ukeratastest - Longboard.ee","isPartOf":{"@id":"https:\/\/longboard.ee\/et\/#website"},"primaryImageOfPage":{"@id":"https:\/\/longboard.ee\/en\/longboarding-help-and-support-information-videos\/about-scooters\/#primaryimage"},"image":{"@id":"https:\/\/longboard.ee\/en\/longboarding-help-and-support-information-videos\/about-scooters\/#primaryimage"},"thumbnailUrl":"https:\/\/longboard.ee\/wp-content\/uploads\/2019\/10\/SL1760-Slamm-Strobe-II-PROMO-01-1024x683.jpg","datePublished":"2019-12-14T21:36:23+00:00","dateModified":"2019-12-14T22:07:16+00:00","description":"Longboard. ee - longboardid, rula, rulad, t\u00f5ukerattad, quad ilu-rulluisud","breadcrumb":{"@id":"https:\/\/longboard.ee\/en\/longboarding-help-and-support-information-videos\/about-scooters\/#breadcrumb"},"inLanguage":"en-GB","potentialAction":[{"@type":"ReadAction","target":["https:\/\/longboard.ee\/en\/longboarding-help-and-support-information-videos\/about-scooters\/"]}]},{"@type":"ImageObject","inLanguage":"en-GB","@id":"https:\/\/longboard.ee\/en\/longboarding-help-and-support-information-videos\/about-scooters\/#primaryimage","url":"https:\/\/longboard.ee\/wp-content\/uploads\/2019\/10\/SL1760-Slamm-Strobe-II-PROMO-01-1024x683.jpg","contentUrl":"https:\/\/longboard.ee\/wp-content\/uploads\/2019\/10\/SL1760-Slamm-Strobe-II-PROMO-01-1024x683.jpg"},{"@type":"BreadcrumbList","@id":"https:\/\/longboard.ee\/en\/longboarding-help-and-support-information-videos\/about-scooters\/#breadcrumb","itemListElement":[{"@type":"ListItem","position":1,"name":"Home","item":"https:\/\/longboard.ee\/"},{"@type":"ListItem","position":2,"name":"Longboardide abimaterjalid, videod","item":"https:\/\/longboard.ee\/et\/longboardide-opetused-videod-abimaterjal-eesti\/"},{"@type":"ListItem","position":3,"name":"T\u00f5ukeratastest"}]},{"@type":"WebSite","@id":"https:\/\/longboard.ee\/et\/#website","url":"https:\/\/longboard.ee\/et\/","name":"Longboard.ee","description":"The Longboard Store","publisher":{"@id":"https:\/\/longboard.ee\/et\/#organization"},"potentialAction":[{"@type":"SearchAction","target":{"@type":"EntryPoint","urlTemplate":"https:\/\/longboard.ee\/et\/?s={search_term_string}"},"query-input":{"@type":"PropertyValueSpecification","valueRequired":true,"valueName":"search_term_string"}}],"inLanguage":"en-GB"},{"@type":"Organization","@id":"https:\/\/longboard.ee\/et\/#organization","name":"Longboard.ee","url":"https:\/\/longboard.ee\/et\/","logo":{"@type":"ImageObject","inLanguage":"en-GB","@id":"https:\/\/longboard.ee\/et\/#\/schema\/logo\/image\/","url":"https:\/\/longboard.ee\/wp-content\/uploads\/2021\/10\/logo55.jpg","contentUrl":"https:\/\/longboard.ee\/wp-content\/uploads\/2021\/10\/logo55.jpg","width":180,"height":180,"caption":"Longboard.ee"},"image":{"@id":"https:\/\/longboard.ee\/et\/#\/schema\/logo\/image\/"},"sameAs":["https:\/\/www.facebook.com\/Longboardee-131787663895166\/"]}]}},"_links":{"self":[{"href":"https:\/\/longboard.ee\/en\/wp-json\/wp\/v2\/pages\/6533","targetHints":{"allow":["GET"]}}],"collection":[{"href":"https:\/\/longboard.ee\/en\/wp-json\/wp\/v2\/pages"}],"about":[{"href":"https:\/\/longboard.ee\/en\/wp-json\/wp\/v2\/types\/page"}],"author":[{"embeddable":true,"href":"https:\/\/longboard.ee\/en\/wp-json\/wp\/v2\/users\/3"}],"replies":[{"embeddable":true,"href":"https:\/\/longboard.ee\/en\/wp-json\/wp\/v2\/comments?post=6533"}],"version-history":[{"count":0,"href":"https:\/\/longboard.ee\/en\/wp-json\/wp\/v2\/pages\/6533\/revisions"}],"up":[{"embeddable":true,"href":"https:\/\/longboard.ee\/en\/wp-json\/wp\/v2\/pages\/641"}],"wp:attachment":[{"href":"https:\/\/longboard.ee\/en\/wp-json\/wp\/v2\/media?parent=6533"}],"curies":[{"name":"wp","href":"https:\/\/api.w.org\/{rel}","templated":true}]}}