{"id":11988,"date":"2020-03-22T10:13:09","date_gmt":"2020-03-22T10:13:09","guid":{"rendered":"https:\/\/longboard.ee\/?post_type=product&#038;p=11988"},"modified":"2024-04-11T16:06:49","modified_gmt":"2024-04-11T13:06:49","slug":"rio-roller-milkshake-ilu-rulluisud","status":"publish","type":"product","link":"https:\/\/longboard.ee\/en\/longboardid\/quad-rulluisud\/rio-roller-milkshake-ilu-rulluisud\/","title":{"rendered":"Rio Roller Milkshake \u2013 Quad skates"},"content":{"rendered":"<p><img loading=\"lazy\" decoding=\"async\" class=\"wp-image-4318 alignleft\" src=\"https:\/\/longboard.ee\/wp-content\/uploads\/2019\/10\/Rio-Brand.jpg\" alt=\"\" width=\"73\" height=\"70\" srcset=\"https:\/\/longboard.ee\/wp-content\/uploads\/2019\/10\/Rio-Brand.jpg 111w, https:\/\/longboard.ee\/wp-content\/uploads\/2019\/10\/Rio-Brand-13x12.jpg 13w\" sizes=\"auto, (max-width: 73px) 100vw, 73px\" \/>Rio Roller Milkshake is the latest and tastiest addition to our collection, which is packed full of tasty features. Continuing our love for pastels, Milkshake has taken the figure skate style and combined it with the popular shape of our retro trainer skate, giving you a unique upper like no other. Complete with a power strap for extra support and comfort, we think Milkshake is the perfect skate for anyone who loves life in pastels!<\/p>\n<p>&nbsp;<\/p>\n<p>&nbsp;<\/p>\n<p>Reinforced figure style upper.\nFull PVC leather construction.\nRose gold effect lace hooks and logo.\nRio Roller cushioned heel, moulded inner sole.\nMicro injection logo on heel.\nBranded Cotton duster bag included.<\/p>\n<p>Trucks - Rio Roller Aluminium trucks, 94A PU cast bushings<\/p>\n<p>Wheels \u2013 PU cast 82A<\/p>\n<p>Bearings \u2013 ABEC-7<\/p>\n<p>Available sizes \u2013 EU: 37;\u00a0 38; 39,5; 40,5<\/p>\n<p>&nbsp;<\/p>","protected":false},"excerpt":{"rendered":"<p>Rio Roller Milkshake ilu-rulluisud &#8211; ilusates pastelsetest toonides retroh\u00f5ngulised mugavad rulluisud. Sobivad nii siseruumides kui \u00f5ues uisutamiseks. &nbsp; &nbsp; \u00dclaosa &#8211; tugevdusega iluuisu-stiilis PVC tehisnahk. Truckid &#8211; nailonist tugev raam, alumiimiumist truckid. Rattad &#8211; PU valu 82A Laagrid &#8211; ABEC-7 Saadaval olevad m\u00f5\u00f5dud &#8211; EU: 37; 38; 39,5;\u00a0 40,5 &nbsp;<span class=\"more-link\"><a href=\"https:\/\/longboard.ee\/en\/longboardid\/quad-rulluisud\/rio-roller-milkshake-ilu-rulluisud\/\">Continue Reading<\/a><\/span><\/p>","protected":false},"featured_media":15021,"template":"","meta":[],"product_brand":[],"product_cat":[117],"product_tag":[],"class_list":{"0":"entry","1":"author-","2":"post-11988","3":"product","4":"type-product","5":"status-publish","6":"has-post-thumbnail","7":"product_cat-quad-rulluisud","8":"pa_suurus-eu-37","9":"pa_suurus-eu-38","10":"pa_suurus-eu-395","11":"pa_suurus-eu-405","12":"pa_varvus-cotton-candy","13":"pa_varvus-mint-berry","15":"first","16":"instock","17":"taxable","18":"shipping-taxable","19":"purchasable","20":"product-type-variable","21":"has-default-attributes"},"yoast_head":"<!-- This site is optimized with the Yoast SEO plugin v27.4 - https:\/\/yoast.com\/product\/yoast-seo-wordpress\/ -->\n<title>Rio Roller Milkshake - Quad ilu-rulluisud - Longboard.ee<\/title>\n<meta name=\"description\" content=\"Rio Roller Milkshake ilu-rulluisud - ilusates pastelsetest toonides retroh\u00f5ngulised mugavad rulluisud.\" \/>\n<meta name=\"robots\" content=\"index, follow, max-snippet:-1, max-image-preview:large, max-video-preview:-1\" \/>\n<link rel=\"canonical\" href=\"https:\/\/longboard.ee\/en\/longboards\/quad-skates\/rio-roller-milkshake-quad-skates\/\" \/>\n<meta name=\"twitter:label1\" content=\"Estimated reading time\" \/>\n\t<meta name=\"twitter:data1\" content=\"1 minute\" \/>\n<script type=\"application\/ld+json\" class=\"yoast-schema-graph\">{\"@context\":\"https:\\\/\\\/schema.org\",\"@graph\":[{\"@type\":\"WebPage\",\"@id\":\"https:\\\/\\\/longboard.ee\\\/en\\\/longboards\\\/quad-skates\\\/rio-roller-milkshake-quad-skates\\\/\",\"url\":\"https:\\\/\\\/longboard.ee\\\/en\\\/longboards\\\/quad-skates\\\/rio-roller-milkshake-quad-skates\\\/\",\"name\":\"Rio Roller Milkshake - Quad ilu-rulluisud - Longboard.ee\",\"isPartOf\":{\"@id\":\"https:\\\/\\\/longboard.ee\\\/et\\\/#website\"},\"primaryImageOfPage\":{\"@id\":\"https:\\\/\\\/longboard.ee\\\/en\\\/longboards\\\/quad-skates\\\/rio-roller-milkshake-quad-skates\\\/#primaryimage\"},\"image\":{\"@id\":\"https:\\\/\\\/longboard.ee\\\/en\\\/longboards\\\/quad-skates\\\/rio-roller-milkshake-quad-skates\\\/#primaryimage\"},\"thumbnailUrl\":\"https:\\\/\\\/longboard.ee\\\/wp-content\\\/uploads\\\/2020\\\/03\\\/RIO130ProductOverview-e1626976928133.png\",\"datePublished\":\"2020-03-22T10:13:09+00:00\",\"dateModified\":\"2024-04-11T13:06:49+00:00\",\"description\":\"Rio Roller Milkshake ilu-rulluisud - ilusates pastelsetest toonides retroh\u00f5ngulised mugavad rulluisud.\",\"breadcrumb\":{\"@id\":\"https:\\\/\\\/longboard.ee\\\/en\\\/longboards\\\/quad-skates\\\/rio-roller-milkshake-quad-skates\\\/#breadcrumb\"},\"inLanguage\":\"en-GB\",\"potentialAction\":[{\"@type\":\"ReadAction\",\"target\":[\"https:\\\/\\\/longboard.ee\\\/en\\\/longboards\\\/quad-skates\\\/rio-roller-milkshake-quad-skates\\\/\"]}]},{\"@type\":\"ImageObject\",\"inLanguage\":\"en-GB\",\"@id\":\"https:\\\/\\\/longboard.ee\\\/en\\\/longboards\\\/quad-skates\\\/rio-roller-milkshake-quad-skates\\\/#primaryimage\",\"url\":\"https:\\\/\\\/longboard.ee\\\/wp-content\\\/uploads\\\/2020\\\/03\\\/RIO130ProductOverview-e1626976928133.png\",\"contentUrl\":\"https:\\\/\\\/longboard.ee\\\/wp-content\\\/uploads\\\/2020\\\/03\\\/RIO130ProductOverview-e1626976928133.png\",\"width\":523,\"height\":523},{\"@type\":\"BreadcrumbList\",\"@id\":\"https:\\\/\\\/longboard.ee\\\/en\\\/longboards\\\/quad-skates\\\/rio-roller-milkshake-quad-skates\\\/#breadcrumb\",\"itemListElement\":[{\"@type\":\"ListItem\",\"position\":1,\"name\":\"Home\",\"item\":\"https:\\\/\\\/longboard.ee\\\/\"},{\"@type\":\"ListItem\",\"position\":2,\"name\":\"Longboardid, rulad, t\u00f5ukerattad, rulluisud\",\"item\":\"https:\\\/\\\/longboard.ee\\\/longboardid-rulad-toukerattad\\\/\"},{\"@type\":\"ListItem\",\"position\":3,\"name\":\"Quad Rulluisud\",\"item\":\"https:\\\/\\\/longboard.ee\\\/en\\\/longboard\\\/quad-skates\\\/\"},{\"@type\":\"ListItem\",\"position\":4,\"name\":\"Rio Roller Milkshake &#8211; Quad ilu-rulluisud\"}]},{\"@type\":\"WebSite\",\"@id\":\"https:\\\/\\\/longboard.ee\\\/et\\\/#website\",\"url\":\"https:\\\/\\\/longboard.ee\\\/et\\\/\",\"name\":\"Longboard.ee\",\"description\":\"Longboardide e-pood\",\"publisher\":{\"@id\":\"https:\\\/\\\/longboard.ee\\\/et\\\/#organization\"},\"potentialAction\":[{\"@type\":\"SearchAction\",\"target\":{\"@type\":\"EntryPoint\",\"urlTemplate\":\"https:\\\/\\\/longboard.ee\\\/et\\\/?s={search_term_string}\"},\"query-input\":{\"@type\":\"PropertyValueSpecification\",\"valueRequired\":true,\"valueName\":\"search_term_string\"}}],\"inLanguage\":\"en-GB\"},{\"@type\":\"Organization\",\"@id\":\"https:\\\/\\\/longboard.ee\\\/et\\\/#organization\",\"name\":\"Longboard.ee\",\"url\":\"https:\\\/\\\/longboard.ee\\\/et\\\/\",\"logo\":{\"@type\":\"ImageObject\",\"inLanguage\":\"en-GB\",\"@id\":\"https:\\\/\\\/longboard.ee\\\/et\\\/#\\\/schema\\\/logo\\\/image\\\/\",\"url\":\"https:\\\/\\\/longboard.ee\\\/wp-content\\\/uploads\\\/2021\\\/10\\\/logo55.jpg\",\"contentUrl\":\"https:\\\/\\\/longboard.ee\\\/wp-content\\\/uploads\\\/2021\\\/10\\\/logo55.jpg\",\"width\":180,\"height\":180,\"caption\":\"Longboard.ee\"},\"image\":{\"@id\":\"https:\\\/\\\/longboard.ee\\\/et\\\/#\\\/schema\\\/logo\\\/image\\\/\"},\"sameAs\":[\"https:\\\/\\\/www.facebook.com\\\/Longboardee-131787663895166\\\/\"]}]}<\/script>\n<!-- \/ Yoast SEO plugin. -->","yoast_head_json":{"title":"Rio Roller Milkshake - Quad ilu-rulluisud - Longboard.ee","description":"Rio Roller Milkshake ilu-rulluisud - ilusates pastelsetest toonides retroh\u00f5ngulised mugavad rulluisud.","robots":{"index":"index","follow":"follow","max-snippet":"max-snippet:-1","max-image-preview":"max-image-preview:large","max-video-preview":"max-video-preview:-1"},"canonical":"https:\/\/longboard.ee\/en\/longboards\/quad-skates\/rio-roller-milkshake-quad-skates\/","twitter_misc":{"Estimated reading time":"1 minute"},"schema":{"@context":"https:\/\/schema.org","@graph":[{"@type":"WebPage","@id":"https:\/\/longboard.ee\/en\/longboards\/quad-skates\/rio-roller-milkshake-quad-skates\/","url":"https:\/\/longboard.ee\/en\/longboards\/quad-skates\/rio-roller-milkshake-quad-skates\/","name":"Rio Roller Milkshake - Quad ilu-rulluisud - Longboard.ee","isPartOf":{"@id":"https:\/\/longboard.ee\/et\/#website"},"primaryImageOfPage":{"@id":"https:\/\/longboard.ee\/en\/longboards\/quad-skates\/rio-roller-milkshake-quad-skates\/#primaryimage"},"image":{"@id":"https:\/\/longboard.ee\/en\/longboards\/quad-skates\/rio-roller-milkshake-quad-skates\/#primaryimage"},"thumbnailUrl":"https:\/\/longboard.ee\/wp-content\/uploads\/2020\/03\/RIO130ProductOverview-e1626976928133.png","datePublished":"2020-03-22T10:13:09+00:00","dateModified":"2024-04-11T13:06:49+00:00","description":"Rio Roller Milkshake ilu-rulluisud - ilusates pastelsetest toonides retroh\u00f5ngulised mugavad rulluisud.","breadcrumb":{"@id":"https:\/\/longboard.ee\/en\/longboards\/quad-skates\/rio-roller-milkshake-quad-skates\/#breadcrumb"},"inLanguage":"en-GB","potentialAction":[{"@type":"ReadAction","target":["https:\/\/longboard.ee\/en\/longboards\/quad-skates\/rio-roller-milkshake-quad-skates\/"]}]},{"@type":"ImageObject","inLanguage":"en-GB","@id":"https:\/\/longboard.ee\/en\/longboards\/quad-skates\/rio-roller-milkshake-quad-skates\/#primaryimage","url":"https:\/\/longboard.ee\/wp-content\/uploads\/2020\/03\/RIO130ProductOverview-e1626976928133.png","contentUrl":"https:\/\/longboard.ee\/wp-content\/uploads\/2020\/03\/RIO130ProductOverview-e1626976928133.png","width":523,"height":523},{"@type":"BreadcrumbList","@id":"https:\/\/longboard.ee\/en\/longboards\/quad-skates\/rio-roller-milkshake-quad-skates\/#breadcrumb","itemListElement":[{"@type":"ListItem","position":1,"name":"Home","item":"https:\/\/longboard.ee\/"},{"@type":"ListItem","position":2,"name":"Longboardid, rulad, t\u00f5ukerattad, rulluisud","item":"https:\/\/longboard.ee\/longboardid-rulad-toukerattad\/"},{"@type":"ListItem","position":3,"name":"Quad Rulluisud","item":"https:\/\/longboard.ee\/en\/longboard\/quad-skates\/"},{"@type":"ListItem","position":4,"name":"Rio Roller Milkshake &#8211; Quad ilu-rulluisud"}]},{"@type":"WebSite","@id":"https:\/\/longboard.ee\/et\/#website","url":"https:\/\/longboard.ee\/et\/","name":"Longboard.ee","description":"The Longboard Store","publisher":{"@id":"https:\/\/longboard.ee\/et\/#organization"},"potentialAction":[{"@type":"SearchAction","target":{"@type":"EntryPoint","urlTemplate":"https:\/\/longboard.ee\/et\/?s={search_term_string}"},"query-input":{"@type":"PropertyValueSpecification","valueRequired":true,"valueName":"search_term_string"}}],"inLanguage":"en-GB"},{"@type":"Organization","@id":"https:\/\/longboard.ee\/et\/#organization","name":"Longboard.ee","url":"https:\/\/longboard.ee\/et\/","logo":{"@type":"ImageObject","inLanguage":"en-GB","@id":"https:\/\/longboard.ee\/et\/#\/schema\/logo\/image\/","url":"https:\/\/longboard.ee\/wp-content\/uploads\/2021\/10\/logo55.jpg","contentUrl":"https:\/\/longboard.ee\/wp-content\/uploads\/2021\/10\/logo55.jpg","width":180,"height":180,"caption":"Longboard.ee"},"image":{"@id":"https:\/\/longboard.ee\/et\/#\/schema\/logo\/image\/"},"sameAs":["https:\/\/www.facebook.com\/Longboardee-131787663895166\/"]}]}},"_links":{"self":[{"href":"https:\/\/longboard.ee\/en\/wp-json\/wp\/v2\/product\/11988","targetHints":{"allow":["GET"]}}],"collection":[{"href":"https:\/\/longboard.ee\/en\/wp-json\/wp\/v2\/product"}],"about":[{"href":"https:\/\/longboard.ee\/en\/wp-json\/wp\/v2\/types\/product"}],"wp:featuredmedia":[{"embeddable":true,"href":"https:\/\/longboard.ee\/en\/wp-json\/wp\/v2\/media\/15021"}],"wp:attachment":[{"href":"https:\/\/longboard.ee\/en\/wp-json\/wp\/v2\/media?parent=11988"}],"wp:term":[{"taxonomy":"product_brand","embeddable":true,"href":"https:\/\/longboard.ee\/en\/wp-json\/wp\/v2\/product_brand?post=11988"},{"taxonomy":"product_cat","embeddable":true,"href":"https:\/\/longboard.ee\/en\/wp-json\/wp\/v2\/product_cat?post=11988"},{"taxonomy":"product_tag","embeddable":true,"href":"https:\/\/longboard.ee\/en\/wp-json\/wp\/v2\/product_tag?post=11988"}],"curies":[{"name":"wp","href":"https:\/\/api.w.org\/{rel}","templated":true}]}}