{"id":14222,"date":"2021-03-03T17:12:49","date_gmt":"2021-03-03T15:12:49","guid":{"rendered":"https:\/\/longboard.ee\/?post_type=product&#038;p=14222"},"modified":"2022-06-13T16:09:34","modified_gmt":"2022-06-13T13:09:34","slug":"zoo-york-logo-block-rula","status":"publish","type":"product","link":"https:\/\/longboard.ee\/en\/longboardid\/rulad\/zoo-york\/zoo-york-logo-block-rula\/","title":{"rendered":"Zoo York Logo Block skateboard"},"content":{"rendered":"<p><img loading=\"lazy\" decoding=\"async\" class=\"size-full wp-image-14217 alignleft\" src=\"https:\/\/longboard.ee\/wp-content\/uploads\/2021\/03\/medium4099.png\" alt=\"\" width=\"231\" height=\"218\" srcset=\"https:\/\/longboard.ee\/wp-content\/uploads\/2021\/03\/medium4099.png 231w, https:\/\/longboard.ee\/wp-content\/uploads\/2021\/03\/medium4099-13x12.png 13w\" sizes=\"auto, (max-width: 231px) 100vw, 231px\" \/><\/p>\n<div>The Zoo York Logo Block is perfect for kicking-off that skate game. This Zoo York skateboard is a setup with a great price-performance ratio and suitable for taking on adventures in all areas of skateboarding. \n\nMedium concave board giving you well balanced board control paired with a comfortable stance.\nSmall wheels with a diameter of 52mm are ideal for street skateboarding making it easier for you to do tricks where solid pop and an optimized balance is required.\nHard wheels in 99A to land your tricks solidly and perfect for powerslides.<\/div>\n<div>1993. aastaks olid New Yorki lapsed t\u00e4navad juba \u00fcle v\u00f5tnud. V\u00e4sinud California-kesksest rulakultuurist, otsustasid kunagised Zoo Yorkerid asutada oma br\u00e4ndi, mis esindaks just New York Cityt. R\u00e4pases laohoones alguse saanud laudade ja T-s\u00e4rkide m\u00fc\u00fcmisest kasvas ruttu v\u00e4lja rahvusvaheline t\u00e4nava- ja elustiili kaubam\u00e4rk.<\/div>\n<div><\/div>\n<div><\/div>\n<p>Zoo York Logo Block on ideaalne rula nii algajale kui professionaalile t\u00e4navatel kulgemiseks ja rulapargis trikitamiseks.<\/p>\n<p>&nbsp;<\/p>\n<p>Dimensions: 7.75\u2033 x\u00a0 31.5\u2033<\/p>\n<p>Deck: Hard Rock Maple, 7-ply<\/p>\n<p>Bushings: 88A<\/p>\n<p>Wheels: 52mm 99A<\/p>\n<p>Bearings: ABEC-7<\/p>\n<p>&nbsp;<\/p>","protected":false},"excerpt":{"rendered":"<p>Dimensions: 7.75\u2033 x\u00a0 31.5\u2033<\/p>\n<p>Deck: Hard Rock Maple, 7-ply<\/p>\n<p>Bushings: 88A<\/p>\n<p>Wheels: 52mm 99A<\/p>\n<p>Bearings: ABEC-7<span class=\"more-link\"><a href=\"https:\/\/longboard.ee\/en\/longboardid\/rulad\/zoo-york\/zoo-york-logo-block-rula\/\">Continue Reading<\/a><\/span><\/p>","protected":false},"featured_media":14226,"template":"","meta":[],"product_brand":[],"product_cat":[152,113],"product_tag":[],"class_list":{"0":"entry","1":"author-johanna","2":"has-excerpt","3":"post-14222","4":"product","5":"type-product","6":"status-publish","7":"has-post-thumbnail","8":"product_cat-zoo-york","9":"product_cat-rulad","11":"first","12":"instock","13":"taxable","14":"shipping-taxable","15":"purchasable","16":"product-type-simple"},"yoast_head":"<!-- This site is optimized with the Yoast SEO plugin v27.5 - https:\/\/yoast.com\/product\/yoast-seo-wordpress\/ -->\n<title>Rulad - Zoo York Logo Block rula - Longboard.ee<\/title>\n<meta name=\"description\" content=\"Longboard.ee - Rulad - Zoo York Logo Block on ideaalne rula nii algajale kui professionaalile t\u00e4navatel kulgemiseks ja....\" \/>\n<meta name=\"robots\" content=\"index, follow, max-snippet:-1, max-image-preview:large, max-video-preview:-1\" \/>\n<link rel=\"canonical\" href=\"https:\/\/longboard.ee\/en\/longboardid\/rulad\/zoo-york-logo-block-rula\/\" \/>\n<meta name=\"twitter:label1\" content=\"Estimated reading time\" \/>\n\t<meta name=\"twitter:data1\" content=\"1 minute\" \/>\n<script type=\"application\/ld+json\" class=\"yoast-schema-graph\">{\"@context\":\"https:\\\/\\\/schema.org\",\"@graph\":[{\"@type\":\"WebPage\",\"@id\":\"https:\\\/\\\/longboard.ee\\\/longboardid\\\/rulad\\\/zoo-york-logo-block-rula\\\/\",\"url\":\"https:\\\/\\\/longboard.ee\\\/longboardid\\\/rulad\\\/zoo-york-logo-block-rula\\\/\",\"name\":\"Rulad - Zoo York Logo Block rula - Longboard.ee\",\"isPartOf\":{\"@id\":\"https:\\\/\\\/longboard.ee\\\/et\\\/#website\"},\"primaryImageOfPage\":{\"@id\":\"https:\\\/\\\/longboard.ee\\\/longboardid\\\/rulad\\\/zoo-york-logo-block-rula\\\/#primaryimage\"},\"image\":{\"@id\":\"https:\\\/\\\/longboard.ee\\\/longboardid\\\/rulad\\\/zoo-york-logo-block-rula\\\/#primaryimage\"},\"thumbnailUrl\":\"https:\\\/\\\/longboard.ee\\\/wp-content\\\/uploads\\\/2021\\\/03\\\/zoo-york-logo-block-complete-skateboard-sc-1.jpg\",\"datePublished\":\"2021-03-03T15:12:49+00:00\",\"dateModified\":\"2022-06-13T13:09:34+00:00\",\"description\":\"Longboard.ee - Rulad - Zoo York Logo Block on ideaalne rula nii algajale kui professionaalile t\u00e4navatel kulgemiseks ja....\",\"breadcrumb\":{\"@id\":\"https:\\\/\\\/longboard.ee\\\/longboardid\\\/rulad\\\/zoo-york-logo-block-rula\\\/#breadcrumb\"},\"inLanguage\":\"en-GB\",\"potentialAction\":[{\"@type\":\"ReadAction\",\"target\":[\"https:\\\/\\\/longboard.ee\\\/longboardid\\\/rulad\\\/zoo-york-logo-block-rula\\\/\"]}]},{\"@type\":\"ImageObject\",\"inLanguage\":\"en-GB\",\"@id\":\"https:\\\/\\\/longboard.ee\\\/longboardid\\\/rulad\\\/zoo-york-logo-block-rula\\\/#primaryimage\",\"url\":\"https:\\\/\\\/longboard.ee\\\/wp-content\\\/uploads\\\/2021\\\/03\\\/zoo-york-logo-block-complete-skateboard-sc-1.jpg\",\"contentUrl\":\"https:\\\/\\\/longboard.ee\\\/wp-content\\\/uploads\\\/2021\\\/03\\\/zoo-york-logo-block-complete-skateboard-sc-1.jpg\",\"width\":1500,\"height\":1500,\"caption\":\"zoo york rula\"},{\"@type\":\"BreadcrumbList\",\"@id\":\"https:\\\/\\\/longboard.ee\\\/longboardid\\\/rulad\\\/zoo-york-logo-block-rula\\\/#breadcrumb\",\"itemListElement\":[{\"@type\":\"ListItem\",\"position\":1,\"name\":\"Home\",\"item\":\"https:\\\/\\\/longboard.ee\\\/\"},{\"@type\":\"ListItem\",\"position\":2,\"name\":\"Longboardid, rulad, t\u00f5ukerattad, rulluisud\",\"item\":\"https:\\\/\\\/longboard.ee\\\/longboardid-rulad-toukerattad\\\/\"},{\"@type\":\"ListItem\",\"position\":3,\"name\":\"Rulad\",\"item\":\"https:\\\/\\\/longboard.ee\\\/en\\\/longboard\\\/skateboards\\\/\"},{\"@type\":\"ListItem\",\"position\":4,\"name\":\"Zoo York Logo Block rula\"}]},{\"@type\":\"WebSite\",\"@id\":\"https:\\\/\\\/longboard.ee\\\/et\\\/#website\",\"url\":\"https:\\\/\\\/longboard.ee\\\/et\\\/\",\"name\":\"Longboard.ee\",\"description\":\"Longboardide e-pood\",\"publisher\":{\"@id\":\"https:\\\/\\\/longboard.ee\\\/et\\\/#organization\"},\"potentialAction\":[{\"@type\":\"SearchAction\",\"target\":{\"@type\":\"EntryPoint\",\"urlTemplate\":\"https:\\\/\\\/longboard.ee\\\/et\\\/?s={search_term_string}\"},\"query-input\":{\"@type\":\"PropertyValueSpecification\",\"valueRequired\":true,\"valueName\":\"search_term_string\"}}],\"inLanguage\":\"en-GB\"},{\"@type\":\"Organization\",\"@id\":\"https:\\\/\\\/longboard.ee\\\/et\\\/#organization\",\"name\":\"Longboard.ee\",\"url\":\"https:\\\/\\\/longboard.ee\\\/et\\\/\",\"logo\":{\"@type\":\"ImageObject\",\"inLanguage\":\"en-GB\",\"@id\":\"https:\\\/\\\/longboard.ee\\\/et\\\/#\\\/schema\\\/logo\\\/image\\\/\",\"url\":\"https:\\\/\\\/longboard.ee\\\/wp-content\\\/uploads\\\/2021\\\/10\\\/logo55.jpg\",\"contentUrl\":\"https:\\\/\\\/longboard.ee\\\/wp-content\\\/uploads\\\/2021\\\/10\\\/logo55.jpg\",\"width\":180,\"height\":180,\"caption\":\"Longboard.ee\"},\"image\":{\"@id\":\"https:\\\/\\\/longboard.ee\\\/et\\\/#\\\/schema\\\/logo\\\/image\\\/\"},\"sameAs\":[\"https:\\\/\\\/www.facebook.com\\\/Longboardee-131787663895166\\\/\"]}]}<\/script>\n<!-- \/ Yoast SEO plugin. -->","yoast_head_json":{"title":"Rulad - Zoo York Logo Block rula - Longboard.ee","description":"Longboard.ee - Rulad - Zoo York Logo Block on ideaalne rula nii algajale kui professionaalile t\u00e4navatel kulgemiseks ja....","robots":{"index":"index","follow":"follow","max-snippet":"max-snippet:-1","max-image-preview":"max-image-preview:large","max-video-preview":"max-video-preview:-1"},"canonical":"https:\/\/longboard.ee\/en\/longboardid\/rulad\/zoo-york-logo-block-rula\/","twitter_misc":{"Estimated reading time":"1 minute"},"schema":{"@context":"https:\/\/schema.org","@graph":[{"@type":"WebPage","@id":"https:\/\/longboard.ee\/longboardid\/rulad\/zoo-york-logo-block-rula\/","url":"https:\/\/longboard.ee\/longboardid\/rulad\/zoo-york-logo-block-rula\/","name":"Rulad - Zoo York Logo Block rula - Longboard.ee","isPartOf":{"@id":"https:\/\/longboard.ee\/et\/#website"},"primaryImageOfPage":{"@id":"https:\/\/longboard.ee\/longboardid\/rulad\/zoo-york-logo-block-rula\/#primaryimage"},"image":{"@id":"https:\/\/longboard.ee\/longboardid\/rulad\/zoo-york-logo-block-rula\/#primaryimage"},"thumbnailUrl":"https:\/\/longboard.ee\/wp-content\/uploads\/2021\/03\/zoo-york-logo-block-complete-skateboard-sc-1.jpg","datePublished":"2021-03-03T15:12:49+00:00","dateModified":"2022-06-13T13:09:34+00:00","description":"Longboard.ee - Rulad - Zoo York Logo Block on ideaalne rula nii algajale kui professionaalile t\u00e4navatel kulgemiseks ja....","breadcrumb":{"@id":"https:\/\/longboard.ee\/longboardid\/rulad\/zoo-york-logo-block-rula\/#breadcrumb"},"inLanguage":"en-GB","potentialAction":[{"@type":"ReadAction","target":["https:\/\/longboard.ee\/longboardid\/rulad\/zoo-york-logo-block-rula\/"]}]},{"@type":"ImageObject","inLanguage":"en-GB","@id":"https:\/\/longboard.ee\/longboardid\/rulad\/zoo-york-logo-block-rula\/#primaryimage","url":"https:\/\/longboard.ee\/wp-content\/uploads\/2021\/03\/zoo-york-logo-block-complete-skateboard-sc-1.jpg","contentUrl":"https:\/\/longboard.ee\/wp-content\/uploads\/2021\/03\/zoo-york-logo-block-complete-skateboard-sc-1.jpg","width":1500,"height":1500,"caption":"zoo york rula"},{"@type":"BreadcrumbList","@id":"https:\/\/longboard.ee\/longboardid\/rulad\/zoo-york-logo-block-rula\/#breadcrumb","itemListElement":[{"@type":"ListItem","position":1,"name":"Home","item":"https:\/\/longboard.ee\/"},{"@type":"ListItem","position":2,"name":"Longboardid, rulad, t\u00f5ukerattad, rulluisud","item":"https:\/\/longboard.ee\/longboardid-rulad-toukerattad\/"},{"@type":"ListItem","position":3,"name":"Rulad","item":"https:\/\/longboard.ee\/en\/longboard\/skateboards\/"},{"@type":"ListItem","position":4,"name":"Zoo York Logo Block rula"}]},{"@type":"WebSite","@id":"https:\/\/longboard.ee\/et\/#website","url":"https:\/\/longboard.ee\/et\/","name":"Longboard.ee","description":"The Longboard Store","publisher":{"@id":"https:\/\/longboard.ee\/et\/#organization"},"potentialAction":[{"@type":"SearchAction","target":{"@type":"EntryPoint","urlTemplate":"https:\/\/longboard.ee\/et\/?s={search_term_string}"},"query-input":{"@type":"PropertyValueSpecification","valueRequired":true,"valueName":"search_term_string"}}],"inLanguage":"en-GB"},{"@type":"Organization","@id":"https:\/\/longboard.ee\/et\/#organization","name":"Longboard.ee","url":"https:\/\/longboard.ee\/et\/","logo":{"@type":"ImageObject","inLanguage":"en-GB","@id":"https:\/\/longboard.ee\/et\/#\/schema\/logo\/image\/","url":"https:\/\/longboard.ee\/wp-content\/uploads\/2021\/10\/logo55.jpg","contentUrl":"https:\/\/longboard.ee\/wp-content\/uploads\/2021\/10\/logo55.jpg","width":180,"height":180,"caption":"Longboard.ee"},"image":{"@id":"https:\/\/longboard.ee\/et\/#\/schema\/logo\/image\/"},"sameAs":["https:\/\/www.facebook.com\/Longboardee-131787663895166\/"]}]}},"_links":{"self":[{"href":"https:\/\/longboard.ee\/en\/wp-json\/wp\/v2\/product\/14222","targetHints":{"allow":["GET"]}}],"collection":[{"href":"https:\/\/longboard.ee\/en\/wp-json\/wp\/v2\/product"}],"about":[{"href":"https:\/\/longboard.ee\/en\/wp-json\/wp\/v2\/types\/product"}],"wp:featuredmedia":[{"embeddable":true,"href":"https:\/\/longboard.ee\/en\/wp-json\/wp\/v2\/media\/14226"}],"wp:attachment":[{"href":"https:\/\/longboard.ee\/en\/wp-json\/wp\/v2\/media?parent=14222"}],"wp:term":[{"taxonomy":"product_brand","embeddable":true,"href":"https:\/\/longboard.ee\/en\/wp-json\/wp\/v2\/product_brand?post=14222"},{"taxonomy":"product_cat","embeddable":true,"href":"https:\/\/longboard.ee\/en\/wp-json\/wp\/v2\/product_cat?post=14222"},{"taxonomy":"product_tag","embeddable":true,"href":"https:\/\/longboard.ee\/en\/wp-json\/wp\/v2\/product_tag?post=14222"}],"curies":[{"name":"wp","href":"https:\/\/api.w.org\/{rel}","templated":true}]}}