{"id":14467,"date":"2021-03-18T19:34:04","date_gmt":"2021-03-18T19:34:04","guid":{"rendered":"https:\/\/longboard.ee\/?post_type=product&#038;p=14467"},"modified":"2025-04-19T17:28:13","modified_gmt":"2025-04-19T14:28:13","slug":"retrospec-zed-pintail-black-pipeline-longboard-41","status":"publish","type":"product","link":"https:\/\/longboard.ee\/en\/longboardid\/longboardid\/retrospec\/retrospec-zed-pintail-black-pipeline-longboard-41\/","title":{"rendered":"Retrospec ZED Pintail Black Pipeline longboard 41&#8243;"},"content":{"rendered":"<p><img loading=\"lazy\" decoding=\"async\" class=\"wp-image-14400 alignleft\" src=\"https:\/\/longboard.ee\/wp-content\/uploads\/2021\/03\/retrospec_logo_before_after-950x534.png\" alt=\"\" width=\"215\" height=\"121\" srcset=\"https:\/\/longboard.ee\/wp-content\/uploads\/2021\/03\/retrospec_logo_before_after-950x534.png 950w, https:\/\/longboard.ee\/wp-content\/uploads\/2021\/03\/retrospec_logo_before_after-1024x576.png 1024w, https:\/\/longboard.ee\/wp-content\/uploads\/2021\/03\/retrospec_logo_before_after-1536x864.png 1536w, https:\/\/longboard.ee\/wp-content\/uploads\/2021\/03\/retrospec_logo_before_after-16x9.png 16w, https:\/\/longboard.ee\/wp-content\/uploads\/2021\/03\/retrospec_logo_before_after-465x262.png 465w, https:\/\/longboard.ee\/wp-content\/uploads\/2021\/03\/retrospec_logo_before_after-695x391.png 695w, https:\/\/longboard.ee\/wp-content\/uploads\/2021\/03\/retrospec_logo_before_after.png 2000w\" sizes=\"auto, (max-width: 215px) 100vw, 215px\" \/> Retrospec longboards come from sunny California. Boards are constructed from durable Canadian Maple and bamboo. 1960s surf culture and days spent on the beach inspired Retrospec's entire longboard line. Vintage hues, retro cues, and a whole lot of style.<\/p>\n<p>&nbsp;<\/p>\n<div class=\"feature-row__item feature-row__text feature-row__text--right text- right\">\n<div><\/div>\n<div class=\"rte featured-row__subtext\">\n<p>&nbsp;<\/p>\n<p class=\"h3\">Retrospec ZED Pintail nods to mid-century surfer ambitions with a classic surfboard-inspired look and feel. Its shape prevents the wheels from rubbing the deck (\u201cwheelbite\u201d), so you can slice corners with precision, balance, and speed. Zed Pintail\u2019s durable wheels will soak up road bumps, while reactive, smooth gliding reverse kingpin trucks with precision bearings offer full movement and control over your board. The board is made of bamboo.Longboard is perfect for beginners for cruising rather than doing tricks. Recommended weight limit is 85 kg.<\/p>\n<div class=\"rte featured-row__subtext\"><\/div>\n<div>\n<p class=\"h3\"><span style=\"font-family: -apple-system, BlinkMacSystemFont, 'Segoe UI', Roboto, Oxygen-Sans, Ubuntu, Cantarell, 'Helvetica Neue', sans-serif;\">Dimensions: <\/span><span class=\"spec-info\" style=\"font-family: -apple-system, BlinkMacSystemFont, 'Segoe UI', Roboto, Oxygen-Sans, Ubuntu, Cantarell, 'Helvetica Neue', sans-serif;\">41&#8243; x 9.5&#8243;\/104cm x 24cm<\/span><\/p>\n<p class=\"h3\"><span style=\"font-family: -apple-system, BlinkMacSystemFont, 'Segoe UI', Roboto, Oxygen-Sans, Ubuntu, Cantarell, 'Helvetica Neue', sans-serif;\">Trucks: Inverted kingpin, 180mm<\/span><\/p>\n<\/div>\n<\/div>\n<\/div>\n<p><span class=\"spec-info\">Bearings: ABEC 7<\/span><\/p>\n<p><span class=\"spec-info\">Wheels: 70x51mm 85a PU\u00a0<\/span><\/p>","protected":false},"excerpt":{"rendered":"<div class=\"feature-row__item feature-row__text feature-row__text--right text- right\">\n<div class=\"rte featured-row__subtext\">\n<div>\n<p class=\"h3\"><span style=\"font-family: -apple-system, BlinkMacSystemFont, 'Segoe UI', Roboto, Oxygen-Sans, Ubuntu, Cantarell, 'Helvetica Neue', sans-serif;\">Dimensions: <\/span><span class=\"spec-info\" style=\"font-family: -apple-system, BlinkMacSystemFont, 'Segoe UI', Roboto, Oxygen-Sans, Ubuntu, Cantarell, 'Helvetica Neue', sans-serif;\">41&#8243; x 9.5&#8243;\/104cm x 24cm<\/span><\/p>\n<p class=\"h3\"><span style=\"font-family: -apple-system, BlinkMacSystemFont, 'Segoe UI', Roboto, Oxygen-Sans, Ubuntu, Cantarell, 'Helvetica Neue', sans-serif;\">Trucks: Inverted kingpin, 180mm<\/span><\/p>\n<\/div>\n<\/div>\n<\/div>\n<p><span class=\"spec-info\">Bearings: ABEC 7<\/span><\/p>\n<p><span class=\"spec-info\">Wheels: 70x51mm 85a PU\u00a0<\/span><span class=\"more-link\"><a href=\"https:\/\/longboard.ee\/en\/longboardid\/longboardid\/retrospec\/retrospec-zed-pintail-black-pipeline-longboard-41\/\">Continue Reading<\/a><\/span><\/p>","protected":false},"featured_media":14469,"template":"","meta":[],"product_brand":[],"product_cat":[154],"product_tag":[163,169,170],"class_list":{"0":"entry","1":"author-johanna","2":"has-excerpt","3":"post-14467","4":"product","5":"type-product","6":"status-publish","7":"has-post-thumbnail","8":"product_cat-retrospec","9":"product_tag-kruiiser","10":"product_tag-pintail","11":"product_tag-top-mount","13":"first","14":"outofstock","15":"taxable","16":"shipping-taxable","17":"purchasable","18":"product-type-simple"},"yoast_head":"<!-- This site is optimized with the Yoast SEO plugin v27.5 - https:\/\/yoast.com\/product\/yoast-seo-wordpress\/ -->\n<title>Retrospec ZED Pintail Black Pipeline longboard 41 - longboard.ee<\/title>\n<meta name=\"description\" content=\"Retrospec ZED Pintail Black Pipeline longboardil on klassikalise surfilaua v\u00e4limus ja olemus. Longboardi kuju ei lase ratastel laua vastu h\u00f5\u00f5rduda (wheelbite), mist\u00f5ttu saad kurve l\u00e4bida t\u00e4pselt ja kiiresti tasakaalu kaotamata. Pehmed rattad annavad teekonarused andeks. Laud on valmistatud bambusest.\" \/>\n<meta name=\"robots\" content=\"index, follow, max-snippet:-1, max-image-preview:large, max-video-preview:-1\" \/>\n<link rel=\"canonical\" href=\"https:\/\/longboard.ee\/en\/longboardid\/longboardid\/retrospec\/retrospec-zed-pintail-black-pipeline-longboard-41\/\" \/>\n<meta name=\"twitter:label1\" content=\"Estimated reading time\" \/>\n\t<meta name=\"twitter:data1\" content=\"1 minute\" \/>\n<script type=\"application\/ld+json\" class=\"yoast-schema-graph\">{\"@context\":\"https:\\\/\\\/schema.org\",\"@graph\":[{\"@type\":\"WebPage\",\"@id\":\"https:\\\/\\\/longboard.ee\\\/longboardid\\\/longboardid\\\/retrospec\\\/retrospec-zed-pintail-black-pipeline-longboard-41\\\/\",\"url\":\"https:\\\/\\\/longboard.ee\\\/longboardid\\\/longboardid\\\/retrospec\\\/retrospec-zed-pintail-black-pipeline-longboard-41\\\/\",\"name\":\"Retrospec ZED Pintail Black Pipeline longboard 41 - longboard.ee\",\"isPartOf\":{\"@id\":\"https:\\\/\\\/longboard.ee\\\/et\\\/#website\"},\"primaryImageOfPage\":{\"@id\":\"https:\\\/\\\/longboard.ee\\\/longboardid\\\/longboardid\\\/retrospec\\\/retrospec-zed-pintail-black-pipeline-longboard-41\\\/#primaryimage\"},\"image\":{\"@id\":\"https:\\\/\\\/longboard.ee\\\/longboardid\\\/longboardid\\\/retrospec\\\/retrospec-zed-pintail-black-pipeline-longboard-41\\\/#primaryimage\"},\"thumbnailUrl\":\"https:\\\/\\\/longboard.ee\\\/wp-content\\\/uploads\\\/2021\\\/03\\\/4020_1_1800x1800.jpeg\",\"datePublished\":\"2021-03-18T19:34:04+00:00\",\"dateModified\":\"2025-04-19T14:28:13+00:00\",\"description\":\"Retrospec ZED Pintail Black Pipeline longboardil on klassikalise surfilaua v\u00e4limus ja olemus. Longboardi kuju ei lase ratastel laua vastu h\u00f5\u00f5rduda (wheelbite), mist\u00f5ttu saad kurve l\u00e4bida t\u00e4pselt ja kiiresti tasakaalu kaotamata. Pehmed rattad annavad teekonarused andeks. Laud on valmistatud bambusest.\",\"breadcrumb\":{\"@id\":\"https:\\\/\\\/longboard.ee\\\/longboardid\\\/longboardid\\\/retrospec\\\/retrospec-zed-pintail-black-pipeline-longboard-41\\\/#breadcrumb\"},\"inLanguage\":\"en-GB\",\"potentialAction\":[{\"@type\":\"ReadAction\",\"target\":[\"https:\\\/\\\/longboard.ee\\\/longboardid\\\/longboardid\\\/retrospec\\\/retrospec-zed-pintail-black-pipeline-longboard-41\\\/\"]}]},{\"@type\":\"ImageObject\",\"inLanguage\":\"en-GB\",\"@id\":\"https:\\\/\\\/longboard.ee\\\/longboardid\\\/longboardid\\\/retrospec\\\/retrospec-zed-pintail-black-pipeline-longboard-41\\\/#primaryimage\",\"url\":\"https:\\\/\\\/longboard.ee\\\/wp-content\\\/uploads\\\/2021\\\/03\\\/4020_1_1800x1800.jpeg\",\"contentUrl\":\"https:\\\/\\\/longboard.ee\\\/wp-content\\\/uploads\\\/2021\\\/03\\\/4020_1_1800x1800.jpeg\",\"width\":1800,\"height\":1800},{\"@type\":\"BreadcrumbList\",\"@id\":\"https:\\\/\\\/longboard.ee\\\/longboardid\\\/longboardid\\\/retrospec\\\/retrospec-zed-pintail-black-pipeline-longboard-41\\\/#breadcrumb\",\"itemListElement\":[{\"@type\":\"ListItem\",\"position\":1,\"name\":\"Home\",\"item\":\"https:\\\/\\\/longboard.ee\\\/\"},{\"@type\":\"ListItem\",\"position\":2,\"name\":\"Longboardid, rulad, t\u00f5ukerattad, rulluisud\",\"item\":\"https:\\\/\\\/longboard.ee\\\/longboardid-rulad-toukerattad\\\/\"},{\"@type\":\"ListItem\",\"position\":3,\"name\":\"Longboardid\",\"item\":\"https:\\\/\\\/longboard.ee\\\/longboard\\\/longboardid\\\/\"},{\"@type\":\"ListItem\",\"position\":4,\"name\":\"Retrospec longboardid\",\"item\":\"https:\\\/\\\/longboard.ee\\\/longboard\\\/longboardid\\\/retrospec\\\/\"},{\"@type\":\"ListItem\",\"position\":5,\"name\":\"Retrospec ZED Pintail Black Pipeline longboard 41&#8243;\"}]},{\"@type\":\"WebSite\",\"@id\":\"https:\\\/\\\/longboard.ee\\\/et\\\/#website\",\"url\":\"https:\\\/\\\/longboard.ee\\\/et\\\/\",\"name\":\"Longboard.ee\",\"description\":\"Longboardide e-pood\",\"publisher\":{\"@id\":\"https:\\\/\\\/longboard.ee\\\/et\\\/#organization\"},\"potentialAction\":[{\"@type\":\"SearchAction\",\"target\":{\"@type\":\"EntryPoint\",\"urlTemplate\":\"https:\\\/\\\/longboard.ee\\\/et\\\/?s={search_term_string}\"},\"query-input\":{\"@type\":\"PropertyValueSpecification\",\"valueRequired\":true,\"valueName\":\"search_term_string\"}}],\"inLanguage\":\"en-GB\"},{\"@type\":\"Organization\",\"@id\":\"https:\\\/\\\/longboard.ee\\\/et\\\/#organization\",\"name\":\"Longboard.ee\",\"url\":\"https:\\\/\\\/longboard.ee\\\/et\\\/\",\"logo\":{\"@type\":\"ImageObject\",\"inLanguage\":\"en-GB\",\"@id\":\"https:\\\/\\\/longboard.ee\\\/et\\\/#\\\/schema\\\/logo\\\/image\\\/\",\"url\":\"https:\\\/\\\/longboard.ee\\\/wp-content\\\/uploads\\\/2021\\\/10\\\/logo55.jpg\",\"contentUrl\":\"https:\\\/\\\/longboard.ee\\\/wp-content\\\/uploads\\\/2021\\\/10\\\/logo55.jpg\",\"width\":180,\"height\":180,\"caption\":\"Longboard.ee\"},\"image\":{\"@id\":\"https:\\\/\\\/longboard.ee\\\/et\\\/#\\\/schema\\\/logo\\\/image\\\/\"},\"sameAs\":[\"https:\\\/\\\/www.facebook.com\\\/Longboardee-131787663895166\\\/\"]}]}<\/script>\n<!-- \/ Yoast SEO plugin. -->","yoast_head_json":{"title":"Retrospec ZED Pintail Black Pipeline longboard 41 - longboard.ee","description":"Retrospec ZED Pintail Black Pipeline longboardil on klassikalise surfilaua v\u00e4limus ja olemus. Longboardi kuju ei lase ratastel laua vastu h\u00f5\u00f5rduda (wheelbite), mist\u00f5ttu saad kurve l\u00e4bida t\u00e4pselt ja kiiresti tasakaalu kaotamata. Pehmed rattad annavad teekonarused andeks. Laud on valmistatud bambusest.","robots":{"index":"index","follow":"follow","max-snippet":"max-snippet:-1","max-image-preview":"max-image-preview:large","max-video-preview":"max-video-preview:-1"},"canonical":"https:\/\/longboard.ee\/en\/longboardid\/longboardid\/retrospec\/retrospec-zed-pintail-black-pipeline-longboard-41\/","twitter_misc":{"Estimated reading time":"1 minute"},"schema":{"@context":"https:\/\/schema.org","@graph":[{"@type":"WebPage","@id":"https:\/\/longboard.ee\/longboardid\/longboardid\/retrospec\/retrospec-zed-pintail-black-pipeline-longboard-41\/","url":"https:\/\/longboard.ee\/longboardid\/longboardid\/retrospec\/retrospec-zed-pintail-black-pipeline-longboard-41\/","name":"Retrospec ZED Pintail Black Pipeline longboard 41 - longboard.ee","isPartOf":{"@id":"https:\/\/longboard.ee\/et\/#website"},"primaryImageOfPage":{"@id":"https:\/\/longboard.ee\/longboardid\/longboardid\/retrospec\/retrospec-zed-pintail-black-pipeline-longboard-41\/#primaryimage"},"image":{"@id":"https:\/\/longboard.ee\/longboardid\/longboardid\/retrospec\/retrospec-zed-pintail-black-pipeline-longboard-41\/#primaryimage"},"thumbnailUrl":"https:\/\/longboard.ee\/wp-content\/uploads\/2021\/03\/4020_1_1800x1800.jpeg","datePublished":"2021-03-18T19:34:04+00:00","dateModified":"2025-04-19T14:28:13+00:00","description":"Retrospec ZED Pintail Black Pipeline longboardil on klassikalise surfilaua v\u00e4limus ja olemus. Longboardi kuju ei lase ratastel laua vastu h\u00f5\u00f5rduda (wheelbite), mist\u00f5ttu saad kurve l\u00e4bida t\u00e4pselt ja kiiresti tasakaalu kaotamata. Pehmed rattad annavad teekonarused andeks. Laud on valmistatud bambusest.","breadcrumb":{"@id":"https:\/\/longboard.ee\/longboardid\/longboardid\/retrospec\/retrospec-zed-pintail-black-pipeline-longboard-41\/#breadcrumb"},"inLanguage":"en-GB","potentialAction":[{"@type":"ReadAction","target":["https:\/\/longboard.ee\/longboardid\/longboardid\/retrospec\/retrospec-zed-pintail-black-pipeline-longboard-41\/"]}]},{"@type":"ImageObject","inLanguage":"en-GB","@id":"https:\/\/longboard.ee\/longboardid\/longboardid\/retrospec\/retrospec-zed-pintail-black-pipeline-longboard-41\/#primaryimage","url":"https:\/\/longboard.ee\/wp-content\/uploads\/2021\/03\/4020_1_1800x1800.jpeg","contentUrl":"https:\/\/longboard.ee\/wp-content\/uploads\/2021\/03\/4020_1_1800x1800.jpeg","width":1800,"height":1800},{"@type":"BreadcrumbList","@id":"https:\/\/longboard.ee\/longboardid\/longboardid\/retrospec\/retrospec-zed-pintail-black-pipeline-longboard-41\/#breadcrumb","itemListElement":[{"@type":"ListItem","position":1,"name":"Home","item":"https:\/\/longboard.ee\/"},{"@type":"ListItem","position":2,"name":"Longboardid, rulad, t\u00f5ukerattad, rulluisud","item":"https:\/\/longboard.ee\/longboardid-rulad-toukerattad\/"},{"@type":"ListItem","position":3,"name":"Longboardid","item":"https:\/\/longboard.ee\/longboard\/longboardid\/"},{"@type":"ListItem","position":4,"name":"Retrospec longboardid","item":"https:\/\/longboard.ee\/longboard\/longboardid\/retrospec\/"},{"@type":"ListItem","position":5,"name":"Retrospec ZED Pintail Black Pipeline longboard 41&#8243;"}]},{"@type":"WebSite","@id":"https:\/\/longboard.ee\/et\/#website","url":"https:\/\/longboard.ee\/et\/","name":"Longboard.ee","description":"The Longboard Store","publisher":{"@id":"https:\/\/longboard.ee\/et\/#organization"},"potentialAction":[{"@type":"SearchAction","target":{"@type":"EntryPoint","urlTemplate":"https:\/\/longboard.ee\/et\/?s={search_term_string}"},"query-input":{"@type":"PropertyValueSpecification","valueRequired":true,"valueName":"search_term_string"}}],"inLanguage":"en-GB"},{"@type":"Organization","@id":"https:\/\/longboard.ee\/et\/#organization","name":"Longboard.ee","url":"https:\/\/longboard.ee\/et\/","logo":{"@type":"ImageObject","inLanguage":"en-GB","@id":"https:\/\/longboard.ee\/et\/#\/schema\/logo\/image\/","url":"https:\/\/longboard.ee\/wp-content\/uploads\/2021\/10\/logo55.jpg","contentUrl":"https:\/\/longboard.ee\/wp-content\/uploads\/2021\/10\/logo55.jpg","width":180,"height":180,"caption":"Longboard.ee"},"image":{"@id":"https:\/\/longboard.ee\/et\/#\/schema\/logo\/image\/"},"sameAs":["https:\/\/www.facebook.com\/Longboardee-131787663895166\/"]}]}},"_links":{"self":[{"href":"https:\/\/longboard.ee\/en\/wp-json\/wp\/v2\/product\/14467","targetHints":{"allow":["GET"]}}],"collection":[{"href":"https:\/\/longboard.ee\/en\/wp-json\/wp\/v2\/product"}],"about":[{"href":"https:\/\/longboard.ee\/en\/wp-json\/wp\/v2\/types\/product"}],"wp:featuredmedia":[{"embeddable":true,"href":"https:\/\/longboard.ee\/en\/wp-json\/wp\/v2\/media\/14469"}],"wp:attachment":[{"href":"https:\/\/longboard.ee\/en\/wp-json\/wp\/v2\/media?parent=14467"}],"wp:term":[{"taxonomy":"product_brand","embeddable":true,"href":"https:\/\/longboard.ee\/en\/wp-json\/wp\/v2\/product_brand?post=14467"},{"taxonomy":"product_cat","embeddable":true,"href":"https:\/\/longboard.ee\/en\/wp-json\/wp\/v2\/product_cat?post=14467"},{"taxonomy":"product_tag","embeddable":true,"href":"https:\/\/longboard.ee\/en\/wp-json\/wp\/v2\/product_tag?post=14467"}],"curies":[{"name":"wp","href":"https:\/\/api.w.org\/{rel}","templated":true}]}}