{"id":14884,"date":"2021-05-13T09:50:41","date_gmt":"2021-05-13T09:50:41","guid":{"rendered":"https:\/\/longboard.ee\/?post_type=product&#038;p=14884"},"modified":"2021-09-05T09:30:19","modified_gmt":"2021-09-05T09:30:19","slug":"sfr-vision-ii-ilu-rulluisud-2","status":"publish","type":"product","link":"https:\/\/longboard.ee\/en\/longboardid\/quad-rulluisud\/sfr-vision-ii-ilu-rulluisud-2\/","title":{"rendered":"SFR Vision II \u2013 Quad skates"},"content":{"rendered":"<p><img loading=\"lazy\" decoding=\"async\" class=\"wp-image-14892 alignleft\" src=\"https:\/\/longboard.ee\/wp-content\/uploads\/2021\/05\/1492619642_1.png\" alt=\"\" width=\"210\" height=\"97\" srcset=\"https:\/\/longboard.ee\/wp-content\/uploads\/2021\/05\/1492619642_1.png 320w, https:\/\/longboard.ee\/wp-content\/uploads\/2021\/05\/1492619642_1-16x7.png 16w\" sizes=\"auto, (max-width: 210px) 100vw, 210px\" \/>The SFR Vision II Quad Skates are stylish and comfortable. The higher cut upper provides great ankle support without restricting ankle movement and the Velcro power strap keep your foot locked in place. With subtle yet stylish graphics and colour colourful wheels and stoppers, the SFR Vision II skates will definitely make you stand out from the crowd!<\/p>\n<p>&nbsp;<\/p>\n<p>&nbsp;<\/p>\n<p>&nbsp;<\/p>\n<p>General Specifications - Semi-soft vinyl quad skate, hi top upper for ankle support.<\/p>\n<p>Trucks \u2013 PP Trucks<\/p>\n<p>Wheels - 53 x 30mm 82A PU injected wheels<\/p>\n<p>Bearings - Skate Rated Bearings<\/p>\n<p>Available sizes \u2013 EU: 37;\u00a0 38<\/p>\n<p>&nbsp;<\/p>","protected":false},"excerpt":{"rendered":"<p>SFR Vision II ilu-rulluisid on stiilsed ja mugavad. Uiskude k\u00f5rgem s\u00e4\u00e4reosa toetab pahkluid ilma liikumist takistamata! &nbsp; &nbsp; &nbsp; \u00dclaosa &#8211; tugevdusega iluuisu stiilis PVC tehisnahk Truckid &#8211; PP Trucks Rattad &#8211; 53 x 30mm 82A PU Laagrid &#8211; Skate Rated Bearings Saadaval olevad m\u00f5\u00f5dud &#8211; EU: 37;\u00a0 38 &nbsp;<span class=\"more-link\"><a href=\"https:\/\/longboard.ee\/en\/longboardid\/quad-rulluisud\/sfr-vision-ii-ilu-rulluisud-2\/\">Continue Reading<\/a><\/span><\/p>","protected":false},"featured_media":14937,"template":"","meta":[],"product_brand":[],"product_cat":[117],"product_tag":[],"class_list":{"0":"entry","1":"author-johanna","2":"post-14884","3":"product","4":"type-product","5":"status-publish","6":"has-post-thumbnail","7":"product_cat-quad-rulluisud","8":"pa_suurus-eu-37","9":"pa_suurus-eu-38","10":"pa_varvus-tropical","11":"pa_varvus-sinine","13":"first","14":"instock","15":"taxable","16":"shipping-taxable","17":"purchasable","18":"product-type-variable"},"yoast_head":"<!-- This site is optimized with the Yoast SEO plugin v27.4 - https:\/\/yoast.com\/product\/yoast-seo-wordpress\/ -->\n<title>SFR Vision II - Quad ilu-rulluisud - Longboard.ee<\/title>\n<meta name=\"description\" content=\"SFR Vision II Quad ilu-rulluisid on stiilsed ja mugavad. Uiskude k\u00f5rgem s\u00e4\u00e4reosa toetab pahkluid ilma liikumist takistamata!\" \/>\n<meta name=\"robots\" content=\"index, follow, max-snippet:-1, max-image-preview:large, max-video-preview:-1\" \/>\n<link rel=\"canonical\" href=\"https:\/\/longboard.ee\/en\/longboardid\/quad-rulluisud\/sfr-vision-ii-ilu-rulluisud-2\/\" \/>\n<meta name=\"twitter:label1\" content=\"Estimated reading time\" \/>\n\t<meta name=\"twitter:data1\" content=\"1 minute\" \/>\n<script type=\"application\/ld+json\" class=\"yoast-schema-graph\">{\"@context\":\"https:\\\/\\\/schema.org\",\"@graph\":[{\"@type\":\"WebPage\",\"@id\":\"https:\\\/\\\/longboard.ee\\\/et\\\/longboardid\\\/quad-rulluisud\\\/sfr-vision-ii-ilu-rulluisud-2\\\/\",\"url\":\"https:\\\/\\\/longboard.ee\\\/et\\\/longboardid\\\/quad-rulluisud\\\/sfr-vision-ii-ilu-rulluisud-2\\\/\",\"name\":\"SFR Vision II - Quad ilu-rulluisud - Longboard.ee\",\"isPartOf\":{\"@id\":\"https:\\\/\\\/longboard.ee\\\/et\\\/#website\"},\"primaryImageOfPage\":{\"@id\":\"https:\\\/\\\/longboard.ee\\\/et\\\/longboardid\\\/quad-rulluisud\\\/sfr-vision-ii-ilu-rulluisud-2\\\/#primaryimage\"},\"image\":{\"@id\":\"https:\\\/\\\/longboard.ee\\\/et\\\/longboardid\\\/quad-rulluisud\\\/sfr-vision-ii-ilu-rulluisud-2\\\/#primaryimage\"},\"thumbnailUrl\":\"https:\\\/\\\/longboard.ee\\\/wp-content\\\/uploads\\\/2021\\\/05\\\/RS239ProductOverview.jpg\",\"datePublished\":\"2021-05-13T09:50:41+00:00\",\"dateModified\":\"2021-09-05T09:30:19+00:00\",\"description\":\"SFR Vision II Quad ilu-rulluisid on stiilsed ja mugavad. Uiskude k\u00f5rgem s\u00e4\u00e4reosa toetab pahkluid ilma liikumist takistamata!\",\"breadcrumb\":{\"@id\":\"https:\\\/\\\/longboard.ee\\\/et\\\/longboardid\\\/quad-rulluisud\\\/sfr-vision-ii-ilu-rulluisud-2\\\/#breadcrumb\"},\"inLanguage\":\"en-GB\",\"potentialAction\":[{\"@type\":\"ReadAction\",\"target\":[\"https:\\\/\\\/longboard.ee\\\/et\\\/longboardid\\\/quad-rulluisud\\\/sfr-vision-ii-ilu-rulluisud-2\\\/\"]}]},{\"@type\":\"ImageObject\",\"inLanguage\":\"en-GB\",\"@id\":\"https:\\\/\\\/longboard.ee\\\/et\\\/longboardid\\\/quad-rulluisud\\\/sfr-vision-ii-ilu-rulluisud-2\\\/#primaryimage\",\"url\":\"https:\\\/\\\/longboard.ee\\\/wp-content\\\/uploads\\\/2021\\\/05\\\/RS239ProductOverview.jpg\",\"contentUrl\":\"https:\\\/\\\/longboard.ee\\\/wp-content\\\/uploads\\\/2021\\\/05\\\/RS239ProductOverview.jpg\",\"width\":524,\"height\":620},{\"@type\":\"BreadcrumbList\",\"@id\":\"https:\\\/\\\/longboard.ee\\\/et\\\/longboardid\\\/quad-rulluisud\\\/sfr-vision-ii-ilu-rulluisud-2\\\/#breadcrumb\",\"itemListElement\":[{\"@type\":\"ListItem\",\"position\":1,\"name\":\"Home\",\"item\":\"https:\\\/\\\/longboard.ee\\\/\"},{\"@type\":\"ListItem\",\"position\":2,\"name\":\"Longboardid, rulad, t\u00f5ukerattad, rulluisud\",\"item\":\"https:\\\/\\\/longboard.ee\\\/longboardid-rulad-toukerattad\\\/\"},{\"@type\":\"ListItem\",\"position\":3,\"name\":\"Quad Rulluisud\",\"item\":\"https:\\\/\\\/longboard.ee\\\/en\\\/longboard\\\/quad-skates\\\/\"},{\"@type\":\"ListItem\",\"position\":4,\"name\":\"SFR Vision II &#8211; Quad ilu-rulluisud\"}]},{\"@type\":\"WebSite\",\"@id\":\"https:\\\/\\\/longboard.ee\\\/et\\\/#website\",\"url\":\"https:\\\/\\\/longboard.ee\\\/et\\\/\",\"name\":\"Longboard.ee\",\"description\":\"Longboardide e-pood\",\"publisher\":{\"@id\":\"https:\\\/\\\/longboard.ee\\\/et\\\/#organization\"},\"potentialAction\":[{\"@type\":\"SearchAction\",\"target\":{\"@type\":\"EntryPoint\",\"urlTemplate\":\"https:\\\/\\\/longboard.ee\\\/et\\\/?s={search_term_string}\"},\"query-input\":{\"@type\":\"PropertyValueSpecification\",\"valueRequired\":true,\"valueName\":\"search_term_string\"}}],\"inLanguage\":\"en-GB\"},{\"@type\":\"Organization\",\"@id\":\"https:\\\/\\\/longboard.ee\\\/et\\\/#organization\",\"name\":\"Longboard.ee\",\"url\":\"https:\\\/\\\/longboard.ee\\\/et\\\/\",\"logo\":{\"@type\":\"ImageObject\",\"inLanguage\":\"en-GB\",\"@id\":\"https:\\\/\\\/longboard.ee\\\/et\\\/#\\\/schema\\\/logo\\\/image\\\/\",\"url\":\"https:\\\/\\\/longboard.ee\\\/wp-content\\\/uploads\\\/2021\\\/10\\\/logo55.jpg\",\"contentUrl\":\"https:\\\/\\\/longboard.ee\\\/wp-content\\\/uploads\\\/2021\\\/10\\\/logo55.jpg\",\"width\":180,\"height\":180,\"caption\":\"Longboard.ee\"},\"image\":{\"@id\":\"https:\\\/\\\/longboard.ee\\\/et\\\/#\\\/schema\\\/logo\\\/image\\\/\"},\"sameAs\":[\"https:\\\/\\\/www.facebook.com\\\/Longboardee-131787663895166\\\/\"]}]}<\/script>\n<!-- \/ Yoast SEO plugin. -->","yoast_head_json":{"title":"SFR Vision II - Quad ilu-rulluisud - Longboard.ee","description":"SFR Vision II Quad ilu-rulluisid on stiilsed ja mugavad. Uiskude k\u00f5rgem s\u00e4\u00e4reosa toetab pahkluid ilma liikumist takistamata!","robots":{"index":"index","follow":"follow","max-snippet":"max-snippet:-1","max-image-preview":"max-image-preview:large","max-video-preview":"max-video-preview:-1"},"canonical":"https:\/\/longboard.ee\/en\/longboardid\/quad-rulluisud\/sfr-vision-ii-ilu-rulluisud-2\/","twitter_misc":{"Estimated reading time":"1 minute"},"schema":{"@context":"https:\/\/schema.org","@graph":[{"@type":"WebPage","@id":"https:\/\/longboard.ee\/et\/longboardid\/quad-rulluisud\/sfr-vision-ii-ilu-rulluisud-2\/","url":"https:\/\/longboard.ee\/et\/longboardid\/quad-rulluisud\/sfr-vision-ii-ilu-rulluisud-2\/","name":"SFR Vision II - Quad ilu-rulluisud - Longboard.ee","isPartOf":{"@id":"https:\/\/longboard.ee\/et\/#website"},"primaryImageOfPage":{"@id":"https:\/\/longboard.ee\/et\/longboardid\/quad-rulluisud\/sfr-vision-ii-ilu-rulluisud-2\/#primaryimage"},"image":{"@id":"https:\/\/longboard.ee\/et\/longboardid\/quad-rulluisud\/sfr-vision-ii-ilu-rulluisud-2\/#primaryimage"},"thumbnailUrl":"https:\/\/longboard.ee\/wp-content\/uploads\/2021\/05\/RS239ProductOverview.jpg","datePublished":"2021-05-13T09:50:41+00:00","dateModified":"2021-09-05T09:30:19+00:00","description":"SFR Vision II Quad ilu-rulluisid on stiilsed ja mugavad. Uiskude k\u00f5rgem s\u00e4\u00e4reosa toetab pahkluid ilma liikumist takistamata!","breadcrumb":{"@id":"https:\/\/longboard.ee\/et\/longboardid\/quad-rulluisud\/sfr-vision-ii-ilu-rulluisud-2\/#breadcrumb"},"inLanguage":"en-GB","potentialAction":[{"@type":"ReadAction","target":["https:\/\/longboard.ee\/et\/longboardid\/quad-rulluisud\/sfr-vision-ii-ilu-rulluisud-2\/"]}]},{"@type":"ImageObject","inLanguage":"en-GB","@id":"https:\/\/longboard.ee\/et\/longboardid\/quad-rulluisud\/sfr-vision-ii-ilu-rulluisud-2\/#primaryimage","url":"https:\/\/longboard.ee\/wp-content\/uploads\/2021\/05\/RS239ProductOverview.jpg","contentUrl":"https:\/\/longboard.ee\/wp-content\/uploads\/2021\/05\/RS239ProductOverview.jpg","width":524,"height":620},{"@type":"BreadcrumbList","@id":"https:\/\/longboard.ee\/et\/longboardid\/quad-rulluisud\/sfr-vision-ii-ilu-rulluisud-2\/#breadcrumb","itemListElement":[{"@type":"ListItem","position":1,"name":"Home","item":"https:\/\/longboard.ee\/"},{"@type":"ListItem","position":2,"name":"Longboardid, rulad, t\u00f5ukerattad, rulluisud","item":"https:\/\/longboard.ee\/longboardid-rulad-toukerattad\/"},{"@type":"ListItem","position":3,"name":"Quad Rulluisud","item":"https:\/\/longboard.ee\/en\/longboard\/quad-skates\/"},{"@type":"ListItem","position":4,"name":"SFR Vision II &#8211; Quad ilu-rulluisud"}]},{"@type":"WebSite","@id":"https:\/\/longboard.ee\/et\/#website","url":"https:\/\/longboard.ee\/et\/","name":"Longboard.ee","description":"The Longboard Store","publisher":{"@id":"https:\/\/longboard.ee\/et\/#organization"},"potentialAction":[{"@type":"SearchAction","target":{"@type":"EntryPoint","urlTemplate":"https:\/\/longboard.ee\/et\/?s={search_term_string}"},"query-input":{"@type":"PropertyValueSpecification","valueRequired":true,"valueName":"search_term_string"}}],"inLanguage":"en-GB"},{"@type":"Organization","@id":"https:\/\/longboard.ee\/et\/#organization","name":"Longboard.ee","url":"https:\/\/longboard.ee\/et\/","logo":{"@type":"ImageObject","inLanguage":"en-GB","@id":"https:\/\/longboard.ee\/et\/#\/schema\/logo\/image\/","url":"https:\/\/longboard.ee\/wp-content\/uploads\/2021\/10\/logo55.jpg","contentUrl":"https:\/\/longboard.ee\/wp-content\/uploads\/2021\/10\/logo55.jpg","width":180,"height":180,"caption":"Longboard.ee"},"image":{"@id":"https:\/\/longboard.ee\/et\/#\/schema\/logo\/image\/"},"sameAs":["https:\/\/www.facebook.com\/Longboardee-131787663895166\/"]}]}},"_links":{"self":[{"href":"https:\/\/longboard.ee\/en\/wp-json\/wp\/v2\/product\/14884","targetHints":{"allow":["GET"]}}],"collection":[{"href":"https:\/\/longboard.ee\/en\/wp-json\/wp\/v2\/product"}],"about":[{"href":"https:\/\/longboard.ee\/en\/wp-json\/wp\/v2\/types\/product"}],"wp:featuredmedia":[{"embeddable":true,"href":"https:\/\/longboard.ee\/en\/wp-json\/wp\/v2\/media\/14937"}],"wp:attachment":[{"href":"https:\/\/longboard.ee\/en\/wp-json\/wp\/v2\/media?parent=14884"}],"wp:term":[{"taxonomy":"product_brand","embeddable":true,"href":"https:\/\/longboard.ee\/en\/wp-json\/wp\/v2\/product_brand?post=14884"},{"taxonomy":"product_cat","embeddable":true,"href":"https:\/\/longboard.ee\/en\/wp-json\/wp\/v2\/product_cat?post=14884"},{"taxonomy":"product_tag","embeddable":true,"href":"https:\/\/longboard.ee\/en\/wp-json\/wp\/v2\/product_tag?post=14884"}],"curies":[{"name":"wp","href":"https:\/\/api.w.org\/{rel}","templated":true}]}}