{"id":15884,"date":"2021-10-16T18:52:52","date_gmt":"2021-10-16T15:52:52","guid":{"rendered":"https:\/\/longboard.ee\/?post_type=product&#038;p=15884"},"modified":"2025-08-07T07:07:13","modified_gmt":"2025-08-07T04:07:13","slug":"cloud-ride-lightning-laagrite-komplekt-longboardidele","status":"publish","type":"product","link":"https:\/\/longboard.ee\/en\/longboardid\/tarvikud-ja-varustus\/laagrid\/cloud-ride-lightning-laagrite-komplekt-longboardidele\/","title":{"rendered":"Cloud Ride Lightning bearings for longboards"},"content":{"rendered":"<p>&nbsp;<\/p>\n<p><a href=\"https:\/\/longboard.ee\/wp-content\/uploads\/2021\/10\/rsy3s3675mzyjazapqm7-1.png\"><img loading=\"lazy\" decoding=\"async\" class=\"alignnone size-full wp-image-15886\" src=\"https:\/\/longboard.ee\/wp-content\/uploads\/2021\/10\/rsy3s3675mzyjazapqm7-1.png\" alt=\"\" width=\"170\" height=\"170\" srcset=\"https:\/\/longboard.ee\/wp-content\/uploads\/2021\/10\/rsy3s3675mzyjazapqm7-1.png 170w, https:\/\/longboard.ee\/wp-content\/uploads\/2021\/10\/rsy3s3675mzyjazapqm7-1-12x12.png 12w, https:\/\/longboard.ee\/wp-content\/uploads\/2021\/10\/rsy3s3675mzyjazapqm7-1-100x100.png 100w\" sizes=\"auto, (max-width: 170px) 100vw, 170px\" \/><\/a><\/p>\n<p>&nbsp;<\/p>\n<div class=\"field field-name-field-description field-type-text-with-summary field-label-hidden\">Cloud Ride Lightning Bearings were developed to be extremely high performance bearings for an affordable price. Manufactured with high carbon chrome steel, these bearings are low noise, low vibration and long lasting. The rigid nylon cage enhances performance at speed with the help of our oil-based Cloud Ride Lighting Lubricant.\n \nDouble seals protect the inner ball bearings from dirt and debris but are simple to remove for cleaning and maintenance. Cloud Ride knows speed, and these bearings are lightning fast<\/div>\n<p>There are 8 bearings in a set.<\/p>\n<p>&nbsp;<\/p>\n<p>&nbsp;<\/p>","protected":false},"excerpt":{"rendered":"<p>&nbsp; &nbsp; Cloud Ride Lightning laagrid on v\u00e4ga vastupidavad, terasest, eelnevalt m\u00e4\u00e4ritud \u00f5li-baasil Cloud Ride Lighting Lubricant vahendiga. Komplektis on 8 laagrit. &nbsp; &nbsp;<span class=\"more-link\"><a href=\"https:\/\/longboard.ee\/en\/longboardid\/tarvikud-ja-varustus\/laagrid\/cloud-ride-lightning-laagrite-komplekt-longboardidele\/\">Continue Reading<\/a><\/span><\/p>","protected":false},"featured_media":15887,"template":"","meta":[],"product_brand":[],"product_cat":[71],"product_tag":[],"class_list":{"0":"entry","1":"author-johanna","2":"post-15884","3":"product","4":"type-product","5":"status-publish","6":"has-post-thumbnail","7":"product_cat-laagrid","9":"first","10":"instock","11":"taxable","12":"shipping-taxable","13":"purchasable","14":"product-type-simple"},"yoast_head":"<!-- This site is optimized with the Yoast SEO plugin v27.5 - https:\/\/yoast.com\/product\/yoast-seo-wordpress\/ -->\n<title>Cloud Ride Lightning laagrite komplekt - longboardidele - Longboard.ee<\/title>\n<meta name=\"description\" content=\"Cloud Ride Lightning laagrid on v\u00e4ga vastupidavad, terasest, eelnevalt m\u00e4\u00e4ritud \u00f5li-baasil Cloud Ride Lighting Lubricant vahendiga.\" \/>\n<meta name=\"robots\" content=\"index, follow, max-snippet:-1, max-image-preview:large, max-video-preview:-1\" \/>\n<link rel=\"canonical\" href=\"https:\/\/longboard.ee\/en\/longboardid\/tarvikud-ja-varustus\/laagrid\/cloud-ride-lightning-laagrite-komplekt-longboardidele\/\" \/>\n<meta name=\"twitter:label1\" content=\"Estimated reading time\" \/>\n\t<meta name=\"twitter:data1\" content=\"1 minute\" \/>\n<script type=\"application\/ld+json\" class=\"yoast-schema-graph\">{\"@context\":\"https:\\\/\\\/schema.org\",\"@graph\":[{\"@type\":\"WebPage\",\"@id\":\"https:\\\/\\\/longboard.ee\\\/longboardid\\\/tarvikud-ja-varustus\\\/laagrid\\\/cloud-ride-lightning-laagrite-komplekt-longboardidele\\\/\",\"url\":\"https:\\\/\\\/longboard.ee\\\/longboardid\\\/tarvikud-ja-varustus\\\/laagrid\\\/cloud-ride-lightning-laagrite-komplekt-longboardidele\\\/\",\"name\":\"Cloud Ride Lightning laagrite komplekt - longboardidele - Longboard.ee\",\"isPartOf\":{\"@id\":\"https:\\\/\\\/longboard.ee\\\/et\\\/#website\"},\"primaryImageOfPage\":{\"@id\":\"https:\\\/\\\/longboard.ee\\\/longboardid\\\/tarvikud-ja-varustus\\\/laagrid\\\/cloud-ride-lightning-laagrite-komplekt-longboardidele\\\/#primaryimage\"},\"image\":{\"@id\":\"https:\\\/\\\/longboard.ee\\\/longboardid\\\/tarvikud-ja-varustus\\\/laagrid\\\/cloud-ride-lightning-laagrite-komplekt-longboardidele\\\/#primaryimage\"},\"thumbnailUrl\":\"https:\\\/\\\/longboard.ee\\\/wp-content\\\/uploads\\\/2021\\\/10\\\/cloud-ride-lightning-bearings.jpeg\",\"datePublished\":\"2021-10-16T15:52:52+00:00\",\"dateModified\":\"2025-08-07T04:07:13+00:00\",\"description\":\"Cloud Ride Lightning laagrid on v\u00e4ga vastupidavad, terasest, eelnevalt m\u00e4\u00e4ritud \u00f5li-baasil Cloud Ride Lighting Lubricant vahendiga.\",\"breadcrumb\":{\"@id\":\"https:\\\/\\\/longboard.ee\\\/longboardid\\\/tarvikud-ja-varustus\\\/laagrid\\\/cloud-ride-lightning-laagrite-komplekt-longboardidele\\\/#breadcrumb\"},\"inLanguage\":\"en-GB\",\"potentialAction\":[{\"@type\":\"ReadAction\",\"target\":[\"https:\\\/\\\/longboard.ee\\\/longboardid\\\/tarvikud-ja-varustus\\\/laagrid\\\/cloud-ride-lightning-laagrite-komplekt-longboardidele\\\/\"]}]},{\"@type\":\"ImageObject\",\"inLanguage\":\"en-GB\",\"@id\":\"https:\\\/\\\/longboard.ee\\\/longboardid\\\/tarvikud-ja-varustus\\\/laagrid\\\/cloud-ride-lightning-laagrite-komplekt-longboardidele\\\/#primaryimage\",\"url\":\"https:\\\/\\\/longboard.ee\\\/wp-content\\\/uploads\\\/2021\\\/10\\\/cloud-ride-lightning-bearings.jpeg\",\"contentUrl\":\"https:\\\/\\\/longboard.ee\\\/wp-content\\\/uploads\\\/2021\\\/10\\\/cloud-ride-lightning-bearings.jpeg\",\"width\":800,\"height\":800},{\"@type\":\"BreadcrumbList\",\"@id\":\"https:\\\/\\\/longboard.ee\\\/longboardid\\\/tarvikud-ja-varustus\\\/laagrid\\\/cloud-ride-lightning-laagrite-komplekt-longboardidele\\\/#breadcrumb\",\"itemListElement\":[{\"@type\":\"ListItem\",\"position\":1,\"name\":\"Home\",\"item\":\"https:\\\/\\\/longboard.ee\\\/\"},{\"@type\":\"ListItem\",\"position\":2,\"name\":\"Longboardid, rulad, t\u00f5ukerattad, rulluisud\",\"item\":\"https:\\\/\\\/longboard.ee\\\/longboardid-rulad-toukerattad\\\/\"},{\"@type\":\"ListItem\",\"position\":3,\"name\":\"Tarvikud ja varustus\",\"item\":\"https:\\\/\\\/longboard.ee\\\/et\\\/longboard\\\/tarvikud-ja-varustus\\\/\"},{\"@type\":\"ListItem\",\"position\":4,\"name\":\"Laagrid\",\"item\":\"https:\\\/\\\/longboard.ee\\\/en\\\/longboard\\\/accessories-2\\\/bearings\\\/\"},{\"@type\":\"ListItem\",\"position\":5,\"name\":\"Cloud Ride Lightning laagrite komplekt &#8211; longboardidele\"}]},{\"@type\":\"WebSite\",\"@id\":\"https:\\\/\\\/longboard.ee\\\/et\\\/#website\",\"url\":\"https:\\\/\\\/longboard.ee\\\/et\\\/\",\"name\":\"Longboard.ee\",\"description\":\"Longboardide e-pood\",\"publisher\":{\"@id\":\"https:\\\/\\\/longboard.ee\\\/et\\\/#organization\"},\"potentialAction\":[{\"@type\":\"SearchAction\",\"target\":{\"@type\":\"EntryPoint\",\"urlTemplate\":\"https:\\\/\\\/longboard.ee\\\/et\\\/?s={search_term_string}\"},\"query-input\":{\"@type\":\"PropertyValueSpecification\",\"valueRequired\":true,\"valueName\":\"search_term_string\"}}],\"inLanguage\":\"en-GB\"},{\"@type\":\"Organization\",\"@id\":\"https:\\\/\\\/longboard.ee\\\/et\\\/#organization\",\"name\":\"Longboard.ee\",\"url\":\"https:\\\/\\\/longboard.ee\\\/et\\\/\",\"logo\":{\"@type\":\"ImageObject\",\"inLanguage\":\"en-GB\",\"@id\":\"https:\\\/\\\/longboard.ee\\\/et\\\/#\\\/schema\\\/logo\\\/image\\\/\",\"url\":\"https:\\\/\\\/longboard.ee\\\/wp-content\\\/uploads\\\/2021\\\/10\\\/logo55.jpg\",\"contentUrl\":\"https:\\\/\\\/longboard.ee\\\/wp-content\\\/uploads\\\/2021\\\/10\\\/logo55.jpg\",\"width\":180,\"height\":180,\"caption\":\"Longboard.ee\"},\"image\":{\"@id\":\"https:\\\/\\\/longboard.ee\\\/et\\\/#\\\/schema\\\/logo\\\/image\\\/\"},\"sameAs\":[\"https:\\\/\\\/www.facebook.com\\\/Longboardee-131787663895166\\\/\"]}]}<\/script>\n<!-- \/ Yoast SEO plugin. -->","yoast_head_json":{"title":"Cloud Ride Lightning laagrite komplekt - longboardidele - Longboard.ee","description":"Cloud Ride Lightning Bearings were developed to be extremely high performance bearings for an affordable price. Manufactured with high carbon chrome steel, these bearings are low noise, low vibration and long lasting. The rigid nylon cage enhances performance at speed with the help of our oil-based Cloud Ride Lighting Lubricant.\n \nDouble seals protect the inner ball bearings from dirt and debris but are simple to remove for cleaning and maintenance. Cloud Ride knows speed, and these bearings are lightning fast","robots":{"index":"index","follow":"follow","max-snippet":"max-snippet:-1","max-image-preview":"max-image-preview:large","max-video-preview":"max-video-preview:-1"},"canonical":"https:\/\/longboard.ee\/en\/longboardid\/tarvikud-ja-varustus\/laagrid\/cloud-ride-lightning-laagrite-komplekt-longboardidele\/","twitter_misc":{"Estimated reading time":"1 minute"},"schema":{"@context":"https:\/\/schema.org","@graph":[{"@type":"WebPage","@id":"https:\/\/longboard.ee\/longboardid\/tarvikud-ja-varustus\/laagrid\/cloud-ride-lightning-laagrite-komplekt-longboardidele\/","url":"https:\/\/longboard.ee\/longboardid\/tarvikud-ja-varustus\/laagrid\/cloud-ride-lightning-laagrite-komplekt-longboardidele\/","name":"Cloud Ride Lightning laagrite komplekt - longboardidele - Longboard.ee","isPartOf":{"@id":"https:\/\/longboard.ee\/et\/#website"},"primaryImageOfPage":{"@id":"https:\/\/longboard.ee\/longboardid\/tarvikud-ja-varustus\/laagrid\/cloud-ride-lightning-laagrite-komplekt-longboardidele\/#primaryimage"},"image":{"@id":"https:\/\/longboard.ee\/longboardid\/tarvikud-ja-varustus\/laagrid\/cloud-ride-lightning-laagrite-komplekt-longboardidele\/#primaryimage"},"thumbnailUrl":"https:\/\/longboard.ee\/wp-content\/uploads\/2021\/10\/cloud-ride-lightning-bearings.jpeg","datePublished":"2021-10-16T15:52:52+00:00","dateModified":"2025-08-07T04:07:13+00:00","description":"Cloud Ride Lightning Bearings were developed to be extremely high performance bearings for an affordable price. Manufactured with high carbon chrome steel, these bearings are low noise, low vibration and long lasting. The rigid nylon cage enhances performance at speed with the help of our oil-based Cloud Ride Lighting Lubricant.\n \nDouble seals protect the inner ball bearings from dirt and debris but are simple to remove for cleaning and maintenance. Cloud Ride knows speed, and these bearings are lightning fast","breadcrumb":{"@id":"https:\/\/longboard.ee\/longboardid\/tarvikud-ja-varustus\/laagrid\/cloud-ride-lightning-laagrite-komplekt-longboardidele\/#breadcrumb"},"inLanguage":"en-GB","potentialAction":[{"@type":"ReadAction","target":["https:\/\/longboard.ee\/longboardid\/tarvikud-ja-varustus\/laagrid\/cloud-ride-lightning-laagrite-komplekt-longboardidele\/"]}]},{"@type":"ImageObject","inLanguage":"en-GB","@id":"https:\/\/longboard.ee\/longboardid\/tarvikud-ja-varustus\/laagrid\/cloud-ride-lightning-laagrite-komplekt-longboardidele\/#primaryimage","url":"https:\/\/longboard.ee\/wp-content\/uploads\/2021\/10\/cloud-ride-lightning-bearings.jpeg","contentUrl":"https:\/\/longboard.ee\/wp-content\/uploads\/2021\/10\/cloud-ride-lightning-bearings.jpeg","width":800,"height":800},{"@type":"BreadcrumbList","@id":"https:\/\/longboard.ee\/longboardid\/tarvikud-ja-varustus\/laagrid\/cloud-ride-lightning-laagrite-komplekt-longboardidele\/#breadcrumb","itemListElement":[{"@type":"ListItem","position":1,"name":"Home","item":"https:\/\/longboard.ee\/"},{"@type":"ListItem","position":2,"name":"Longboardid, rulad, t\u00f5ukerattad, rulluisud","item":"https:\/\/longboard.ee\/longboardid-rulad-toukerattad\/"},{"@type":"ListItem","position":3,"name":"Tarvikud ja varustus","item":"https:\/\/longboard.ee\/et\/longboard\/tarvikud-ja-varustus\/"},{"@type":"ListItem","position":4,"name":"Laagrid","item":"https:\/\/longboard.ee\/en\/longboard\/accessories-2\/bearings\/"},{"@type":"ListItem","position":5,"name":"Cloud Ride Lightning laagrite komplekt &#8211; longboardidele"}]},{"@type":"WebSite","@id":"https:\/\/longboard.ee\/et\/#website","url":"https:\/\/longboard.ee\/et\/","name":"Longboard.ee","description":"The Longboard Store","publisher":{"@id":"https:\/\/longboard.ee\/et\/#organization"},"potentialAction":[{"@type":"SearchAction","target":{"@type":"EntryPoint","urlTemplate":"https:\/\/longboard.ee\/et\/?s={search_term_string}"},"query-input":{"@type":"PropertyValueSpecification","valueRequired":true,"valueName":"search_term_string"}}],"inLanguage":"en-GB"},{"@type":"Organization","@id":"https:\/\/longboard.ee\/et\/#organization","name":"Longboard.ee","url":"https:\/\/longboard.ee\/et\/","logo":{"@type":"ImageObject","inLanguage":"en-GB","@id":"https:\/\/longboard.ee\/et\/#\/schema\/logo\/image\/","url":"https:\/\/longboard.ee\/wp-content\/uploads\/2021\/10\/logo55.jpg","contentUrl":"https:\/\/longboard.ee\/wp-content\/uploads\/2021\/10\/logo55.jpg","width":180,"height":180,"caption":"Longboard.ee"},"image":{"@id":"https:\/\/longboard.ee\/et\/#\/schema\/logo\/image\/"},"sameAs":["https:\/\/www.facebook.com\/Longboardee-131787663895166\/"]}]}},"_links":{"self":[{"href":"https:\/\/longboard.ee\/en\/wp-json\/wp\/v2\/product\/15884","targetHints":{"allow":["GET"]}}],"collection":[{"href":"https:\/\/longboard.ee\/en\/wp-json\/wp\/v2\/product"}],"about":[{"href":"https:\/\/longboard.ee\/en\/wp-json\/wp\/v2\/types\/product"}],"wp:featuredmedia":[{"embeddable":true,"href":"https:\/\/longboard.ee\/en\/wp-json\/wp\/v2\/media\/15887"}],"wp:attachment":[{"href":"https:\/\/longboard.ee\/en\/wp-json\/wp\/v2\/media?parent=15884"}],"wp:term":[{"taxonomy":"product_brand","embeddable":true,"href":"https:\/\/longboard.ee\/en\/wp-json\/wp\/v2\/product_brand?post=15884"},{"taxonomy":"product_cat","embeddable":true,"href":"https:\/\/longboard.ee\/en\/wp-json\/wp\/v2\/product_cat?post=15884"},{"taxonomy":"product_tag","embeddable":true,"href":"https:\/\/longboard.ee\/en\/wp-json\/wp\/v2\/product_tag?post=15884"}],"curies":[{"name":"wp","href":"https:\/\/api.w.org\/{rel}","templated":true}]}}