{"id":16158,"date":"2022-05-03T22:11:51","date_gmt":"2022-05-03T19:11:51","guid":{"rendered":"https:\/\/longboard.ee\/?post_type=product&#038;p=16158"},"modified":"2025-06-01T12:50:28","modified_gmt":"2025-06-01T09:50:28","slug":"ocean-pacific-drop-through-longboard-sunset-39-pink","status":"publish","type":"product","link":"https:\/\/longboard.ee\/en\/longboardid\/longboardid\/ocean-pacific\/ocean-pacific-drop-through-longboard-sunset-39-pink\/","title":{"rendered":"Ocean Pacific Drop Through Longboard Sunset 39&#8243; pink"},"content":{"rendered":"<p><img loading=\"lazy\" decoding=\"async\" class=\"size-full wp-image-13266 alignleft\" src=\"https:\/\/longboard.ee\/wp-content\/uploads\/2020\/05\/download-1.jpeg\" alt=\"\" width=\"225\" height=\"225\" srcset=\"https:\/\/longboard.ee\/wp-content\/uploads\/2020\/05\/download-1.jpeg 225w, https:\/\/longboard.ee\/wp-content\/uploads\/2020\/05\/download-1-12x12.jpeg 12w, https:\/\/longboard.ee\/wp-content\/uploads\/2020\/05\/download-1-100x100.jpeg 100w\" sizes=\"auto, (max-width: 225px) 100vw, 225px\" \/><\/p>\n<p>This board is a great choice for all those looking for a performance-oriented board to develop their longboarding skills. Ideal for cruising around town. This board is ideal for beginners and intermediates. The deck combines features like twin tips and wheel wells.<\/p>\n<p>The deck is made of 8-ply maple.<\/p>\n<p>Soft wheels in 78A for a comfortable ride through the absorption of road vibrations and solid grip for powerful pumping.<\/p>\n<p>&nbsp;<\/p>\n<p>&nbsp;<\/p>\n<p>Length: 39\u2033 (99.1cm)<br \/>\nWidth:\u00a0 9.5\u2033 (24.1cm)<br \/>\nTrucks: Inverted kingpin, Standard hanger, Drop through 180mm<br \/>\nBearings: ABEC 7<br \/>\nWheels: 71mm\/78A<\/p>","protected":false},"excerpt":{"rendered":"<p>Trucks: Inverted kingpin, Standard hanger, Drop through 180mm<br \/>\nBearings: ABEC 7<br \/>\nWheels: 71mm\/78A<span class=\"more-link\"><a href=\"https:\/\/longboard.ee\/en\/longboardid\/longboardid\/ocean-pacific\/ocean-pacific-drop-through-longboard-sunset-39-pink\/\">Continue Reading<\/a><\/span><\/p>","protected":false},"featured_media":16162,"template":"","meta":[],"product_brand":[],"product_cat":[142],"product_tag":[163,172,174,175],"class_list":{"0":"entry","1":"author-johanna","2":"has-excerpt","3":"post-16158","4":"product","5":"type-product","6":"status-publish","7":"has-post-thumbnail","8":"product_cat-ocean-pacific","9":"product_tag-kruiiser","10":"product_tag-drop-through","11":"product_tag-freeride","12":"product_tag-freestyle","14":"first","15":"onbackorder","16":"taxable","17":"shipping-taxable","18":"purchasable","19":"product-type-simple"},"yoast_head":"<!-- This site is optimized with the Yoast SEO plugin v27.5 - https:\/\/yoast.com\/product\/yoast-seo-wordpress\/ -->\n<title>Ocean Pacific Drop Through Longboard Sunset - longboard.ee<\/title>\n<meta name=\"description\" content=\"Ocean Pacific Drop Through Longboard Sunset on 8-kihilisest hiina vahtrast twin tip ehk kahepoolne longboard,\u00a0 m\u00f5eldud nii p\u00e4ris algajatele kui ka kesktasemel s\u00f5itjatele. Kasutusalad: kruiisimine, freestyle, freeride.\" \/>\n<meta name=\"robots\" content=\"index, follow, max-snippet:-1, max-image-preview:large, max-video-preview:-1\" \/>\n<link rel=\"canonical\" href=\"https:\/\/longboard.ee\/en\/longboardid\/longboardid\/ocean-pacific\/ocean-pacific-drop-through-longboard-sunset-39-pink\/\" \/>\n<meta name=\"twitter:label1\" content=\"Estimated reading time\" \/>\n\t<meta name=\"twitter:data1\" content=\"1 minute\" \/>\n<script type=\"application\/ld+json\" class=\"yoast-schema-graph\">{\"@context\":\"https:\\\/\\\/schema.org\",\"@graph\":[{\"@type\":\"WebPage\",\"@id\":\"https:\\\/\\\/longboard.ee\\\/longboardid\\\/longboardid\\\/ocean-pacific\\\/ocean-pacific-drop-through-longboard-sunset-39-pink\\\/\",\"url\":\"https:\\\/\\\/longboard.ee\\\/longboardid\\\/longboardid\\\/ocean-pacific\\\/ocean-pacific-drop-through-longboard-sunset-39-pink\\\/\",\"name\":\"Ocean Pacific Drop Through Longboard Sunset - longboard.ee\",\"isPartOf\":{\"@id\":\"https:\\\/\\\/longboard.ee\\\/et\\\/#website\"},\"primaryImageOfPage\":{\"@id\":\"https:\\\/\\\/longboard.ee\\\/longboardid\\\/longboardid\\\/ocean-pacific\\\/ocean-pacific-drop-through-longboard-sunset-39-pink\\\/#primaryimage\"},\"image\":{\"@id\":\"https:\\\/\\\/longboard.ee\\\/longboardid\\\/longboardid\\\/ocean-pacific\\\/ocean-pacific-drop-through-longboard-sunset-39-pink\\\/#primaryimage\"},\"thumbnailUrl\":\"https:\\\/\\\/longboard.ee\\\/wp-content\\\/uploads\\\/2022\\\/05\\\/ocean-pacific-sunset-complete-longboard-qr.jpg\",\"datePublished\":\"2022-05-03T19:11:51+00:00\",\"dateModified\":\"2025-06-01T09:50:28+00:00\",\"description\":\"Ocean Pacific Drop Through Longboard Sunset on 8-kihilisest hiina vahtrast twin tip ehk kahepoolne longboard,\u00a0 m\u00f5eldud nii p\u00e4ris algajatele kui ka kesktasemel s\u00f5itjatele. Kasutusalad: kruiisimine, freestyle, freeride.\",\"breadcrumb\":{\"@id\":\"https:\\\/\\\/longboard.ee\\\/longboardid\\\/longboardid\\\/ocean-pacific\\\/ocean-pacific-drop-through-longboard-sunset-39-pink\\\/#breadcrumb\"},\"inLanguage\":\"en-GB\",\"potentialAction\":[{\"@type\":\"ReadAction\",\"target\":[\"https:\\\/\\\/longboard.ee\\\/longboardid\\\/longboardid\\\/ocean-pacific\\\/ocean-pacific-drop-through-longboard-sunset-39-pink\\\/\"]}]},{\"@type\":\"ImageObject\",\"inLanguage\":\"en-GB\",\"@id\":\"https:\\\/\\\/longboard.ee\\\/longboardid\\\/longboardid\\\/ocean-pacific\\\/ocean-pacific-drop-through-longboard-sunset-39-pink\\\/#primaryimage\",\"url\":\"https:\\\/\\\/longboard.ee\\\/wp-content\\\/uploads\\\/2022\\\/05\\\/ocean-pacific-sunset-complete-longboard-qr.jpg\",\"contentUrl\":\"https:\\\/\\\/longboard.ee\\\/wp-content\\\/uploads\\\/2022\\\/05\\\/ocean-pacific-sunset-complete-longboard-qr.jpg\",\"width\":1500,\"height\":1500},{\"@type\":\"BreadcrumbList\",\"@id\":\"https:\\\/\\\/longboard.ee\\\/longboardid\\\/longboardid\\\/ocean-pacific\\\/ocean-pacific-drop-through-longboard-sunset-39-pink\\\/#breadcrumb\",\"itemListElement\":[{\"@type\":\"ListItem\",\"position\":1,\"name\":\"Home\",\"item\":\"https:\\\/\\\/longboard.ee\\\/\"},{\"@type\":\"ListItem\",\"position\":2,\"name\":\"Longboardid, rulad, t\u00f5ukerattad, rulluisud\",\"item\":\"https:\\\/\\\/longboard.ee\\\/longboardid-rulad-toukerattad\\\/\"},{\"@type\":\"ListItem\",\"position\":3,\"name\":\"Longboardid\",\"item\":\"https:\\\/\\\/longboard.ee\\\/longboard\\\/longboardid\\\/\"},{\"@type\":\"ListItem\",\"position\":4,\"name\":\"Ocean Pacific longboardid\",\"item\":\"https:\\\/\\\/longboard.ee\\\/longboard\\\/longboardid\\\/ocean-pacific\\\/\"},{\"@type\":\"ListItem\",\"position\":5,\"name\":\"Ocean Pacific Drop Through Longboard Sunset 39&#8243; pink\"}]},{\"@type\":\"WebSite\",\"@id\":\"https:\\\/\\\/longboard.ee\\\/et\\\/#website\",\"url\":\"https:\\\/\\\/longboard.ee\\\/et\\\/\",\"name\":\"Longboard.ee\",\"description\":\"Longboardide e-pood\",\"publisher\":{\"@id\":\"https:\\\/\\\/longboard.ee\\\/et\\\/#organization\"},\"potentialAction\":[{\"@type\":\"SearchAction\",\"target\":{\"@type\":\"EntryPoint\",\"urlTemplate\":\"https:\\\/\\\/longboard.ee\\\/et\\\/?s={search_term_string}\"},\"query-input\":{\"@type\":\"PropertyValueSpecification\",\"valueRequired\":true,\"valueName\":\"search_term_string\"}}],\"inLanguage\":\"en-GB\"},{\"@type\":\"Organization\",\"@id\":\"https:\\\/\\\/longboard.ee\\\/et\\\/#organization\",\"name\":\"Longboard.ee\",\"url\":\"https:\\\/\\\/longboard.ee\\\/et\\\/\",\"logo\":{\"@type\":\"ImageObject\",\"inLanguage\":\"en-GB\",\"@id\":\"https:\\\/\\\/longboard.ee\\\/et\\\/#\\\/schema\\\/logo\\\/image\\\/\",\"url\":\"https:\\\/\\\/longboard.ee\\\/wp-content\\\/uploads\\\/2021\\\/10\\\/logo55.jpg\",\"contentUrl\":\"https:\\\/\\\/longboard.ee\\\/wp-content\\\/uploads\\\/2021\\\/10\\\/logo55.jpg\",\"width\":180,\"height\":180,\"caption\":\"Longboard.ee\"},\"image\":{\"@id\":\"https:\\\/\\\/longboard.ee\\\/et\\\/#\\\/schema\\\/logo\\\/image\\\/\"},\"sameAs\":[\"https:\\\/\\\/www.facebook.com\\\/Longboardee-131787663895166\\\/\"]}]}<\/script>\n<!-- \/ Yoast SEO plugin. -->","yoast_head_json":{"title":"Ocean Pacific Drop Through Longboard Sunset - longboard.ee","description":"Ocean Pacific Drop Through Longboard Sunset on 8-kihilisest hiina vahtrast twin tip ehk kahepoolne longboard,\u00a0 m\u00f5eldud nii p\u00e4ris algajatele kui ka kesktasemel s\u00f5itjatele. Kasutusalad: kruiisimine, freestyle, freeride.","robots":{"index":"index","follow":"follow","max-snippet":"max-snippet:-1","max-image-preview":"max-image-preview:large","max-video-preview":"max-video-preview:-1"},"canonical":"https:\/\/longboard.ee\/en\/longboardid\/longboardid\/ocean-pacific\/ocean-pacific-drop-through-longboard-sunset-39-pink\/","twitter_misc":{"Estimated reading time":"1 minute"},"schema":{"@context":"https:\/\/schema.org","@graph":[{"@type":"WebPage","@id":"https:\/\/longboard.ee\/longboardid\/longboardid\/ocean-pacific\/ocean-pacific-drop-through-longboard-sunset-39-pink\/","url":"https:\/\/longboard.ee\/longboardid\/longboardid\/ocean-pacific\/ocean-pacific-drop-through-longboard-sunset-39-pink\/","name":"Ocean Pacific Drop Through Longboard Sunset - longboard.ee","isPartOf":{"@id":"https:\/\/longboard.ee\/et\/#website"},"primaryImageOfPage":{"@id":"https:\/\/longboard.ee\/longboardid\/longboardid\/ocean-pacific\/ocean-pacific-drop-through-longboard-sunset-39-pink\/#primaryimage"},"image":{"@id":"https:\/\/longboard.ee\/longboardid\/longboardid\/ocean-pacific\/ocean-pacific-drop-through-longboard-sunset-39-pink\/#primaryimage"},"thumbnailUrl":"https:\/\/longboard.ee\/wp-content\/uploads\/2022\/05\/ocean-pacific-sunset-complete-longboard-qr.jpg","datePublished":"2022-05-03T19:11:51+00:00","dateModified":"2025-06-01T09:50:28+00:00","description":"Ocean Pacific Drop Through Longboard Sunset on 8-kihilisest hiina vahtrast twin tip ehk kahepoolne longboard,\u00a0 m\u00f5eldud nii p\u00e4ris algajatele kui ka kesktasemel s\u00f5itjatele. Kasutusalad: kruiisimine, freestyle, freeride.","breadcrumb":{"@id":"https:\/\/longboard.ee\/longboardid\/longboardid\/ocean-pacific\/ocean-pacific-drop-through-longboard-sunset-39-pink\/#breadcrumb"},"inLanguage":"en-GB","potentialAction":[{"@type":"ReadAction","target":["https:\/\/longboard.ee\/longboardid\/longboardid\/ocean-pacific\/ocean-pacific-drop-through-longboard-sunset-39-pink\/"]}]},{"@type":"ImageObject","inLanguage":"en-GB","@id":"https:\/\/longboard.ee\/longboardid\/longboardid\/ocean-pacific\/ocean-pacific-drop-through-longboard-sunset-39-pink\/#primaryimage","url":"https:\/\/longboard.ee\/wp-content\/uploads\/2022\/05\/ocean-pacific-sunset-complete-longboard-qr.jpg","contentUrl":"https:\/\/longboard.ee\/wp-content\/uploads\/2022\/05\/ocean-pacific-sunset-complete-longboard-qr.jpg","width":1500,"height":1500},{"@type":"BreadcrumbList","@id":"https:\/\/longboard.ee\/longboardid\/longboardid\/ocean-pacific\/ocean-pacific-drop-through-longboard-sunset-39-pink\/#breadcrumb","itemListElement":[{"@type":"ListItem","position":1,"name":"Home","item":"https:\/\/longboard.ee\/"},{"@type":"ListItem","position":2,"name":"Longboardid, rulad, t\u00f5ukerattad, rulluisud","item":"https:\/\/longboard.ee\/longboardid-rulad-toukerattad\/"},{"@type":"ListItem","position":3,"name":"Longboardid","item":"https:\/\/longboard.ee\/longboard\/longboardid\/"},{"@type":"ListItem","position":4,"name":"Ocean Pacific longboardid","item":"https:\/\/longboard.ee\/longboard\/longboardid\/ocean-pacific\/"},{"@type":"ListItem","position":5,"name":"Ocean Pacific Drop Through Longboard Sunset 39&#8243; pink"}]},{"@type":"WebSite","@id":"https:\/\/longboard.ee\/et\/#website","url":"https:\/\/longboard.ee\/et\/","name":"Longboard.ee","description":"The Longboard Store","publisher":{"@id":"https:\/\/longboard.ee\/et\/#organization"},"potentialAction":[{"@type":"SearchAction","target":{"@type":"EntryPoint","urlTemplate":"https:\/\/longboard.ee\/et\/?s={search_term_string}"},"query-input":{"@type":"PropertyValueSpecification","valueRequired":true,"valueName":"search_term_string"}}],"inLanguage":"en-GB"},{"@type":"Organization","@id":"https:\/\/longboard.ee\/et\/#organization","name":"Longboard.ee","url":"https:\/\/longboard.ee\/et\/","logo":{"@type":"ImageObject","inLanguage":"en-GB","@id":"https:\/\/longboard.ee\/et\/#\/schema\/logo\/image\/","url":"https:\/\/longboard.ee\/wp-content\/uploads\/2021\/10\/logo55.jpg","contentUrl":"https:\/\/longboard.ee\/wp-content\/uploads\/2021\/10\/logo55.jpg","width":180,"height":180,"caption":"Longboard.ee"},"image":{"@id":"https:\/\/longboard.ee\/et\/#\/schema\/logo\/image\/"},"sameAs":["https:\/\/www.facebook.com\/Longboardee-131787663895166\/"]}]}},"_links":{"self":[{"href":"https:\/\/longboard.ee\/en\/wp-json\/wp\/v2\/product\/16158","targetHints":{"allow":["GET"]}}],"collection":[{"href":"https:\/\/longboard.ee\/en\/wp-json\/wp\/v2\/product"}],"about":[{"href":"https:\/\/longboard.ee\/en\/wp-json\/wp\/v2\/types\/product"}],"wp:featuredmedia":[{"embeddable":true,"href":"https:\/\/longboard.ee\/en\/wp-json\/wp\/v2\/media\/16162"}],"wp:attachment":[{"href":"https:\/\/longboard.ee\/en\/wp-json\/wp\/v2\/media?parent=16158"}],"wp:term":[{"taxonomy":"product_brand","embeddable":true,"href":"https:\/\/longboard.ee\/en\/wp-json\/wp\/v2\/product_brand?post=16158"},{"taxonomy":"product_cat","embeddable":true,"href":"https:\/\/longboard.ee\/en\/wp-json\/wp\/v2\/product_cat?post=16158"},{"taxonomy":"product_tag","embeddable":true,"href":"https:\/\/longboard.ee\/en\/wp-json\/wp\/v2\/product_tag?post=16158"}],"curies":[{"name":"wp","href":"https:\/\/api.w.org\/{rel}","templated":true}]}}