{"id":16374,"date":"2022-11-24T20:31:27","date_gmt":"2022-11-24T18:31:27","guid":{"rendered":"https:\/\/longboard.ee\/?post_type=product&#038;p=16374"},"modified":"2025-06-27T15:19:23","modified_gmt":"2025-06-27T12:19:23","slug":"arbor-axis-photo-collection-37-longboard","status":"publish","type":"product","link":"https:\/\/longboard.ee\/en\/longboardid\/longboardid\/arbor-longboardid\/arbor-axis-photo-collection-37-longboard\/","title":{"rendered":"Arbor Axis Photo Collection 37&#8243; longboard"},"content":{"rendered":"<p><a href=\"https:\/\/longboard.ee\/wp-content\/uploads\/2022\/11\/Screenshot-2022-11-24-at-20.34.10.png\"><img loading=\"lazy\" decoding=\"async\" class=\"wp-image-16375 alignleft\" src=\"https:\/\/longboard.ee\/wp-content\/uploads\/2022\/11\/Screenshot-2022-11-24-at-20.34.10.png\" alt=\"\" width=\"234\" height=\"233\" srcset=\"https:\/\/longboard.ee\/wp-content\/uploads\/2022\/11\/Screenshot-2022-11-24-at-20.34.10.png 892w, https:\/\/longboard.ee\/wp-content\/uploads\/2022\/11\/Screenshot-2022-11-24-at-20.34.10-12x12.png 12w, https:\/\/longboard.ee\/wp-content\/uploads\/2022\/11\/Screenshot-2022-11-24-at-20.34.10-465x463.png 465w, https:\/\/longboard.ee\/wp-content\/uploads\/2022\/11\/Screenshot-2022-11-24-at-20.34.10-502x500.png 502w, https:\/\/longboard.ee\/wp-content\/uploads\/2022\/11\/Screenshot-2022-11-24-at-20.34.10-100x100.png 100w\" sizes=\"auto, (max-width: 234px) 100vw, 234px\" \/><\/a><\/p>\n<p>Arbor Collective sai alguse 1995. aastal, mil ettev\u00f5te hakkas tootma bambusest ja puidust lumelaudu kasutades vanakooli k\u00e4sit\u00f6\u00f6oskusi. Selle k\u00f5rvalt hakati m\u00f5nedele lumelaudadele ka rattaid alla kruvima ja nii s\u00fcndis Arbor Skateboards vaid kolm aastat hiljem.<\/p>\n<p>Arbori missioon on loodusele tagasi anda. Kuna longboarde toodetakse ka n\u00e4iteks havai koa puidust, siis toetab Arbor programmiga Returning to Roots koa metsade s\u00e4ilimist Hawaiil.<\/p>\n<p>Arbor Axis Photo Collection 37&#8243; drop-through vahtrapuust longboard on inspireeritud lumelauast. Longboard on m\u00f5eldud m\u00f5nusaks kruiisimiseks ja laugeks downhill s\u00f5iduks.<\/p>\n<p>&nbsp;<\/p>\n<p>&nbsp;<\/p>\n<p>Pikkus: 94cm \/ 37&#8243;<\/p>\n<p>Laius: 21.3cm \/ 8.375&#8243;<\/p>\n<p>Teljevahe: 70.5cm \/ 27.75&#8243; &#8211; cm<\/p>\n<p>&nbsp;<\/p>\n<p>&nbsp;<\/p>\n<p>Truckid: Paris Reverse Kingpin 180mm, 50\u00b0 kraadi<\/p>\n<p>Rattad: Arbor Easyrider Series Outlook 69mm 78A<\/p>\n<p>Bearings: ABEC 7<\/p>\n<h2><\/h2>","protected":false},"excerpt":{"rendered":"<p>Truckid: Paris Reverse Kingpin 180mm, 50\u00b0 kraadi<\/p>\n<p>Rattad: Arbor Easyrider Series Outlook 69mm 78A<\/p>\n<p>Bearings: ABEC 7<\/p>\n<p>&nbsp;<span class=\"more-link\"><a href=\"https:\/\/longboard.ee\/en\/longboardid\/longboardid\/arbor-longboardid\/arbor-axis-photo-collection-37-longboard\/\">Continue Reading<\/a><\/span><\/p>","protected":false},"featured_media":16378,"template":"","meta":[],"product_brand":[],"product_cat":[205],"product_tag":[163,165,172],"class_list":{"0":"entry","1":"author-johanna","2":"has-excerpt","3":"post-16374","4":"product","5":"type-product","6":"status-publish","7":"has-post-thumbnail","8":"product_cat-arbor-longboardid","9":"product_tag-kruiiser","10":"product_tag-downhill","11":"product_tag-drop-through","13":"first","14":"outofstock","15":"taxable","16":"shipping-taxable","17":"purchasable","18":"product-type-simple"},"yoast_head":"<!-- This site is optimized with the Yoast SEO plugin v27.3 - https:\/\/yoast.com\/product\/yoast-seo-wordpress\/ -->\n<title>Arbor Axis Photo Collection 37&quot; longboard - longboard.ee<\/title>\n<meta name=\"description\" content=\"Arbor Axis Photo Collection 37&quot; drop-through vahtrapuust longboard on inspireeritud lumelauast. Longboard on m\u00f5eldud m\u00f5nusaks kruiisimiseks ja laugeks downhill s\u00f5iduks.\" \/>\n<meta name=\"robots\" content=\"index, follow, max-snippet:-1, max-image-preview:large, max-video-preview:-1\" \/>\n<link rel=\"canonical\" href=\"https:\/\/longboard.ee\/en\/longboardid\/longboardid\/arbor-longboardid\/arbor-axis-photo-collection-37-longboard\/\" \/>\n<meta name=\"twitter:label1\" content=\"Estimated reading time\" \/>\n\t<meta name=\"twitter:data1\" content=\"2 minutes\" \/>\n<script type=\"application\/ld+json\" class=\"yoast-schema-graph\">{\"@context\":\"https:\\\/\\\/schema.org\",\"@graph\":[{\"@type\":\"WebPage\",\"@id\":\"https:\\\/\\\/longboard.ee\\\/longboardid\\\/longboardid\\\/arbor-longboardid\\\/arbor-axis-photo-collection-37-longboard\\\/\",\"url\":\"https:\\\/\\\/longboard.ee\\\/longboardid\\\/longboardid\\\/arbor-longboardid\\\/arbor-axis-photo-collection-37-longboard\\\/\",\"name\":\"Arbor Axis Photo Collection 37\\\" longboard - longboard.ee\",\"isPartOf\":{\"@id\":\"https:\\\/\\\/longboard.ee\\\/et\\\/#website\"},\"primaryImageOfPage\":{\"@id\":\"https:\\\/\\\/longboard.ee\\\/longboardid\\\/longboardid\\\/arbor-longboardid\\\/arbor-axis-photo-collection-37-longboard\\\/#primaryimage\"},\"image\":{\"@id\":\"https:\\\/\\\/longboard.ee\\\/longboardid\\\/longboardid\\\/arbor-longboardid\\\/arbor-axis-photo-collection-37-longboard\\\/#primaryimage\"},\"thumbnailUrl\":\"https:\\\/\\\/longboard.ee\\\/wp-content\\\/uploads\\\/2022\\\/11\\\/arbor-axis-solstice-series-37-longboard-complete.jpeg\",\"datePublished\":\"2022-11-24T18:31:27+00:00\",\"dateModified\":\"2025-06-27T12:19:23+00:00\",\"description\":\"Arbor Axis Photo Collection 37\\\" drop-through vahtrapuust longboard on inspireeritud lumelauast. Longboard on m\u00f5eldud m\u00f5nusaks kruiisimiseks ja laugeks downhill s\u00f5iduks.\",\"breadcrumb\":{\"@id\":\"https:\\\/\\\/longboard.ee\\\/longboardid\\\/longboardid\\\/arbor-longboardid\\\/arbor-axis-photo-collection-37-longboard\\\/#breadcrumb\"},\"inLanguage\":\"en-GB\",\"potentialAction\":[{\"@type\":\"ReadAction\",\"target\":[\"https:\\\/\\\/longboard.ee\\\/longboardid\\\/longboardid\\\/arbor-longboardid\\\/arbor-axis-photo-collection-37-longboard\\\/\"]}]},{\"@type\":\"ImageObject\",\"inLanguage\":\"en-GB\",\"@id\":\"https:\\\/\\\/longboard.ee\\\/longboardid\\\/longboardid\\\/arbor-longboardid\\\/arbor-axis-photo-collection-37-longboard\\\/#primaryimage\",\"url\":\"https:\\\/\\\/longboard.ee\\\/wp-content\\\/uploads\\\/2022\\\/11\\\/arbor-axis-solstice-series-37-longboard-complete.jpeg\",\"contentUrl\":\"https:\\\/\\\/longboard.ee\\\/wp-content\\\/uploads\\\/2022\\\/11\\\/arbor-axis-solstice-series-37-longboard-complete.jpeg\",\"width\":800,\"height\":800},{\"@type\":\"BreadcrumbList\",\"@id\":\"https:\\\/\\\/longboard.ee\\\/longboardid\\\/longboardid\\\/arbor-longboardid\\\/arbor-axis-photo-collection-37-longboard\\\/#breadcrumb\",\"itemListElement\":[{\"@type\":\"ListItem\",\"position\":1,\"name\":\"Home\",\"item\":\"https:\\\/\\\/longboard.ee\\\/\"},{\"@type\":\"ListItem\",\"position\":2,\"name\":\"Longboardid, rulad, t\u00f5ukerattad, rulluisud\",\"item\":\"https:\\\/\\\/longboard.ee\\\/longboardid-rulad-toukerattad\\\/\"},{\"@type\":\"ListItem\",\"position\":3,\"name\":\"Longboardid\",\"item\":\"https:\\\/\\\/longboard.ee\\\/longboard\\\/longboardid\\\/\"},{\"@type\":\"ListItem\",\"position\":4,\"name\":\"Arbor longboardid\",\"item\":\"https:\\\/\\\/longboard.ee\\\/longboard\\\/longboardid\\\/arbor-longboardid\\\/\"},{\"@type\":\"ListItem\",\"position\":5,\"name\":\"Arbor Axis Photo Collection 37&#8243; longboard\"}]},{\"@type\":\"WebSite\",\"@id\":\"https:\\\/\\\/longboard.ee\\\/et\\\/#website\",\"url\":\"https:\\\/\\\/longboard.ee\\\/et\\\/\",\"name\":\"Longboard.ee\",\"description\":\"Longboardide e-pood\",\"publisher\":{\"@id\":\"https:\\\/\\\/longboard.ee\\\/et\\\/#organization\"},\"potentialAction\":[{\"@type\":\"SearchAction\",\"target\":{\"@type\":\"EntryPoint\",\"urlTemplate\":\"https:\\\/\\\/longboard.ee\\\/et\\\/?s={search_term_string}\"},\"query-input\":{\"@type\":\"PropertyValueSpecification\",\"valueRequired\":true,\"valueName\":\"search_term_string\"}}],\"inLanguage\":\"en-GB\"},{\"@type\":\"Organization\",\"@id\":\"https:\\\/\\\/longboard.ee\\\/et\\\/#organization\",\"name\":\"Longboard.ee\",\"url\":\"https:\\\/\\\/longboard.ee\\\/et\\\/\",\"logo\":{\"@type\":\"ImageObject\",\"inLanguage\":\"en-GB\",\"@id\":\"https:\\\/\\\/longboard.ee\\\/et\\\/#\\\/schema\\\/logo\\\/image\\\/\",\"url\":\"https:\\\/\\\/longboard.ee\\\/wp-content\\\/uploads\\\/2021\\\/10\\\/logo55.jpg\",\"contentUrl\":\"https:\\\/\\\/longboard.ee\\\/wp-content\\\/uploads\\\/2021\\\/10\\\/logo55.jpg\",\"width\":180,\"height\":180,\"caption\":\"Longboard.ee\"},\"image\":{\"@id\":\"https:\\\/\\\/longboard.ee\\\/et\\\/#\\\/schema\\\/logo\\\/image\\\/\"},\"sameAs\":[\"https:\\\/\\\/www.facebook.com\\\/Longboardee-131787663895166\\\/\"]}]}<\/script>\n<!-- \/ Yoast SEO plugin. -->","yoast_head_json":{"title":"Arbor Axis Photo Collection 37\" longboard - longboard.ee","description":"Arbor Axis Photo Collection 37\" drop-through vahtrapuust longboard on inspireeritud lumelauast. Longboard on m\u00f5eldud m\u00f5nusaks kruiisimiseks ja laugeks downhill s\u00f5iduks.","robots":{"index":"index","follow":"follow","max-snippet":"max-snippet:-1","max-image-preview":"max-image-preview:large","max-video-preview":"max-video-preview:-1"},"canonical":"https:\/\/longboard.ee\/en\/longboardid\/longboardid\/arbor-longboardid\/arbor-axis-photo-collection-37-longboard\/","twitter_misc":{"Estimated reading time":"2 minutes"},"schema":{"@context":"https:\/\/schema.org","@graph":[{"@type":"WebPage","@id":"https:\/\/longboard.ee\/longboardid\/longboardid\/arbor-longboardid\/arbor-axis-photo-collection-37-longboard\/","url":"https:\/\/longboard.ee\/longboardid\/longboardid\/arbor-longboardid\/arbor-axis-photo-collection-37-longboard\/","name":"Arbor Axis Photo Collection 37\" longboard - longboard.ee","isPartOf":{"@id":"https:\/\/longboard.ee\/et\/#website"},"primaryImageOfPage":{"@id":"https:\/\/longboard.ee\/longboardid\/longboardid\/arbor-longboardid\/arbor-axis-photo-collection-37-longboard\/#primaryimage"},"image":{"@id":"https:\/\/longboard.ee\/longboardid\/longboardid\/arbor-longboardid\/arbor-axis-photo-collection-37-longboard\/#primaryimage"},"thumbnailUrl":"https:\/\/longboard.ee\/wp-content\/uploads\/2022\/11\/arbor-axis-solstice-series-37-longboard-complete.jpeg","datePublished":"2022-11-24T18:31:27+00:00","dateModified":"2025-06-27T12:19:23+00:00","description":"Arbor Axis Photo Collection 37\" drop-through vahtrapuust longboard on inspireeritud lumelauast. Longboard on m\u00f5eldud m\u00f5nusaks kruiisimiseks ja laugeks downhill s\u00f5iduks.","breadcrumb":{"@id":"https:\/\/longboard.ee\/longboardid\/longboardid\/arbor-longboardid\/arbor-axis-photo-collection-37-longboard\/#breadcrumb"},"inLanguage":"en-GB","potentialAction":[{"@type":"ReadAction","target":["https:\/\/longboard.ee\/longboardid\/longboardid\/arbor-longboardid\/arbor-axis-photo-collection-37-longboard\/"]}]},{"@type":"ImageObject","inLanguage":"en-GB","@id":"https:\/\/longboard.ee\/longboardid\/longboardid\/arbor-longboardid\/arbor-axis-photo-collection-37-longboard\/#primaryimage","url":"https:\/\/longboard.ee\/wp-content\/uploads\/2022\/11\/arbor-axis-solstice-series-37-longboard-complete.jpeg","contentUrl":"https:\/\/longboard.ee\/wp-content\/uploads\/2022\/11\/arbor-axis-solstice-series-37-longboard-complete.jpeg","width":800,"height":800},{"@type":"BreadcrumbList","@id":"https:\/\/longboard.ee\/longboardid\/longboardid\/arbor-longboardid\/arbor-axis-photo-collection-37-longboard\/#breadcrumb","itemListElement":[{"@type":"ListItem","position":1,"name":"Home","item":"https:\/\/longboard.ee\/"},{"@type":"ListItem","position":2,"name":"Longboardid, rulad, t\u00f5ukerattad, rulluisud","item":"https:\/\/longboard.ee\/longboardid-rulad-toukerattad\/"},{"@type":"ListItem","position":3,"name":"Longboardid","item":"https:\/\/longboard.ee\/longboard\/longboardid\/"},{"@type":"ListItem","position":4,"name":"Arbor longboardid","item":"https:\/\/longboard.ee\/longboard\/longboardid\/arbor-longboardid\/"},{"@type":"ListItem","position":5,"name":"Arbor Axis Photo Collection 37&#8243; longboard"}]},{"@type":"WebSite","@id":"https:\/\/longboard.ee\/et\/#website","url":"https:\/\/longboard.ee\/et\/","name":"Longboard.ee","description":"The Longboard Store","publisher":{"@id":"https:\/\/longboard.ee\/et\/#organization"},"potentialAction":[{"@type":"SearchAction","target":{"@type":"EntryPoint","urlTemplate":"https:\/\/longboard.ee\/et\/?s={search_term_string}"},"query-input":{"@type":"PropertyValueSpecification","valueRequired":true,"valueName":"search_term_string"}}],"inLanguage":"en-GB"},{"@type":"Organization","@id":"https:\/\/longboard.ee\/et\/#organization","name":"Longboard.ee","url":"https:\/\/longboard.ee\/et\/","logo":{"@type":"ImageObject","inLanguage":"en-GB","@id":"https:\/\/longboard.ee\/et\/#\/schema\/logo\/image\/","url":"https:\/\/longboard.ee\/wp-content\/uploads\/2021\/10\/logo55.jpg","contentUrl":"https:\/\/longboard.ee\/wp-content\/uploads\/2021\/10\/logo55.jpg","width":180,"height":180,"caption":"Longboard.ee"},"image":{"@id":"https:\/\/longboard.ee\/et\/#\/schema\/logo\/image\/"},"sameAs":["https:\/\/www.facebook.com\/Longboardee-131787663895166\/"]}]}},"_links":{"self":[{"href":"https:\/\/longboard.ee\/en\/wp-json\/wp\/v2\/product\/16374","targetHints":{"allow":["GET"]}}],"collection":[{"href":"https:\/\/longboard.ee\/en\/wp-json\/wp\/v2\/product"}],"about":[{"href":"https:\/\/longboard.ee\/en\/wp-json\/wp\/v2\/types\/product"}],"wp:featuredmedia":[{"embeddable":true,"href":"https:\/\/longboard.ee\/en\/wp-json\/wp\/v2\/media\/16378"}],"wp:attachment":[{"href":"https:\/\/longboard.ee\/en\/wp-json\/wp\/v2\/media?parent=16374"}],"wp:term":[{"taxonomy":"product_brand","embeddable":true,"href":"https:\/\/longboard.ee\/en\/wp-json\/wp\/v2\/product_brand?post=16374"},{"taxonomy":"product_cat","embeddable":true,"href":"https:\/\/longboard.ee\/en\/wp-json\/wp\/v2\/product_cat?post=16374"},{"taxonomy":"product_tag","embeddable":true,"href":"https:\/\/longboard.ee\/en\/wp-json\/wp\/v2\/product_tag?post=16374"}],"curies":[{"name":"wp","href":"https:\/\/api.w.org\/{rel}","templated":true}]}}