{"id":976,"date":"2015-04-21T19:59:52","date_gmt":"2015-04-21T16:59:52","guid":{"rendered":"http:\/\/longboard.ee\/product\/randal-rii-150-truckide-komplekt-2tk\/"},"modified":"2022-08-17T12:09:41","modified_gmt":"2022-08-17T09:09:41","slug":"randal-rii-150-truckide-komplekt-2tk","status":"publish","type":"product","link":"https:\/\/longboard.ee\/en\/longboardid\/tarvikud-ja-varustus\/truckid\/randal-truckid\/randal-rii-150-truckide-komplekt-2tk\/","title":{"rendered":"Randal RII 150 trucks  - set of 2"},"content":{"rendered":"<p><a href=\"https:\/\/longboard.ee\/wp-content\/uploads\/2015\/04\/randal-logo.png\"><img loading=\"lazy\" decoding=\"async\" class=\"alignleft size-thumbnail wp-image-974\" src=\"https:\/\/longboard.ee\/wp-content\/uploads\/2015\/04\/randal-logo-150x150.png\" alt=\"randal logo\" width=\"150\" height=\"150\" \/><\/a><\/p>\n<p>&nbsp;<\/p>\n<p>&nbsp;<\/p>\n<p>&nbsp;<\/p>\n<p>&nbsp;<\/p>\n<p>Specifications:<\/p>\n<p>Type: Randal RII 150<\/p>\n<p>Axle length: 150mm<\/p>\n<p>Base Plate Angle: 42 degrees<\/p>\n<p>Axle diameter:                           8mm<\/p>\n<p>&nbsp;<\/p>\n<p>&nbsp;<\/p>\n<p>&nbsp;<\/p>\n<p>&nbsp;<\/p>","protected":false},"excerpt":{"rendered":"<p>&nbsp; &nbsp; &nbsp; &nbsp; Tehnilised n\u00e4itajad: T\u00fc\u00fcp: \u00a0 \u00a0 \u00a0 \u00a0 \u00a0 \u00a0 \u00a0 \u00a0 \u00a0 \u00a0 \u00a0 \u00a0 \u00a0 \u00a0 \u00a0 \u00a0 \u00a0 \u00a0 \u00a0 \u00a0 \u00a0Randal RII 150 Teljepikkus: \u00a0 \u00a0 \u00a0 \u00a0 \u00a0 \u00a0 \u00a0 \u00a0 \u00a0 \u00a0 \u00a0 \u00a0 \u00a0 \u00a0 \u00a0150mm Geomeetria: \u00a0 \u00a0 \u00a0<span class=\"more-link\"><a href=\"https:\/\/longboard.ee\/en\/longboardid\/tarvikud-ja-varustus\/truckid\/randal-truckid\/randal-rii-150-truckide-komplekt-2tk\/\">Continue Reading<\/a><\/span><\/p>","protected":false},"featured_media":971,"template":"","meta":[],"product_brand":[],"product_cat":[70,191,69],"product_tag":[],"class_list":{"0":"entry","1":"author-nzz","2":"post-976","3":"product","4":"type-product","5":"status-publish","6":"has-post-thumbnail","7":"product_cat-truckid","8":"product_cat-randal-truckid","9":"product_cat-tarvikud-ja-varustus","11":"first","12":"instock","13":"taxable","14":"shipping-taxable","15":"purchasable","16":"product-type-simple"},"yoast_head":"<!-- This site is optimized with the Yoast SEO plugin v27.3 - https:\/\/yoast.com\/product\/yoast-seo-wordpress\/ -->\n<title>Longboard.ee - Randal RII 150 - truckide komplekt 2tk<\/title>\n<meta name=\"description\" content=\"Teretulemast meie longboardide e-poodi! Randal RII 150 - truckide komplekt 2tk\" \/>\n<meta name=\"robots\" content=\"index, follow, max-snippet:-1, max-image-preview:large, max-video-preview:-1\" \/>\n<link rel=\"canonical\" href=\"https:\/\/longboard.ee\/en\/longboardid\/tarvikud-ja-varustus\/truckid\/randal-truckid\/randal-rii-150-truckide-komplekt-2tk\/\" \/>\n<script type=\"application\/ld+json\" class=\"yoast-schema-graph\">{\"@context\":\"https:\\\/\\\/schema.org\",\"@graph\":[{\"@type\":\"WebPage\",\"@id\":\"https:\\\/\\\/longboard.ee\\\/longboardid\\\/tarvikud-ja-varustus\\\/truckid\\\/randal-truckid\\\/randal-rii-150-truckide-komplekt-2tk\\\/\",\"url\":\"https:\\\/\\\/longboard.ee\\\/longboardid\\\/tarvikud-ja-varustus\\\/truckid\\\/randal-truckid\\\/randal-rii-150-truckide-komplekt-2tk\\\/\",\"name\":\"Longboard.ee - Randal RII 150 - truckide komplekt 2tk\",\"isPartOf\":{\"@id\":\"https:\\\/\\\/longboard.ee\\\/et\\\/#website\"},\"primaryImageOfPage\":{\"@id\":\"https:\\\/\\\/longboard.ee\\\/longboardid\\\/tarvikud-ja-varustus\\\/truckid\\\/randal-truckid\\\/randal-rii-150-truckide-komplekt-2tk\\\/#primaryimage\"},\"image\":{\"@id\":\"https:\\\/\\\/longboard.ee\\\/longboardid\\\/tarvikud-ja-varustus\\\/truckid\\\/randal-truckid\\\/randal-rii-150-truckide-komplekt-2tk\\\/#primaryimage\"},\"thumbnailUrl\":\"https:\\\/\\\/longboard.ee\\\/wp-content\\\/uploads\\\/2015\\\/04\\\/Randal-R-II-Silver-Skateboard-Trucks-180.jpg\",\"datePublished\":\"2015-04-21T16:59:52+00:00\",\"dateModified\":\"2022-08-17T09:09:41+00:00\",\"description\":\"Teretulemast meie longboardide e-poodi! Randal RII 150 - truckide komplekt 2tk\",\"breadcrumb\":{\"@id\":\"https:\\\/\\\/longboard.ee\\\/longboardid\\\/tarvikud-ja-varustus\\\/truckid\\\/randal-truckid\\\/randal-rii-150-truckide-komplekt-2tk\\\/#breadcrumb\"},\"inLanguage\":\"en-GB\",\"potentialAction\":[{\"@type\":\"ReadAction\",\"target\":[\"https:\\\/\\\/longboard.ee\\\/longboardid\\\/tarvikud-ja-varustus\\\/truckid\\\/randal-truckid\\\/randal-rii-150-truckide-komplekt-2tk\\\/\"]}]},{\"@type\":\"ImageObject\",\"inLanguage\":\"en-GB\",\"@id\":\"https:\\\/\\\/longboard.ee\\\/longboardid\\\/tarvikud-ja-varustus\\\/truckid\\\/randal-truckid\\\/randal-rii-150-truckide-komplekt-2tk\\\/#primaryimage\",\"url\":\"https:\\\/\\\/longboard.ee\\\/wp-content\\\/uploads\\\/2015\\\/04\\\/Randal-R-II-Silver-Skateboard-Trucks-180.jpg\",\"contentUrl\":\"https:\\\/\\\/longboard.ee\\\/wp-content\\\/uploads\\\/2015\\\/04\\\/Randal-R-II-Silver-Skateboard-Trucks-180.jpg\",\"width\":700,\"height\":700},{\"@type\":\"BreadcrumbList\",\"@id\":\"https:\\\/\\\/longboard.ee\\\/longboardid\\\/tarvikud-ja-varustus\\\/truckid\\\/randal-truckid\\\/randal-rii-150-truckide-komplekt-2tk\\\/#breadcrumb\",\"itemListElement\":[{\"@type\":\"ListItem\",\"position\":1,\"name\":\"Home\",\"item\":\"https:\\\/\\\/longboard.ee\\\/\"},{\"@type\":\"ListItem\",\"position\":2,\"name\":\"Longboardid, rulad, t\u00f5ukerattad, rulluisud\",\"item\":\"https:\\\/\\\/longboard.ee\\\/longboardid-rulad-toukerattad\\\/\"},{\"@type\":\"ListItem\",\"position\":3,\"name\":\"Tarvikud ja varustus\",\"item\":\"https:\\\/\\\/longboard.ee\\\/et\\\/longboard\\\/tarvikud-ja-varustus\\\/\"},{\"@type\":\"ListItem\",\"position\":4,\"name\":\"Truckid\",\"item\":\"https:\\\/\\\/longboard.ee\\\/en\\\/longboard\\\/accessories-2\\\/trucks\\\/\"},{\"@type\":\"ListItem\",\"position\":5,\"name\":\"Randal truckid\",\"item\":\"https:\\\/\\\/longboard.ee\\\/et\\\/longboard\\\/tarvikud-ja-varustus\\\/truckid\\\/randal-truckid\\\/\"},{\"@type\":\"ListItem\",\"position\":6,\"name\":\"Randal RII 150 &#8211; truckide komplekt 2tk\"}]},{\"@type\":\"WebSite\",\"@id\":\"https:\\\/\\\/longboard.ee\\\/et\\\/#website\",\"url\":\"https:\\\/\\\/longboard.ee\\\/et\\\/\",\"name\":\"Longboard.ee\",\"description\":\"Longboardide e-pood\",\"publisher\":{\"@id\":\"https:\\\/\\\/longboard.ee\\\/et\\\/#organization\"},\"potentialAction\":[{\"@type\":\"SearchAction\",\"target\":{\"@type\":\"EntryPoint\",\"urlTemplate\":\"https:\\\/\\\/longboard.ee\\\/et\\\/?s={search_term_string}\"},\"query-input\":{\"@type\":\"PropertyValueSpecification\",\"valueRequired\":true,\"valueName\":\"search_term_string\"}}],\"inLanguage\":\"en-GB\"},{\"@type\":\"Organization\",\"@id\":\"https:\\\/\\\/longboard.ee\\\/et\\\/#organization\",\"name\":\"Longboard.ee\",\"url\":\"https:\\\/\\\/longboard.ee\\\/et\\\/\",\"logo\":{\"@type\":\"ImageObject\",\"inLanguage\":\"en-GB\",\"@id\":\"https:\\\/\\\/longboard.ee\\\/et\\\/#\\\/schema\\\/logo\\\/image\\\/\",\"url\":\"https:\\\/\\\/longboard.ee\\\/wp-content\\\/uploads\\\/2021\\\/10\\\/logo55.jpg\",\"contentUrl\":\"https:\\\/\\\/longboard.ee\\\/wp-content\\\/uploads\\\/2021\\\/10\\\/logo55.jpg\",\"width\":180,\"height\":180,\"caption\":\"Longboard.ee\"},\"image\":{\"@id\":\"https:\\\/\\\/longboard.ee\\\/et\\\/#\\\/schema\\\/logo\\\/image\\\/\"},\"sameAs\":[\"https:\\\/\\\/www.facebook.com\\\/Longboardee-131787663895166\\\/\"]}]}<\/script>\n<!-- \/ Yoast SEO plugin. -->","yoast_head_json":{"title":"Longboard.ee - Randal RII 150 - truckide komplekt 2tk","description":"Teretulemast meie longboardide e-poodi! Randal RII 150 - truckide komplekt 2tk","robots":{"index":"index","follow":"follow","max-snippet":"max-snippet:-1","max-image-preview":"max-image-preview:large","max-video-preview":"max-video-preview:-1"},"canonical":"https:\/\/longboard.ee\/en\/longboardid\/tarvikud-ja-varustus\/truckid\/randal-truckid\/randal-rii-150-truckide-komplekt-2tk\/","schema":{"@context":"https:\/\/schema.org","@graph":[{"@type":"WebPage","@id":"https:\/\/longboard.ee\/longboardid\/tarvikud-ja-varustus\/truckid\/randal-truckid\/randal-rii-150-truckide-komplekt-2tk\/","url":"https:\/\/longboard.ee\/longboardid\/tarvikud-ja-varustus\/truckid\/randal-truckid\/randal-rii-150-truckide-komplekt-2tk\/","name":"Longboard.ee - Randal RII 150 - truckide komplekt 2tk","isPartOf":{"@id":"https:\/\/longboard.ee\/et\/#website"},"primaryImageOfPage":{"@id":"https:\/\/longboard.ee\/longboardid\/tarvikud-ja-varustus\/truckid\/randal-truckid\/randal-rii-150-truckide-komplekt-2tk\/#primaryimage"},"image":{"@id":"https:\/\/longboard.ee\/longboardid\/tarvikud-ja-varustus\/truckid\/randal-truckid\/randal-rii-150-truckide-komplekt-2tk\/#primaryimage"},"thumbnailUrl":"https:\/\/longboard.ee\/wp-content\/uploads\/2015\/04\/Randal-R-II-Silver-Skateboard-Trucks-180.jpg","datePublished":"2015-04-21T16:59:52+00:00","dateModified":"2022-08-17T09:09:41+00:00","description":"Teretulemast meie longboardide e-poodi! Randal RII 150 - truckide komplekt 2tk","breadcrumb":{"@id":"https:\/\/longboard.ee\/longboardid\/tarvikud-ja-varustus\/truckid\/randal-truckid\/randal-rii-150-truckide-komplekt-2tk\/#breadcrumb"},"inLanguage":"en-GB","potentialAction":[{"@type":"ReadAction","target":["https:\/\/longboard.ee\/longboardid\/tarvikud-ja-varustus\/truckid\/randal-truckid\/randal-rii-150-truckide-komplekt-2tk\/"]}]},{"@type":"ImageObject","inLanguage":"en-GB","@id":"https:\/\/longboard.ee\/longboardid\/tarvikud-ja-varustus\/truckid\/randal-truckid\/randal-rii-150-truckide-komplekt-2tk\/#primaryimage","url":"https:\/\/longboard.ee\/wp-content\/uploads\/2015\/04\/Randal-R-II-Silver-Skateboard-Trucks-180.jpg","contentUrl":"https:\/\/longboard.ee\/wp-content\/uploads\/2015\/04\/Randal-R-II-Silver-Skateboard-Trucks-180.jpg","width":700,"height":700},{"@type":"BreadcrumbList","@id":"https:\/\/longboard.ee\/longboardid\/tarvikud-ja-varustus\/truckid\/randal-truckid\/randal-rii-150-truckide-komplekt-2tk\/#breadcrumb","itemListElement":[{"@type":"ListItem","position":1,"name":"Home","item":"https:\/\/longboard.ee\/"},{"@type":"ListItem","position":2,"name":"Longboardid, rulad, t\u00f5ukerattad, rulluisud","item":"https:\/\/longboard.ee\/longboardid-rulad-toukerattad\/"},{"@type":"ListItem","position":3,"name":"Tarvikud ja varustus","item":"https:\/\/longboard.ee\/et\/longboard\/tarvikud-ja-varustus\/"},{"@type":"ListItem","position":4,"name":"Truckid","item":"https:\/\/longboard.ee\/en\/longboard\/accessories-2\/trucks\/"},{"@type":"ListItem","position":5,"name":"Randal truckid","item":"https:\/\/longboard.ee\/et\/longboard\/tarvikud-ja-varustus\/truckid\/randal-truckid\/"},{"@type":"ListItem","position":6,"name":"Randal RII 150 &#8211; truckide komplekt 2tk"}]},{"@type":"WebSite","@id":"https:\/\/longboard.ee\/et\/#website","url":"https:\/\/longboard.ee\/et\/","name":"Longboard.ee","description":"The Longboard Store","publisher":{"@id":"https:\/\/longboard.ee\/et\/#organization"},"potentialAction":[{"@type":"SearchAction","target":{"@type":"EntryPoint","urlTemplate":"https:\/\/longboard.ee\/et\/?s={search_term_string}"},"query-input":{"@type":"PropertyValueSpecification","valueRequired":true,"valueName":"search_term_string"}}],"inLanguage":"en-GB"},{"@type":"Organization","@id":"https:\/\/longboard.ee\/et\/#organization","name":"Longboard.ee","url":"https:\/\/longboard.ee\/et\/","logo":{"@type":"ImageObject","inLanguage":"en-GB","@id":"https:\/\/longboard.ee\/et\/#\/schema\/logo\/image\/","url":"https:\/\/longboard.ee\/wp-content\/uploads\/2021\/10\/logo55.jpg","contentUrl":"https:\/\/longboard.ee\/wp-content\/uploads\/2021\/10\/logo55.jpg","width":180,"height":180,"caption":"Longboard.ee"},"image":{"@id":"https:\/\/longboard.ee\/et\/#\/schema\/logo\/image\/"},"sameAs":["https:\/\/www.facebook.com\/Longboardee-131787663895166\/"]}]}},"_links":{"self":[{"href":"https:\/\/longboard.ee\/en\/wp-json\/wp\/v2\/product\/976","targetHints":{"allow":["GET"]}}],"collection":[{"href":"https:\/\/longboard.ee\/en\/wp-json\/wp\/v2\/product"}],"about":[{"href":"https:\/\/longboard.ee\/en\/wp-json\/wp\/v2\/types\/product"}],"wp:featuredmedia":[{"embeddable":true,"href":"https:\/\/longboard.ee\/en\/wp-json\/wp\/v2\/media\/971"}],"wp:attachment":[{"href":"https:\/\/longboard.ee\/en\/wp-json\/wp\/v2\/media?parent=976"}],"wp:term":[{"taxonomy":"product_brand","embeddable":true,"href":"https:\/\/longboard.ee\/en\/wp-json\/wp\/v2\/product_brand?post=976"},{"taxonomy":"product_cat","embeddable":true,"href":"https:\/\/longboard.ee\/en\/wp-json\/wp\/v2\/product_cat?post=976"},{"taxonomy":"product_tag","embeddable":true,"href":"https:\/\/longboard.ee\/en\/wp-json\/wp\/v2\/product_tag?post=976"}],"curies":[{"name":"wp","href":"https:\/\/api.w.org\/{rel}","templated":true}]}}