{"id":14289,"date":"2021-03-09T18:25:43","date_gmt":"2021-03-09T18:25:43","guid":{"rendered":"https:\/\/longboard.ee\/?page_id=14289"},"modified":"2021-12-15T09:20:49","modified_gmt":"2021-12-15T09:20:49","slug":"lauajupp-ja-neli-ratast-kuidas-ja-millal-uldse-rulad-ja-rulatamine-alguse-said","status":"publish","type":"page","link":"https:\/\/longboard.ee\/et\/lauajupp-ja-neli-ratast-kuidas-ja-millal-uldse-rulad-ja-rulatamine-alguse-said\/","title":{"rendered":"Lauajupp ja neli ratast \u2013 kuidas ja millal \u00fcldse rulad ja rulatamine alguse said?"},"content":{"rendered":"\n<div class=\"wp-block-image\"><figure class=\"alignright size-large is-resized\"><img loading=\"lazy\" decoding=\"async\" src=\"https:\/\/longboard.ee\/wp-content\/uploads\/2021\/03\/algeline-rula-2.jpg\" alt=\"\" class=\"wp-image-14290\" width=\"255\" height=\"337\" srcset=\"https:\/\/longboard.ee\/wp-content\/uploads\/2021\/03\/algeline-rula-2.jpg 340w, https:\/\/longboard.ee\/wp-content\/uploads\/2021\/03\/algeline-rula-2-9x12.jpg 9w\" sizes=\"auto, (max-width: 255px) 100vw, 255px\" \/><\/figure><\/div>\n\n\n\n<p class=\"has-text-align-left\">K\u00f5ige esimesed rulad olid ikka ise tehtud. Kasutati puidust kaste v\u00f5i lauajuppe, mille kinnitati metallist laagrid v\u00f5i rulluisurattad.  <\/p>\n\n\n\n<figure class=\"wp-block-image size-large is-resized\"><img loading=\"lazy\" decoding=\"async\" src=\"https:\/\/longboard.ee\/wp-content\/uploads\/2021\/03\/algeline-rula.jpg\" alt=\"\" class=\"wp-image-14291\" width=\"281\" height=\"348\" srcset=\"https:\/\/longboard.ee\/wp-content\/uploads\/2021\/03\/algeline-rula.jpg 824w, https:\/\/longboard.ee\/wp-content\/uploads\/2021\/03\/algeline-rula-764x950.jpg 764w, https:\/\/longboard.ee\/wp-content\/uploads\/2021\/03\/algeline-rula-10x12.jpg 10w, https:\/\/longboard.ee\/wp-content\/uploads\/2021\/03\/algeline-rula-443x550.jpg 443w\" sizes=\"auto, (max-width: 281px) 100vw, 281px\" \/><\/figure>\n\n\n\n<p>Rulatamine sai alguse t\u00f5en\u00e4oliselt 1940ndate l\u00f5pus v\u00f5i 50ndate alguses, kui California surfarid otsisid tegevust ajaks, mil laineid polnud. Seda kutsuti \u201ek\u00f5nniteel surfamiseks\u201c. <\/p>\n\n\n\n<figure class=\"wp-block-image size-large\"><img loading=\"lazy\" decoding=\"async\" width=\"1024\" height=\"771\" src=\"https:\/\/longboard.ee\/wp-content\/uploads\/2021\/03\/esimesed-rulatajad-1024x771.jpg\" alt=\"\" class=\"wp-image-14292\" srcset=\"https:\/\/longboard.ee\/wp-content\/uploads\/2021\/03\/esimesed-rulatajad-1024x771.jpg 1024w, https:\/\/longboard.ee\/wp-content\/uploads\/2021\/03\/esimesed-rulatajad-950x716.jpg 950w, https:\/\/longboard.ee\/wp-content\/uploads\/2021\/03\/esimesed-rulatajad-16x12.jpg 16w, https:\/\/longboard.ee\/wp-content\/uploads\/2021\/03\/esimesed-rulatajad-465x350.jpg 465w, https:\/\/longboard.ee\/wp-content\/uploads\/2021\/03\/esimesed-rulatajad-664x500.jpg 664w, https:\/\/longboard.ee\/wp-content\/uploads\/2021\/03\/esimesed-rulatajad.jpg 1260w\" sizes=\"auto, (max-width: 1024px) 100vw, 1024px\" \/><\/figure>\n\n\n\n<p>T\u00e4pselt polegi teada, kes esimese rula valmistas, mitmed inimesed tulid selle idee peale samaaegselt, nagu paljude \u00e4gedate leiutistega ikka juhtub. Esimesed t\u00f6\u00f6stuslikult toodetud rulad tellis aga \u00fcks Los Angeleses asuv surfipood. Poe omanik Bill Richard s\u00f5lmis lepingu Chicago Roller Skate Company\u2019ga, et toota rularattaid, mis kinnitati neljakandiliste puidust laudade alla. Esimesed surfaritest rulatajad imiteerisid s\u00f5ites lainetel kulgemist ja seisid ruladel&#8230; paljajalu.<\/p>\n\n\n\n<figure class=\"wp-block-image size-large is-resized\"><img loading=\"lazy\" decoding=\"async\" src=\"https:\/\/longboard.ee\/wp-content\/uploads\/2021\/03\/hobie-rulajpeg.jpeg\" alt=\"\" class=\"wp-image-14293\" width=\"578\" height=\"231\" srcset=\"https:\/\/longboard.ee\/wp-content\/uploads\/2021\/03\/hobie-rulajpeg.jpeg 356w, https:\/\/longboard.ee\/wp-content\/uploads\/2021\/03\/hobie-rulajpeg-16x6.jpeg 16w\" sizes=\"auto, (max-width: 578px) 100vw, 578px\" \/><\/figure>\n\n\n\n<p>1960ndate algul hakkasid L\u00f5una-California surfilaudade tootjad nagu Jack&#8217;s, Kips&#8217;, Hobie, Bing&#8217;s ja&nbsp;Makaha tootma rulasid, mis sarnanesid v\u00e4ikestele surfilaudadele, ning neid ka reklaamima. Esimene rulade telereklaam ilmus 1964.aastal saates &#8220;Surf&#8217;s Up&#8221;.<\/p>\n\n\n\n<p>Kuna rulatamine kogus \u00fcha rohkem populaarsust, hakkas ilmuma ka esimene rulaajakiri <em>The Quarterly Skateboarder<\/em>. John Severson kirjutas oma esimeses toimetajaveerus j\u00e4rgmist:                                                           <em>T\u00e4nap\u00e4eva rulatajad on selle spordiala asutajad \u2013 pioneerid \u2013 nad on k\u00f5ige esimesed. Rulatamisel pole veel ajalugu \u2013 seda tehakse n\u00fc\u00fcd ja praegu \u2013 just sinu poolt.  <\/em><\/p>\n\n\n\n<p>Esimene tele\u00fclekanne rulav\u00f5istlustest &#8211; National Skateboarding Championships &nbsp;&#8211; tehti 1965. aastal. Kuna spordiala oli tol ajal uus, siis v\u00f5isteldi ainult kahes kategoorias: tasasel pinnal vabastiil ja slaalom m\u00e4est alla. <\/p>\n\n\n\n<figure class=\"wp-block-image size-large is-resized\"><img loading=\"lazy\" decoding=\"async\" src=\"https:\/\/longboard.ee\/wp-content\/uploads\/2021\/03\/rulavo\u0303istlus.jpg\" alt=\"\" class=\"wp-image-14294\" width=\"536\" height=\"447\" srcset=\"https:\/\/longboard.ee\/wp-content\/uploads\/2021\/03\/rulavo\u0303istlus.jpg 475w, https:\/\/longboard.ee\/wp-content\/uploads\/2021\/03\/rulavo\u0303istlus-14x12.jpg 14w, https:\/\/longboard.ee\/wp-content\/uploads\/2021\/03\/rulavo\u0303istlus-465x388.jpg 465w\" sizes=\"auto, (max-width: 536px) 100vw, 536px\" \/><\/figure>\n\n\n\n<p>Rulatootjad Hobie&nbsp;ja Vita Pak maksid Patti McGee\u2019le, kes oli \u00fcks esimestest sponsoreeritud rulatajatest, et ta reisiks m\u00f6\u00f6da maad, osaleks v\u00f5istlustel ja r\u00e4\u00e4giks rulatamise ohutusnippidest. McGee j\u00f5udis 1965. aastal ka ajakirja <em>Life<\/em> esikaanele, mis muutis rulatamise veelgi populaarsemaks. Teised tol ajal tuntud surfar-rulatajad olid Danny Bearer, Torger Johnson, Bruce Logan, Bill ja Mark Richards, Woody Woodward, Jim Fitzpatrick.<\/p>\n\n\n\n<figure class=\"wp-block-image size-large\"><img loading=\"lazy\" decoding=\"async\" width=\"1024\" height=\"683\" src=\"https:\/\/longboard.ee\/wp-content\/uploads\/2021\/03\/rulataja-patti-mcgee-1024x683.jpg\" alt=\"\" class=\"wp-image-14296\" srcset=\"https:\/\/longboard.ee\/wp-content\/uploads\/2021\/03\/rulataja-patti-mcgee-1024x683.jpg 1024w, https:\/\/longboard.ee\/wp-content\/uploads\/2021\/03\/rulataja-patti-mcgee-950x633.jpg 950w, https:\/\/longboard.ee\/wp-content\/uploads\/2021\/03\/rulataja-patti-mcgee-16x12.jpg 16w, https:\/\/longboard.ee\/wp-content\/uploads\/2021\/03\/rulataja-patti-mcgee-465x310.jpg 465w, https:\/\/longboard.ee\/wp-content\/uploads\/2021\/03\/rulataja-patti-mcgee-695x463.jpg 695w, https:\/\/longboard.ee\/wp-content\/uploads\/2021\/03\/rulataja-patti-mcgee.jpg 1200w\" sizes=\"auto, (max-width: 1024px) 100vw, 1024px\" \/><\/figure>\n\n\n\n<p>1966. aastal hakkas levima arusaam, et rulatamine on ohtlik, mis viis selleni, et poed ei soovinud neid m\u00fc\u00fca ega vanemad neid osta.  <\/p>\n\n\n\n<p>Rulatamise populaarsus langes ja p\u00fcsis madal 1970ndate alguseni, mil Frank Nasworthy hakkas ruladele v\u00e4lja arendama pol\u00fcuretaanist ratast. Ta andis oma firmale nime Cadillac Wheels. <\/p>\n\n\n\n<figure class=\"wp-block-image size-large is-resized\"><img loading=\"lazy\" decoding=\"async\" src=\"https:\/\/longboard.ee\/wp-content\/uploads\/2021\/03\/cadillac-rula-rattad.jpg\" alt=\"\" class=\"wp-image-14299\" width=\"574\" height=\"404\" srcset=\"https:\/\/longboard.ee\/wp-content\/uploads\/2021\/03\/cadillac-rula-rattad.jpg 500w, https:\/\/longboard.ee\/wp-content\/uploads\/2021\/03\/cadillac-rula-rattad-16x12.jpg 16w, https:\/\/longboard.ee\/wp-content\/uploads\/2021\/03\/cadillac-rula-rattad-465x327.jpg 465w\" sizes=\"auto, (max-width: 574px) 100vw, 574px\" \/><\/figure>\n\n\n\n<div class=\"wp-block-image\"><figure class=\"alignleft size-large is-resized\"><img loading=\"lazy\" decoding=\"async\" src=\"https:\/\/longboard.ee\/wp-content\/uploads\/2021\/03\/banana-rula.jpg\" alt=\"\" class=\"wp-image-14301\" width=\"231\" height=\"308\" srcset=\"https:\/\/longboard.ee\/wp-content\/uploads\/2021\/03\/banana-rula.jpg 356w, https:\/\/longboard.ee\/wp-content\/uploads\/2021\/03\/banana-rula-9x12.jpg 9w\" sizes=\"auto, (max-width: 231px) 100vw, 231px\" \/><\/figure><\/div>\n\n\n\n<p>Kuna eelnevad rattad olid valmistatud metallist v\u00f5i komposiidist, siis muutus rulade s\u00f5idumugavus nii kardinaalselt, et rulatamise populaarsus hakkas taas j\u00f5udsalt t\u00f5usma. Paljud ettev\u00f5tted hakkasid ruladele trucke tootma. <\/p>\n\n\n\n<p>1970ndate keskpaigas sai eriti populaarseks <em>banana board<\/em> (banaanilaud), mis oli valmistatud pol\u00fcprop\u00fcleenist ning mida toodeti k\u00f5ikv\u00f5imalikes erksates v\u00e4rvides, millest ka nimetus.<\/p>\n\n\n\n<p>70ndate keskpaiga \u00fcks tuntuimaid rulameeskondi, 12 poisist koosnev Santa Monica Zephyr (Z-Boys), tuli 1975. aastal v\u00e4lja uue madala ja j\u00f5ulise progressiivse s\u00f5idustiiliga, mida v\u00f5ib pidada t\u00e4nap\u00e4eva vabastiili alustalaks.<\/p>\n\n\n\n<figure class=\"wp-block-image size-large\"><img loading=\"lazy\" decoding=\"async\" width=\"692\" height=\"456\" src=\"https:\/\/longboard.ee\/wp-content\/uploads\/2021\/03\/zephyr_team.jpg\" alt=\"\" class=\"wp-image-14306\" srcset=\"https:\/\/longboard.ee\/wp-content\/uploads\/2021\/03\/zephyr_team.jpg 692w, https:\/\/longboard.ee\/wp-content\/uploads\/2021\/03\/zephyr_team-16x12.jpg 16w, https:\/\/longboard.ee\/wp-content\/uploads\/2021\/03\/zephyr_team-465x306.jpg 465w, https:\/\/longboard.ee\/wp-content\/uploads\/2021\/03\/zephyr_team-690x456.jpg 690w\" sizes=\"auto, (max-width: 692px) 100vw, 692px\" \/><\/figure>\n\n\n\n<p>1976. aastal avati esimesed kaks rulaparki Floridas ja Californias. J\u00e4rgneva kuue aasta jooksul ehitati neid juurde 200. <\/p>\n\n\n\n<p>Kuna rulade s\u00f5iduomadused aina paranesid, muutusid ka trikid julgemateks. 1976. aastal j\u00e4eti Californias laastava p\u00f5ua t\u00f5ttu ujumisbasseinid t\u00fchjaks, mis andis suurep\u00e4rase v\u00f5imaluse s\u00f5ita ruladega vertikaalselt. Ty Page, Bruce Logan, Bobby Piercy, Kevin Reed ja Z-Boys   panidki aluse \u201evertimisele\u201c. Paljud rulapargid suleti, kuna kindlustusjuhtumite arv kasvas. Nii hakkasid nn vertijad ise rampe ehitama, samas kui veendunud vabastiili harrastajad lihvisid oma trikke tasasel pinnal.<\/p>\n\n\n\n<p>1980ndatel kasvas j\u00f5udalt t\u00e4navarulatajate arv, kuna paljud rulapargid olid suletud. Leiti uusi kohti ja v\u00f5imalusi trikkide tegemiseks, milleks said n\u00e4iteks ostukeskused. \u00dcheks olulisemaks rula populariseerijaks olid Marty McFly (Michael J. Fox) rulastseenid filmis <em>Back to the Future<\/em> (1985).<\/p>\n\n\n\n<figure class=\"wp-block-image size-large\"><img loading=\"lazy\" decoding=\"async\" width=\"1024\" height=\"637\" src=\"https:\/\/longboard.ee\/wp-content\/uploads\/2021\/03\/BTTF-Marty-Skateboard-1024x637.jpg\" alt=\"\" class=\"wp-image-14313\" srcset=\"https:\/\/longboard.ee\/wp-content\/uploads\/2021\/03\/BTTF-Marty-Skateboard-1024x637.jpg 1024w, https:\/\/longboard.ee\/wp-content\/uploads\/2021\/03\/BTTF-Marty-Skateboard-950x591.jpg 950w, https:\/\/longboard.ee\/wp-content\/uploads\/2021\/03\/BTTF-Marty-Skateboard-1536x955.jpg 1536w, https:\/\/longboard.ee\/wp-content\/uploads\/2021\/03\/BTTF-Marty-Skateboard-16x10.jpg 16w, https:\/\/longboard.ee\/wp-content\/uploads\/2021\/03\/BTTF-Marty-Skateboard-465x289.jpg 465w, https:\/\/longboard.ee\/wp-content\/uploads\/2021\/03\/BTTF-Marty-Skateboard-695x432.jpg 695w, https:\/\/longboard.ee\/wp-content\/uploads\/2021\/03\/BTTF-Marty-Skateboard.jpg 1917w\" sizes=\"auto, (max-width: 1024px) 100vw, 1024px\" \/><\/figure>\n\n\n\n<p>1980ndatel hakkas j\u00f5udalt arenema ka rulatajate subkultuur, mille lahutamatuks osaks said punk rock stiilis ja lohmakad r\u00f5ivad. <\/p>\n\n\n\n<p>Allikad: <em>Wikipedia, Skatedelux, Britannica<\/em><\/p>\n","protected":false},"excerpt":{"rendered":"<p>K\u00f5ige esimesed rulad olid ikka ise tehtud. Kasutati puidust kaste v\u00f5i lauajuppe, mille kinnitati metallist laagrid v\u00f5i rulluisurattad. Rulatamine sai alguse t\u00f5en\u00e4oliselt 1940ndate l\u00f5pus v\u00f5i 50ndate alguses, kui California surfarid otsisid tegevust ajaks, mil laineid polnud. Seda kutsuti \u201ek\u00f5nniteel surfamiseks\u201c. T\u00e4pselt polegi teada, kes esimese rula valmistas, mitmed inimesed tulid<span class=\"more-link\"><a href=\"https:\/\/longboard.ee\/et\/lauajupp-ja-neli-ratast-kuidas-ja-millal-uldse-rulad-ja-rulatamine-alguse-said\/\">Continue Reading<\/a><\/span><\/p>\n","protected":false},"author":4,"featured_media":0,"parent":0,"menu_order":0,"comment_status":"closed","ping_status":"closed","template":"","meta":{"footnotes":""},"class_list":["entry","author-johanna","post-14289","page","type-page","status-publish"],"yoast_head":"<!-- This site is optimized with the Yoast SEO plugin v27.5 - https:\/\/yoast.com\/product\/yoast-seo-wordpress\/ -->\n<title>Lauajupp ja neli ratast \u2013 kuidas ja millal \u00fcldse rulad ja rulatamine alguse said? - Longboard.ee<\/title>\n<meta name=\"description\" content=\"K\u00f5ige esimesed rulad olid ikka ise tehtud. Kasutati puidust kaste v\u00f5i lauajuppe, mille kinnitati metallist laagrid v\u00f5i rulluisurattad.\" \/>\n<meta name=\"robots\" content=\"index, follow, max-snippet:-1, max-image-preview:large, max-video-preview:-1\" \/>\n<link rel=\"canonical\" href=\"https:\/\/longboard.ee\/et\/the-concise-history-of-skateboarding\/\" \/>\n<meta name=\"twitter:label1\" content=\"Est. reading time\" \/>\n\t<meta name=\"twitter:data1\" content=\"5 minutit\" \/>\n<script type=\"application\/ld+json\" class=\"yoast-schema-graph\">{\"@context\":\"https:\\\/\\\/schema.org\",\"@graph\":[{\"@type\":\"WebPage\",\"@id\":\"https:\\\/\\\/longboard.ee\\\/en\\\/the-concise-history-of-skateboarding\\\/\",\"url\":\"https:\\\/\\\/longboard.ee\\\/en\\\/the-concise-history-of-skateboarding\\\/\",\"name\":\"Lauajupp ja neli ratast \u2013 kuidas ja millal \u00fcldse rulad ja rulatamine alguse said? - Longboard.ee\",\"isPartOf\":{\"@id\":\"https:\\\/\\\/longboard.ee\\\/et\\\/#website\"},\"primaryImageOfPage\":{\"@id\":\"https:\\\/\\\/longboard.ee\\\/en\\\/the-concise-history-of-skateboarding\\\/#primaryimage\"},\"image\":{\"@id\":\"https:\\\/\\\/longboard.ee\\\/en\\\/the-concise-history-of-skateboarding\\\/#primaryimage\"},\"thumbnailUrl\":\"https:\\\/\\\/longboard.ee\\\/wp-content\\\/uploads\\\/2021\\\/03\\\/algeline-rula-2.jpg\",\"datePublished\":\"2021-03-09T18:25:43+00:00\",\"dateModified\":\"2021-12-15T09:20:49+00:00\",\"description\":\"K\u00f5ige esimesed rulad olid ikka ise tehtud. Kasutati puidust kaste v\u00f5i lauajuppe, mille kinnitati metallist laagrid v\u00f5i rulluisurattad.\",\"breadcrumb\":{\"@id\":\"https:\\\/\\\/longboard.ee\\\/en\\\/the-concise-history-of-skateboarding\\\/#breadcrumb\"},\"inLanguage\":\"et\",\"potentialAction\":[{\"@type\":\"ReadAction\",\"target\":[\"https:\\\/\\\/longboard.ee\\\/en\\\/the-concise-history-of-skateboarding\\\/\"]}]},{\"@type\":\"ImageObject\",\"inLanguage\":\"et\",\"@id\":\"https:\\\/\\\/longboard.ee\\\/en\\\/the-concise-history-of-skateboarding\\\/#primaryimage\",\"url\":\"https:\\\/\\\/longboard.ee\\\/wp-content\\\/uploads\\\/2021\\\/03\\\/algeline-rula-2.jpg\",\"contentUrl\":\"https:\\\/\\\/longboard.ee\\\/wp-content\\\/uploads\\\/2021\\\/03\\\/algeline-rula-2.jpg\"},{\"@type\":\"BreadcrumbList\",\"@id\":\"https:\\\/\\\/longboard.ee\\\/en\\\/the-concise-history-of-skateboarding\\\/#breadcrumb\",\"itemListElement\":[{\"@type\":\"ListItem\",\"position\":1,\"name\":\"Home\",\"item\":\"https:\\\/\\\/longboard.ee\\\/\"},{\"@type\":\"ListItem\",\"position\":2,\"name\":\"Lauajupp ja neli ratast \u2013 kuidas ja millal \u00fcldse rulad ja rulatamine alguse said?\"}]},{\"@type\":\"WebSite\",\"@id\":\"https:\\\/\\\/longboard.ee\\\/et\\\/#website\",\"url\":\"https:\\\/\\\/longboard.ee\\\/et\\\/\",\"name\":\"Longboard.ee\",\"description\":\"Longboardide e-pood\",\"publisher\":{\"@id\":\"https:\\\/\\\/longboard.ee\\\/et\\\/#organization\"},\"potentialAction\":[{\"@type\":\"SearchAction\",\"target\":{\"@type\":\"EntryPoint\",\"urlTemplate\":\"https:\\\/\\\/longboard.ee\\\/et\\\/?s={search_term_string}\"},\"query-input\":{\"@type\":\"PropertyValueSpecification\",\"valueRequired\":true,\"valueName\":\"search_term_string\"}}],\"inLanguage\":\"et\"},{\"@type\":\"Organization\",\"@id\":\"https:\\\/\\\/longboard.ee\\\/et\\\/#organization\",\"name\":\"Longboard.ee\",\"url\":\"https:\\\/\\\/longboard.ee\\\/et\\\/\",\"logo\":{\"@type\":\"ImageObject\",\"inLanguage\":\"et\",\"@id\":\"https:\\\/\\\/longboard.ee\\\/et\\\/#\\\/schema\\\/logo\\\/image\\\/\",\"url\":\"https:\\\/\\\/longboard.ee\\\/wp-content\\\/uploads\\\/2021\\\/10\\\/logo55.jpg\",\"contentUrl\":\"https:\\\/\\\/longboard.ee\\\/wp-content\\\/uploads\\\/2021\\\/10\\\/logo55.jpg\",\"width\":180,\"height\":180,\"caption\":\"Longboard.ee\"},\"image\":{\"@id\":\"https:\\\/\\\/longboard.ee\\\/et\\\/#\\\/schema\\\/logo\\\/image\\\/\"},\"sameAs\":[\"https:\\\/\\\/www.facebook.com\\\/Longboardee-131787663895166\\\/\"]}]}<\/script>\n<!-- \/ Yoast SEO plugin. -->","yoast_head_json":{"title":"Lauajupp ja neli ratast \u2013 kuidas ja millal \u00fcldse rulad ja rulatamine alguse said? - Longboard.ee","description":"K\u00f5ige esimesed rulad olid ikka ise tehtud. Kasutati puidust kaste v\u00f5i lauajuppe, mille kinnitati metallist laagrid v\u00f5i rulluisurattad.","robots":{"index":"index","follow":"follow","max-snippet":"max-snippet:-1","max-image-preview":"max-image-preview:large","max-video-preview":"max-video-preview:-1"},"canonical":"https:\/\/longboard.ee\/et\/the-concise-history-of-skateboarding\/","twitter_misc":{"Est. reading time":"5 minutit"},"schema":{"@context":"https:\/\/schema.org","@graph":[{"@type":"WebPage","@id":"https:\/\/longboard.ee\/en\/the-concise-history-of-skateboarding\/","url":"https:\/\/longboard.ee\/en\/the-concise-history-of-skateboarding\/","name":"Lauajupp ja neli ratast \u2013 kuidas ja millal \u00fcldse rulad ja rulatamine alguse said? - Longboard.ee","isPartOf":{"@id":"https:\/\/longboard.ee\/et\/#website"},"primaryImageOfPage":{"@id":"https:\/\/longboard.ee\/en\/the-concise-history-of-skateboarding\/#primaryimage"},"image":{"@id":"https:\/\/longboard.ee\/en\/the-concise-history-of-skateboarding\/#primaryimage"},"thumbnailUrl":"https:\/\/longboard.ee\/wp-content\/uploads\/2021\/03\/algeline-rula-2.jpg","datePublished":"2021-03-09T18:25:43+00:00","dateModified":"2021-12-15T09:20:49+00:00","description":"K\u00f5ige esimesed rulad olid ikka ise tehtud. Kasutati puidust kaste v\u00f5i lauajuppe, mille kinnitati metallist laagrid v\u00f5i rulluisurattad.","breadcrumb":{"@id":"https:\/\/longboard.ee\/en\/the-concise-history-of-skateboarding\/#breadcrumb"},"inLanguage":"et","potentialAction":[{"@type":"ReadAction","target":["https:\/\/longboard.ee\/en\/the-concise-history-of-skateboarding\/"]}]},{"@type":"ImageObject","inLanguage":"et","@id":"https:\/\/longboard.ee\/en\/the-concise-history-of-skateboarding\/#primaryimage","url":"https:\/\/longboard.ee\/wp-content\/uploads\/2021\/03\/algeline-rula-2.jpg","contentUrl":"https:\/\/longboard.ee\/wp-content\/uploads\/2021\/03\/algeline-rula-2.jpg"},{"@type":"BreadcrumbList","@id":"https:\/\/longboard.ee\/en\/the-concise-history-of-skateboarding\/#breadcrumb","itemListElement":[{"@type":"ListItem","position":1,"name":"Home","item":"https:\/\/longboard.ee\/"},{"@type":"ListItem","position":2,"name":"Lauajupp ja neli ratast \u2013 kuidas ja millal \u00fcldse rulad ja rulatamine alguse said?"}]},{"@type":"WebSite","@id":"https:\/\/longboard.ee\/et\/#website","url":"https:\/\/longboard.ee\/et\/","name":"Longboard.ee","description":"Longboardide e-pood","publisher":{"@id":"https:\/\/longboard.ee\/et\/#organization"},"potentialAction":[{"@type":"SearchAction","target":{"@type":"EntryPoint","urlTemplate":"https:\/\/longboard.ee\/et\/?s={search_term_string}"},"query-input":{"@type":"PropertyValueSpecification","valueRequired":true,"valueName":"search_term_string"}}],"inLanguage":"et"},{"@type":"Organization","@id":"https:\/\/longboard.ee\/et\/#organization","name":"Longboard.ee","url":"https:\/\/longboard.ee\/et\/","logo":{"@type":"ImageObject","inLanguage":"et","@id":"https:\/\/longboard.ee\/et\/#\/schema\/logo\/image\/","url":"https:\/\/longboard.ee\/wp-content\/uploads\/2021\/10\/logo55.jpg","contentUrl":"https:\/\/longboard.ee\/wp-content\/uploads\/2021\/10\/logo55.jpg","width":180,"height":180,"caption":"Longboard.ee"},"image":{"@id":"https:\/\/longboard.ee\/et\/#\/schema\/logo\/image\/"},"sameAs":["https:\/\/www.facebook.com\/Longboardee-131787663895166\/"]}]}},"_links":{"self":[{"href":"https:\/\/longboard.ee\/et\/wp-json\/wp\/v2\/pages\/14289","targetHints":{"allow":["GET"]}}],"collection":[{"href":"https:\/\/longboard.ee\/et\/wp-json\/wp\/v2\/pages"}],"about":[{"href":"https:\/\/longboard.ee\/et\/wp-json\/wp\/v2\/types\/page"}],"author":[{"embeddable":true,"href":"https:\/\/longboard.ee\/et\/wp-json\/wp\/v2\/users\/4"}],"replies":[{"embeddable":true,"href":"https:\/\/longboard.ee\/et\/wp-json\/wp\/v2\/comments?post=14289"}],"version-history":[{"count":0,"href":"https:\/\/longboard.ee\/et\/wp-json\/wp\/v2\/pages\/14289\/revisions"}],"wp:attachment":[{"href":"https:\/\/longboard.ee\/et\/wp-json\/wp\/v2\/media?parent=14289"}],"curies":[{"name":"wp","href":"https:\/\/api.w.org\/{rel}","templated":true}]}}