{"id":14329,"date":"2021-03-10T18:21:18","date_gmt":"2021-03-10T18:21:18","guid":{"rendered":"https:\/\/longboard.ee\/?page_id=14329"},"modified":"2021-12-15T09:17:24","modified_gmt":"2021-12-15T09:17:24","slug":"longboard-pika-laua-lugu","status":"publish","type":"page","link":"https:\/\/longboard.ee\/et\/longboard-pika-laua-lugu\/","title":{"rendered":"Longboard &#8211; pika laua lugu"},"content":{"rendered":"\n<p>Kui me r\u00e4\u00e4gime longboardimisest, siis oleme me omadega j\u00f5udnud \u00fche subkultuuri territooriumile, mis on omakorda osa \u00fchest teisest subkultuurist, millel on oma m\u00fc\u00fcdid ja legendid, kirjutamata reeglid ja kommuunid, kes loovad uusi rituaale ja kujundavad ise oma keelt. <\/p>\n\n\n\n<div class=\"wp-block-image\"><figure class=\"alignright size-large\"><img loading=\"lazy\" decoding=\"async\" width=\"236\" height=\"353\" src=\"https:\/\/longboard.ee\/wp-content\/uploads\/2021\/03\/973d766a9cde6646c6238e48eb6c016e-longboard-surf-skate-surf.jpg\" alt=\"\" class=\"wp-image-14331\" srcset=\"https:\/\/longboard.ee\/wp-content\/uploads\/2021\/03\/973d766a9cde6646c6238e48eb6c016e-longboard-surf-skate-surf.jpg 236w, https:\/\/longboard.ee\/wp-content\/uploads\/2021\/03\/973d766a9cde6646c6238e48eb6c016e-longboard-surf-skate-surf-8x12.jpg 8w\" sizes=\"auto, (max-width: 236px) 100vw, 236px\" \/><\/figure><\/div>\n\n\n\n<figure class=\"wp-block-image is-resized\"><img loading=\"lazy\" decoding=\"async\" src=\"https:\/\/longboard.ee\/wp-content\/uploads\/2021\/03\/dbeff2d0e434510520e0b46c020cb992-hang-ten-skateboarding.jpg\" alt=\"\" class=\"wp-image-14330\" width=\"204\" height=\"305\" srcset=\"https:\/\/longboard.ee\/wp-content\/uploads\/2021\/03\/dbeff2d0e434510520e0b46c020cb992-hang-ten-skateboarding.jpg 236w, https:\/\/longboard.ee\/wp-content\/uploads\/2021\/03\/dbeff2d0e434510520e0b46c020cb992-hang-ten-skateboarding-8x12.jpg 8w\" sizes=\"auto, (max-width: 204px) 100vw, 204px\" \/><\/figure>\n\n\n\n<p>Longboard, nagu tema v\u00e4iksem vend rulagi, sai alguse surfaritest, kes vajasid alternatiivset tegevust ajaks, mil lained olid kehvapoolsed. Kuid erinevalt ruladest tuli algatus Hawaii\u2019lt 1950ndatel aastatel. Surfarid valmistasid paksust vineerist surfilauakujulisi v\u00e4iksemas m\u00f5\u00f5dus laudu, mille alla kruviti truckid ja rattad, ning millega s\u00f5ideti v\u00e4iksematel m\u00e4gedel ja imiteeriti surfamist.<\/p>\n\n\n\n<figure class=\"wp-block-image size-large\"><img loading=\"lazy\" decoding=\"async\" width=\"741\" height=\"897\" src=\"https:\/\/longboard.ee\/wp-content\/uploads\/2021\/03\/1_F-x5U3D1lsUXof0Qaj3WQg.png\" alt=\"\" class=\"wp-image-14333\" srcset=\"https:\/\/longboard.ee\/wp-content\/uploads\/2021\/03\/1_F-x5U3D1lsUXof0Qaj3WQg.png 741w, https:\/\/longboard.ee\/wp-content\/uploads\/2021\/03\/1_F-x5U3D1lsUXof0Qaj3WQg-10x12.png 10w, https:\/\/longboard.ee\/wp-content\/uploads\/2021\/03\/1_F-x5U3D1lsUXof0Qaj3WQg-454x550.png 454w, https:\/\/longboard.ee\/wp-content\/uploads\/2021\/03\/1_F-x5U3D1lsUXof0Qaj3WQg-413x500.png 413w\" sizes=\"auto, (max-width: 741px) 100vw, 741px\" \/><\/figure>\n\n\n\n<p>1970ndatel kajastati longboardimise tehnikaid ka ajakirjas <em>Skateboarder<\/em>. Tom Sims, surfar Santa Barbarast, demonstreeris maailmale esmakordselt downhilli fenomeni. Kuid isegi pol\u00fcuretaanist rataste leiutamine ei muutnud longboarde laiemale avalikkusele atraktiivseks. Longboardimine j\u00e4i v\u00e4heste entusiastide hobiks, kes panid lumelaudadele truckid alla ja kasutasid vanu Kryptonics\u2019i v\u00f5i rulluisurattaid.<\/p>\n\n\n\n<figure class=\"wp-block-image size-large\"><img loading=\"lazy\" decoding=\"async\" width=\"1024\" height=\"689\" src=\"https:\/\/longboard.ee\/wp-content\/uploads\/2021\/03\/6223adc45b7767927ba7fd16cea2d6c7983089a7-1024x689.jpg\" alt=\"\" class=\"wp-image-14332\" srcset=\"https:\/\/longboard.ee\/wp-content\/uploads\/2021\/03\/6223adc45b7767927ba7fd16cea2d6c7983089a7-1024x689.jpg 1024w, https:\/\/longboard.ee\/wp-content\/uploads\/2021\/03\/6223adc45b7767927ba7fd16cea2d6c7983089a7-950x639.jpg 950w, https:\/\/longboard.ee\/wp-content\/uploads\/2021\/03\/6223adc45b7767927ba7fd16cea2d6c7983089a7-16x12.jpg 16w, https:\/\/longboard.ee\/wp-content\/uploads\/2021\/03\/6223adc45b7767927ba7fd16cea2d6c7983089a7-465x313.jpg 465w, https:\/\/longboard.ee\/wp-content\/uploads\/2021\/03\/6223adc45b7767927ba7fd16cea2d6c7983089a7-695x468.jpg 695w, https:\/\/longboard.ee\/wp-content\/uploads\/2021\/03\/6223adc45b7767927ba7fd16cea2d6c7983089a7.jpg 1500w\" sizes=\"auto, (max-width: 1024px) 100vw, 1024px\" \/><\/figure>\n\n\n\n<p>Alles 1990ndatel hakkas longboardi populaarsus t\u00f5usma, kuna kasutusele tulid uued materjalid ja v\u00f5tted, n\u00e4iteks muutsid uut t\u00fc\u00fcpi tagurpidi asetusega peapoldid longboardid stabiilsemaks. Californias asuv ettev\u00f5te Sector 9 hakkas esmakordselt longboarde masstootma ja m\u00fc\u00fcma. T\u00e4nu sellele sai longboardimisest t\u00f5siselt v\u00f5etav spordiala (X-Games jt).<\/p>\n\n\n\n<p>Longboardide kuldajaks v\u00f5ib pidada aastat 2010, mil pikad lauad j\u00f5udsid massidesse. Paljud hakkasid longboardi kasutama transpordivahendina ning sellest sai trend.<\/p>\n\n\n\n<figure class=\"wp-block-image size-large is-resized\"><img loading=\"lazy\" decoding=\"async\" src=\"https:\/\/longboard.ee\/wp-content\/uploads\/2021\/03\/22278205_303963223413425_2902475994545782784_n_large-1.jpg\" alt=\"\" class=\"wp-image-14335\" width=\"570\" height=\"570\" srcset=\"https:\/\/longboard.ee\/wp-content\/uploads\/2021\/03\/22278205_303963223413425_2902475994545782784_n_large-1.jpg 480w, https:\/\/longboard.ee\/wp-content\/uploads\/2021\/03\/22278205_303963223413425_2902475994545782784_n_large-1-12x12.jpg 12w, https:\/\/longboard.ee\/wp-content\/uploads\/2021\/03\/22278205_303963223413425_2902475994545782784_n_large-1-465x465.jpg 465w, https:\/\/longboard.ee\/wp-content\/uploads\/2021\/03\/22278205_303963223413425_2902475994545782784_n_large-1-150x150.jpg 150w, https:\/\/longboard.ee\/wp-content\/uploads\/2021\/03\/22278205_303963223413425_2902475994545782784_n_large-1-100x100.jpg 100w\" sizes=\"auto, (max-width: 570px) 100vw, 570px\" \/><\/figure>\n\n\n\n<p>Suurele ekraanile j\u00f5udis longboard esmakordselt filmis <em>The Secret Life of Walter Mitty<\/em> (2013), mis pani vist k\u00f5ikide longboardimise f\u00e4nnide s\u00fcdamed kiiremini p\u00f5ksuma.<\/p>\n\n\n\n<figure class=\"wp-block-image size-large\"><img loading=\"lazy\" decoding=\"async\" width=\"660\" height=\"276\" src=\"https:\/\/longboard.ee\/wp-content\/uploads\/2021\/03\/Walter-Mitty-longboarding.jpg\" alt=\"\" class=\"wp-image-14337\" srcset=\"https:\/\/longboard.ee\/wp-content\/uploads\/2021\/03\/Walter-Mitty-longboarding.jpg 660w, https:\/\/longboard.ee\/wp-content\/uploads\/2021\/03\/Walter-Mitty-longboarding-16x7.jpg 16w, https:\/\/longboard.ee\/wp-content\/uploads\/2021\/03\/Walter-Mitty-longboarding-465x194.jpg 465w\" sizes=\"auto, (max-width: 660px) 100vw, 660px\" \/><\/figure>\n\n\n\n<p>Longboardide ja rulade puhul on k\u00fcsimus alati ka stiilis ja disainis. Olgu see laud siis&nbsp; l\u00fchike v\u00f5i pikk, tegemist on subkultuuriga, mille erinevad kooseksisteerivad elemendid moodustavad omaette elufilosoofia. S\u00f5idustiilid on aegade jooksul muutunud ja arenenud, varieerudes vastavalt linnade ja piirkondade ise\u00e4rasustele. N\u00e4iteks v\u00f5tsid New Yorki longboarderid&nbsp; kasutusele v\u00e4ljendi&nbsp; &#8220;Push Culture&#8221;, mis t\u00e4histab \u00fcsna agressiivset ja kiiret lauakasutust, otser\u00fcnnakut linnale. New York on t\u00e4is takistusi ja keerdk\u00e4ike, mis just muudabki selle metropoli ideaalseks ja reaalseks m\u00e4nguv\u00e4ljakuks k\u00f5igile, kes armastavad rulatamist. See on nagu \u00f6\u00f6 ja p\u00e4ev v\u00f5rreldes California pikkade asfaltteedega ning m\u00e4gedega, mis lausa kutsuvad \u201esurfama\u201c.<\/p>\n\n\n\n<figure class=\"wp-block-image size-large\"><img loading=\"lazy\" decoding=\"async\" width=\"1024\" height=\"683\" src=\"https:\/\/longboard.ee\/wp-content\/uploads\/2021\/03\/SKATEBOARDss-slide-P1FG-superJumbo-1024x683.jpg\" alt=\"\" class=\"wp-image-14338\" srcset=\"https:\/\/longboard.ee\/wp-content\/uploads\/2021\/03\/SKATEBOARDss-slide-P1FG-superJumbo-1024x683.jpg 1024w, https:\/\/longboard.ee\/wp-content\/uploads\/2021\/03\/SKATEBOARDss-slide-P1FG-superJumbo-950x633.jpg 950w, https:\/\/longboard.ee\/wp-content\/uploads\/2021\/03\/SKATEBOARDss-slide-P1FG-superJumbo-1536x1024.jpg 1536w, https:\/\/longboard.ee\/wp-content\/uploads\/2021\/03\/SKATEBOARDss-slide-P1FG-superJumbo-16x12.jpg 16w, https:\/\/longboard.ee\/wp-content\/uploads\/2021\/03\/SKATEBOARDss-slide-P1FG-superJumbo-465x310.jpg 465w, https:\/\/longboard.ee\/wp-content\/uploads\/2021\/03\/SKATEBOARDss-slide-P1FG-superJumbo-695x463.jpg 695w, https:\/\/longboard.ee\/wp-content\/uploads\/2021\/03\/SKATEBOARDss-slide-P1FG-superJumbo-2000x1333.jpg 2000w, https:\/\/longboard.ee\/wp-content\/uploads\/2021\/03\/SKATEBOARDss-slide-P1FG-superJumbo.jpg 2048w\" sizes=\"auto, (max-width: 1024px) 100vw, 1024px\" \/><\/figure>\n\n\n\n<p>Longboardide peamine omadus on lihtne \u2013 kiirus \u2013 eriti, mis puudutab <em>downhill<\/em>&#8217;i ja <em>freeride<\/em>\u2019i (stiilsem ja aeglasema tempoga <em>downhill<\/em>). Kuid lisaks sellele on palju erinevaid stiile, mis n\u00f5uavad lisaks kiirusele ja julgusele ka koordinatsiooni, tasakaalu ja tehnikat, n\u00e4iteks kruiisimine, <em>carving<\/em> (sujuv S-kujuline s\u00f5itmine), <em>sliding<\/em> (tehniline libisemine), <em>pumping<\/em> (ilma jalat\u00f5ugedeta ning ainult keha liigutades s\u00f5itmine), <em>freestyle <\/em>(akrobaatilisem stiil, saraneb enim rulatrikkide tegemisega) ja muidugi tantsimine (laual tantsuliigutuste tegemine).<\/p>\n\n\n\n<p>Allikad: <em>Wikipedia, Longboardbrand, Technogym<\/em><\/p>\n\n\n\n<figure class=\"wp-block-image size-large\"><img loading=\"lazy\" decoding=\"async\" width=\"590\" height=\"592\" src=\"https:\/\/longboard.ee\/wp-content\/uploads\/2021\/03\/03-Hamboards-Cruising-carving_1024x1024.png\" alt=\"\" class=\"wp-image-14343\" srcset=\"https:\/\/longboard.ee\/wp-content\/uploads\/2021\/03\/03-Hamboards-Cruising-carving_1024x1024.png 590w, https:\/\/longboard.ee\/wp-content\/uploads\/2021\/03\/03-Hamboards-Cruising-carving_1024x1024-12x12.png 12w, https:\/\/longboard.ee\/wp-content\/uploads\/2021\/03\/03-Hamboards-Cruising-carving_1024x1024-465x467.png 465w, https:\/\/longboard.ee\/wp-content\/uploads\/2021\/03\/03-Hamboards-Cruising-carving_1024x1024-498x500.png 498w, https:\/\/longboard.ee\/wp-content\/uploads\/2021\/03\/03-Hamboards-Cruising-carving_1024x1024-150x150.png 150w, https:\/\/longboard.ee\/wp-content\/uploads\/2021\/03\/03-Hamboards-Cruising-carving_1024x1024-100x100.png 100w\" sizes=\"auto, (max-width: 590px) 100vw, 590px\" \/><figcaption><em>Carving<\/em><\/figcaption><\/figure>\n\n\n\n<figure class=\"wp-block-image size-large\"><img loading=\"lazy\" decoding=\"async\" width=\"660\" height=\"660\" src=\"https:\/\/longboard.ee\/wp-content\/uploads\/2021\/03\/slide.jpg\" alt=\"\" class=\"wp-image-14344\" srcset=\"https:\/\/longboard.ee\/wp-content\/uploads\/2021\/03\/slide.jpg 660w, https:\/\/longboard.ee\/wp-content\/uploads\/2021\/03\/slide-12x12.jpg 12w, https:\/\/longboard.ee\/wp-content\/uploads\/2021\/03\/slide-465x465.jpg 465w, https:\/\/longboard.ee\/wp-content\/uploads\/2021\/03\/slide-500x500.jpg 500w, https:\/\/longboard.ee\/wp-content\/uploads\/2021\/03\/slide-150x150.jpg 150w, https:\/\/longboard.ee\/wp-content\/uploads\/2021\/03\/slide-100x100.jpg 100w\" sizes=\"auto, (max-width: 660px) 100vw, 660px\" \/><figcaption><em>Sliding<\/em><\/figcaption><\/figure>\n\n\n\n<figure class=\"wp-block-image size-large\"><img loading=\"lazy\" decoding=\"async\" width=\"602\" height=\"402\" src=\"https:\/\/longboard.ee\/wp-content\/uploads\/2021\/03\/Practice-turning-1.jpg\" alt=\"\" class=\"wp-image-14345\" srcset=\"https:\/\/longboard.ee\/wp-content\/uploads\/2021\/03\/Practice-turning-1.jpg 602w, https:\/\/longboard.ee\/wp-content\/uploads\/2021\/03\/Practice-turning-1-16x12.jpg 16w, https:\/\/longboard.ee\/wp-content\/uploads\/2021\/03\/Practice-turning-1-465x311.jpg 465w\" sizes=\"auto, (max-width: 602px) 100vw, 602px\" \/><figcaption><em>Freestyle<\/em><\/figcaption><\/figure>\n\n\n\n<figure class=\"wp-block-image size-large\"><img loading=\"lazy\" decoding=\"async\" width=\"1024\" height=\"683\" src=\"https:\/\/longboard.ee\/wp-content\/uploads\/2021\/03\/longboard-dancing-1024x683.jpg\" alt=\"\" class=\"wp-image-14346\" srcset=\"https:\/\/longboard.ee\/wp-content\/uploads\/2021\/03\/longboard-dancing-1024x683.jpg 1024w, https:\/\/longboard.ee\/wp-content\/uploads\/2021\/03\/longboard-dancing-950x633.jpg 950w, https:\/\/longboard.ee\/wp-content\/uploads\/2021\/03\/longboard-dancing-16x12.jpg 16w, https:\/\/longboard.ee\/wp-content\/uploads\/2021\/03\/longboard-dancing-465x310.jpg 465w, https:\/\/longboard.ee\/wp-content\/uploads\/2021\/03\/longboard-dancing-695x463.jpg 695w, https:\/\/longboard.ee\/wp-content\/uploads\/2021\/03\/longboard-dancing.jpg 1200w\" sizes=\"auto, (max-width: 1024px) 100vw, 1024px\" \/><figcaption>Tantsimine<\/figcaption><\/figure>\n\n\n\n<figure class=\"wp-block-image size-large is-resized\"><img loading=\"lazy\" decoding=\"async\" src=\"https:\/\/longboard.ee\/wp-content\/uploads\/2021\/03\/freeride.jpg\" alt=\"\" class=\"wp-image-14348\" width=\"584\" height=\"389\" srcset=\"https:\/\/longboard.ee\/wp-content\/uploads\/2021\/03\/freeride.jpg 500w, https:\/\/longboard.ee\/wp-content\/uploads\/2021\/03\/freeride-16x12.jpg 16w, https:\/\/longboard.ee\/wp-content\/uploads\/2021\/03\/freeride-465x310.jpg 465w\" sizes=\"auto, (max-width: 584px) 100vw, 584px\" \/><figcaption><em>Freeride<\/em><\/figcaption><\/figure>\n\n\n\n<figure class=\"wp-block-image size-large\"><img loading=\"lazy\" decoding=\"async\" width=\"1024\" height=\"576\" src=\"https:\/\/longboard.ee\/wp-content\/uploads\/2021\/03\/6c290f96ede737cb644725305bbdeb11-2-1024x576.jpg\" alt=\"\" class=\"wp-image-14347\" srcset=\"https:\/\/longboard.ee\/wp-content\/uploads\/2021\/03\/6c290f96ede737cb644725305bbdeb11-2-1024x576.jpg 1024w, https:\/\/longboard.ee\/wp-content\/uploads\/2021\/03\/6c290f96ede737cb644725305bbdeb11-2-950x534.jpg 950w, https:\/\/longboard.ee\/wp-content\/uploads\/2021\/03\/6c290f96ede737cb644725305bbdeb11-2-16x9.jpg 16w, https:\/\/longboard.ee\/wp-content\/uploads\/2021\/03\/6c290f96ede737cb644725305bbdeb11-2-465x262.jpg 465w, https:\/\/longboard.ee\/wp-content\/uploads\/2021\/03\/6c290f96ede737cb644725305bbdeb11-2-695x391.jpg 695w, https:\/\/longboard.ee\/wp-content\/uploads\/2021\/03\/6c290f96ede737cb644725305bbdeb11-2.jpg 1280w\" sizes=\"auto, (max-width: 1024px) 100vw, 1024px\" \/><figcaption><em>Downhill<\/em><\/figcaption><\/figure>\n\n\n\n<p><strong>Trikid v\u00e4\u00e4rivad aplausi, stiilid respekti !<\/strong><\/p>\n","protected":false},"excerpt":{"rendered":"<p>Kui me r\u00e4\u00e4gime longboardimisest, siis oleme me omadega j\u00f5udnud \u00fche subkultuuri territooriumile, mis on omakorda osa \u00fchest teisest subkultuurist, millel on oma m\u00fc\u00fcdid ja legendid, kirjutamata reeglid ja kommuunid, kes loovad uusi rituaale ja kujundavad ise oma keelt. Longboard, nagu tema v\u00e4iksem vend rulagi, sai alguse surfaritest, kes vajasid alternatiivset<span class=\"more-link\"><a href=\"https:\/\/longboard.ee\/et\/longboard-pika-laua-lugu\/\">Continue Reading<\/a><\/span><\/p>\n","protected":false},"author":4,"featured_media":0,"parent":0,"menu_order":0,"comment_status":"closed","ping_status":"closed","template":"","meta":{"footnotes":""},"class_list":["entry","author-johanna","post-14329","page","type-page","status-publish"],"yoast_head":"<!-- This site is optimized with the Yoast SEO plugin v27.5 - https:\/\/yoast.com\/product\/yoast-seo-wordpress\/ -->\n<title>Longboard - pika laua lugu - Longboard.ee<\/title>\n<meta name=\"description\" content=\"Kui me r\u00e4\u00e4gime longboardimisest, siis oleme me omadega j\u00f5udnud \u00fche subkultuuri territooriumile, mis on omakorda osa \u00fchest teisest subkultuurist...\" \/>\n<meta name=\"robots\" content=\"index, follow, max-snippet:-1, max-image-preview:large, max-video-preview:-1\" \/>\n<link rel=\"canonical\" href=\"https:\/\/longboard.ee\/et\/longboard-the-story-of-a-long-board\/\" \/>\n<meta name=\"twitter:label1\" content=\"Est. reading time\" \/>\n\t<meta name=\"twitter:data1\" content=\"5 minutit\" \/>\n<script type=\"application\/ld+json\" class=\"yoast-schema-graph\">{\"@context\":\"https:\\\/\\\/schema.org\",\"@graph\":[{\"@type\":\"WebPage\",\"@id\":\"https:\\\/\\\/longboard.ee\\\/en\\\/longboard-the-story-of-a-long-board\\\/\",\"url\":\"https:\\\/\\\/longboard.ee\\\/en\\\/longboard-the-story-of-a-long-board\\\/\",\"name\":\"Longboard - pika laua lugu - Longboard.ee\",\"isPartOf\":{\"@id\":\"https:\\\/\\\/longboard.ee\\\/et\\\/#website\"},\"primaryImageOfPage\":{\"@id\":\"https:\\\/\\\/longboard.ee\\\/en\\\/longboard-the-story-of-a-long-board\\\/#primaryimage\"},\"image\":{\"@id\":\"https:\\\/\\\/longboard.ee\\\/en\\\/longboard-the-story-of-a-long-board\\\/#primaryimage\"},\"thumbnailUrl\":\"https:\\\/\\\/longboard.ee\\\/wp-content\\\/uploads\\\/2021\\\/03\\\/973d766a9cde6646c6238e48eb6c016e-longboard-surf-skate-surf.jpg\",\"datePublished\":\"2021-03-10T18:21:18+00:00\",\"dateModified\":\"2021-12-15T09:17:24+00:00\",\"description\":\"Kui me r\u00e4\u00e4gime longboardimisest, siis oleme me omadega j\u00f5udnud \u00fche subkultuuri territooriumile, mis on omakorda osa \u00fchest teisest subkultuurist...\",\"breadcrumb\":{\"@id\":\"https:\\\/\\\/longboard.ee\\\/en\\\/longboard-the-story-of-a-long-board\\\/#breadcrumb\"},\"inLanguage\":\"et\",\"potentialAction\":[{\"@type\":\"ReadAction\",\"target\":[\"https:\\\/\\\/longboard.ee\\\/en\\\/longboard-the-story-of-a-long-board\\\/\"]}]},{\"@type\":\"ImageObject\",\"inLanguage\":\"et\",\"@id\":\"https:\\\/\\\/longboard.ee\\\/en\\\/longboard-the-story-of-a-long-board\\\/#primaryimage\",\"url\":\"https:\\\/\\\/longboard.ee\\\/wp-content\\\/uploads\\\/2021\\\/03\\\/973d766a9cde6646c6238e48eb6c016e-longboard-surf-skate-surf.jpg\",\"contentUrl\":\"https:\\\/\\\/longboard.ee\\\/wp-content\\\/uploads\\\/2021\\\/03\\\/973d766a9cde6646c6238e48eb6c016e-longboard-surf-skate-surf.jpg\"},{\"@type\":\"BreadcrumbList\",\"@id\":\"https:\\\/\\\/longboard.ee\\\/en\\\/longboard-the-story-of-a-long-board\\\/#breadcrumb\",\"itemListElement\":[{\"@type\":\"ListItem\",\"position\":1,\"name\":\"Home\",\"item\":\"https:\\\/\\\/longboard.ee\\\/\"},{\"@type\":\"ListItem\",\"position\":2,\"name\":\"Longboard &#8211; pika laua lugu\"}]},{\"@type\":\"WebSite\",\"@id\":\"https:\\\/\\\/longboard.ee\\\/et\\\/#website\",\"url\":\"https:\\\/\\\/longboard.ee\\\/et\\\/\",\"name\":\"Longboard.ee\",\"description\":\"Longboardide e-pood\",\"publisher\":{\"@id\":\"https:\\\/\\\/longboard.ee\\\/et\\\/#organization\"},\"potentialAction\":[{\"@type\":\"SearchAction\",\"target\":{\"@type\":\"EntryPoint\",\"urlTemplate\":\"https:\\\/\\\/longboard.ee\\\/et\\\/?s={search_term_string}\"},\"query-input\":{\"@type\":\"PropertyValueSpecification\",\"valueRequired\":true,\"valueName\":\"search_term_string\"}}],\"inLanguage\":\"et\"},{\"@type\":\"Organization\",\"@id\":\"https:\\\/\\\/longboard.ee\\\/et\\\/#organization\",\"name\":\"Longboard.ee\",\"url\":\"https:\\\/\\\/longboard.ee\\\/et\\\/\",\"logo\":{\"@type\":\"ImageObject\",\"inLanguage\":\"et\",\"@id\":\"https:\\\/\\\/longboard.ee\\\/et\\\/#\\\/schema\\\/logo\\\/image\\\/\",\"url\":\"https:\\\/\\\/longboard.ee\\\/wp-content\\\/uploads\\\/2021\\\/10\\\/logo55.jpg\",\"contentUrl\":\"https:\\\/\\\/longboard.ee\\\/wp-content\\\/uploads\\\/2021\\\/10\\\/logo55.jpg\",\"width\":180,\"height\":180,\"caption\":\"Longboard.ee\"},\"image\":{\"@id\":\"https:\\\/\\\/longboard.ee\\\/et\\\/#\\\/schema\\\/logo\\\/image\\\/\"},\"sameAs\":[\"https:\\\/\\\/www.facebook.com\\\/Longboardee-131787663895166\\\/\"]}]}<\/script>\n<!-- \/ Yoast SEO plugin. -->","yoast_head_json":{"title":"Longboard - pika laua lugu - Longboard.ee","description":"Kui me r\u00e4\u00e4gime longboardimisest, siis oleme me omadega j\u00f5udnud \u00fche subkultuuri territooriumile, mis on omakorda osa \u00fchest teisest subkultuurist...","robots":{"index":"index","follow":"follow","max-snippet":"max-snippet:-1","max-image-preview":"max-image-preview:large","max-video-preview":"max-video-preview:-1"},"canonical":"https:\/\/longboard.ee\/et\/longboard-the-story-of-a-long-board\/","twitter_misc":{"Est. reading time":"5 minutit"},"schema":{"@context":"https:\/\/schema.org","@graph":[{"@type":"WebPage","@id":"https:\/\/longboard.ee\/en\/longboard-the-story-of-a-long-board\/","url":"https:\/\/longboard.ee\/en\/longboard-the-story-of-a-long-board\/","name":"Longboard - pika laua lugu - Longboard.ee","isPartOf":{"@id":"https:\/\/longboard.ee\/et\/#website"},"primaryImageOfPage":{"@id":"https:\/\/longboard.ee\/en\/longboard-the-story-of-a-long-board\/#primaryimage"},"image":{"@id":"https:\/\/longboard.ee\/en\/longboard-the-story-of-a-long-board\/#primaryimage"},"thumbnailUrl":"https:\/\/longboard.ee\/wp-content\/uploads\/2021\/03\/973d766a9cde6646c6238e48eb6c016e-longboard-surf-skate-surf.jpg","datePublished":"2021-03-10T18:21:18+00:00","dateModified":"2021-12-15T09:17:24+00:00","description":"Kui me r\u00e4\u00e4gime longboardimisest, siis oleme me omadega j\u00f5udnud \u00fche subkultuuri territooriumile, mis on omakorda osa \u00fchest teisest subkultuurist...","breadcrumb":{"@id":"https:\/\/longboard.ee\/en\/longboard-the-story-of-a-long-board\/#breadcrumb"},"inLanguage":"et","potentialAction":[{"@type":"ReadAction","target":["https:\/\/longboard.ee\/en\/longboard-the-story-of-a-long-board\/"]}]},{"@type":"ImageObject","inLanguage":"et","@id":"https:\/\/longboard.ee\/en\/longboard-the-story-of-a-long-board\/#primaryimage","url":"https:\/\/longboard.ee\/wp-content\/uploads\/2021\/03\/973d766a9cde6646c6238e48eb6c016e-longboard-surf-skate-surf.jpg","contentUrl":"https:\/\/longboard.ee\/wp-content\/uploads\/2021\/03\/973d766a9cde6646c6238e48eb6c016e-longboard-surf-skate-surf.jpg"},{"@type":"BreadcrumbList","@id":"https:\/\/longboard.ee\/en\/longboard-the-story-of-a-long-board\/#breadcrumb","itemListElement":[{"@type":"ListItem","position":1,"name":"Home","item":"https:\/\/longboard.ee\/"},{"@type":"ListItem","position":2,"name":"Longboard &#8211; pika laua lugu"}]},{"@type":"WebSite","@id":"https:\/\/longboard.ee\/et\/#website","url":"https:\/\/longboard.ee\/et\/","name":"Longboard.ee","description":"Longboardide e-pood","publisher":{"@id":"https:\/\/longboard.ee\/et\/#organization"},"potentialAction":[{"@type":"SearchAction","target":{"@type":"EntryPoint","urlTemplate":"https:\/\/longboard.ee\/et\/?s={search_term_string}"},"query-input":{"@type":"PropertyValueSpecification","valueRequired":true,"valueName":"search_term_string"}}],"inLanguage":"et"},{"@type":"Organization","@id":"https:\/\/longboard.ee\/et\/#organization","name":"Longboard.ee","url":"https:\/\/longboard.ee\/et\/","logo":{"@type":"ImageObject","inLanguage":"et","@id":"https:\/\/longboard.ee\/et\/#\/schema\/logo\/image\/","url":"https:\/\/longboard.ee\/wp-content\/uploads\/2021\/10\/logo55.jpg","contentUrl":"https:\/\/longboard.ee\/wp-content\/uploads\/2021\/10\/logo55.jpg","width":180,"height":180,"caption":"Longboard.ee"},"image":{"@id":"https:\/\/longboard.ee\/et\/#\/schema\/logo\/image\/"},"sameAs":["https:\/\/www.facebook.com\/Longboardee-131787663895166\/"]}]}},"_links":{"self":[{"href":"https:\/\/longboard.ee\/et\/wp-json\/wp\/v2\/pages\/14329","targetHints":{"allow":["GET"]}}],"collection":[{"href":"https:\/\/longboard.ee\/et\/wp-json\/wp\/v2\/pages"}],"about":[{"href":"https:\/\/longboard.ee\/et\/wp-json\/wp\/v2\/types\/page"}],"author":[{"embeddable":true,"href":"https:\/\/longboard.ee\/et\/wp-json\/wp\/v2\/users\/4"}],"replies":[{"embeddable":true,"href":"https:\/\/longboard.ee\/et\/wp-json\/wp\/v2\/comments?post=14329"}],"version-history":[{"count":0,"href":"https:\/\/longboard.ee\/et\/wp-json\/wp\/v2\/pages\/14329\/revisions"}],"wp:attachment":[{"href":"https:\/\/longboard.ee\/et\/wp-json\/wp\/v2\/media?parent=14329"}],"curies":[{"name":"wp","href":"https:\/\/api.w.org\/{rel}","templated":true}]}}