{"id":357,"date":"2014-03-02T18:19:56","date_gmt":"2014-03-02T18:19:56","guid":{"rendered":"http:\/\/longboard.ee\/?page_id=357"},"modified":"2021-09-26T07:49:34","modified_gmt":"2021-09-26T07:49:34","slug":"tellimisinfo","status":"publish","type":"page","link":"https:\/\/longboard.ee\/et\/tellimisinfo\/","title":{"rendered":"Tellimisinfo"},"content":{"rendered":"\n<p> <\/p>\n\n\n\n<p> <\/p>\n\n\n\n<p class=\"has-text-align-left\"><strong>Tellimine<\/strong><\/p>\n\n\n\n<p class=\"has-text-align-left\">Kauba tellimiseks valige v\u00e4lja sobivad tooted ning kinnitage tellimus.<\/p>\n\n\n\n<p class=\"has-text-align-left\">Tellimust vormistades on v\u00f5imalik kasutada sooduskuponge. Igal sooduskoodi kupongil on<br>t\u00e4htedest v\u00f5i numbritest koosnev kood.<\/p>\n\n\n\n<p><strong>Sooduskupongid<\/strong><\/p>\n\n\n\n<p class=\"has-text-align-left\">Sooduskoodi saab sisestada ostukorvis &#8220;Kupongi kood&#8221;<br>lahtrisse. Kuponge on v\u00f5imalik saada l\u00e4bi reklaamide.<\/p>\n\n\n\n<p class=\"has-text-align-left\"><strong>Ostude eest tasumine<\/strong><\/p>\n\n\n\n<p class=\"has-text-align-left\">Ostude eest arveldamine toimub eurodes.<\/p>\n\n\n\n<p class=\"has-text-align-left\">Ostude eest on v\u00f5imalik tasuda 3 erineval viisil:<\/p>\n\n\n\n<p class=\"has-text-align-left\">Valides tellimust sooritades: &#8220;Maksmine l\u00e4bi PayPal keskkonna&#8221;, saate tasuda koheselt, kasutades turvalist PayPal maksekeskonda.<\/p>\n\n\n\n<p class=\"has-text-align-left\">Valides tellimust sooritades: &#8220;Maksmine pangalingiga&#8221;, saate tasuda Eesti pangalinkide vahendusel koheselt, kasutades turvalist SEB E-\u00c4ri maksekeskkonda.<\/p>\n\n\n\n<p class=\"has-text-align-left\">Valides tellimust sooritades: &#8220;Maksmine arve alusel&#8221;, saadame teile arve koos tarneajaga 1 t\u00f6\u00f6p\u00e4eva jooksul. Arve\/tellimus annulleeritakse, kui makse ei ole laekunud 5 t\u00f6\u00f6p\u00e4eva jooksul.<\/p>\n\n\n\n<p class=\"has-text-align-left\">Meie e-poes on toodete eest v\u00f5imalik tasuda ka j\u00e4relmaksuga. J\u00e4relmaksu lahendusi vahendab ESTO AS\/Kevin EU UAB.<\/p>\n\n\n\n<p class=\"has-text-align-left\"><strong>Transport<\/strong><\/p>\n\n\n\n<p class=\"has-text-align-left\">Laos olevad kaubad saadame v\u00e4lja 1 t\u00f6\u00f6p\u00e4eva jooksul. &#8220;Tellimisel&#8221; olevate kaupade tarneaja ja k\u00e4ttetoimetamise tingimusete osas saadame peale tellimuse kinnituse kindlasti ka t\u00e4psustava e-kirja 1 t\u00f6\u00f6p\u00e4eva jooksul.<\/p>\n\n\n\n<p class=\"has-text-align-left\">Tellimused ja t\u00e4iendavad k\u00fcsimused saab saata ka e-posti aadressile info@longboard.ee.<\/p>\n\n\n\n<div class=\"wp-block-image\"><figure class=\"aligncenter\"><img decoding=\"async\" src=\"https:\/\/longboard.ee\/wp-content\/uploads\/2015\/09\/DSC_0170.jpg\" alt=\"\" class=\"wp-image-1761\"\/><\/figure><\/div>\n","protected":false},"excerpt":{"rendered":"<p>Tellimine Kauba tellimiseks valige v\u00e4lja sobivad tooted ning kinnitage tellimus. Tellimust vormistades on v\u00f5imalik kasutada sooduskuponge. Igal sooduskoodi kupongil ont\u00e4htedest v\u00f5i numbritest koosnev kood. Sooduskupongid Sooduskoodi saab sisestada ostukorvis &#8220;Kupongi kood&#8221;lahtrisse. Kuponge on v\u00f5imalik saada l\u00e4bi reklaamide. Ostude eest tasumine Ostude eest arveldamine toimub eurodes. Ostude eest on v\u00f5imalik tasuda<span class=\"more-link\"><a href=\"https:\/\/longboard.ee\/et\/tellimisinfo\/\">Continue Reading<\/a><\/span><\/p>\n","protected":false},"author":3,"featured_media":0,"parent":0,"menu_order":0,"comment_status":"closed","ping_status":"closed","template":"","meta":{"footnotes":""},"class_list":["entry","author-nzz","post-357","page","type-page","status-publish"],"yoast_head":"<!-- This site is optimized with the Yoast SEO plugin v27.5 - https:\/\/yoast.com\/product\/yoast-seo-wordpress\/ -->\n<title>Tellimisinfo - longboard.ee<\/title>\n<meta name=\"description\" content=\"Teretulemast longboard.ee poodi. Original longboardide, pintailide, minide m\u00fc\u00fck.\" \/>\n<meta name=\"robots\" content=\"index, follow, max-snippet:-1, max-image-preview:large, max-video-preview:-1\" \/>\n<link rel=\"canonical\" href=\"https:\/\/longboard.ee\/et\/ordering-info\/\" \/>\n<meta name=\"twitter:label1\" content=\"Est. reading time\" \/>\n\t<meta name=\"twitter:data1\" content=\"1 minut\" \/>\n<script type=\"application\/ld+json\" class=\"yoast-schema-graph\">{\"@context\":\"https:\\\/\\\/schema.org\",\"@graph\":[{\"@type\":\"WebPage\",\"@id\":\"https:\\\/\\\/longboard.ee\\\/en\\\/ordering-info\\\/\",\"url\":\"https:\\\/\\\/longboard.ee\\\/en\\\/ordering-info\\\/\",\"name\":\"Tellimisinfo - longboard.ee\",\"isPartOf\":{\"@id\":\"https:\\\/\\\/longboard.ee\\\/et\\\/#website\"},\"primaryImageOfPage\":{\"@id\":\"https:\\\/\\\/longboard.ee\\\/en\\\/ordering-info\\\/#primaryimage\"},\"image\":{\"@id\":\"https:\\\/\\\/longboard.ee\\\/en\\\/ordering-info\\\/#primaryimage\"},\"thumbnailUrl\":\"https:\\\/\\\/longboard.ee\\\/wp-content\\\/uploads\\\/2015\\\/09\\\/DSC_0170.jpg\",\"datePublished\":\"2014-03-02T18:19:56+00:00\",\"dateModified\":\"2021-09-26T07:49:34+00:00\",\"description\":\"Teretulemast longboard.ee poodi. Original longboardide, pintailide, minide m\u00fc\u00fck.\",\"breadcrumb\":{\"@id\":\"https:\\\/\\\/longboard.ee\\\/en\\\/ordering-info\\\/#breadcrumb\"},\"inLanguage\":\"et\",\"potentialAction\":[{\"@type\":\"ReadAction\",\"target\":[\"https:\\\/\\\/longboard.ee\\\/en\\\/ordering-info\\\/\"]}]},{\"@type\":\"ImageObject\",\"inLanguage\":\"et\",\"@id\":\"https:\\\/\\\/longboard.ee\\\/en\\\/ordering-info\\\/#primaryimage\",\"url\":\"https:\\\/\\\/longboard.ee\\\/wp-content\\\/uploads\\\/2015\\\/09\\\/DSC_0170.jpg\",\"contentUrl\":\"https:\\\/\\\/longboard.ee\\\/wp-content\\\/uploads\\\/2015\\\/09\\\/DSC_0170.jpg\"},{\"@type\":\"BreadcrumbList\",\"@id\":\"https:\\\/\\\/longboard.ee\\\/en\\\/ordering-info\\\/#breadcrumb\",\"itemListElement\":[{\"@type\":\"ListItem\",\"position\":1,\"name\":\"Home\",\"item\":\"https:\\\/\\\/longboard.ee\\\/\"},{\"@type\":\"ListItem\",\"position\":2,\"name\":\"Tellimisinfo\"}]},{\"@type\":\"WebSite\",\"@id\":\"https:\\\/\\\/longboard.ee\\\/et\\\/#website\",\"url\":\"https:\\\/\\\/longboard.ee\\\/et\\\/\",\"name\":\"Longboard.ee\",\"description\":\"Longboardide e-pood\",\"publisher\":{\"@id\":\"https:\\\/\\\/longboard.ee\\\/et\\\/#organization\"},\"potentialAction\":[{\"@type\":\"SearchAction\",\"target\":{\"@type\":\"EntryPoint\",\"urlTemplate\":\"https:\\\/\\\/longboard.ee\\\/et\\\/?s={search_term_string}\"},\"query-input\":{\"@type\":\"PropertyValueSpecification\",\"valueRequired\":true,\"valueName\":\"search_term_string\"}}],\"inLanguage\":\"et\"},{\"@type\":\"Organization\",\"@id\":\"https:\\\/\\\/longboard.ee\\\/et\\\/#organization\",\"name\":\"Longboard.ee\",\"url\":\"https:\\\/\\\/longboard.ee\\\/et\\\/\",\"logo\":{\"@type\":\"ImageObject\",\"inLanguage\":\"et\",\"@id\":\"https:\\\/\\\/longboard.ee\\\/et\\\/#\\\/schema\\\/logo\\\/image\\\/\",\"url\":\"https:\\\/\\\/longboard.ee\\\/wp-content\\\/uploads\\\/2021\\\/10\\\/logo55.jpg\",\"contentUrl\":\"https:\\\/\\\/longboard.ee\\\/wp-content\\\/uploads\\\/2021\\\/10\\\/logo55.jpg\",\"width\":180,\"height\":180,\"caption\":\"Longboard.ee\"},\"image\":{\"@id\":\"https:\\\/\\\/longboard.ee\\\/et\\\/#\\\/schema\\\/logo\\\/image\\\/\"},\"sameAs\":[\"https:\\\/\\\/www.facebook.com\\\/Longboardee-131787663895166\\\/\"]}]}<\/script>\n<!-- \/ Yoast SEO plugin. -->","yoast_head_json":{"title":"Tellimisinfo - longboard.ee","description":"Teretulemast longboard.ee poodi. Original longboardide, pintailide, minide m\u00fc\u00fck.","robots":{"index":"index","follow":"follow","max-snippet":"max-snippet:-1","max-image-preview":"max-image-preview:large","max-video-preview":"max-video-preview:-1"},"canonical":"https:\/\/longboard.ee\/et\/ordering-info\/","twitter_misc":{"Est. reading time":"1 minut"},"schema":{"@context":"https:\/\/schema.org","@graph":[{"@type":"WebPage","@id":"https:\/\/longboard.ee\/en\/ordering-info\/","url":"https:\/\/longboard.ee\/en\/ordering-info\/","name":"Tellimisinfo - longboard.ee","isPartOf":{"@id":"https:\/\/longboard.ee\/et\/#website"},"primaryImageOfPage":{"@id":"https:\/\/longboard.ee\/en\/ordering-info\/#primaryimage"},"image":{"@id":"https:\/\/longboard.ee\/en\/ordering-info\/#primaryimage"},"thumbnailUrl":"https:\/\/longboard.ee\/wp-content\/uploads\/2015\/09\/DSC_0170.jpg","datePublished":"2014-03-02T18:19:56+00:00","dateModified":"2021-09-26T07:49:34+00:00","description":"Teretulemast longboard.ee poodi. Original longboardide, pintailide, minide m\u00fc\u00fck.","breadcrumb":{"@id":"https:\/\/longboard.ee\/en\/ordering-info\/#breadcrumb"},"inLanguage":"et","potentialAction":[{"@type":"ReadAction","target":["https:\/\/longboard.ee\/en\/ordering-info\/"]}]},{"@type":"ImageObject","inLanguage":"et","@id":"https:\/\/longboard.ee\/en\/ordering-info\/#primaryimage","url":"https:\/\/longboard.ee\/wp-content\/uploads\/2015\/09\/DSC_0170.jpg","contentUrl":"https:\/\/longboard.ee\/wp-content\/uploads\/2015\/09\/DSC_0170.jpg"},{"@type":"BreadcrumbList","@id":"https:\/\/longboard.ee\/en\/ordering-info\/#breadcrumb","itemListElement":[{"@type":"ListItem","position":1,"name":"Home","item":"https:\/\/longboard.ee\/"},{"@type":"ListItem","position":2,"name":"Tellimisinfo"}]},{"@type":"WebSite","@id":"https:\/\/longboard.ee\/et\/#website","url":"https:\/\/longboard.ee\/et\/","name":"Longboard.ee","description":"Longboardide e-pood","publisher":{"@id":"https:\/\/longboard.ee\/et\/#organization"},"potentialAction":[{"@type":"SearchAction","target":{"@type":"EntryPoint","urlTemplate":"https:\/\/longboard.ee\/et\/?s={search_term_string}"},"query-input":{"@type":"PropertyValueSpecification","valueRequired":true,"valueName":"search_term_string"}}],"inLanguage":"et"},{"@type":"Organization","@id":"https:\/\/longboard.ee\/et\/#organization","name":"Longboard.ee","url":"https:\/\/longboard.ee\/et\/","logo":{"@type":"ImageObject","inLanguage":"et","@id":"https:\/\/longboard.ee\/et\/#\/schema\/logo\/image\/","url":"https:\/\/longboard.ee\/wp-content\/uploads\/2021\/10\/logo55.jpg","contentUrl":"https:\/\/longboard.ee\/wp-content\/uploads\/2021\/10\/logo55.jpg","width":180,"height":180,"caption":"Longboard.ee"},"image":{"@id":"https:\/\/longboard.ee\/et\/#\/schema\/logo\/image\/"},"sameAs":["https:\/\/www.facebook.com\/Longboardee-131787663895166\/"]}]}},"_links":{"self":[{"href":"https:\/\/longboard.ee\/et\/wp-json\/wp\/v2\/pages\/357","targetHints":{"allow":["GET"]}}],"collection":[{"href":"https:\/\/longboard.ee\/et\/wp-json\/wp\/v2\/pages"}],"about":[{"href":"https:\/\/longboard.ee\/et\/wp-json\/wp\/v2\/types\/page"}],"author":[{"embeddable":true,"href":"https:\/\/longboard.ee\/et\/wp-json\/wp\/v2\/users\/3"}],"replies":[{"embeddable":true,"href":"https:\/\/longboard.ee\/et\/wp-json\/wp\/v2\/comments?post=357"}],"version-history":[{"count":0,"href":"https:\/\/longboard.ee\/et\/wp-json\/wp\/v2\/pages\/357\/revisions"}],"wp:attachment":[{"href":"https:\/\/longboard.ee\/et\/wp-json\/wp\/v2\/media?parent=357"}],"curies":[{"name":"wp","href":"https:\/\/api.w.org\/{rel}","templated":true}]}}