{"id":364,"date":"2014-04-14T16:22:48","date_gmt":"2014-04-14T16:22:48","guid":{"rendered":"http:\/\/longboard.ee\/?page_id=364"},"modified":"2021-09-27T07:03:38","modified_gmt":"2021-09-27T07:03:38","slug":"longboardid-e-poe-ostutingimused","status":"publish","type":"page","link":"https:\/\/longboard.ee\/et\/tellimisinfo\/longboardid-e-poe-ostutingimused\/","title":{"rendered":"E-poe ostutingimused"},"content":{"rendered":"<p>E-poe ostutingimused &#8211; Longboard.ee<\/p>\n<ol>\n<li>Tingimuste ulatus ja kehtivus<\/li>\n<\/ol>\n<p>1.1. Tingimused kehtivad k\u00f5ikide isikute ja ostukeskkonna Longboard.ee (edaspidi Longboard.ee e-pood) omanik Universal Experts O\u00dc vahel Longboard.ee e-poe vahendusel toodete ostmisel tekkivate \u00f5igussuhete kohta.<\/p>\n<p>1.2 Lisaks k\u00e4esolevatele tingimustele reguleerivad Longboard.ee e-poe vahendusel toodete ostmisel tekkivaid \u00f5igussuhteid Eesti Vabariigis kehtivad \u00f5igusaktid.<\/p>\n<p>1.3\u00a0 Universal Experts O\u00dc-l on \u00f5igus e-poe vahendusel s\u00f5lmitud\u00a0m\u00fc\u00fcgilepingust taganeda ning tellitud kaup j\u00e4tta \u00fcle andmata v\u00f5i teenus osutamata allj\u00e4rgnevatel juhtudel:<\/p>\n<p>1) kaup on laost otsa saanud;<\/p>\n<p>2) kauba hinda v\u00f5i omadusi on e-poes kuvatud valesti s\u00fcsteemivea t\u00f5ttu.<\/p>\n<p>Kui Universal Experts O\u00dc-l ei ole v\u00f5imalik tellimust t\u00e4ita, v\u00f5etakse ostjaga \u00fchendust e-maili v\u00f5i telefoni teel ning tagastatakse tellimuse summa juhul, kui ostja on j\u00f5udnud kauba eest ettemaksu teha.<\/p>\n<p>1.4 Universal Experts O\u00dc on \u00f5igustatud Longboard.ee e-poe arengust tulenevalt ning e-poe parema ja turvalisema kasutamise huvides k\u00e4esolevaid tingimusi ja hinnakirja muutma ning t\u00e4iendama. Tingimuste ning hinnakirja muudatustest ja t\u00e4iendustest teatatakse interneti lehek\u00fclje www.longboard.ee kaudu. Tingimuste ja hinnakirja muudatused ning t\u00e4iendused j\u00f5ustuvad vastava muudatuse v\u00f5i t\u00e4ienduse avaldamisest interneti lehek\u00fcljel www.longboard.ee. Kui Te edastasite oma tellimuse enne tingimuste muudatuste j\u00f5ustumist, kohaldatakse Teie ja Universal Experts O\u00dc vahel tekkinud \u00f5igussuhtele Teie poolt tellimuse edastamise ajal kehtinud tingimusi, v.a kui seaduses v\u00f5i k\u00e4esolevates tingimustes on ette n\u00e4htud teisiti.<\/p>\n<p>2. Hinnad<\/p>\n<p>2.1. Longboard.ee e-poe hinnad kehtivad arve t\u00e4htajalise tasumise puhul vastavalt punktis 4 s\u00e4testatule.<\/p>\n<p>2.2. K\u00f5ik hinnad sisaldavad k\u00e4ibemaksu 20%.<\/p>\n<p>2.3. K\u00f5ik hinnad on eurodes.<\/p>\n<p>3. Ostukorv ja tellimuse vormistamine<\/p>\n<p>3.1. Valige sobiv toode, kontrollige \u00fcle tellimuseread ning toote maksumus ning kinnitage tellimus.<\/p>\n<p>3.2.\u00a0Tellimust vormistades on v\u00f5imalik kasutada sooduskuponge. Igal sooduskoodi kupongil on t\u00e4htedest v\u00f5i numbritest koosnev kood. Sooduskoodi saab sisestada ostukorvis &#8220;Kupongi kood&#8221; lahtrisse. Kuponge on v\u00f5imalik saada l\u00e4bi reklaamide.<\/p>\n<p>3.3. Sisestage arve saatmise aadress ning kauba saatmise aadress.<\/p>\n<p>3.4. Vajutades esitage tellimus nupule kuvatakse koondandmed ning saadetakse kokkuv\u00f5te ka Teie e-maili aadressile.<\/p>\n<p>3.5. Hiljemalt 1 t\u00f6\u00f6p\u00e4eva jooksul saadetakse Teile tellimuse eest arve koos tarneaja t\u00e4psustusega.<\/p>\n<p>3.6. Toodete m\u00fc\u00fcgileping loetakse s\u00f5lmituks (Lepingu j\u00f5ustumine) arvates tellimuse kinnituse j\u00e4rgi tasumisele kuuluva summa laekumist Universal Experts O\u00dc arvelduskontole.<\/p>\n<p>4. Toodete eest tasumine<\/p>\n<p>4.1. Toodete eest tasumine on eurodes.<\/p>\n<p>4.2. Toodete eest saate tasuda:<\/p>\n<p>1) Internetipanga kaudu (\u00fclekandega).<\/p>\n<p>2) Kasutades Paypal maksekeskkonda.<\/p>\n<p>3) Pangalingiga, kasutades SEB E-\u00e4ri maksekeskkonna lahendust.<\/p>\n<p>4) J\u00e4relmaksu lahendustega, mida vahendab ESTO AS\/Kevin EU UAB.<\/p>\n<p>4.3. Teie tellimus t\u00fchistatakse juhul, kui Te ei ole 5 p\u00e4eva jooksul ostusummat tasunud.<\/p>\n<p>5. Toodete kohaletoimetamine ja \u00fcleandmine<\/p>\n<p>5.1. Peale Lepingu j\u00f5ustumist vastavalt Tingimuste punktile 3.5. toimetatakse tooted Teile kohale Teie poolt tellimuse vormistamisel teatatud kohta eelnevalt kokkulepitud ajal.<\/p>\n<p>5.2. Kaubad tarnitakse Teile kullerfirma vahendusel. Longboard.ee kasutab kauba tarneks\u00a0 AS Eesti Post; Itella Estonia O\u00dc ja Dpd Eesti AS-i teenuseid. V\u00e4iksemate saadetiste puhul kasutab longboard.ee tarneks ka pakiautomaate. Pakiautomaatide kasutamisel lepib longboard.ee Teiega eelnevalt kokku, kuhu tellimus saadetakse.<\/p>\n<p>5.3. Tooted toimetab kullerfirma kohale eelnevalt kokkulepitud aja jooksul. Maksimaalne kauba tarneaeg Eesti piires on 10 t\u00f6\u00f6p\u00e4eva.<\/p>\n<p>5.4. Kullerfirma toimetab tooted Teie poolt tellimuse vormistamisel m\u00e4rgitud aadressile. Sihtkoha hilisem muutmine ei ole v\u00f5imalik.<\/p>\n<p>5.5. Palun j\u00e4lgige tellimuse vormistamisel esitatavate kontaktandmete \u00f5igsust v\u00e4ltimaks viivitusi ja arusaamatusi toodete kohaletoimetamisel. Universal Experts O\u00dc ja kullerfirma ei vastuta toodete kohaletoimetamise viivituse ja tekkinud arusaamatuste eest juhul, kui viivitus v\u00f5i arusaamatus on tingitud Teie poolt tellimuse vormistamisel esitatud andmete ebat\u00e4psusest v\u00f5i eba\u00f5igsusest.<\/p>\n<p>5.6. Tooted antakse kulleri poolt Teile \u00fcle koos saatelehega. Enne saatelehe allkirjastamist soovitame tungivalt Teil toodete pakend \u00fcle vaadata ja selle v\u00e4liste vigastuste korral teha kulleri saatelehele vastav m\u00e4rkus. Palume Teil vigastatud pakendiga tootest teatada e-maili aadressile: info@longboard.ee Kullerfirma poolt vigastatud pakendiga toode asendatakse.<\/p>\n<p>6. Tellimuse t\u00fchistamine ja toote tagastamine<\/p>\n<p>6.1. Teil on \u00f5igus peale toodete eest tasumist, kuid enne toodete kohaletoimetamist oma tellimus t\u00fchistada, saates Longboard.ee e-poe e-maili aadressile info@longboard.ee vastavasisulise teate koos tellimuse numbriga ning oma arvelduskonto numbriga.<\/p>\n<p>6.2. Peale toodete k\u00e4ttesaamist on Teil 14 p\u00e4eva aega toode\/tooted tagastada. Kui ostetud kaup Teile mingil p\u00f5hjusel ei sobi, siis on Teil v\u00f5imalus 14 p\u00e4eva jooksul toode tagastada v\u00f5i v\u00e4lja vahetada muu toote vastu, saates Longboard.ee e-poe e-maili aadressile info@longboard.ee vastavasisulise tellimuse t\u00fchistamise teate koos tellimuse numbriga.<\/p>\n<p>6.3. Tellimuse t\u00fchistamisel punktis 6.1 s\u00e4testatud juhul v\u00f5i tellimusest taganemise korral punktis 6.2 s\u00e4testatud juhul tagastatakse Teile ostu eest tasutud summa, millest klient kannab toote lattu saatmisega seotud kulutused (p. 6.5). Raha kanname tagastatud toote eest tagasi Teie arveldusarvele hiljemalt 14 p\u00e4eva jooksul alates taganemisteate j\u00f5udmisest meieni, eeldusel, et olete sama t\u00e4htaja jooksul kauba tagastanud, v.a k\u00e4esolevate tingimuste punktis 6.4., 6.5 ja 6.6 s\u00e4testatud juhtudel.<\/p>\n<p>6.4. Tagastatav toode peab olema komplektne (sisaldama k\u00f5iki tootepakendis sisaldunud esemeid). Kui toode on ostetud kampaania korras, kus kaubale on lisatud veel m\u00f5ni toode, tuleb Teil tagastada kogu komplekt (ehk k\u00f5ik tooted).<\/p>\n<p>6.5. Longboard.ee e-poel on \u00f5igus tagastatava toote transpordikulu kliendilt k\u00fcsida ning selles mahus tagastavast summast maha v\u00f5tta.<\/p>\n<p>6.6. Kui tagastatav toode (ja toote pakend) on halvenenud ja halvenemine on p\u00f5hjustatud asjaoludest, mis ei ole tingitud Universal Experts O\u00dc poolt; ning toote mittesihip\u00e4rase kasutamise tulemusena, on Universal Experts O\u00dc-l \u00f5igus tasaarvestada toote v\u00e4\u00e4rtuse v\u00e4henemine Teie poolt toote eest tasutud ning Teile tagastamisele kuuluva summaga. Tasaarvestamiseks saadab Universal Experts O\u00dc Teile tasaarveldamise avalduse Teie poolt tellimuse vormistamisel teatatud e-maili aadressile. Juhul, kui Te ei ole n\u00f5us tasaarveldamise teates n\u00e4idatud v\u00e4\u00e4rtuse v\u00e4henemisega, on Teil \u00f5igus kaasata toote v\u00e4\u00e4rtuse v\u00e4henemise kindlakstegemiseks s\u00f5ltumatu ekspert. Ekspertiisiga seotud kulud jagatakse pooleks Teie ja Universal Experts O\u00dc vahel, v.a juhul, kui \u00fche poole seisukoht osutub ilmselt p\u00f5hjendamatuks. Sellisel juhul kannab ekspertiisiga seotud kulud pool, kelle seisukoht osutus ilmselt p\u00f5hjendamatuks.<\/p>\n<p>7. Garantii ja n\u00f5uetele mittevastavate toodete tagastamine<\/p>\n<p>7.1. Universal Experts O\u00dc vastutab toodete n\u00f5uetele mittevastavuse ja puuduste eest, mis ilmnevad 2 aasta jooksul arvates toodete Teile \u00fcleandmisest.<\/p>\n<p>7.2. Universal Experts O\u00dc ei vastuta:<\/p>\n<p>1) Teie s\u00fc\u00fcl toote halvenemise\/kahjustumise eest;<\/p>\n<p>2) puuduste eest, mis on tekkinud toote mittekorrap\u00e4rase kasutamise tagaj\u00e4rjel;<\/p>\n<p>3) toote normaalse f\u00fc\u00fcsilise kulumise eest tavalise kasutamise korral.<\/p>\n<p>7.3. Toote n\u00f5uetele mittevastavuse v\u00f5i puuduse korral on Teil \u00f5igus n\u00f5uda toote asendamist n\u00f5uetele vastava ja puudusteta toote vastu v\u00f5i taganeda tellimusest ja tagastada n\u00f5uetele mittevastav toode Universal Experts O\u00dc kulul.<\/p>\n<p>7.4. N\u00f5uetele mittevastava toote tagastamise korral kantakse toote eest tasutud summa (koos transpordimaksumusega) Teie poolt n\u00e4idatud pangakontole hiljemalt 14 p\u00e4eva jooksul arvates tellimusest taganemise ja toote tagastamise soovi kohta teate saamisest.<\/p>\n<p>7.5. Lisaks garantiist tulenevatele \u00f5igustele on Teil ka muud seadusest tulenevad \u00f5igused.<\/p>\n<p>8. Vastutus ja v\u00e4\u00e4ramatu j\u00f5ud<br \/>\n8.1. Universal Experts O\u00dc vastutab Teie ees ja Teie vastutate Universal Experts O\u00dc ees teisele poolele k\u00e4esolevate tingimuste rikkumisega tekitatud kahju eest Eesti Vabariigis kehtivates \u00f5igusaktides s\u00e4testatud juhtudel ja ulatuses.<\/p>\n<p>8.2. Universal Experts O\u00dc ei vastuta Teile tekitatud kahjude eest v\u00f5i toote kohaletoimetamise viibimise eest juhul, kui kahju v\u00f5i toote kohaletoomise viibimine on tingitud asjaolust, mida Universal Experts O\u00dc ei saanud m\u00f5jutada ning mille saabumist Universal Experts O\u00dc ei n\u00e4inud ette ega v\u00f5inud ette n\u00e4ha (v\u00e4\u00e4ramatu j\u00f5ud).<\/p>\n<p>9. Muud tingimused<br \/>\n9.1. K\u00f5iki LONGBOARD.EE e-poe k\u00fclastamise ja ostude sooritamise k\u00e4igus teatavaks saanud kliendi isikuandmeid k\u00e4sitletakse kui konfidentsiaalset infot. Kr\u00fcptitud andmesidekanal pankadega tagab ostu sooritaja isikuandmete ja pangarekvisiitide turvalisuse. Ka Universal Experts O\u00dc-l puudub neile juurdep\u00e4\u00e4s.<\/p>\n<p>9.2. K\u00e4esolevates tingimustes eraldi lahendamata k\u00fcsimustes l\u00e4htutakse Eesti Vabariigis kehtivatest \u00f5igusaktidest.<\/p>\n<p>9.3. Teie ja Universal Experts O\u00dc vahel seoses longboard.ee e-poe vahendusel toodete tellimise ja ostmisega tekkinud vaidlused lahendatakse l\u00e4bir\u00e4\u00e4kimiste teel. Kokkuleppe mittesaavutamisel on Teil \u00f5igus p\u00f6\u00f6rduda oma \u00f5iguste kaitseks Tarbijakaitseametisse v\u00f5i Tallinna Linnakohtusse. Vaidluste lahendamisel l\u00e4htutakse Eesti Vabariigis kehtivatest \u00f5igusaktidest.<\/p>\n<p>9.4. Universal Experts O\u00dc e-poes m\u00fc\u00fcdavad tooted ei ole m\u00f5eldud edasim\u00fc\u00fcmiseks juriidiliste isikute poolt. Vastavasisulised tellimused t\u00fchistatakse.<\/p>\n<p>9.5. Juriidiliste isikute poolt edasim\u00fc\u00fcdavate toodetele ei kehti Longboard.ee poolne garantii.<\/p>\n<p>10. Vastutus<\/p>\n<p>10.1 Tootepildid on illustratiivse t\u00e4hendusega.<\/p>\n<p>10.2 Toodete hinnad ning saadavus v\u00f5ivad muutuda ette teatamata.<\/p>\n<p>10.3 Tooteinfot kontrollitakse ja t\u00e4iustatakse regulaarselt. Andmed v\u00f5ivad olla peale Teie viimast k\u00fclastust uuenenud.<\/p>\n<p><a href=\"https:\/\/longboard.ee\/wp-content\/uploads\/2021\/06\/Longboard.ee-E-poe-ostutingimused.pdf\">Lae alla E-poe ostutingimused.pdf<\/a><\/p>\n","protected":false},"excerpt":{"rendered":"<p>E-poe ostutingimused &#8211; Longboard.ee Tingimuste ulatus ja kehtivus 1.1. Tingimused kehtivad k\u00f5ikide isikute ja ostukeskkonna Longboard.ee (edaspidi Longboard.ee e-pood) omanik Universal Experts O\u00dc vahel Longboard.ee e-poe vahendusel toodete ostmisel tekkivate \u00f5igussuhete kohta. 1.2 Lisaks k\u00e4esolevatele tingimustele reguleerivad Longboard.ee e-poe vahendusel toodete ostmisel tekkivaid \u00f5igussuhteid Eesti Vabariigis kehtivad \u00f5igusaktid. 1.3\u00a0 Universal<span class=\"more-link\"><a href=\"https:\/\/longboard.ee\/et\/tellimisinfo\/longboardid-e-poe-ostutingimused\/\">Continue Reading<\/a><\/span><\/p>\n","protected":false},"author":3,"featured_media":0,"parent":357,"menu_order":0,"comment_status":"closed","ping_status":"closed","template":"","meta":{"footnotes":""},"class_list":["entry","author-nzz","post-364","page","type-page","status-publish"],"yoast_head":"<!-- This site is optimized with the Yoast SEO plugin v27.5 - https:\/\/yoast.com\/product\/yoast-seo-wordpress\/ -->\n<title>Longboard.ee - Longboardide E-pood. Ostutingimused<\/title>\n<meta name=\"description\" content=\"Longboard.ee - Longboardide E-pood. Longboardide m\u00fc\u00fck Eestis. Bustin, Riviera, Atom ja Omen longboardid. E-poe ostutingimused - Longboard.ee\" \/>\n<meta name=\"robots\" content=\"index, follow, max-snippet:-1, max-image-preview:large, max-video-preview:-1\" \/>\n<link rel=\"canonical\" href=\"https:\/\/longboard.ee\/et\/ordering-info\/longboards-shopping-info\/\" \/>\n<meta name=\"twitter:label1\" content=\"Est. reading time\" \/>\n\t<meta name=\"twitter:data1\" content=\"6 minutit\" \/>\n<script type=\"application\/ld+json\" class=\"yoast-schema-graph\">{\"@context\":\"https:\\\/\\\/schema.org\",\"@graph\":[{\"@type\":\"WebPage\",\"@id\":\"https:\\\/\\\/longboard.ee\\\/en\\\/ordering-info\\\/longboards-shopping-info\\\/\",\"url\":\"https:\\\/\\\/longboard.ee\\\/en\\\/ordering-info\\\/longboards-shopping-info\\\/\",\"name\":\"Longboard.ee - Longboardide E-pood. Ostutingimused\",\"isPartOf\":{\"@id\":\"https:\\\/\\\/longboard.ee\\\/et\\\/#website\"},\"datePublished\":\"2014-04-14T16:22:48+00:00\",\"dateModified\":\"2021-09-27T07:03:38+00:00\",\"description\":\"Longboard.ee - Longboardide E-pood. Longboardide m\u00fc\u00fck Eestis. Bustin, Riviera, Atom ja Omen longboardid. E-poe ostutingimused - Longboard.ee\",\"breadcrumb\":{\"@id\":\"https:\\\/\\\/longboard.ee\\\/en\\\/ordering-info\\\/longboards-shopping-info\\\/#breadcrumb\"},\"inLanguage\":\"et\",\"potentialAction\":[{\"@type\":\"ReadAction\",\"target\":[\"https:\\\/\\\/longboard.ee\\\/en\\\/ordering-info\\\/longboards-shopping-info\\\/\"]}]},{\"@type\":\"BreadcrumbList\",\"@id\":\"https:\\\/\\\/longboard.ee\\\/en\\\/ordering-info\\\/longboards-shopping-info\\\/#breadcrumb\",\"itemListElement\":[{\"@type\":\"ListItem\",\"position\":1,\"name\":\"Home\",\"item\":\"https:\\\/\\\/longboard.ee\\\/\"},{\"@type\":\"ListItem\",\"position\":2,\"name\":\"Tellimisinfo\",\"item\":\"https:\\\/\\\/longboard.ee\\\/en\\\/ordering-info\\\/\"},{\"@type\":\"ListItem\",\"position\":3,\"name\":\"E-poe ostutingimused\"}]},{\"@type\":\"WebSite\",\"@id\":\"https:\\\/\\\/longboard.ee\\\/et\\\/#website\",\"url\":\"https:\\\/\\\/longboard.ee\\\/et\\\/\",\"name\":\"Longboard.ee\",\"description\":\"Longboardide e-pood\",\"publisher\":{\"@id\":\"https:\\\/\\\/longboard.ee\\\/et\\\/#organization\"},\"potentialAction\":[{\"@type\":\"SearchAction\",\"target\":{\"@type\":\"EntryPoint\",\"urlTemplate\":\"https:\\\/\\\/longboard.ee\\\/et\\\/?s={search_term_string}\"},\"query-input\":{\"@type\":\"PropertyValueSpecification\",\"valueRequired\":true,\"valueName\":\"search_term_string\"}}],\"inLanguage\":\"et\"},{\"@type\":\"Organization\",\"@id\":\"https:\\\/\\\/longboard.ee\\\/et\\\/#organization\",\"name\":\"Longboard.ee\",\"url\":\"https:\\\/\\\/longboard.ee\\\/et\\\/\",\"logo\":{\"@type\":\"ImageObject\",\"inLanguage\":\"et\",\"@id\":\"https:\\\/\\\/longboard.ee\\\/et\\\/#\\\/schema\\\/logo\\\/image\\\/\",\"url\":\"https:\\\/\\\/longboard.ee\\\/wp-content\\\/uploads\\\/2021\\\/10\\\/logo55.jpg\",\"contentUrl\":\"https:\\\/\\\/longboard.ee\\\/wp-content\\\/uploads\\\/2021\\\/10\\\/logo55.jpg\",\"width\":180,\"height\":180,\"caption\":\"Longboard.ee\"},\"image\":{\"@id\":\"https:\\\/\\\/longboard.ee\\\/et\\\/#\\\/schema\\\/logo\\\/image\\\/\"},\"sameAs\":[\"https:\\\/\\\/www.facebook.com\\\/Longboardee-131787663895166\\\/\"]}]}<\/script>\n<!-- \/ Yoast SEO plugin. -->","yoast_head_json":{"title":"Longboard.ee - Longboardide E-pood. Ostutingimused","description":"Longboard.ee - Longboardide E-pood. Longboardide m\u00fc\u00fck Eestis. Bustin, Riviera, Atom ja Omen longboardid. E-poe ostutingimused - Longboard.ee","robots":{"index":"index","follow":"follow","max-snippet":"max-snippet:-1","max-image-preview":"max-image-preview:large","max-video-preview":"max-video-preview:-1"},"canonical":"https:\/\/longboard.ee\/et\/ordering-info\/longboards-shopping-info\/","twitter_misc":{"Est. reading time":"6 minutit"},"schema":{"@context":"https:\/\/schema.org","@graph":[{"@type":"WebPage","@id":"https:\/\/longboard.ee\/en\/ordering-info\/longboards-shopping-info\/","url":"https:\/\/longboard.ee\/en\/ordering-info\/longboards-shopping-info\/","name":"Longboard.ee - Longboardide E-pood. Ostutingimused","isPartOf":{"@id":"https:\/\/longboard.ee\/et\/#website"},"datePublished":"2014-04-14T16:22:48+00:00","dateModified":"2021-09-27T07:03:38+00:00","description":"Longboard.ee - Longboardide E-pood. Longboardide m\u00fc\u00fck Eestis. Bustin, Riviera, Atom ja Omen longboardid. E-poe ostutingimused - Longboard.ee","breadcrumb":{"@id":"https:\/\/longboard.ee\/en\/ordering-info\/longboards-shopping-info\/#breadcrumb"},"inLanguage":"et","potentialAction":[{"@type":"ReadAction","target":["https:\/\/longboard.ee\/en\/ordering-info\/longboards-shopping-info\/"]}]},{"@type":"BreadcrumbList","@id":"https:\/\/longboard.ee\/en\/ordering-info\/longboards-shopping-info\/#breadcrumb","itemListElement":[{"@type":"ListItem","position":1,"name":"Home","item":"https:\/\/longboard.ee\/"},{"@type":"ListItem","position":2,"name":"Tellimisinfo","item":"https:\/\/longboard.ee\/en\/ordering-info\/"},{"@type":"ListItem","position":3,"name":"E-poe ostutingimused"}]},{"@type":"WebSite","@id":"https:\/\/longboard.ee\/et\/#website","url":"https:\/\/longboard.ee\/et\/","name":"Longboard.ee","description":"Longboardide e-pood","publisher":{"@id":"https:\/\/longboard.ee\/et\/#organization"},"potentialAction":[{"@type":"SearchAction","target":{"@type":"EntryPoint","urlTemplate":"https:\/\/longboard.ee\/et\/?s={search_term_string}"},"query-input":{"@type":"PropertyValueSpecification","valueRequired":true,"valueName":"search_term_string"}}],"inLanguage":"et"},{"@type":"Organization","@id":"https:\/\/longboard.ee\/et\/#organization","name":"Longboard.ee","url":"https:\/\/longboard.ee\/et\/","logo":{"@type":"ImageObject","inLanguage":"et","@id":"https:\/\/longboard.ee\/et\/#\/schema\/logo\/image\/","url":"https:\/\/longboard.ee\/wp-content\/uploads\/2021\/10\/logo55.jpg","contentUrl":"https:\/\/longboard.ee\/wp-content\/uploads\/2021\/10\/logo55.jpg","width":180,"height":180,"caption":"Longboard.ee"},"image":{"@id":"https:\/\/longboard.ee\/et\/#\/schema\/logo\/image\/"},"sameAs":["https:\/\/www.facebook.com\/Longboardee-131787663895166\/"]}]}},"_links":{"self":[{"href":"https:\/\/longboard.ee\/et\/wp-json\/wp\/v2\/pages\/364","targetHints":{"allow":["GET"]}}],"collection":[{"href":"https:\/\/longboard.ee\/et\/wp-json\/wp\/v2\/pages"}],"about":[{"href":"https:\/\/longboard.ee\/et\/wp-json\/wp\/v2\/types\/page"}],"author":[{"embeddable":true,"href":"https:\/\/longboard.ee\/et\/wp-json\/wp\/v2\/users\/3"}],"replies":[{"embeddable":true,"href":"https:\/\/longboard.ee\/et\/wp-json\/wp\/v2\/comments?post=364"}],"version-history":[{"count":0,"href":"https:\/\/longboard.ee\/et\/wp-json\/wp\/v2\/pages\/364\/revisions"}],"up":[{"embeddable":true,"href":"https:\/\/longboard.ee\/et\/wp-json\/wp\/v2\/pages\/357"}],"wp:attachment":[{"href":"https:\/\/longboard.ee\/et\/wp-json\/wp\/v2\/media?parent=364"}],"curies":[{"name":"wp","href":"https:\/\/api.w.org\/{rel}","templated":true}]}}