{"id":371,"date":"2014-04-14T17:40:24","date_gmt":"2014-04-14T17:40:24","guid":{"rendered":"http:\/\/longboard.ee\/?page_id=371"},"modified":"2021-08-17T18:09:52","modified_gmt":"2021-08-17T18:09:52","slug":"transpordist","status":"publish","type":"page","link":"https:\/\/longboard.ee\/et\/transpordist\/","title":{"rendered":"Transport"},"content":{"rendered":"<p style=\"text-align: left;\"><img loading=\"lazy\" decoding=\"async\" class=\"wp-image-1164 alignright\" src=\"https:\/\/longboard.ee\/wp-content\/uploads\/2015\/04\/IMG_2018-e1453415483827.jpg\" alt=\"\" width=\"181\" height=\"241\" \/><\/p>\n<p style=\"text-align: left;\">Transport on Eesti piires tasuta. Longboardid ja tarvikud toome kohale kasutades AS Eesti Post, Itella Estonia O\u00dc ja Dpd Eesti AS-i teenuseid.<\/p>\n<p>Rahvusvaheline transport &#8211; meie poest on v\u00f5imalik tellida kaupa \u00fcle kogu maailma. Euroopa Liidu piires arvutatakse transpordi maksumus peale kauba saatmisaadressi sisestamist automaatselt. V\u00f5tke \u00fchendust, kui soovite saada tellimust teistesse riikidesse ja teeme eraldi transpordipakkumise.<\/p>\n<p><img loading=\"lazy\" decoding=\"async\" class=\" wp-image-2096 alignleft\" src=\"https:\/\/longboard.ee\/wp-content\/uploads\/2018\/11\/dpd.jpg\" alt=\"\" width=\"108\" height=\"51\" srcset=\"https:\/\/longboard.ee\/wp-content\/uploads\/2018\/11\/dpd.jpg 190w, https:\/\/longboard.ee\/wp-content\/uploads\/2018\/11\/dpd-16x8.jpg 16w\" sizes=\"auto, (max-width: 108px) 100vw, 108px\" \/> <img loading=\"lazy\" decoding=\"async\" class=\" wp-image-2097 alignnone\" src=\"https:\/\/longboard.ee\/wp-content\/uploads\/2018\/11\/Omniva.jpg\" alt=\"\" width=\"71\" height=\"63\" srcset=\"https:\/\/longboard.ee\/wp-content\/uploads\/2018\/11\/Omniva.jpg 102w, https:\/\/longboard.ee\/wp-content\/uploads\/2018\/11\/Omniva-13x12.jpg 13w\" sizes=\"auto, (max-width: 71px) 100vw, 71px\" \/> <img loading=\"lazy\" decoding=\"async\" class=\" wp-image-2098 alignnone\" src=\"https:\/\/longboard.ee\/wp-content\/uploads\/2018\/11\/itella.jpg\" alt=\"\" width=\"78\" height=\"57\" srcset=\"https:\/\/longboard.ee\/wp-content\/uploads\/2018\/11\/itella.jpg 109w, https:\/\/longboard.ee\/wp-content\/uploads\/2018\/11\/itella-16x12.jpg 16w\" sizes=\"auto, (max-width: 78px) 100vw, 78px\" \/><\/p>\n","protected":false},"excerpt":{"rendered":"<p>Transport on Eesti piires tasuta. Longboardid ja tarvikud toome kohale kasutades AS Eesti Post, Itella Estonia O\u00dc ja Dpd Eesti AS-i teenuseid. Rahvusvaheline transport &#8211; meie poest on v\u00f5imalik tellida kaupa \u00fcle kogu maailma. Euroopa Liidu piires arvutatakse transpordi maksumus peale kauba saatmisaadressi sisestamist automaatselt. V\u00f5tke \u00fchendust, kui soovite saada<span class=\"more-link\"><a href=\"https:\/\/longboard.ee\/et\/transpordist\/\">Continue Reading<\/a><\/span><\/p>\n","protected":false},"author":3,"featured_media":0,"parent":0,"menu_order":0,"comment_status":"closed","ping_status":"closed","template":"","meta":{"footnotes":""},"class_list":["entry","author-nzz","post-371","page","type-page","status-publish"],"yoast_head":"<!-- This site is optimized with the Yoast SEO plugin v27.5 - https:\/\/yoast.com\/product\/yoast-seo-wordpress\/ -->\n<title>Transpordi tingimused - Longboard.ee - longboardid, rulad, t\u00f5uksid, quadid<\/title>\n<meta name=\"description\" content=\"Longboard.ee - Transport on Eesti piires tasuta. Longboardid ja tarvikud toome kohale kasutades Eesti Posti, Itella O\u00dc ja Dpd Eesti ...\" \/>\n<meta name=\"robots\" content=\"index, follow, max-snippet:-1, max-image-preview:large, max-video-preview:-1\" \/>\n<link rel=\"canonical\" href=\"https:\/\/longboard.ee\/et\/about-transport\/\" \/>\n<meta name=\"twitter:label1\" content=\"Est. reading time\" \/>\n\t<meta name=\"twitter:data1\" content=\"2 minutit\" \/>\n<script type=\"application\/ld+json\" class=\"yoast-schema-graph\">{\"@context\":\"https:\\\/\\\/schema.org\",\"@graph\":[{\"@type\":\"WebPage\",\"@id\":\"https:\\\/\\\/longboard.ee\\\/en\\\/about-transport\\\/\",\"url\":\"https:\\\/\\\/longboard.ee\\\/en\\\/about-transport\\\/\",\"name\":\"Transpordi tingimused - Longboard.ee - longboardid, rulad, t\u00f5uksid, quadid\",\"isPartOf\":{\"@id\":\"https:\\\/\\\/longboard.ee\\\/et\\\/#website\"},\"primaryImageOfPage\":{\"@id\":\"https:\\\/\\\/longboard.ee\\\/en\\\/about-transport\\\/#primaryimage\"},\"image\":{\"@id\":\"https:\\\/\\\/longboard.ee\\\/en\\\/about-transport\\\/#primaryimage\"},\"thumbnailUrl\":\"https:\\\/\\\/longboard.ee\\\/wp-content\\\/uploads\\\/2015\\\/04\\\/IMG_2018-e1453415483827.jpg\",\"datePublished\":\"2014-04-14T17:40:24+00:00\",\"dateModified\":\"2021-08-17T18:09:52+00:00\",\"description\":\"Longboard.ee - Transport on Eesti piires tasuta. Longboardid ja tarvikud toome kohale kasutades Eesti Posti, Itella O\u00dc ja Dpd Eesti ...\",\"breadcrumb\":{\"@id\":\"https:\\\/\\\/longboard.ee\\\/en\\\/about-transport\\\/#breadcrumb\"},\"inLanguage\":\"et\",\"potentialAction\":[{\"@type\":\"ReadAction\",\"target\":[\"https:\\\/\\\/longboard.ee\\\/en\\\/about-transport\\\/\"]}]},{\"@type\":\"ImageObject\",\"inLanguage\":\"et\",\"@id\":\"https:\\\/\\\/longboard.ee\\\/en\\\/about-transport\\\/#primaryimage\",\"url\":\"https:\\\/\\\/longboard.ee\\\/wp-content\\\/uploads\\\/2015\\\/04\\\/IMG_2018-e1453415483827.jpg\",\"contentUrl\":\"https:\\\/\\\/longboard.ee\\\/wp-content\\\/uploads\\\/2015\\\/04\\\/IMG_2018-e1453415483827.jpg\"},{\"@type\":\"BreadcrumbList\",\"@id\":\"https:\\\/\\\/longboard.ee\\\/en\\\/about-transport\\\/#breadcrumb\",\"itemListElement\":[{\"@type\":\"ListItem\",\"position\":1,\"name\":\"Home\",\"item\":\"https:\\\/\\\/longboard.ee\\\/\"},{\"@type\":\"ListItem\",\"position\":2,\"name\":\"Transport\"}]},{\"@type\":\"WebSite\",\"@id\":\"https:\\\/\\\/longboard.ee\\\/et\\\/#website\",\"url\":\"https:\\\/\\\/longboard.ee\\\/et\\\/\",\"name\":\"Longboard.ee\",\"description\":\"Longboardide e-pood\",\"publisher\":{\"@id\":\"https:\\\/\\\/longboard.ee\\\/et\\\/#organization\"},\"potentialAction\":[{\"@type\":\"SearchAction\",\"target\":{\"@type\":\"EntryPoint\",\"urlTemplate\":\"https:\\\/\\\/longboard.ee\\\/et\\\/?s={search_term_string}\"},\"query-input\":{\"@type\":\"PropertyValueSpecification\",\"valueRequired\":true,\"valueName\":\"search_term_string\"}}],\"inLanguage\":\"et\"},{\"@type\":\"Organization\",\"@id\":\"https:\\\/\\\/longboard.ee\\\/et\\\/#organization\",\"name\":\"Longboard.ee\",\"url\":\"https:\\\/\\\/longboard.ee\\\/et\\\/\",\"logo\":{\"@type\":\"ImageObject\",\"inLanguage\":\"et\",\"@id\":\"https:\\\/\\\/longboard.ee\\\/et\\\/#\\\/schema\\\/logo\\\/image\\\/\",\"url\":\"https:\\\/\\\/longboard.ee\\\/wp-content\\\/uploads\\\/2021\\\/10\\\/logo55.jpg\",\"contentUrl\":\"https:\\\/\\\/longboard.ee\\\/wp-content\\\/uploads\\\/2021\\\/10\\\/logo55.jpg\",\"width\":180,\"height\":180,\"caption\":\"Longboard.ee\"},\"image\":{\"@id\":\"https:\\\/\\\/longboard.ee\\\/et\\\/#\\\/schema\\\/logo\\\/image\\\/\"},\"sameAs\":[\"https:\\\/\\\/www.facebook.com\\\/Longboardee-131787663895166\\\/\"]}]}<\/script>\n<!-- \/ Yoast SEO plugin. -->","yoast_head_json":{"title":"Transpordi tingimused - Longboard.ee - longboardid, rulad, t\u00f5uksid, quadid","description":"Longboard.ee - Transport on Eesti piires tasuta. Longboardid ja tarvikud toome kohale kasutades Eesti Posti, Itella O\u00dc ja Dpd Eesti ...","robots":{"index":"index","follow":"follow","max-snippet":"max-snippet:-1","max-image-preview":"max-image-preview:large","max-video-preview":"max-video-preview:-1"},"canonical":"https:\/\/longboard.ee\/et\/about-transport\/","twitter_misc":{"Est. reading time":"2 minutit"},"schema":{"@context":"https:\/\/schema.org","@graph":[{"@type":"WebPage","@id":"https:\/\/longboard.ee\/en\/about-transport\/","url":"https:\/\/longboard.ee\/en\/about-transport\/","name":"Transpordi tingimused - Longboard.ee - longboardid, rulad, t\u00f5uksid, quadid","isPartOf":{"@id":"https:\/\/longboard.ee\/et\/#website"},"primaryImageOfPage":{"@id":"https:\/\/longboard.ee\/en\/about-transport\/#primaryimage"},"image":{"@id":"https:\/\/longboard.ee\/en\/about-transport\/#primaryimage"},"thumbnailUrl":"https:\/\/longboard.ee\/wp-content\/uploads\/2015\/04\/IMG_2018-e1453415483827.jpg","datePublished":"2014-04-14T17:40:24+00:00","dateModified":"2021-08-17T18:09:52+00:00","description":"Longboard.ee - Transport on Eesti piires tasuta. Longboardid ja tarvikud toome kohale kasutades Eesti Posti, Itella O\u00dc ja Dpd Eesti ...","breadcrumb":{"@id":"https:\/\/longboard.ee\/en\/about-transport\/#breadcrumb"},"inLanguage":"et","potentialAction":[{"@type":"ReadAction","target":["https:\/\/longboard.ee\/en\/about-transport\/"]}]},{"@type":"ImageObject","inLanguage":"et","@id":"https:\/\/longboard.ee\/en\/about-transport\/#primaryimage","url":"https:\/\/longboard.ee\/wp-content\/uploads\/2015\/04\/IMG_2018-e1453415483827.jpg","contentUrl":"https:\/\/longboard.ee\/wp-content\/uploads\/2015\/04\/IMG_2018-e1453415483827.jpg"},{"@type":"BreadcrumbList","@id":"https:\/\/longboard.ee\/en\/about-transport\/#breadcrumb","itemListElement":[{"@type":"ListItem","position":1,"name":"Home","item":"https:\/\/longboard.ee\/"},{"@type":"ListItem","position":2,"name":"Transport"}]},{"@type":"WebSite","@id":"https:\/\/longboard.ee\/et\/#website","url":"https:\/\/longboard.ee\/et\/","name":"Longboard.ee","description":"Longboardide e-pood","publisher":{"@id":"https:\/\/longboard.ee\/et\/#organization"},"potentialAction":[{"@type":"SearchAction","target":{"@type":"EntryPoint","urlTemplate":"https:\/\/longboard.ee\/et\/?s={search_term_string}"},"query-input":{"@type":"PropertyValueSpecification","valueRequired":true,"valueName":"search_term_string"}}],"inLanguage":"et"},{"@type":"Organization","@id":"https:\/\/longboard.ee\/et\/#organization","name":"Longboard.ee","url":"https:\/\/longboard.ee\/et\/","logo":{"@type":"ImageObject","inLanguage":"et","@id":"https:\/\/longboard.ee\/et\/#\/schema\/logo\/image\/","url":"https:\/\/longboard.ee\/wp-content\/uploads\/2021\/10\/logo55.jpg","contentUrl":"https:\/\/longboard.ee\/wp-content\/uploads\/2021\/10\/logo55.jpg","width":180,"height":180,"caption":"Longboard.ee"},"image":{"@id":"https:\/\/longboard.ee\/et\/#\/schema\/logo\/image\/"},"sameAs":["https:\/\/www.facebook.com\/Longboardee-131787663895166\/"]}]}},"_links":{"self":[{"href":"https:\/\/longboard.ee\/et\/wp-json\/wp\/v2\/pages\/371","targetHints":{"allow":["GET"]}}],"collection":[{"href":"https:\/\/longboard.ee\/et\/wp-json\/wp\/v2\/pages"}],"about":[{"href":"https:\/\/longboard.ee\/et\/wp-json\/wp\/v2\/types\/page"}],"author":[{"embeddable":true,"href":"https:\/\/longboard.ee\/et\/wp-json\/wp\/v2\/users\/3"}],"replies":[{"embeddable":true,"href":"https:\/\/longboard.ee\/et\/wp-json\/wp\/v2\/comments?post=371"}],"version-history":[{"count":0,"href":"https:\/\/longboard.ee\/et\/wp-json\/wp\/v2\/pages\/371\/revisions"}],"wp:attachment":[{"href":"https:\/\/longboard.ee\/et\/wp-json\/wp\/v2\/media?parent=371"}],"curies":[{"name":"wp","href":"https:\/\/api.w.org\/{rel}","templated":true}]}}