{"id":374,"date":"2014-04-14T17:42:39","date_gmt":"2014-04-14T17:42:39","guid":{"rendered":"http:\/\/longboard.ee\/?page_id=374"},"modified":"2021-07-18T20:11:03","modified_gmt":"2021-07-18T20:11:03","slug":"makseviisid","status":"publish","type":"page","link":"https:\/\/longboard.ee\/et\/makseviisid\/","title":{"rendered":"Makseviisid"},"content":{"rendered":"<p><img loading=\"lazy\" decoding=\"async\" class=\" wp-image-1754 alignright\" src=\"https:\/\/longboard.ee\/wp-content\/uploads\/2016\/07\/DSC_0137.jpg\" alt=\"\" width=\"188\" height=\"335\" \/><\/p>\n<p>Ostude eest on v\u00f5imalik tasuda 3 erineval viisil:<\/p>\n<p>Valides tellimust sooritades: &#8220;Maksmine l\u00e4bi PayPal keskkonna&#8221;, saate tasuda koheselt, kasutades turvalist PayPal maksekeskonda.<\/p>\n<p>Valides tellimust sooritades: &#8220;Maksmine pangalingiga&#8221;, saate tasuda pangalinkide vahendusel koheselt, kasutades turvalist SEB E-\u00e4ri maksekeskkonna lahendust.<\/p>\n<p>Valides tellimust sooritades: &#8220;Maksmine arve alusel&#8221;, saadame teile arve koos tarneajaga 1 t\u00f6\u00f6p\u00e4eva jooksul. Arve\/tellimus annulleeritakse, kui makse ei ole laekunud 5 t\u00f6\u00f6p\u00e4eva jooksul.<\/p>\n<p>Meie e-poes on toodete eest v\u00f5imalik tasuda ka j\u00e4relmaksuga. J\u00e4relmaksu lahendusi vahendab ESTO AS\/Kevin EU UAB.<\/p>\n","protected":false},"excerpt":{"rendered":"<p>Ostude eest on v\u00f5imalik tasuda 3 erineval viisil: Valides tellimust sooritades: &#8220;Maksmine l\u00e4bi PayPal keskkonna&#8221;, saate tasuda koheselt, kasutades turvalist PayPal maksekeskonda. Valides tellimust sooritades: &#8220;Maksmine pangalingiga&#8221;, saate tasuda pangalinkide vahendusel koheselt, kasutades turvalist SEB E-\u00e4ri maksekeskkonna lahendust. Valides tellimust sooritades: &#8220;Maksmine arve alusel&#8221;, saadame teile arve koos tarneajaga 1<span class=\"more-link\"><a href=\"https:\/\/longboard.ee\/et\/makseviisid\/\">Continue Reading<\/a><\/span><\/p>\n","protected":false},"author":3,"featured_media":0,"parent":0,"menu_order":0,"comment_status":"closed","ping_status":"closed","template":"","meta":{"footnotes":""},"class_list":["entry","author-nzz","post-374","page","type-page","status-publish"],"yoast_head":"<!-- This site is optimized with the Yoast SEO plugin v27.5 - https:\/\/yoast.com\/product\/yoast-seo-wordpress\/ -->\n<title>Longboard.ee - makseviisid<\/title>\n<meta name=\"description\" content=\"Teretulemast longboard.ee poodi. Original longboardide, pintailide, minide m\u00fc\u00fck.\" \/>\n<meta name=\"robots\" content=\"index, follow, max-snippet:-1, max-image-preview:large, max-video-preview:-1\" \/>\n<link rel=\"canonical\" href=\"https:\/\/longboard.ee\/et\/payment-methods\/\" \/>\n<meta name=\"twitter:label1\" content=\"Est. reading time\" \/>\n\t<meta name=\"twitter:data1\" content=\"1 minut\" \/>\n<script type=\"application\/ld+json\" class=\"yoast-schema-graph\">{\"@context\":\"https:\\\/\\\/schema.org\",\"@graph\":[{\"@type\":\"WebPage\",\"@id\":\"https:\\\/\\\/longboard.ee\\\/en\\\/payment-methods\\\/\",\"url\":\"https:\\\/\\\/longboard.ee\\\/en\\\/payment-methods\\\/\",\"name\":\"Longboard.ee - makseviisid\",\"isPartOf\":{\"@id\":\"https:\\\/\\\/longboard.ee\\\/et\\\/#website\"},\"primaryImageOfPage\":{\"@id\":\"https:\\\/\\\/longboard.ee\\\/en\\\/payment-methods\\\/#primaryimage\"},\"image\":{\"@id\":\"https:\\\/\\\/longboard.ee\\\/en\\\/payment-methods\\\/#primaryimage\"},\"thumbnailUrl\":\"https:\\\/\\\/longboard.ee\\\/wp-content\\\/uploads\\\/2016\\\/07\\\/DSC_0137.jpg\",\"datePublished\":\"2014-04-14T17:42:39+00:00\",\"dateModified\":\"2021-07-18T20:11:03+00:00\",\"description\":\"Teretulemast longboard.ee poodi. Original longboardide, pintailide, minide m\u00fc\u00fck.\",\"breadcrumb\":{\"@id\":\"https:\\\/\\\/longboard.ee\\\/en\\\/payment-methods\\\/#breadcrumb\"},\"inLanguage\":\"et\",\"potentialAction\":[{\"@type\":\"ReadAction\",\"target\":[\"https:\\\/\\\/longboard.ee\\\/en\\\/payment-methods\\\/\"]}]},{\"@type\":\"ImageObject\",\"inLanguage\":\"et\",\"@id\":\"https:\\\/\\\/longboard.ee\\\/en\\\/payment-methods\\\/#primaryimage\",\"url\":\"https:\\\/\\\/longboard.ee\\\/wp-content\\\/uploads\\\/2016\\\/07\\\/DSC_0137.jpg\",\"contentUrl\":\"https:\\\/\\\/longboard.ee\\\/wp-content\\\/uploads\\\/2016\\\/07\\\/DSC_0137.jpg\"},{\"@type\":\"BreadcrumbList\",\"@id\":\"https:\\\/\\\/longboard.ee\\\/en\\\/payment-methods\\\/#breadcrumb\",\"itemListElement\":[{\"@type\":\"ListItem\",\"position\":1,\"name\":\"Home\",\"item\":\"https:\\\/\\\/longboard.ee\\\/\"},{\"@type\":\"ListItem\",\"position\":2,\"name\":\"Makseviisid\"}]},{\"@type\":\"WebSite\",\"@id\":\"https:\\\/\\\/longboard.ee\\\/et\\\/#website\",\"url\":\"https:\\\/\\\/longboard.ee\\\/et\\\/\",\"name\":\"Longboard.ee\",\"description\":\"Longboardide e-pood\",\"publisher\":{\"@id\":\"https:\\\/\\\/longboard.ee\\\/et\\\/#organization\"},\"potentialAction\":[{\"@type\":\"SearchAction\",\"target\":{\"@type\":\"EntryPoint\",\"urlTemplate\":\"https:\\\/\\\/longboard.ee\\\/et\\\/?s={search_term_string}\"},\"query-input\":{\"@type\":\"PropertyValueSpecification\",\"valueRequired\":true,\"valueName\":\"search_term_string\"}}],\"inLanguage\":\"et\"},{\"@type\":\"Organization\",\"@id\":\"https:\\\/\\\/longboard.ee\\\/et\\\/#organization\",\"name\":\"Longboard.ee\",\"url\":\"https:\\\/\\\/longboard.ee\\\/et\\\/\",\"logo\":{\"@type\":\"ImageObject\",\"inLanguage\":\"et\",\"@id\":\"https:\\\/\\\/longboard.ee\\\/et\\\/#\\\/schema\\\/logo\\\/image\\\/\",\"url\":\"https:\\\/\\\/longboard.ee\\\/wp-content\\\/uploads\\\/2021\\\/10\\\/logo55.jpg\",\"contentUrl\":\"https:\\\/\\\/longboard.ee\\\/wp-content\\\/uploads\\\/2021\\\/10\\\/logo55.jpg\",\"width\":180,\"height\":180,\"caption\":\"Longboard.ee\"},\"image\":{\"@id\":\"https:\\\/\\\/longboard.ee\\\/et\\\/#\\\/schema\\\/logo\\\/image\\\/\"},\"sameAs\":[\"https:\\\/\\\/www.facebook.com\\\/Longboardee-131787663895166\\\/\"]}]}<\/script>\n<!-- \/ Yoast SEO plugin. -->","yoast_head_json":{"title":"Longboard.ee - makseviisid","description":"Teretulemast longboard.ee poodi. Original longboardide, pintailide, minide m\u00fc\u00fck.","robots":{"index":"index","follow":"follow","max-snippet":"max-snippet:-1","max-image-preview":"max-image-preview:large","max-video-preview":"max-video-preview:-1"},"canonical":"https:\/\/longboard.ee\/et\/payment-methods\/","twitter_misc":{"Est. reading time":"1 minut"},"schema":{"@context":"https:\/\/schema.org","@graph":[{"@type":"WebPage","@id":"https:\/\/longboard.ee\/en\/payment-methods\/","url":"https:\/\/longboard.ee\/en\/payment-methods\/","name":"Longboard.ee - makseviisid","isPartOf":{"@id":"https:\/\/longboard.ee\/et\/#website"},"primaryImageOfPage":{"@id":"https:\/\/longboard.ee\/en\/payment-methods\/#primaryimage"},"image":{"@id":"https:\/\/longboard.ee\/en\/payment-methods\/#primaryimage"},"thumbnailUrl":"https:\/\/longboard.ee\/wp-content\/uploads\/2016\/07\/DSC_0137.jpg","datePublished":"2014-04-14T17:42:39+00:00","dateModified":"2021-07-18T20:11:03+00:00","description":"Teretulemast longboard.ee poodi. Original longboardide, pintailide, minide m\u00fc\u00fck.","breadcrumb":{"@id":"https:\/\/longboard.ee\/en\/payment-methods\/#breadcrumb"},"inLanguage":"et","potentialAction":[{"@type":"ReadAction","target":["https:\/\/longboard.ee\/en\/payment-methods\/"]}]},{"@type":"ImageObject","inLanguage":"et","@id":"https:\/\/longboard.ee\/en\/payment-methods\/#primaryimage","url":"https:\/\/longboard.ee\/wp-content\/uploads\/2016\/07\/DSC_0137.jpg","contentUrl":"https:\/\/longboard.ee\/wp-content\/uploads\/2016\/07\/DSC_0137.jpg"},{"@type":"BreadcrumbList","@id":"https:\/\/longboard.ee\/en\/payment-methods\/#breadcrumb","itemListElement":[{"@type":"ListItem","position":1,"name":"Home","item":"https:\/\/longboard.ee\/"},{"@type":"ListItem","position":2,"name":"Makseviisid"}]},{"@type":"WebSite","@id":"https:\/\/longboard.ee\/et\/#website","url":"https:\/\/longboard.ee\/et\/","name":"Longboard.ee","description":"Longboardide e-pood","publisher":{"@id":"https:\/\/longboard.ee\/et\/#organization"},"potentialAction":[{"@type":"SearchAction","target":{"@type":"EntryPoint","urlTemplate":"https:\/\/longboard.ee\/et\/?s={search_term_string}"},"query-input":{"@type":"PropertyValueSpecification","valueRequired":true,"valueName":"search_term_string"}}],"inLanguage":"et"},{"@type":"Organization","@id":"https:\/\/longboard.ee\/et\/#organization","name":"Longboard.ee","url":"https:\/\/longboard.ee\/et\/","logo":{"@type":"ImageObject","inLanguage":"et","@id":"https:\/\/longboard.ee\/et\/#\/schema\/logo\/image\/","url":"https:\/\/longboard.ee\/wp-content\/uploads\/2021\/10\/logo55.jpg","contentUrl":"https:\/\/longboard.ee\/wp-content\/uploads\/2021\/10\/logo55.jpg","width":180,"height":180,"caption":"Longboard.ee"},"image":{"@id":"https:\/\/longboard.ee\/et\/#\/schema\/logo\/image\/"},"sameAs":["https:\/\/www.facebook.com\/Longboardee-131787663895166\/"]}]}},"_links":{"self":[{"href":"https:\/\/longboard.ee\/et\/wp-json\/wp\/v2\/pages\/374","targetHints":{"allow":["GET"]}}],"collection":[{"href":"https:\/\/longboard.ee\/et\/wp-json\/wp\/v2\/pages"}],"about":[{"href":"https:\/\/longboard.ee\/et\/wp-json\/wp\/v2\/types\/page"}],"author":[{"embeddable":true,"href":"https:\/\/longboard.ee\/et\/wp-json\/wp\/v2\/users\/3"}],"replies":[{"embeddable":true,"href":"https:\/\/longboard.ee\/et\/wp-json\/wp\/v2\/comments?post=374"}],"version-history":[{"count":0,"href":"https:\/\/longboard.ee\/et\/wp-json\/wp\/v2\/pages\/374\/revisions"}],"wp:attachment":[{"href":"https:\/\/longboard.ee\/et\/wp-json\/wp\/v2\/media?parent=374"}],"curies":[{"name":"wp","href":"https:\/\/api.w.org\/{rel}","templated":true}]}}