{"id":635,"date":"2014-07-06T08:04:30","date_gmt":"2014-07-06T08:04:30","guid":{"rendered":"http:\/\/longboard.ee\/?page_id=635"},"modified":"2021-07-02T08:45:32","modified_gmt":"2021-07-02T08:45:32","slug":"longboardid-valik","status":"publish","type":"page","link":"https:\/\/longboard.ee\/et\/longboardide-opetused-videod-abimaterjal-eesti\/longboardid-valik\/","title":{"rendered":"Kuidas valida longboardidele rattaid, laagreid, trucke jms."},"content":{"rendered":"<p><img loading=\"lazy\" decoding=\"async\" class=\"wp-image-414 aligncenter\" src=\"https:\/\/longboard.ee\/wp-content\/uploads\/2013\/04\/7tail-to-nose.jpg\" alt=\"\" width=\"462\" height=\"278\" srcset=\"https:\/\/longboard.ee\/wp-content\/uploads\/2013\/04\/7tail-to-nose.jpg 900w, https:\/\/longboard.ee\/wp-content\/uploads\/2013\/04\/7tail-to-nose-16x10.jpg 16w, https:\/\/longboard.ee\/wp-content\/uploads\/2013\/04\/7tail-to-nose-465x279.jpg 465w, https:\/\/longboard.ee\/wp-content\/uploads\/2013\/04\/7tail-to-nose-695x417.jpg 695w\" sizes=\"auto, (max-width: 462px) 100vw, 462px\" \/><\/p>\n<p>Kuidas valida oma longboardide rattaid, laagreid, truck&#8217;e jms? Mida t\u00e4hendavad k\u00f5ik need numbrid?<\/p>\n<p><img loading=\"lazy\" decoding=\"async\" class=\"wp-image-577 alignleft\" src=\"https:\/\/longboard.ee\/wp-content\/uploads\/2014\/06\/seismic-avalon-3dm-longboard-kola.png\" alt=\"\" width=\"98\" height=\"90\" srcset=\"https:\/\/longboard.ee\/wp-content\/uploads\/2014\/06\/seismic-avalon-3dm-longboard-kola.png 600w, https:\/\/longboard.ee\/wp-content\/uploads\/2014\/06\/seismic-avalon-3dm-longboard-kola-13x12.png 13w, https:\/\/longboard.ee\/wp-content\/uploads\/2014\/06\/seismic-avalon-3dm-longboard-kola-460x420.png 460w, https:\/\/longboard.ee\/wp-content\/uploads\/2014\/06\/seismic-avalon-3dm-longboard-kola-465x426.png 465w, https:\/\/longboard.ee\/wp-content\/uploads\/2014\/06\/seismic-avalon-3dm-longboard-kola-545x500.png 545w\" sizes=\"auto, (max-width: 98px) 100vw, 98px\" \/><\/p>\n<p>RATASTEST:<\/p>\n<p>Duromeeter\/duro \u00a0&#8211; on m\u00f5\u00f5t, mis n\u00e4itab ratta k\u00f5vadust. Mida peab siinkohal aga teadma on see, et sama duromeetriga rattad v\u00f5ivad k\u00e4ituda erinevalt &#8211; s\u00f5ltuvalt ratta l\u00e4bim\u00f5\u00f5dust, kujust ja erinevate tootjate uretaani (ratta materjali) segust.<\/p>\n<p>Duromeeter m\u00f5jutab ratta vastupidavust, haardej\u00f5udu, kiirust. J\u00e4igemad rattad veerevad kiiremini ja peavad kauem vastu, sealjuures on aga haare teekattega viletsam ja longboard libiseb kergemini. Pehmed rattad v\u00f5ivad k\u00fcll veereda aeglasemalt \u00a0(kuigi seda ei pruugi alati tunda), aga s\u00f5itjal on laua \u00fcle parem kontroll. Seega on suure kiiruse juures kurvide v\u00f5tmine \u00a0pehmemate ratastega kindlam. J\u00e4ikade ratastega on aga parem libistada\/driftida.<\/p>\n<p>DURO:<\/p>\n<p>\u00a0<\/p>\n<p><a href=\"https:\/\/longboard.ee\/wp-content\/uploads\/2014\/07\/duro-tabel.jpg\"><img loading=\"lazy\" decoding=\"async\" class=\"alignleft wp-image-669\" src=\"https:\/\/longboard.ee\/wp-content\/uploads\/2014\/07\/duro-tabel.jpg\" alt=\"duro tabel\" width=\"403\" height=\"117\" srcset=\"https:\/\/longboard.ee\/wp-content\/uploads\/2014\/07\/duro-tabel.jpg 716w, https:\/\/longboard.ee\/wp-content\/uploads\/2014\/07\/duro-tabel-16x5.jpg 16w, https:\/\/longboard.ee\/wp-content\/uploads\/2014\/07\/duro-tabel-465x135.jpg 465w, https:\/\/longboard.ee\/wp-content\/uploads\/2014\/07\/duro-tabel-695x202.jpg 695w\" sizes=\"auto, (max-width: 403px) 100vw, 403px\" \/><\/a><\/p>\n<p>\u00a0<\/p>\n<p>70-80a &#8211; on oma pehme segu t\u00f5ttu ideaalsed kiireks s\u00f5iduks. Rataste haare teekattega on hea ja kurvides k\u00e4itub longboard suure kiiruse juures kindlalt.<\/p>\n<p>80-85a &#8211; on vabas\u00f5idu rattad. Omavad piisavat haaret, kuid v\u00f5imaldavad ka libistamist\/driftimist.<\/p>\n<p>85-99a &#8211; on tehniliseks s\u00f5iduks ideaalne. V\u00f5imaldab libistada\/driftida ja seda pikema aja v\u00e4ltel, kui pehmema seguga rataste puhul.<\/p>\n<p>RATTA L\u00c4BIM\u00d5\u00d5T:<\/p>\n<p>58-70mm &#8211;\u00a0tehniline s\u00f5it, trikitamine, libistamine\/driftimine<\/p>\n<p>70-76mm &#8211; vabas\u00f5it, kurvitamine<\/p>\n<p>75mm + &#8211; m\u00e4est laskumine\/ kiirem s\u00f5it.<\/p>\n<p>\u00a0<\/p>\n<p><img loading=\"lazy\" decoding=\"async\" class=\"wp-image-1630 alignleft\" src=\"https:\/\/longboard.ee\/wp-content\/uploads\/2015\/12\/sea-snake-wheel.jpg\" alt=\"\" width=\"136\" height=\"136\" srcset=\"https:\/\/longboard.ee\/wp-content\/uploads\/2015\/12\/sea-snake-wheel.jpg 800w, https:\/\/longboard.ee\/wp-content\/uploads\/2015\/12\/sea-snake-wheel-12x12.jpg 12w, https:\/\/longboard.ee\/wp-content\/uploads\/2015\/12\/sea-snake-wheel-465x465.jpg 465w, https:\/\/longboard.ee\/wp-content\/uploads\/2015\/12\/sea-snake-wheel-500x500.jpg 500w, https:\/\/longboard.ee\/wp-content\/uploads\/2015\/12\/sea-snake-wheel-100x100.jpg 100w\" sizes=\"auto, (max-width: 136px) 100vw, 136px\" \/><\/p>\n<p>RATTA PROFIIL:<\/p>\n<p>Ratta profiil m\u00f5jutab\u00a0 longboardi s\u00f5iduomadusi rohkem, kui v\u00f5iks arvata. Ratta kontaktpind on \u00a0ratta laius, ala mis puutub maapinnaga kokku.<\/p>\n<p>Mida suurem on kontaktpind, seda\u00a0l\u00fchem on k\u00fclglibisemine. Kitsad rattad on paremate libisemisomadustega, kuid kuluvad l\u00e4bi kiiremini.<\/p>\n<p>\u00a0<\/p>\n<p><img loading=\"lazy\" decoding=\"async\" class=\"wp-image-1850 alignleft\" src=\"https:\/\/longboard.ee\/wp-content\/uploads\/2016\/01\/IMG_5622-e1492191586334.jpg\" alt=\"\" width=\"77\" height=\"103\" \/>RATTA SERVAD:<\/p>\n<p>Teravad\/kandilised servad tagavad hea pidamise.<\/p>\n<p>Teravate\/kandiliste servadega rattad aeglustavad k\u00fclglibisemise korral longboardi hoo kiiremini maha.<\/p>\n<p>\u00dcmarate ja l\u00f5igatud raadiusega servadega rattad v\u00f5imaldavad lihtsamat k\u00fclglibisemist ja paremat tunnetust.<\/p>\n<p>\u00a0<\/p>\n<p><img loading=\"lazy\" decoding=\"async\" class=\"wp-image-1292 alignleft\" src=\"https:\/\/longboard.ee\/wp-content\/uploads\/2015\/12\/bustin-abec7-bearings.jpg\" alt=\"\" width=\"97\" height=\"97\" srcset=\"https:\/\/longboard.ee\/wp-content\/uploads\/2015\/12\/bustin-abec7-bearings.jpg 800w, https:\/\/longboard.ee\/wp-content\/uploads\/2015\/12\/bustin-abec7-bearings-12x12.jpg 12w, https:\/\/longboard.ee\/wp-content\/uploads\/2015\/12\/bustin-abec7-bearings-465x465.jpg 465w, https:\/\/longboard.ee\/wp-content\/uploads\/2015\/12\/bustin-abec7-bearings-500x500.jpg 500w, https:\/\/longboard.ee\/wp-content\/uploads\/2015\/12\/bustin-abec7-bearings-100x100.jpg 100w\" sizes=\"auto, (max-width: 97px) 100vw, 97px\" \/><\/p>\n<p>LAAGRITEST:<\/p>\n<p>\u00a0<\/p>\n<p>Klassikalised laagrim\u00f5\u00f5dud on:<\/p>\n<p><a href=\"https:\/\/longboard.ee\/wp-content\/uploads\/2014\/07\/laagrim\u00f5\u00f5dud.jpg\"><img loading=\"lazy\" decoding=\"async\" class=\"alignleft wp-image-687\" src=\"https:\/\/longboard.ee\/wp-content\/uploads\/2014\/07\/laagrim\u00f5\u00f5dud.jpg\" alt=\"laagrim\u00f5\u00f5dud\" width=\"165\" height=\"128\" srcset=\"https:\/\/longboard.ee\/wp-content\/uploads\/2014\/07\/laagrim\u00f5\u00f5dud.jpg 234w, https:\/\/longboard.ee\/wp-content\/uploads\/2014\/07\/laagrim\u00f5\u00f5dud-16x12.jpg 16w\" sizes=\"auto, (max-width: 165px) 100vw, 165px\" \/><\/a><\/p>\n<p>\u00a0<\/p>\n<p>\u00a0<\/p>\n<p>\u00dchel rattal on 2 laagrit, seega tavap\u00e4rases komplektis on 8 laagrit.<\/p>\n<p>ABEC (Annular Bearing Engineers Commitee) klassifikatsioon:<\/p>\n<p>Tihtipeale iseloomustatakse rula, t\u00f5ukeratta, rulluiskude, longboardide vms ratta laagreid nende v\u00e4\u00e4rtuse j\u00e4rgi. Laagrite kategooriad on j\u00e4rgmised:\u00a0\u00a0ABEC 1; ABEC 3; ABEC 5; ABEC 7; ABEC 9. ABEC m\u00e4\u00e4rab tegelikkuses \u00e4ra laagri kooste kvaliteedi &#8211; t\u00e4psuse, suuruse, tolerantsi, geomeetria, m\u00fcratugevuse jms. ABEC&#8217;i \u00a0klassifikatsiooni alusel \u00a0saab tootja toota ja kasutaja v\u00f5rrelda ja valida \u00f5ige laager \u00a0\u00f5igele seadmele. \u00a0ABEC&#8217;i v\u00e4\u00e4rtus annab meile \u00a0esmase ettekujutuse, kui hea\/halb laager on.<\/p>\n<p>Mida k\u00f5rgem on ABEC&#8217;i number, seda t\u00e4psemalt on laager valmistatud. T\u00e4psus on aga omakorda vajalik seadmete puhul, mis t\u00f6\u00f6tavad k\u00f5rgete p\u00f6\u00f6retega. N\u00e4iteks ABEC 7-9 laagreid kasutatakse seadmete puhul, mis liiguvad\u00a020-30 000 p\u00f6\u00f6ret minutis. 54 mm rattaga rula s\u00f5idukiiruseks 20 000 p\u00f6\u00f6rde juures oleks umbes \u00a0200 km\/h. Seega ABEC&#8217;i\u00a0kategooria\u00a0annab meile k\u00fcll teatava \u00fclevaate, aga pole laagri valikul kindlasti ainsaks kriteeriumiks.<\/p>\n<p>Eesk\u00e4tt\u00a0rula ja longboardi laagritele orienteeritud tootjad ei pruugi alati \u00a0ABEC&#8217;i kategooriaid kasutada, kuna on v\u00e4lja t\u00f6\u00f6tanud laagrid, mis on spetsiifiliselt m\u00f5eldud ruladele ja longboardidele, rulluiskudele jms, \u00a0mitte t\u00f6\u00f6stuslikele seadmetele!<\/p>\n<p>\u00a0<\/p>\n<p>ERINEVAD LAAGRITE T\u00dc\u00dcBID:<\/p>\n<p>Terasest laagrid:<\/p>\n<p>Tavaliselt on enamik laagritest valmistatud terasest. Tihti on rusikareegliks, \u00a0et mida kallim laager, seda kvaliteetsem. Odavamate laagrite puhul kasutatakse odavamat toorainet. Kallimatel\u00a0laagritel on tavaliselt \u00a0vastupidavamast materjalist tihendid, paremast metallist kuulid jne.<\/p>\n<p>Keraamilised laagrid:<\/p>\n<p>Keraamilised laagrid on uskumatult sujuvad, v\u00e4ga v\u00e4ikese h\u00f5\u00f5rdega ega\u00a0paisu kuumaga. Keraamilised laagrid on k\u00f5rgkvaliteetsed ning vajavad v\u00e4hem hooldust, kui \u00a0terasest laagrid. Teisalt on keraamilised laagrid tunduvalt kallimad.<\/p>\n<p>Kokkuv\u00f5tteks:<\/p>\n<p>Laagrite valik oleneb sellest, kui palju longboardiga s\u00f5idad, mida oma laualt ootad, ja loomulikult, kui palju oled n\u00f5us laagritele kulutama. Tavas\u00f5itjale piisab\u00a0ABEC-5 klassi laagritest ja k\u00f5ik, mis on ABEC-5 klassist k\u00f5rgemal, v\u00f5ib osutuda\u00a0ka\u00a0lihtsalt lisakuluks. \u00d5ige ja hea laagri leiab tihtipeale vaid proovides ja katsetades.\u00a0Kogemusele tuginedes v\u00f5ib \u00f6elda, et m\u00f5ne tootja abec 3 on teise tootja abec 5 v\u00f5i abec 7 v\u00e4\u00e4riline. Leidub ka tootjaid kelle laagrid ei oma abec klassifikatsiooni ja on puhtalt v\u00e4lja t\u00f6\u00f6tatud rulatajate vajadusi silmas pidades.\u00a0Kui aga tahad parimat ja oled n\u00f5us katsetama, proovi ka keraamilisi laagreid.<\/p>\n<p>\u00a0<\/p>\n<p>LAAGRITE LISAVIDINAD:<\/p>\n<p><a href=\"https:\/\/longboard.ee\/wp-content\/uploads\/2014\/07\/laagrid.jpg\"><img loading=\"lazy\" decoding=\"async\" class=\"alignleft wp-image-692\" src=\"https:\/\/longboard.ee\/wp-content\/uploads\/2014\/07\/laagrid.jpg\" alt=\"laagrid\" width=\"201\" height=\"142\" srcset=\"https:\/\/longboard.ee\/wp-content\/uploads\/2014\/07\/laagrid.jpg 342w, https:\/\/longboard.ee\/wp-content\/uploads\/2014\/07\/laagrid-16x12.jpg 16w\" sizes=\"auto, (max-width: 201px) 100vw, 201px\" \/><\/a><\/p>\n<p>\u00a0<\/p>\n<p>\u00a0<\/p>\n<p>Laagrite tugiseibid:<\/p>\n<p>Tugiseibide peamine eesm\u00e4rk on v\u00e4hendada pingeid ja hoida laagreid \u00f5iges asendis. Tugiseibid ei ole kohustuslikud, kuid parandavad veeremist, teevad kurvide v\u00f5tmise \u00a0sujuvamaks ja pikendavad laagrite eluiga.<\/p>\n<p>Seibid:<\/p>\n<p>(Kiirus) seibid on \u00fcli\u00f5hukesed seibid mis k\u00e4ivad 1. enne mutrit \u00a0ja 2. telje otsa ning nende \u00fclesandeks on v\u00e4hendada h\u00f5\u00f5ret mutri\/telje ja laagri vahel.<\/p>\n<p>\u00a0<\/p>\n\n\n<figure class=\"wp-block-image size-large\"><img loading=\"lazy\" decoding=\"async\" width=\"1024\" height=\"714\" src=\"https:\/\/longboard.ee\/wp-content\/uploads\/2021\/03\/Longboard__600x600-1024x714.jpg\" alt=\"\" class=\"wp-image-14359\" srcset=\"https:\/\/longboard.ee\/wp-content\/uploads\/2021\/03\/Longboard__600x600-1024x714.jpg 1024w, https:\/\/longboard.ee\/wp-content\/uploads\/2021\/03\/Longboard__600x600-950x663.jpg 950w, https:\/\/longboard.ee\/wp-content\/uploads\/2021\/03\/Longboard__600x600-360x250.jpg 360w, https:\/\/longboard.ee\/wp-content\/uploads\/2021\/03\/Longboard__600x600-1536x1071.jpg 1536w, https:\/\/longboard.ee\/wp-content\/uploads\/2021\/03\/Longboard__600x600-2048x1428.jpg 2048w, https:\/\/longboard.ee\/wp-content\/uploads\/2021\/03\/Longboard__600x600-16x12.jpg 16w, https:\/\/longboard.ee\/wp-content\/uploads\/2021\/03\/Longboard__600x600-465x324.jpg 465w, https:\/\/longboard.ee\/wp-content\/uploads\/2021\/03\/Longboard__600x600-695x485.jpg 695w, https:\/\/longboard.ee\/wp-content\/uploads\/2021\/03\/Longboard__600x600-2000x1395.jpg 2000w\" sizes=\"auto, (max-width: 1024px) 100vw, 1024px\" \/><\/figure>\n","protected":false},"excerpt":{"rendered":"<p>Kuidas valida oma longboardide rattaid, laagreid, truck&#8217;e jms? Mida t\u00e4hendavad k\u00f5ik need numbrid? RATASTEST: Duromeeter\/duro \u00a0&#8211; on m\u00f5\u00f5t, mis n\u00e4itab ratta k\u00f5vadust. Mida peab siinkohal aga teadma on see, et sama duromeetriga rattad v\u00f5ivad k\u00e4ituda erinevalt &#8211; s\u00f5ltuvalt ratta l\u00e4bim\u00f5\u00f5dust, kujust ja erinevate tootjate uretaani (ratta materjali) segust. Duromeeter m\u00f5jutab<span class=\"more-link\"><a href=\"https:\/\/longboard.ee\/et\/longboardide-opetused-videod-abimaterjal-eesti\/longboardid-valik\/\">Continue Reading<\/a><\/span><\/p>\n","protected":false},"author":3,"featured_media":0,"parent":641,"menu_order":0,"comment_status":"closed","ping_status":"closed","template":"","meta":{"footnotes":""},"class_list":["entry","author-nzz","post-635","page","type-page","status-publish"],"yoast_head":"<!-- This site is optimized with the Yoast SEO plugin v27.5 - https:\/\/yoast.com\/product\/yoast-seo-wordpress\/ -->\n<title>Longboard.ee - K\u00f5ik longboardidest. Longboardide e-pood Eestis<\/title>\n<meta name=\"description\" content=\"Tere tulemast meie longboardide E-poodi! Kuidas valida oma longboardile rattaid, laagreid, trucke jms. ja mida t\u00e4hendavad k\u00f5ik need numbrid\" \/>\n<meta name=\"robots\" content=\"index, follow, max-snippet:-1, max-image-preview:large, max-video-preview:-1\" \/>\n<link rel=\"canonical\" href=\"https:\/\/longboard.ee\/et\/longboarding-help-and-support-information-videos\/longboards-selection\/\" \/>\n<meta name=\"twitter:label1\" content=\"Est. reading time\" \/>\n\t<meta name=\"twitter:data1\" content=\"5 minutit\" \/>\n<script type=\"application\/ld+json\" class=\"yoast-schema-graph\">{\"@context\":\"https:\\\/\\\/schema.org\",\"@graph\":[{\"@type\":\"WebPage\",\"@id\":\"https:\\\/\\\/longboard.ee\\\/en\\\/longboarding-help-and-support-information-videos\\\/longboards-selection\\\/\",\"url\":\"https:\\\/\\\/longboard.ee\\\/en\\\/longboarding-help-and-support-information-videos\\\/longboards-selection\\\/\",\"name\":\"Longboard.ee - K\u00f5ik longboardidest. Longboardide e-pood Eestis\",\"isPartOf\":{\"@id\":\"https:\\\/\\\/longboard.ee\\\/et\\\/#website\"},\"primaryImageOfPage\":{\"@id\":\"https:\\\/\\\/longboard.ee\\\/en\\\/longboarding-help-and-support-information-videos\\\/longboards-selection\\\/#primaryimage\"},\"image\":{\"@id\":\"https:\\\/\\\/longboard.ee\\\/en\\\/longboarding-help-and-support-information-videos\\\/longboards-selection\\\/#primaryimage\"},\"thumbnailUrl\":\"https:\\\/\\\/longboard.ee\\\/wp-content\\\/uploads\\\/2013\\\/04\\\/7tail-to-nose.jpg\",\"datePublished\":\"2014-07-06T08:04:30+00:00\",\"dateModified\":\"2021-07-02T08:45:32+00:00\",\"description\":\"Tere tulemast meie longboardide E-poodi! Kuidas valida oma longboardile rattaid, laagreid, trucke jms. ja mida t\u00e4hendavad k\u00f5ik need numbrid\",\"breadcrumb\":{\"@id\":\"https:\\\/\\\/longboard.ee\\\/en\\\/longboarding-help-and-support-information-videos\\\/longboards-selection\\\/#breadcrumb\"},\"inLanguage\":\"et\",\"potentialAction\":[{\"@type\":\"ReadAction\",\"target\":[\"https:\\\/\\\/longboard.ee\\\/en\\\/longboarding-help-and-support-information-videos\\\/longboards-selection\\\/\"]}]},{\"@type\":\"ImageObject\",\"inLanguage\":\"et\",\"@id\":\"https:\\\/\\\/longboard.ee\\\/en\\\/longboarding-help-and-support-information-videos\\\/longboards-selection\\\/#primaryimage\",\"url\":\"https:\\\/\\\/longboard.ee\\\/wp-content\\\/uploads\\\/2013\\\/04\\\/7tail-to-nose.jpg\",\"contentUrl\":\"https:\\\/\\\/longboard.ee\\\/wp-content\\\/uploads\\\/2013\\\/04\\\/7tail-to-nose.jpg\"},{\"@type\":\"BreadcrumbList\",\"@id\":\"https:\\\/\\\/longboard.ee\\\/en\\\/longboarding-help-and-support-information-videos\\\/longboards-selection\\\/#breadcrumb\",\"itemListElement\":[{\"@type\":\"ListItem\",\"position\":1,\"name\":\"Home\",\"item\":\"https:\\\/\\\/longboard.ee\\\/\"},{\"@type\":\"ListItem\",\"position\":2,\"name\":\"Longboardide abimaterjalid, videod\",\"item\":\"https:\\\/\\\/longboard.ee\\\/et\\\/longboardide-opetused-videod-abimaterjal-eesti\\\/\"},{\"@type\":\"ListItem\",\"position\":3,\"name\":\"Kuidas valida longboardidele rattaid, laagreid, trucke jms.\"}]},{\"@type\":\"WebSite\",\"@id\":\"https:\\\/\\\/longboard.ee\\\/et\\\/#website\",\"url\":\"https:\\\/\\\/longboard.ee\\\/et\\\/\",\"name\":\"Longboard.ee\",\"description\":\"Longboardide e-pood\",\"publisher\":{\"@id\":\"https:\\\/\\\/longboard.ee\\\/et\\\/#organization\"},\"potentialAction\":[{\"@type\":\"SearchAction\",\"target\":{\"@type\":\"EntryPoint\",\"urlTemplate\":\"https:\\\/\\\/longboard.ee\\\/et\\\/?s={search_term_string}\"},\"query-input\":{\"@type\":\"PropertyValueSpecification\",\"valueRequired\":true,\"valueName\":\"search_term_string\"}}],\"inLanguage\":\"et\"},{\"@type\":\"Organization\",\"@id\":\"https:\\\/\\\/longboard.ee\\\/et\\\/#organization\",\"name\":\"Longboard.ee\",\"url\":\"https:\\\/\\\/longboard.ee\\\/et\\\/\",\"logo\":{\"@type\":\"ImageObject\",\"inLanguage\":\"et\",\"@id\":\"https:\\\/\\\/longboard.ee\\\/et\\\/#\\\/schema\\\/logo\\\/image\\\/\",\"url\":\"https:\\\/\\\/longboard.ee\\\/wp-content\\\/uploads\\\/2021\\\/10\\\/logo55.jpg\",\"contentUrl\":\"https:\\\/\\\/longboard.ee\\\/wp-content\\\/uploads\\\/2021\\\/10\\\/logo55.jpg\",\"width\":180,\"height\":180,\"caption\":\"Longboard.ee\"},\"image\":{\"@id\":\"https:\\\/\\\/longboard.ee\\\/et\\\/#\\\/schema\\\/logo\\\/image\\\/\"},\"sameAs\":[\"https:\\\/\\\/www.facebook.com\\\/Longboardee-131787663895166\\\/\"]}]}<\/script>\n<!-- \/ Yoast SEO plugin. -->","yoast_head_json":{"title":"Longboard.ee - K\u00f5ik longboardidest. Longboardide e-pood Eestis","description":"Tere tulemast meie longboardide E-poodi! Kuidas valida oma longboardile rattaid, laagreid, trucke jms. ja mida t\u00e4hendavad k\u00f5ik need numbrid","robots":{"index":"index","follow":"follow","max-snippet":"max-snippet:-1","max-image-preview":"max-image-preview:large","max-video-preview":"max-video-preview:-1"},"canonical":"https:\/\/longboard.ee\/et\/longboarding-help-and-support-information-videos\/longboards-selection\/","twitter_misc":{"Est. reading time":"5 minutit"},"schema":{"@context":"https:\/\/schema.org","@graph":[{"@type":"WebPage","@id":"https:\/\/longboard.ee\/en\/longboarding-help-and-support-information-videos\/longboards-selection\/","url":"https:\/\/longboard.ee\/en\/longboarding-help-and-support-information-videos\/longboards-selection\/","name":"Longboard.ee - K\u00f5ik longboardidest. Longboardide e-pood Eestis","isPartOf":{"@id":"https:\/\/longboard.ee\/et\/#website"},"primaryImageOfPage":{"@id":"https:\/\/longboard.ee\/en\/longboarding-help-and-support-information-videos\/longboards-selection\/#primaryimage"},"image":{"@id":"https:\/\/longboard.ee\/en\/longboarding-help-and-support-information-videos\/longboards-selection\/#primaryimage"},"thumbnailUrl":"https:\/\/longboard.ee\/wp-content\/uploads\/2013\/04\/7tail-to-nose.jpg","datePublished":"2014-07-06T08:04:30+00:00","dateModified":"2021-07-02T08:45:32+00:00","description":"Tere tulemast meie longboardide E-poodi! Kuidas valida oma longboardile rattaid, laagreid, trucke jms. ja mida t\u00e4hendavad k\u00f5ik need numbrid","breadcrumb":{"@id":"https:\/\/longboard.ee\/en\/longboarding-help-and-support-information-videos\/longboards-selection\/#breadcrumb"},"inLanguage":"et","potentialAction":[{"@type":"ReadAction","target":["https:\/\/longboard.ee\/en\/longboarding-help-and-support-information-videos\/longboards-selection\/"]}]},{"@type":"ImageObject","inLanguage":"et","@id":"https:\/\/longboard.ee\/en\/longboarding-help-and-support-information-videos\/longboards-selection\/#primaryimage","url":"https:\/\/longboard.ee\/wp-content\/uploads\/2013\/04\/7tail-to-nose.jpg","contentUrl":"https:\/\/longboard.ee\/wp-content\/uploads\/2013\/04\/7tail-to-nose.jpg"},{"@type":"BreadcrumbList","@id":"https:\/\/longboard.ee\/en\/longboarding-help-and-support-information-videos\/longboards-selection\/#breadcrumb","itemListElement":[{"@type":"ListItem","position":1,"name":"Home","item":"https:\/\/longboard.ee\/"},{"@type":"ListItem","position":2,"name":"Longboardide abimaterjalid, videod","item":"https:\/\/longboard.ee\/et\/longboardide-opetused-videod-abimaterjal-eesti\/"},{"@type":"ListItem","position":3,"name":"Kuidas valida longboardidele rattaid, laagreid, trucke jms."}]},{"@type":"WebSite","@id":"https:\/\/longboard.ee\/et\/#website","url":"https:\/\/longboard.ee\/et\/","name":"Longboard.ee","description":"Longboardide e-pood","publisher":{"@id":"https:\/\/longboard.ee\/et\/#organization"},"potentialAction":[{"@type":"SearchAction","target":{"@type":"EntryPoint","urlTemplate":"https:\/\/longboard.ee\/et\/?s={search_term_string}"},"query-input":{"@type":"PropertyValueSpecification","valueRequired":true,"valueName":"search_term_string"}}],"inLanguage":"et"},{"@type":"Organization","@id":"https:\/\/longboard.ee\/et\/#organization","name":"Longboard.ee","url":"https:\/\/longboard.ee\/et\/","logo":{"@type":"ImageObject","inLanguage":"et","@id":"https:\/\/longboard.ee\/et\/#\/schema\/logo\/image\/","url":"https:\/\/longboard.ee\/wp-content\/uploads\/2021\/10\/logo55.jpg","contentUrl":"https:\/\/longboard.ee\/wp-content\/uploads\/2021\/10\/logo55.jpg","width":180,"height":180,"caption":"Longboard.ee"},"image":{"@id":"https:\/\/longboard.ee\/et\/#\/schema\/logo\/image\/"},"sameAs":["https:\/\/www.facebook.com\/Longboardee-131787663895166\/"]}]}},"_links":{"self":[{"href":"https:\/\/longboard.ee\/et\/wp-json\/wp\/v2\/pages\/635","targetHints":{"allow":["GET"]}}],"collection":[{"href":"https:\/\/longboard.ee\/et\/wp-json\/wp\/v2\/pages"}],"about":[{"href":"https:\/\/longboard.ee\/et\/wp-json\/wp\/v2\/types\/page"}],"author":[{"embeddable":true,"href":"https:\/\/longboard.ee\/et\/wp-json\/wp\/v2\/users\/3"}],"replies":[{"embeddable":true,"href":"https:\/\/longboard.ee\/et\/wp-json\/wp\/v2\/comments?post=635"}],"version-history":[{"count":0,"href":"https:\/\/longboard.ee\/et\/wp-json\/wp\/v2\/pages\/635\/revisions"}],"up":[{"embeddable":true,"href":"https:\/\/longboard.ee\/et\/wp-json\/wp\/v2\/pages\/641"}],"wp:attachment":[{"href":"https:\/\/longboard.ee\/et\/wp-json\/wp\/v2\/media?parent=635"}],"curies":[{"name":"wp","href":"https:\/\/api.w.org\/{rel}","templated":true}]}}