{"id":650,"date":"2014-07-06T09:00:32","date_gmt":"2014-07-06T09:00:32","guid":{"rendered":"http:\/\/longboard.ee\/?page_id=650"},"modified":"2021-10-21T08:33:42","modified_gmt":"2021-10-21T08:33:42","slug":"lihtsalt-lahedad-longboardimise-videod","status":"publish","type":"page","link":"https:\/\/longboard.ee\/et\/longboardide-opetused-videod-abimaterjal-eesti\/lihtsalt-lahedad-longboardimise-videod\/","title":{"rendered":"Lihtsalt lahedad longboardimise videod"},"content":{"rendered":"<p>Siia oleme kogunud \u00a0netis leiduvad lihtsalt lahedad, m\u00f5nusa muusikaga longboardimise videod, mis tekitavad tahtmise haarata laud ja minna\u00a0teha \u00fcks tiir.<\/p>\n<p class=\"title style-scope ytd-video-primary-info-renderer\">Los Angeles, with umbrella by \uace0\ud6a8\uc8fcHyojooKo<\/p>\n<p><iframe loading=\"lazy\" title=\"Los Angeles, with umbrella\" width=\"1380\" height=\"776\" src=\"https:\/\/www.youtube.com\/embed\/AuCv9DV2Nbc?feature=oembed\" frameborder=\"0\" allow=\"accelerometer; autoplay; encrypted-media; gyroscope; picture-in-picture\" allowfullscreen><\/iframe><\/p>\n<p>\u00a0<\/p>\n<p>Uskumatult hea lugu ja video vanameistritelt k\u00f5igile, kes on s\u00f5itnud, trikitanud ja selle k\u00e4igus ka kukkunud:<\/p>\n<p>Red Hot Chili Peppers &#8211; Dark Necessities<\/p>\n<p><iframe loading=\"lazy\" title=\"Red Hot Chili Peppers - Dark Necessities [OFFICIAL VIDEO]\" width=\"1380\" height=\"776\" src=\"https:\/\/www.youtube.com\/embed\/Q0oIoR9mLwc?feature=oembed\" frameborder=\"0\" allow=\"accelerometer; autoplay; encrypted-media; gyroscope; picture-in-picture\" allowfullscreen><\/iframe><\/p>\n<p>Whirling dervishes:<\/p>\n<p>Video taustamuusika: Jam Balls &#8211; Begin (https:\/\/soundcloud.com\/hansenmurray\/jam-balls-begin-whirling)<\/p>\n<p><iframe loading=\"lazy\" title=\"Longboarding: Whirling Dervish\" width=\"1333\" height=\"1000\" src=\"https:\/\/www.youtube.com\/embed\/JMLFZcONQAs?feature=oembed\" frameborder=\"0\" allow=\"accelerometer; autoplay; encrypted-media; gyroscope; picture-in-picture\" allowfullscreen><\/iframe><\/p>\n<p>Original:<\/p>\n<p>Video taustamuusika: Vetiver &#8211; The Swimming Song<\/p>\n<p><iframe loading=\"lazy\" title=\"Pintail Longboards Built by Original Skateboards\" width=\"1380\" height=\"776\" src=\"https:\/\/www.youtube.com\/embed\/mXqmRAUsn9U?feature=oembed\" frameborder=\"0\" allow=\"accelerometer; autoplay; encrypted-media; gyroscope; picture-in-picture\" allowfullscreen><\/iframe><\/p>\n<p>\u00a0<\/p>\n<p>Harlem shake &#8211; by Original<\/p>\n<p><iframe loading=\"lazy\" title=\"Harlem Shake v3.5 Original Skateboards Office\" width=\"1380\" height=\"776\" src=\"https:\/\/www.youtube.com\/embed\/-unIOs_Yt3w?feature=oembed\" frameborder=\"0\" allow=\"accelerometer; autoplay; encrypted-media; gyroscope; picture-in-picture\" allowfullscreen><\/iframe><\/p>\n<p>The Secret life of Walter Mitty. Taustamuusikaks Of Monsters and Men\u00a0&#8211; Dirty paws<\/p>\n<p><iframe loading=\"lazy\" title=\"Of Monsters and Men \u2013 Dirty Paws (The Secret Life of Walter Mitty)\" width=\"1380\" height=\"776\" src=\"https:\/\/www.youtube.com\/embed\/OgO2U4quFDk?feature=oembed\" frameborder=\"0\" allow=\"accelerometer; autoplay; encrypted-media; gyroscope; picture-in-picture\" allowfullscreen><\/iframe><\/p>\n<p>Video mida vaadates hakkavad suvem\u00e4lestused jooksma.<\/p>\n<p>Childish Gambino &#8211; Feels like Summer<\/p>\n<p><iframe loading=\"lazy\" title=\"Childish Gambino - Feels Like Summer (Official Music Video)\" width=\"1380\" height=\"776\" src=\"https:\/\/www.youtube.com\/embed\/F1B9Fk_SgI0?feature=oembed\" frameborder=\"0\" allow=\"accelerometer; autoplay; encrypted-media; gyroscope; picture-in-picture\" allowfullscreen><\/iframe><\/p>\n\n\n<p><\/p>\n\n\n\n<p>See suvine kuumus.<\/p>\n\n\n\n<p>Marin Garrix feat. Macklemore &amp; Patric Stump &#8211; Summer Days<\/p>\n\n\n\n<figure class=\"wp-block-embed is-type-video is-provider-youtube wp-block-embed-youtube wp-embed-aspect-16-9 wp-has-aspect-ratio\"><div class=\"wp-block-embed__wrapper\">\n<iframe loading=\"lazy\"  id=\"_ytid_94867\"  width=\"1380\" height=\"776\"  data-origwidth=\"1380\" data-origheight=\"776\" src=\"https:\/\/www.youtube.com\/embed\/8OwVaewDtS8?enablejsapi=1&#038;autoplay=0&#038;cc_load_policy=0&#038;cc_lang_pref=&#038;iv_load_policy=3&#038;loop=0&#038;rel=0&#038;fs=1&#038;playsinline=0&#038;autohide=2&#038;theme=dark&#038;color=red&#038;controls=1&#038;disablekb=0&#038;\" class=\"__youtube_prefs__  epyt-is-override  no-lazyload\" title=\"YouTube player\"  allow=\"fullscreen; accelerometer; autoplay; clipboard-write; encrypted-media; gyroscope; picture-in-picture; web-share\" referrerpolicy=\"strict-origin-when-cross-origin\" allowfullscreen data-no-lazy=\"1\" data-skipgform_ajax_framebjll=\"\"><\/iframe>\n<\/div><\/figure>\n\n\n\n<p><\/p>\n\n\n\n<p>Sume ja suvine<\/p>\n\n\n\n<p>Katy Perry &#8211; Harleys In Hawaii&nbsp;<\/p>\n\n\n\n<figure class=\"wp-block-embed is-type-video is-provider-youtube wp-block-embed-youtube wp-embed-aspect-16-9 wp-has-aspect-ratio\"><div class=\"wp-block-embed__wrapper\">\n<iframe loading=\"lazy\"  id=\"_ytid_58062\"  width=\"1380\" height=\"776\"  data-origwidth=\"1380\" data-origheight=\"776\" src=\"https:\/\/www.youtube.com\/embed\/sQEgklEwhSo?enablejsapi=1&#038;autoplay=0&#038;cc_load_policy=0&#038;cc_lang_pref=&#038;iv_load_policy=3&#038;loop=0&#038;rel=0&#038;fs=1&#038;playsinline=0&#038;autohide=2&#038;theme=dark&#038;color=red&#038;controls=1&#038;disablekb=0&#038;\" class=\"__youtube_prefs__  epyt-is-override  no-lazyload\" title=\"YouTube player\"  allow=\"fullscreen; accelerometer; autoplay; clipboard-write; encrypted-media; gyroscope; picture-in-picture; web-share\" referrerpolicy=\"strict-origin-when-cross-origin\" allowfullscreen data-no-lazy=\"1\" data-skipgform_ajax_framebjll=\"\"><\/iframe>\n<\/div><\/figure>\n\n\n\n<p><\/p>\n\n\n\n<p><\/p>\n\n\n\n<p>Quad rulluisud on midagi muud kui lihtsalt rulluisud!<\/p>\n\n\n\n<p>Sigala &#8211; Sweet Lovin<\/p>\n\n\n\n<figure class=\"wp-block-embed is-type-video is-provider-youtube wp-block-embed-youtube wp-embed-aspect-16-9 wp-has-aspect-ratio\"><div class=\"wp-block-embed__wrapper\">\n<iframe loading=\"lazy\"  id=\"_ytid_82613\"  width=\"1380\" height=\"776\"  data-origwidth=\"1380\" data-origheight=\"776\" src=\"https:\/\/www.youtube.com\/embed\/qj5zT4t7S6c?enablejsapi=1&#038;autoplay=0&#038;cc_load_policy=0&#038;cc_lang_pref=&#038;iv_load_policy=3&#038;loop=0&#038;rel=0&#038;fs=1&#038;playsinline=0&#038;autohide=2&#038;theme=dark&#038;color=red&#038;controls=1&#038;disablekb=0&#038;\" class=\"__youtube_prefs__  epyt-is-override  no-lazyload\" title=\"YouTube player\"  allow=\"fullscreen; accelerometer; autoplay; clipboard-write; encrypted-media; gyroscope; picture-in-picture; web-share\" referrerpolicy=\"strict-origin-when-cross-origin\" allowfullscreen data-no-lazy=\"1\" data-skipgform_ajax_framebjll=\"\"><\/iframe>\n<\/div><\/figure>\n\n\n\n<p><\/p>\n\n\n\n<p><\/p>\n\n\n\n<p>Quadidega saab suurep\u00e4raselt tantsida!<\/p>\n\n\n\n<p>Chet Faker &#8211; Gold<\/p>\n\n\n\n<figure class=\"wp-block-embed is-type-video is-provider-youtube wp-block-embed-youtube wp-embed-aspect-16-9 wp-has-aspect-ratio\"><div class=\"wp-block-embed__wrapper\">\n<iframe loading=\"lazy\"  id=\"_ytid_31137\"  width=\"1380\" height=\"776\"  data-origwidth=\"1380\" data-origheight=\"776\" src=\"https:\/\/www.youtube.com\/embed\/hi4pzKvuEQM?enablejsapi=1&#038;autoplay=0&#038;cc_load_policy=0&#038;cc_lang_pref=&#038;iv_load_policy=3&#038;loop=0&#038;rel=0&#038;fs=1&#038;playsinline=0&#038;autohide=2&#038;theme=dark&#038;color=red&#038;controls=1&#038;disablekb=0&#038;\" class=\"__youtube_prefs__  epyt-is-override  no-lazyload\" title=\"YouTube player\"  allow=\"fullscreen; accelerometer; autoplay; clipboard-write; encrypted-media; gyroscope; picture-in-picture; web-share\" referrerpolicy=\"strict-origin-when-cross-origin\" allowfullscreen data-no-lazy=\"1\" data-skipgform_ajax_framebjll=\"\"><\/iframe>\n<\/div><\/figure>\n","protected":false},"excerpt":{"rendered":"<p>Siia oleme kogunud \u00a0netis leiduvad lihtsalt lahedad, m\u00f5nusa muusikaga longboardimise videod, mis tekitavad tahtmise haarata laud ja minna\u00a0teha \u00fcks tiir. Los Angeles, with umbrella by \uace0\ud6a8\uc8fcHyojooKo \u00a0 Uskumatult hea lugu ja video vanameistritelt k\u00f5igile, kes on s\u00f5itnud, trikitanud ja selle k\u00e4igus ka kukkunud: Red Hot Chili Peppers &#8211; Dark Necessities<span class=\"more-link\"><a href=\"https:\/\/longboard.ee\/et\/longboardide-opetused-videod-abimaterjal-eesti\/lihtsalt-lahedad-longboardimise-videod\/\">Continue Reading<\/a><\/span><\/p>\n","protected":false},"author":3,"featured_media":0,"parent":641,"menu_order":0,"comment_status":"closed","ping_status":"open","template":"","meta":{"footnotes":""},"class_list":["entry","author-nzz","post-650","page","type-page","status-publish"],"yoast_head":"<!-- This site is optimized with the Yoast SEO plugin v27.5 - https:\/\/yoast.com\/product\/yoast-seo-wordpress\/ -->\n<title>Lihtsalt lahedad longboardimise videod - Longboard.ee<\/title>\n<meta name=\"description\" content=\"Siia oleme kogunud netis leiduvad lihtsalt lahedad, m\u00f5nusa muusikaga longboardimise videod, mis tekitavad tahtmise haarata laua ja minna teha \u00fcks tiir.\" \/>\n<meta name=\"robots\" content=\"index, follow, max-snippet:-1, max-image-preview:large, max-video-preview:-1\" \/>\n<link rel=\"canonical\" href=\"https:\/\/longboard.ee\/et\/longboarding-help-and-support-information-videos\/just-cool-longboarding-videos\/\" \/>\n<meta name=\"twitter:label1\" content=\"Est. reading time\" \/>\n\t<meta name=\"twitter:data1\" content=\"1 minut\" \/>\n<script type=\"application\/ld+json\" class=\"yoast-schema-graph\">{\"@context\":\"https:\\\/\\\/schema.org\",\"@graph\":[{\"@type\":\"WebPage\",\"@id\":\"https:\\\/\\\/longboard.ee\\\/en\\\/longboarding-help-and-support-information-videos\\\/just-cool-longboarding-videos\\\/\",\"url\":\"https:\\\/\\\/longboard.ee\\\/en\\\/longboarding-help-and-support-information-videos\\\/just-cool-longboarding-videos\\\/\",\"name\":\"Lihtsalt lahedad longboardimise videod - Longboard.ee\",\"isPartOf\":{\"@id\":\"https:\\\/\\\/longboard.ee\\\/et\\\/#website\"},\"datePublished\":\"2014-07-06T09:00:32+00:00\",\"dateModified\":\"2021-10-21T08:33:42+00:00\",\"description\":\"Siia oleme kogunud netis leiduvad lihtsalt lahedad, m\u00f5nusa muusikaga longboardimise videod, mis tekitavad tahtmise haarata laua ja minna teha \u00fcks tiir.\",\"breadcrumb\":{\"@id\":\"https:\\\/\\\/longboard.ee\\\/en\\\/longboarding-help-and-support-information-videos\\\/just-cool-longboarding-videos\\\/#breadcrumb\"},\"inLanguage\":\"et\",\"potentialAction\":[{\"@type\":\"ReadAction\",\"target\":[\"https:\\\/\\\/longboard.ee\\\/en\\\/longboarding-help-and-support-information-videos\\\/just-cool-longboarding-videos\\\/\"]}]},{\"@type\":\"BreadcrumbList\",\"@id\":\"https:\\\/\\\/longboard.ee\\\/en\\\/longboarding-help-and-support-information-videos\\\/just-cool-longboarding-videos\\\/#breadcrumb\",\"itemListElement\":[{\"@type\":\"ListItem\",\"position\":1,\"name\":\"Home\",\"item\":\"https:\\\/\\\/longboard.ee\\\/\"},{\"@type\":\"ListItem\",\"position\":2,\"name\":\"Longboardide abimaterjalid, videod\",\"item\":\"https:\\\/\\\/longboard.ee\\\/et\\\/longboardide-opetused-videod-abimaterjal-eesti\\\/\"},{\"@type\":\"ListItem\",\"position\":3,\"name\":\"Lihtsalt lahedad longboardimise videod\"}]},{\"@type\":\"WebSite\",\"@id\":\"https:\\\/\\\/longboard.ee\\\/et\\\/#website\",\"url\":\"https:\\\/\\\/longboard.ee\\\/et\\\/\",\"name\":\"Longboard.ee\",\"description\":\"Longboardide e-pood\",\"publisher\":{\"@id\":\"https:\\\/\\\/longboard.ee\\\/et\\\/#organization\"},\"potentialAction\":[{\"@type\":\"SearchAction\",\"target\":{\"@type\":\"EntryPoint\",\"urlTemplate\":\"https:\\\/\\\/longboard.ee\\\/et\\\/?s={search_term_string}\"},\"query-input\":{\"@type\":\"PropertyValueSpecification\",\"valueRequired\":true,\"valueName\":\"search_term_string\"}}],\"inLanguage\":\"et\"},{\"@type\":\"Organization\",\"@id\":\"https:\\\/\\\/longboard.ee\\\/et\\\/#organization\",\"name\":\"Longboard.ee\",\"url\":\"https:\\\/\\\/longboard.ee\\\/et\\\/\",\"logo\":{\"@type\":\"ImageObject\",\"inLanguage\":\"et\",\"@id\":\"https:\\\/\\\/longboard.ee\\\/et\\\/#\\\/schema\\\/logo\\\/image\\\/\",\"url\":\"https:\\\/\\\/longboard.ee\\\/wp-content\\\/uploads\\\/2021\\\/10\\\/logo55.jpg\",\"contentUrl\":\"https:\\\/\\\/longboard.ee\\\/wp-content\\\/uploads\\\/2021\\\/10\\\/logo55.jpg\",\"width\":180,\"height\":180,\"caption\":\"Longboard.ee\"},\"image\":{\"@id\":\"https:\\\/\\\/longboard.ee\\\/et\\\/#\\\/schema\\\/logo\\\/image\\\/\"},\"sameAs\":[\"https:\\\/\\\/www.facebook.com\\\/Longboardee-131787663895166\\\/\"]}]}<\/script>\n<!-- \/ Yoast SEO plugin. -->","yoast_head_json":{"title":"Lihtsalt lahedad longboardimise videod - Longboard.ee","description":"Siia oleme kogunud netis leiduvad lihtsalt lahedad, m\u00f5nusa muusikaga longboardimise videod, mis tekitavad tahtmise haarata laua ja minna teha \u00fcks tiir.","robots":{"index":"index","follow":"follow","max-snippet":"max-snippet:-1","max-image-preview":"max-image-preview:large","max-video-preview":"max-video-preview:-1"},"canonical":"https:\/\/longboard.ee\/et\/longboarding-help-and-support-information-videos\/just-cool-longboarding-videos\/","twitter_misc":{"Est. reading time":"1 minut"},"schema":{"@context":"https:\/\/schema.org","@graph":[{"@type":"WebPage","@id":"https:\/\/longboard.ee\/en\/longboarding-help-and-support-information-videos\/just-cool-longboarding-videos\/","url":"https:\/\/longboard.ee\/en\/longboarding-help-and-support-information-videos\/just-cool-longboarding-videos\/","name":"Lihtsalt lahedad longboardimise videod - Longboard.ee","isPartOf":{"@id":"https:\/\/longboard.ee\/et\/#website"},"datePublished":"2014-07-06T09:00:32+00:00","dateModified":"2021-10-21T08:33:42+00:00","description":"Siia oleme kogunud netis leiduvad lihtsalt lahedad, m\u00f5nusa muusikaga longboardimise videod, mis tekitavad tahtmise haarata laua ja minna teha \u00fcks tiir.","breadcrumb":{"@id":"https:\/\/longboard.ee\/en\/longboarding-help-and-support-information-videos\/just-cool-longboarding-videos\/#breadcrumb"},"inLanguage":"et","potentialAction":[{"@type":"ReadAction","target":["https:\/\/longboard.ee\/en\/longboarding-help-and-support-information-videos\/just-cool-longboarding-videos\/"]}]},{"@type":"BreadcrumbList","@id":"https:\/\/longboard.ee\/en\/longboarding-help-and-support-information-videos\/just-cool-longboarding-videos\/#breadcrumb","itemListElement":[{"@type":"ListItem","position":1,"name":"Home","item":"https:\/\/longboard.ee\/"},{"@type":"ListItem","position":2,"name":"Longboardide abimaterjalid, videod","item":"https:\/\/longboard.ee\/et\/longboardide-opetused-videod-abimaterjal-eesti\/"},{"@type":"ListItem","position":3,"name":"Lihtsalt lahedad longboardimise videod"}]},{"@type":"WebSite","@id":"https:\/\/longboard.ee\/et\/#website","url":"https:\/\/longboard.ee\/et\/","name":"Longboard.ee","description":"Longboardide e-pood","publisher":{"@id":"https:\/\/longboard.ee\/et\/#organization"},"potentialAction":[{"@type":"SearchAction","target":{"@type":"EntryPoint","urlTemplate":"https:\/\/longboard.ee\/et\/?s={search_term_string}"},"query-input":{"@type":"PropertyValueSpecification","valueRequired":true,"valueName":"search_term_string"}}],"inLanguage":"et"},{"@type":"Organization","@id":"https:\/\/longboard.ee\/et\/#organization","name":"Longboard.ee","url":"https:\/\/longboard.ee\/et\/","logo":{"@type":"ImageObject","inLanguage":"et","@id":"https:\/\/longboard.ee\/et\/#\/schema\/logo\/image\/","url":"https:\/\/longboard.ee\/wp-content\/uploads\/2021\/10\/logo55.jpg","contentUrl":"https:\/\/longboard.ee\/wp-content\/uploads\/2021\/10\/logo55.jpg","width":180,"height":180,"caption":"Longboard.ee"},"image":{"@id":"https:\/\/longboard.ee\/et\/#\/schema\/logo\/image\/"},"sameAs":["https:\/\/www.facebook.com\/Longboardee-131787663895166\/"]}]}},"_links":{"self":[{"href":"https:\/\/longboard.ee\/et\/wp-json\/wp\/v2\/pages\/650","targetHints":{"allow":["GET"]}}],"collection":[{"href":"https:\/\/longboard.ee\/et\/wp-json\/wp\/v2\/pages"}],"about":[{"href":"https:\/\/longboard.ee\/et\/wp-json\/wp\/v2\/types\/page"}],"author":[{"embeddable":true,"href":"https:\/\/longboard.ee\/et\/wp-json\/wp\/v2\/users\/3"}],"replies":[{"embeddable":true,"href":"https:\/\/longboard.ee\/et\/wp-json\/wp\/v2\/comments?post=650"}],"version-history":[{"count":0,"href":"https:\/\/longboard.ee\/et\/wp-json\/wp\/v2\/pages\/650\/revisions"}],"up":[{"embeddable":true,"href":"https:\/\/longboard.ee\/et\/wp-json\/wp\/v2\/pages\/641"}],"wp:attachment":[{"href":"https:\/\/longboard.ee\/et\/wp-json\/wp\/v2\/media?parent=650"}],"curies":[{"name":"wp","href":"https:\/\/api.w.org\/{rel}","templated":true}]}}