{"id":14216,"date":"2021-03-03T16:29:22","date_gmt":"2021-03-03T16:29:22","guid":{"rendered":"https:\/\/longboard.ee\/?post_type=product&#038;p=14216"},"modified":"2025-06-25T15:19:14","modified_gmt":"2025-06-25T12:19:14","slug":"zoo-york-crackerjack-rula","status":"publish","type":"product","link":"https:\/\/longboard.ee\/et\/longboardid\/rulad\/zoo-york\/zoo-york-crackerjack-rula\/","title":{"rendered":"Zoo York Crackerjack rula"},"content":{"rendered":"<p><img loading=\"lazy\" decoding=\"async\" class=\"size-full wp-image-14217 alignleft\" src=\"https:\/\/longboard.ee\/wp-content\/uploads\/2021\/03\/medium4099.png\" alt=\"\" width=\"231\" height=\"218\" srcset=\"https:\/\/longboard.ee\/wp-content\/uploads\/2021\/03\/medium4099.png 231w, https:\/\/longboard.ee\/wp-content\/uploads\/2021\/03\/medium4099-13x12.png 13w\" sizes=\"auto, (max-width: 231px) 100vw, 231px\" \/><\/p>\n<div>New York City. 1970ndad. Graffitajate ja rulatajate kamp eesotsas Mark &#8220;Ali&#8221; Edmundsiga asutas r\u00fchmitise nimega &#8220;The Soul Artists of Zoo York&#8221;. Neid hakati austama k\u00f5igis viies linnaosas, kuna nad pommitasid v\u00e4rviga metrooseinu sama osavalt kui valitsesid ruladega t\u00e4navaid.<\/div>\n<div>1993. aastaks olid New Yorki lapsed t\u00e4navad juba \u00fcle v\u00f5tnud. V\u00e4sinud California-kesksest rulakultuurist, otsustasid kunagised Zoo Yorkerid asutada oma br\u00e4ndi, mis esindaks just New York Cityt. R\u00e4pases laohoones alguse saanud laudade ja T-s\u00e4rkide m\u00fc\u00fcmisest kasvas ruttu v\u00e4lja rahvusvaheline t\u00e4nava- ja elustiili kaubam\u00e4rk.<\/div>\n<div><\/div>\n<div><\/div>\n<p>Zoo York Crackerjack on mitmek\u00fclgne rula, millega s\u00f5ita nii t\u00e4navatel kui rulapargis, sobib nii algajatele kui proffidele.<\/p>\n<p>&nbsp;<\/p>\n<p>M\u00f5\u00f5dud: 8&#8243; x\u00a0 31.8&#8243;<\/p>\n<p>Laud: 7-kihilisest suhkruvahtrast<\/p>\n<p>Puksid: 88A<\/p>\n<p>Rattad: 52mm 99A<\/p>\n<p>Laagrid: ABEC-7<\/p>\n<p>&nbsp;<\/p>\n","protected":false},"excerpt":{"rendered":"<p>M\u00f5\u00f5dud: 8&#8243; x\u00a0 31.8&#8243;<\/p>\n<p>Laud: 7-kihilisest suhkruvahtrast<\/p>\n<p>Puksid: 88A<\/p>\n<p>Rattad: 52mm 99A<\/p>\n<p>Laagrid: ABEC-7<span class=\"more-link\"><a href=\"https:\/\/longboard.ee\/et\/longboardid\/rulad\/zoo-york\/zoo-york-crackerjack-rula\/\">Continue Reading<\/a><\/span><\/p>\n","protected":false},"featured_media":14221,"template":"","meta":[],"product_brand":[],"product_cat":[152,113],"product_tag":[],"class_list":{"0":"entry","1":"author-johanna","2":"has-excerpt","3":"post-14216","4":"product","5":"type-product","6":"status-publish","7":"has-post-thumbnail","8":"product_cat-zoo-york","9":"product_cat-rulad","11":"first","12":"instock","13":"taxable","14":"shipping-taxable","15":"purchasable","16":"product-type-simple"},"yoast_head":"<!-- This site is optimized with the Yoast SEO plugin v27.5 - https:\/\/yoast.com\/product\/yoast-seo-wordpress\/ -->\n<title>Rulad - Zoo York Crackerjack rula - Longboard.ee<\/title>\n<meta name=\"description\" content=\"Longboard.ee - Rulad - Zoo York Crackerjack on mitmek\u00fclgne rula, millega s\u00f5ita nii t\u00e4navatel kui rulapargis, sobib nii...\" \/>\n<meta name=\"robots\" content=\"index, follow, max-snippet:-1, max-image-preview:large, max-video-preview:-1\" \/>\n<link rel=\"canonical\" href=\"https:\/\/longboard.ee\/et\/longboards\/skateboards\/zoo-york-crackerjack-skateboard\/\" \/>\n<meta name=\"twitter:label1\" content=\"Est. reading time\" \/>\n\t<meta name=\"twitter:data1\" content=\"1 minut\" \/>\n<script type=\"application\/ld+json\" class=\"yoast-schema-graph\">{\"@context\":\"https:\\\/\\\/schema.org\",\"@graph\":[{\"@type\":\"WebPage\",\"@id\":\"https:\\\/\\\/longboard.ee\\\/en\\\/longboards\\\/skateboards\\\/zoo-york-crackerjack-skateboard\\\/\",\"url\":\"https:\\\/\\\/longboard.ee\\\/en\\\/longboards\\\/skateboards\\\/zoo-york-crackerjack-skateboard\\\/\",\"name\":\"Rulad - Zoo York Crackerjack rula - Longboard.ee\",\"isPartOf\":{\"@id\":\"https:\\\/\\\/longboard.ee\\\/et\\\/#website\"},\"primaryImageOfPage\":{\"@id\":\"https:\\\/\\\/longboard.ee\\\/en\\\/longboards\\\/skateboards\\\/zoo-york-crackerjack-skateboard\\\/#primaryimage\"},\"image\":{\"@id\":\"https:\\\/\\\/longboard.ee\\\/en\\\/longboards\\\/skateboards\\\/zoo-york-crackerjack-skateboard\\\/#primaryimage\"},\"thumbnailUrl\":\"https:\\\/\\\/longboard.ee\\\/wp-content\\\/uploads\\\/2021\\\/03\\\/zoo-york-crackerjack-complete-skateboard-h7-1.jpg\",\"datePublished\":\"2021-03-03T16:29:22+00:00\",\"dateModified\":\"2025-06-25T12:19:14+00:00\",\"description\":\"Longboard.ee - Rulad - Zoo York Crackerjack on mitmek\u00fclgne rula, millega s\u00f5ita nii t\u00e4navatel kui rulapargis, sobib nii...\",\"breadcrumb\":{\"@id\":\"https:\\\/\\\/longboard.ee\\\/en\\\/longboards\\\/skateboards\\\/zoo-york-crackerjack-skateboard\\\/#breadcrumb\"},\"inLanguage\":\"et\",\"potentialAction\":[{\"@type\":\"ReadAction\",\"target\":[\"https:\\\/\\\/longboard.ee\\\/en\\\/longboards\\\/skateboards\\\/zoo-york-crackerjack-skateboard\\\/\"]}]},{\"@type\":\"ImageObject\",\"inLanguage\":\"et\",\"@id\":\"https:\\\/\\\/longboard.ee\\\/en\\\/longboards\\\/skateboards\\\/zoo-york-crackerjack-skateboard\\\/#primaryimage\",\"url\":\"https:\\\/\\\/longboard.ee\\\/wp-content\\\/uploads\\\/2021\\\/03\\\/zoo-york-crackerjack-complete-skateboard-h7-1.jpg\",\"contentUrl\":\"https:\\\/\\\/longboard.ee\\\/wp-content\\\/uploads\\\/2021\\\/03\\\/zoo-york-crackerjack-complete-skateboard-h7-1.jpg\",\"width\":1500,\"height\":1500,\"caption\":\"zoo york rula\"},{\"@type\":\"BreadcrumbList\",\"@id\":\"https:\\\/\\\/longboard.ee\\\/en\\\/longboards\\\/skateboards\\\/zoo-york-crackerjack-skateboard\\\/#breadcrumb\",\"itemListElement\":[{\"@type\":\"ListItem\",\"position\":1,\"name\":\"Home\",\"item\":\"https:\\\/\\\/longboard.ee\\\/\"},{\"@type\":\"ListItem\",\"position\":2,\"name\":\"Longboardid, rulad, t\u00f5ukerattad, rulluisud\",\"item\":\"https:\\\/\\\/longboard.ee\\\/longboardid-rulad-toukerattad\\\/\"},{\"@type\":\"ListItem\",\"position\":3,\"name\":\"Rulad\",\"item\":\"https:\\\/\\\/longboard.ee\\\/en\\\/longboard\\\/skateboards\\\/\"},{\"@type\":\"ListItem\",\"position\":4,\"name\":\"Zoo York Crackerjack rula\"}]},{\"@type\":\"WebSite\",\"@id\":\"https:\\\/\\\/longboard.ee\\\/et\\\/#website\",\"url\":\"https:\\\/\\\/longboard.ee\\\/et\\\/\",\"name\":\"Longboard.ee\",\"description\":\"Longboardide e-pood\",\"publisher\":{\"@id\":\"https:\\\/\\\/longboard.ee\\\/et\\\/#organization\"},\"potentialAction\":[{\"@type\":\"SearchAction\",\"target\":{\"@type\":\"EntryPoint\",\"urlTemplate\":\"https:\\\/\\\/longboard.ee\\\/et\\\/?s={search_term_string}\"},\"query-input\":{\"@type\":\"PropertyValueSpecification\",\"valueRequired\":true,\"valueName\":\"search_term_string\"}}],\"inLanguage\":\"et\"},{\"@type\":\"Organization\",\"@id\":\"https:\\\/\\\/longboard.ee\\\/et\\\/#organization\",\"name\":\"Longboard.ee\",\"url\":\"https:\\\/\\\/longboard.ee\\\/et\\\/\",\"logo\":{\"@type\":\"ImageObject\",\"inLanguage\":\"et\",\"@id\":\"https:\\\/\\\/longboard.ee\\\/et\\\/#\\\/schema\\\/logo\\\/image\\\/\",\"url\":\"https:\\\/\\\/longboard.ee\\\/wp-content\\\/uploads\\\/2021\\\/10\\\/logo55.jpg\",\"contentUrl\":\"https:\\\/\\\/longboard.ee\\\/wp-content\\\/uploads\\\/2021\\\/10\\\/logo55.jpg\",\"width\":180,\"height\":180,\"caption\":\"Longboard.ee\"},\"image\":{\"@id\":\"https:\\\/\\\/longboard.ee\\\/et\\\/#\\\/schema\\\/logo\\\/image\\\/\"},\"sameAs\":[\"https:\\\/\\\/www.facebook.com\\\/Longboardee-131787663895166\\\/\"]}]}<\/script>\n<!-- \/ Yoast SEO plugin. -->","yoast_head_json":{"title":"Rulad - Zoo York Crackerjack rula - Longboard.ee","description":"Longboard.ee - Rulad - Zoo York Crackerjack on mitmek\u00fclgne rula, millega s\u00f5ita nii t\u00e4navatel kui rulapargis, sobib nii...","robots":{"index":"index","follow":"follow","max-snippet":"max-snippet:-1","max-image-preview":"max-image-preview:large","max-video-preview":"max-video-preview:-1"},"canonical":"https:\/\/longboard.ee\/et\/longboards\/skateboards\/zoo-york-crackerjack-skateboard\/","twitter_misc":{"Est. reading time":"1 minut"},"schema":{"@context":"https:\/\/schema.org","@graph":[{"@type":"WebPage","@id":"https:\/\/longboard.ee\/en\/longboards\/skateboards\/zoo-york-crackerjack-skateboard\/","url":"https:\/\/longboard.ee\/en\/longboards\/skateboards\/zoo-york-crackerjack-skateboard\/","name":"Rulad - Zoo York Crackerjack rula - Longboard.ee","isPartOf":{"@id":"https:\/\/longboard.ee\/et\/#website"},"primaryImageOfPage":{"@id":"https:\/\/longboard.ee\/en\/longboards\/skateboards\/zoo-york-crackerjack-skateboard\/#primaryimage"},"image":{"@id":"https:\/\/longboard.ee\/en\/longboards\/skateboards\/zoo-york-crackerjack-skateboard\/#primaryimage"},"thumbnailUrl":"https:\/\/longboard.ee\/wp-content\/uploads\/2021\/03\/zoo-york-crackerjack-complete-skateboard-h7-1.jpg","datePublished":"2021-03-03T16:29:22+00:00","dateModified":"2025-06-25T12:19:14+00:00","description":"Longboard.ee - Rulad - Zoo York Crackerjack on mitmek\u00fclgne rula, millega s\u00f5ita nii t\u00e4navatel kui rulapargis, sobib nii...","breadcrumb":{"@id":"https:\/\/longboard.ee\/en\/longboards\/skateboards\/zoo-york-crackerjack-skateboard\/#breadcrumb"},"inLanguage":"et","potentialAction":[{"@type":"ReadAction","target":["https:\/\/longboard.ee\/en\/longboards\/skateboards\/zoo-york-crackerjack-skateboard\/"]}]},{"@type":"ImageObject","inLanguage":"et","@id":"https:\/\/longboard.ee\/en\/longboards\/skateboards\/zoo-york-crackerjack-skateboard\/#primaryimage","url":"https:\/\/longboard.ee\/wp-content\/uploads\/2021\/03\/zoo-york-crackerjack-complete-skateboard-h7-1.jpg","contentUrl":"https:\/\/longboard.ee\/wp-content\/uploads\/2021\/03\/zoo-york-crackerjack-complete-skateboard-h7-1.jpg","width":1500,"height":1500,"caption":"zoo york rula"},{"@type":"BreadcrumbList","@id":"https:\/\/longboard.ee\/en\/longboards\/skateboards\/zoo-york-crackerjack-skateboard\/#breadcrumb","itemListElement":[{"@type":"ListItem","position":1,"name":"Home","item":"https:\/\/longboard.ee\/"},{"@type":"ListItem","position":2,"name":"Longboardid, rulad, t\u00f5ukerattad, rulluisud","item":"https:\/\/longboard.ee\/longboardid-rulad-toukerattad\/"},{"@type":"ListItem","position":3,"name":"Rulad","item":"https:\/\/longboard.ee\/en\/longboard\/skateboards\/"},{"@type":"ListItem","position":4,"name":"Zoo York Crackerjack rula"}]},{"@type":"WebSite","@id":"https:\/\/longboard.ee\/et\/#website","url":"https:\/\/longboard.ee\/et\/","name":"Longboard.ee","description":"Longboardide e-pood","publisher":{"@id":"https:\/\/longboard.ee\/et\/#organization"},"potentialAction":[{"@type":"SearchAction","target":{"@type":"EntryPoint","urlTemplate":"https:\/\/longboard.ee\/et\/?s={search_term_string}"},"query-input":{"@type":"PropertyValueSpecification","valueRequired":true,"valueName":"search_term_string"}}],"inLanguage":"et"},{"@type":"Organization","@id":"https:\/\/longboard.ee\/et\/#organization","name":"Longboard.ee","url":"https:\/\/longboard.ee\/et\/","logo":{"@type":"ImageObject","inLanguage":"et","@id":"https:\/\/longboard.ee\/et\/#\/schema\/logo\/image\/","url":"https:\/\/longboard.ee\/wp-content\/uploads\/2021\/10\/logo55.jpg","contentUrl":"https:\/\/longboard.ee\/wp-content\/uploads\/2021\/10\/logo55.jpg","width":180,"height":180,"caption":"Longboard.ee"},"image":{"@id":"https:\/\/longboard.ee\/et\/#\/schema\/logo\/image\/"},"sameAs":["https:\/\/www.facebook.com\/Longboardee-131787663895166\/"]}]}},"_links":{"self":[{"href":"https:\/\/longboard.ee\/et\/wp-json\/wp\/v2\/product\/14216","targetHints":{"allow":["GET"]}}],"collection":[{"href":"https:\/\/longboard.ee\/et\/wp-json\/wp\/v2\/product"}],"about":[{"href":"https:\/\/longboard.ee\/et\/wp-json\/wp\/v2\/types\/product"}],"wp:featuredmedia":[{"embeddable":true,"href":"https:\/\/longboard.ee\/et\/wp-json\/wp\/v2\/media\/14221"}],"wp:attachment":[{"href":"https:\/\/longboard.ee\/et\/wp-json\/wp\/v2\/media?parent=14216"}],"wp:term":[{"taxonomy":"product_brand","embeddable":true,"href":"https:\/\/longboard.ee\/et\/wp-json\/wp\/v2\/product_brand?post=14216"},{"taxonomy":"product_cat","embeddable":true,"href":"https:\/\/longboard.ee\/et\/wp-json\/wp\/v2\/product_cat?post=14216"},{"taxonomy":"product_tag","embeddable":true,"href":"https:\/\/longboard.ee\/et\/wp-json\/wp\/v2\/product_tag?post=14216"}],"curies":[{"name":"wp","href":"https:\/\/api.w.org\/{rel}","templated":true}]}}