{"id":14475,"date":"2021-03-18T19:41:22","date_gmt":"2021-03-18T19:41:22","guid":{"rendered":"https:\/\/longboard.ee\/?post_type=product&#038;p=14475"},"modified":"2025-07-01T20:41:28","modified_gmt":"2025-07-01T17:41:28","slug":"retrospec-zed-pintail-dark-tropics-longboard-41","status":"publish","type":"product","link":"https:\/\/longboard.ee\/et\/longboardid\/longboardid\/retrospec\/retrospec-zed-pintail-dark-tropics-longboard-41\/","title":{"rendered":"Retrospec ZED Pintail Dark Tropics longboard 41&#8243;"},"content":{"rendered":"<p><img loading=\"lazy\" decoding=\"async\" class=\"wp-image-14400 alignleft\" src=\"https:\/\/longboard.ee\/wp-content\/uploads\/2021\/03\/retrospec_logo_before_after-950x534.png\" alt=\"\" width=\"215\" height=\"121\" srcset=\"https:\/\/longboard.ee\/wp-content\/uploads\/2021\/03\/retrospec_logo_before_after-950x534.png 950w, https:\/\/longboard.ee\/wp-content\/uploads\/2021\/03\/retrospec_logo_before_after-1024x576.png 1024w, https:\/\/longboard.ee\/wp-content\/uploads\/2021\/03\/retrospec_logo_before_after-1536x864.png 1536w, https:\/\/longboard.ee\/wp-content\/uploads\/2021\/03\/retrospec_logo_before_after-16x9.png 16w, https:\/\/longboard.ee\/wp-content\/uploads\/2021\/03\/retrospec_logo_before_after-465x262.png 465w, https:\/\/longboard.ee\/wp-content\/uploads\/2021\/03\/retrospec_logo_before_after-695x391.png 695w, https:\/\/longboard.ee\/wp-content\/uploads\/2021\/03\/retrospec_logo_before_after.png 2000w\" sizes=\"auto, (max-width: 215px) 100vw, 215px\" \/> Retrospec longboardid on p\u00e4rit p\u00e4ikeselisest Californiast. Longboardid on valmistatud\u00a0 kanada vahtrast ja bambusest. Retrospecile on iseloomulik retroh\u00f5nguline ja puhta joonega graafika inspireeritud 1960ndate surfikultuurist.<\/p>\n<p>&nbsp;<\/p>\n<div class=\"feature-row__item feature-row__text feature-row__text--right text- right\">\n<div><\/div>\n<div class=\"rte featured-row__subtext\">\n<p>&nbsp;<\/p>\n<p class=\"h3\">Retrospec ZED Pintail Dark Tropics longboardil on klassikalise surfilaua v\u00e4limus ja olemus. Longboardi kuju ei lase ratastel laua vastu h\u00f5\u00f5rduda (wheelbite), mist\u00f5ttu saad kurve l\u00e4bida t\u00e4pselt ja kiiresti tasakaalu kaotamata. Pehmed rattad annavad teekonarused andeks. Laud on valmistatud bambusest. Longboard sobib ideaalselt algajale s\u00f5itjale kruiisimiseks, mitte trikkide tegemiseks. Soovituslik kaalupiirang on 85 kg.<\/p>\n<div class=\"rte featured-row__subtext\"><\/div>\n<div>\n<p class=\"h3\"><span style=\"font-family: -apple-system, BlinkMacSystemFont, 'Segoe UI', Roboto, Oxygen-Sans, Ubuntu, Cantarell, 'Helvetica Neue', sans-serif;\">M\u00f5\u00f5dud: <\/span><span class=\"spec-info\" style=\"font-family: -apple-system, BlinkMacSystemFont, 'Segoe UI', Roboto, Oxygen-Sans, Ubuntu, Cantarell, 'Helvetica Neue', sans-serif;\">41&#8243; x 9.5&#8243;\/104cm x 24cm<\/span><\/p>\n<p class=\"h3\"><span style=\"font-family: -apple-system, BlinkMacSystemFont, 'Segoe UI', Roboto, Oxygen-Sans, Ubuntu, Cantarell, 'Helvetica Neue', sans-serif;\">Truckid: Inverted kingpin, 180mm<\/span><\/p>\n<\/div>\n<\/div>\n<\/div>\n<p><span class=\"spec-info\">Laagrid: ABEC 7<\/span><\/p>\n<p><span class=\"spec-info\">Rattad: 70x51mm 85a PU\u00a0<\/span><\/p>\n","protected":false},"excerpt":{"rendered":"<div class=\"feature-row__item feature-row__text feature-row__text--right text- right\">\n<div class=\"rte featured-row__subtext\">\n<div>\n<p class=\"h3\"><span style=\"font-family: -apple-system, BlinkMacSystemFont, 'Segoe UI', Roboto, Oxygen-Sans, Ubuntu, Cantarell, 'Helvetica Neue', sans-serif;\">M\u00f5\u00f5dud: <\/span><span class=\"spec-info\" style=\"font-family: -apple-system, BlinkMacSystemFont, 'Segoe UI', Roboto, Oxygen-Sans, Ubuntu, Cantarell, 'Helvetica Neue', sans-serif;\">41&#8243; x 9.5&#8243;\/104cm x 24cm<\/span><\/p>\n<p class=\"h3\"><span style=\"font-family: -apple-system, BlinkMacSystemFont, 'Segoe UI', Roboto, Oxygen-Sans, Ubuntu, Cantarell, 'Helvetica Neue', sans-serif;\">Truckid: Inverted kingpin, 180mm<\/span><\/p>\n<\/div>\n<\/div>\n<\/div>\n<p><span class=\"spec-info\">Laagrid: ABEC 7<\/span><\/p>\n<p><span class=\"spec-info\">Rattad: 70x51mm 85a PU\u00a0<\/span><span class=\"more-link\"><a href=\"https:\/\/longboard.ee\/et\/longboardid\/longboardid\/retrospec\/retrospec-zed-pintail-dark-tropics-longboard-41\/\">Continue Reading<\/a><\/span><\/p>\n","protected":false},"featured_media":14476,"template":"","meta":[],"product_brand":[],"product_cat":[154],"product_tag":[],"class_list":{"0":"entry","1":"author-johanna","2":"has-excerpt","3":"post-14475","4":"product","5":"type-product","6":"status-publish","7":"has-post-thumbnail","8":"product_cat-retrospec","10":"first","11":"instock","12":"taxable","13":"shipping-taxable","14":"purchasable","15":"product-type-simple"},"yoast_head":"<!-- This site is optimized with the Yoast SEO plugin v27.4 - https:\/\/yoast.com\/product\/yoast-seo-wordpress\/ -->\n<title>Retrospec ZED Pintail Dark Tropics longboard 41 - longboard.ee<\/title>\n<meta name=\"description\" content=\"Retrospec ZED Pintail Dark Tropics longboardil on klassikalise surfilaua v\u00e4limus ja olemus. Longboardi kuju ei lase ratastel laua vastu h\u00f5\u00f5rduda (wheelbite), mist\u00f5ttu saad kurve l\u00e4bida t\u00e4pselt ja kiiresti tasakaalu kaotamata. Pehmed rattad annavad teekonarused andeks. Laud on valmistatud bambusest.\" \/>\n<meta name=\"robots\" content=\"index, follow, max-snippet:-1, max-image-preview:large, max-video-preview:-1\" \/>\n<link rel=\"canonical\" href=\"https:\/\/longboard.ee\/et\/longboardid\/longboardid\/retrospec\/retrospec-zed-pintail-dark-tropics-longboard-41\/\" \/>\n<meta name=\"twitter:label1\" content=\"Est. reading time\" \/>\n\t<meta name=\"twitter:data1\" content=\"1 minut\" \/>\n<script type=\"application\/ld+json\" class=\"yoast-schema-graph\">{\"@context\":\"https:\\\/\\\/schema.org\",\"@graph\":[{\"@type\":\"WebPage\",\"@id\":\"https:\\\/\\\/longboard.ee\\\/longboardid\\\/longboardid\\\/retrospec\\\/retrospec-zed-pintail-dark-tropics-longboard-41\\\/\",\"url\":\"https:\\\/\\\/longboard.ee\\\/longboardid\\\/longboardid\\\/retrospec\\\/retrospec-zed-pintail-dark-tropics-longboard-41\\\/\",\"name\":\"Retrospec ZED Pintail Dark Tropics longboard 41 - longboard.ee\",\"isPartOf\":{\"@id\":\"https:\\\/\\\/longboard.ee\\\/et\\\/#website\"},\"primaryImageOfPage\":{\"@id\":\"https:\\\/\\\/longboard.ee\\\/longboardid\\\/longboardid\\\/retrospec\\\/retrospec-zed-pintail-dark-tropics-longboard-41\\\/#primaryimage\"},\"image\":{\"@id\":\"https:\\\/\\\/longboard.ee\\\/longboardid\\\/longboardid\\\/retrospec\\\/retrospec-zed-pintail-dark-tropics-longboard-41\\\/#primaryimage\"},\"thumbnailUrl\":\"https:\\\/\\\/longboard.ee\\\/wp-content\\\/uploads\\\/2021\\\/03\\\/4021_1_1800x1800.jpeg\",\"datePublished\":\"2021-03-18T19:41:22+00:00\",\"dateModified\":\"2025-07-01T17:41:28+00:00\",\"description\":\"Retrospec ZED Pintail Dark Tropics longboardil on klassikalise surfilaua v\u00e4limus ja olemus. Longboardi kuju ei lase ratastel laua vastu h\u00f5\u00f5rduda (wheelbite), mist\u00f5ttu saad kurve l\u00e4bida t\u00e4pselt ja kiiresti tasakaalu kaotamata. Pehmed rattad annavad teekonarused andeks. Laud on valmistatud bambusest.\",\"breadcrumb\":{\"@id\":\"https:\\\/\\\/longboard.ee\\\/longboardid\\\/longboardid\\\/retrospec\\\/retrospec-zed-pintail-dark-tropics-longboard-41\\\/#breadcrumb\"},\"inLanguage\":\"et\",\"potentialAction\":[{\"@type\":\"ReadAction\",\"target\":[\"https:\\\/\\\/longboard.ee\\\/longboardid\\\/longboardid\\\/retrospec\\\/retrospec-zed-pintail-dark-tropics-longboard-41\\\/\"]}]},{\"@type\":\"ImageObject\",\"inLanguage\":\"et\",\"@id\":\"https:\\\/\\\/longboard.ee\\\/longboardid\\\/longboardid\\\/retrospec\\\/retrospec-zed-pintail-dark-tropics-longboard-41\\\/#primaryimage\",\"url\":\"https:\\\/\\\/longboard.ee\\\/wp-content\\\/uploads\\\/2021\\\/03\\\/4021_1_1800x1800.jpeg\",\"contentUrl\":\"https:\\\/\\\/longboard.ee\\\/wp-content\\\/uploads\\\/2021\\\/03\\\/4021_1_1800x1800.jpeg\",\"width\":1800,\"height\":1800},{\"@type\":\"BreadcrumbList\",\"@id\":\"https:\\\/\\\/longboard.ee\\\/longboardid\\\/longboardid\\\/retrospec\\\/retrospec-zed-pintail-dark-tropics-longboard-41\\\/#breadcrumb\",\"itemListElement\":[{\"@type\":\"ListItem\",\"position\":1,\"name\":\"Home\",\"item\":\"https:\\\/\\\/longboard.ee\\\/\"},{\"@type\":\"ListItem\",\"position\":2,\"name\":\"Longboardid, rulad, t\u00f5ukerattad, rulluisud\",\"item\":\"https:\\\/\\\/longboard.ee\\\/longboardid-rulad-toukerattad\\\/\"},{\"@type\":\"ListItem\",\"position\":3,\"name\":\"Longboardid\",\"item\":\"https:\\\/\\\/longboard.ee\\\/longboard\\\/longboardid\\\/\"},{\"@type\":\"ListItem\",\"position\":4,\"name\":\"Retrospec longboardid\",\"item\":\"https:\\\/\\\/longboard.ee\\\/longboard\\\/longboardid\\\/retrospec\\\/\"},{\"@type\":\"ListItem\",\"position\":5,\"name\":\"Retrospec ZED Pintail Dark Tropics longboard 41&#8243;\"}]},{\"@type\":\"WebSite\",\"@id\":\"https:\\\/\\\/longboard.ee\\\/et\\\/#website\",\"url\":\"https:\\\/\\\/longboard.ee\\\/et\\\/\",\"name\":\"Longboard.ee\",\"description\":\"Longboardide e-pood\",\"publisher\":{\"@id\":\"https:\\\/\\\/longboard.ee\\\/et\\\/#organization\"},\"potentialAction\":[{\"@type\":\"SearchAction\",\"target\":{\"@type\":\"EntryPoint\",\"urlTemplate\":\"https:\\\/\\\/longboard.ee\\\/et\\\/?s={search_term_string}\"},\"query-input\":{\"@type\":\"PropertyValueSpecification\",\"valueRequired\":true,\"valueName\":\"search_term_string\"}}],\"inLanguage\":\"et\"},{\"@type\":\"Organization\",\"@id\":\"https:\\\/\\\/longboard.ee\\\/et\\\/#organization\",\"name\":\"Longboard.ee\",\"url\":\"https:\\\/\\\/longboard.ee\\\/et\\\/\",\"logo\":{\"@type\":\"ImageObject\",\"inLanguage\":\"et\",\"@id\":\"https:\\\/\\\/longboard.ee\\\/et\\\/#\\\/schema\\\/logo\\\/image\\\/\",\"url\":\"https:\\\/\\\/longboard.ee\\\/wp-content\\\/uploads\\\/2021\\\/10\\\/logo55.jpg\",\"contentUrl\":\"https:\\\/\\\/longboard.ee\\\/wp-content\\\/uploads\\\/2021\\\/10\\\/logo55.jpg\",\"width\":180,\"height\":180,\"caption\":\"Longboard.ee\"},\"image\":{\"@id\":\"https:\\\/\\\/longboard.ee\\\/et\\\/#\\\/schema\\\/logo\\\/image\\\/\"},\"sameAs\":[\"https:\\\/\\\/www.facebook.com\\\/Longboardee-131787663895166\\\/\"]}]}<\/script>\n<!-- \/ Yoast SEO plugin. -->","yoast_head_json":{"title":"Retrospec ZED Pintail Dark Tropics longboard 41 - longboard.ee","description":"Retrospec ZED Pintail Dark Tropics longboardil on klassikalise surfilaua v\u00e4limus ja olemus. Longboardi kuju ei lase ratastel laua vastu h\u00f5\u00f5rduda (wheelbite), mist\u00f5ttu saad kurve l\u00e4bida t\u00e4pselt ja kiiresti tasakaalu kaotamata. Pehmed rattad annavad teekonarused andeks. Laud on valmistatud bambusest.","robots":{"index":"index","follow":"follow","max-snippet":"max-snippet:-1","max-image-preview":"max-image-preview:large","max-video-preview":"max-video-preview:-1"},"canonical":"https:\/\/longboard.ee\/et\/longboardid\/longboardid\/retrospec\/retrospec-zed-pintail-dark-tropics-longboard-41\/","twitter_misc":{"Est. reading time":"1 minut"},"schema":{"@context":"https:\/\/schema.org","@graph":[{"@type":"WebPage","@id":"https:\/\/longboard.ee\/longboardid\/longboardid\/retrospec\/retrospec-zed-pintail-dark-tropics-longboard-41\/","url":"https:\/\/longboard.ee\/longboardid\/longboardid\/retrospec\/retrospec-zed-pintail-dark-tropics-longboard-41\/","name":"Retrospec ZED Pintail Dark Tropics longboard 41 - longboard.ee","isPartOf":{"@id":"https:\/\/longboard.ee\/et\/#website"},"primaryImageOfPage":{"@id":"https:\/\/longboard.ee\/longboardid\/longboardid\/retrospec\/retrospec-zed-pintail-dark-tropics-longboard-41\/#primaryimage"},"image":{"@id":"https:\/\/longboard.ee\/longboardid\/longboardid\/retrospec\/retrospec-zed-pintail-dark-tropics-longboard-41\/#primaryimage"},"thumbnailUrl":"https:\/\/longboard.ee\/wp-content\/uploads\/2021\/03\/4021_1_1800x1800.jpeg","datePublished":"2021-03-18T19:41:22+00:00","dateModified":"2025-07-01T17:41:28+00:00","description":"Retrospec ZED Pintail Dark Tropics longboardil on klassikalise surfilaua v\u00e4limus ja olemus. Longboardi kuju ei lase ratastel laua vastu h\u00f5\u00f5rduda (wheelbite), mist\u00f5ttu saad kurve l\u00e4bida t\u00e4pselt ja kiiresti tasakaalu kaotamata. Pehmed rattad annavad teekonarused andeks. Laud on valmistatud bambusest.","breadcrumb":{"@id":"https:\/\/longboard.ee\/longboardid\/longboardid\/retrospec\/retrospec-zed-pintail-dark-tropics-longboard-41\/#breadcrumb"},"inLanguage":"et","potentialAction":[{"@type":"ReadAction","target":["https:\/\/longboard.ee\/longboardid\/longboardid\/retrospec\/retrospec-zed-pintail-dark-tropics-longboard-41\/"]}]},{"@type":"ImageObject","inLanguage":"et","@id":"https:\/\/longboard.ee\/longboardid\/longboardid\/retrospec\/retrospec-zed-pintail-dark-tropics-longboard-41\/#primaryimage","url":"https:\/\/longboard.ee\/wp-content\/uploads\/2021\/03\/4021_1_1800x1800.jpeg","contentUrl":"https:\/\/longboard.ee\/wp-content\/uploads\/2021\/03\/4021_1_1800x1800.jpeg","width":1800,"height":1800},{"@type":"BreadcrumbList","@id":"https:\/\/longboard.ee\/longboardid\/longboardid\/retrospec\/retrospec-zed-pintail-dark-tropics-longboard-41\/#breadcrumb","itemListElement":[{"@type":"ListItem","position":1,"name":"Home","item":"https:\/\/longboard.ee\/"},{"@type":"ListItem","position":2,"name":"Longboardid, rulad, t\u00f5ukerattad, rulluisud","item":"https:\/\/longboard.ee\/longboardid-rulad-toukerattad\/"},{"@type":"ListItem","position":3,"name":"Longboardid","item":"https:\/\/longboard.ee\/longboard\/longboardid\/"},{"@type":"ListItem","position":4,"name":"Retrospec longboardid","item":"https:\/\/longboard.ee\/longboard\/longboardid\/retrospec\/"},{"@type":"ListItem","position":5,"name":"Retrospec ZED Pintail Dark Tropics longboard 41&#8243;"}]},{"@type":"WebSite","@id":"https:\/\/longboard.ee\/et\/#website","url":"https:\/\/longboard.ee\/et\/","name":"Longboard.ee","description":"Longboardide e-pood","publisher":{"@id":"https:\/\/longboard.ee\/et\/#organization"},"potentialAction":[{"@type":"SearchAction","target":{"@type":"EntryPoint","urlTemplate":"https:\/\/longboard.ee\/et\/?s={search_term_string}"},"query-input":{"@type":"PropertyValueSpecification","valueRequired":true,"valueName":"search_term_string"}}],"inLanguage":"et"},{"@type":"Organization","@id":"https:\/\/longboard.ee\/et\/#organization","name":"Longboard.ee","url":"https:\/\/longboard.ee\/et\/","logo":{"@type":"ImageObject","inLanguage":"et","@id":"https:\/\/longboard.ee\/et\/#\/schema\/logo\/image\/","url":"https:\/\/longboard.ee\/wp-content\/uploads\/2021\/10\/logo55.jpg","contentUrl":"https:\/\/longboard.ee\/wp-content\/uploads\/2021\/10\/logo55.jpg","width":180,"height":180,"caption":"Longboard.ee"},"image":{"@id":"https:\/\/longboard.ee\/et\/#\/schema\/logo\/image\/"},"sameAs":["https:\/\/www.facebook.com\/Longboardee-131787663895166\/"]}]}},"_links":{"self":[{"href":"https:\/\/longboard.ee\/et\/wp-json\/wp\/v2\/product\/14475","targetHints":{"allow":["GET"]}}],"collection":[{"href":"https:\/\/longboard.ee\/et\/wp-json\/wp\/v2\/product"}],"about":[{"href":"https:\/\/longboard.ee\/et\/wp-json\/wp\/v2\/types\/product"}],"wp:featuredmedia":[{"embeddable":true,"href":"https:\/\/longboard.ee\/et\/wp-json\/wp\/v2\/media\/14476"}],"wp:attachment":[{"href":"https:\/\/longboard.ee\/et\/wp-json\/wp\/v2\/media?parent=14475"}],"wp:term":[{"taxonomy":"product_brand","embeddable":true,"href":"https:\/\/longboard.ee\/et\/wp-json\/wp\/v2\/product_brand?post=14475"},{"taxonomy":"product_cat","embeddable":true,"href":"https:\/\/longboard.ee\/et\/wp-json\/wp\/v2\/product_cat?post=14475"},{"taxonomy":"product_tag","embeddable":true,"href":"https:\/\/longboard.ee\/et\/wp-json\/wp\/v2\/product_tag?post=14475"}],"curies":[{"name":"wp","href":"https:\/\/api.w.org\/{rel}","templated":true}]}}