{"id":14777,"date":"2021-04-26T10:16:45","date_gmt":"2021-04-26T10:16:45","guid":{"rendered":"https:\/\/longboard.ee\/?post_type=product&#038;p=14777"},"modified":"2025-03-12T11:40:54","modified_gmt":"2025-03-12T09:40:54","slug":"rekd-status-longboardimiskindad","status":"publish","type":"product","link":"https:\/\/longboard.ee\/et\/longboardid\/tarvikud-ja-varustus\/kindad\/rekd-status-longboardimiskindad\/","title":{"rendered":"REKD Status longboardimiskindad"},"content":{"rendered":"<p><img loading=\"lazy\" decoding=\"async\" class=\" wp-image-2491 alignleft\" src=\"https:\/\/longboard.ee\/wp-content\/uploads\/2019\/07\/rekd.jpg\" alt=\"\" width=\"95\" height=\"47\" srcset=\"https:\/\/longboard.ee\/wp-content\/uploads\/2019\/07\/rekd.jpg 137w, https:\/\/longboard.ee\/wp-content\/uploads\/2019\/07\/rekd-16x8.jpg 16w\" sizes=\"auto, (max-width: 95px) 100vw, 95px\" \/><\/p>\n<p>REKD Status kindad on h\u00e4sti haarduvad ja mugavad. Kindad on kergest hingavast materjalist ja ergonoomilised. Peopesa ja s\u00f5rmed on kaetud ekraanitundliku materjaliga. Sobivad nii rulatamiseks, longboardimiseks, rattas\u00f5iduks, rulluisutamiseks ja kaitsevad suuremate p\u00f5rutuste eest.<\/p>\n<p>A: Kinda kogupikkus (peopesa alumisest osast keskmise s\u00f5rme tipuni)<br \/>\nB: Peopesa laius<br \/>\nC: Randme \u00fcmberm\u00f5\u00f5t<\/p>\n<p>S: A: 19.5cm B: 9cm C: 7.5cm<br \/>\nM: A: 20.5cm B: 9.5cm C: 8cm<br \/>\nL: A: 21.5cm B: 10cm C: 9cm<br \/>\nXL: A: 23.5cm B: 10.5cm C: 9.5cm<\/p>\n<p>&nbsp;<\/p>\n<p>&nbsp;<\/p>\n","protected":false},"excerpt":{"rendered":"<p>REKD Status kindad on h\u00e4sti haarduvad ja mugavad. Kindad on kergest hingavast materjalist ja ergonoomilised. Peopesa ja s\u00f5rmed on kaetud ekraanitundliku materjaliga. Sobivad nii rulatamiseks, longboardimiseks, rattas\u00f5iduks, rulluisutamiseks ja kaitsevad suuremate p\u00f5rutuste eest. A: Kinda kogupikkus (peopesa alumisest osast keskmise s\u00f5rme tipuni) B: Peopesa laius C: Randme \u00fcmberm\u00f5\u00f5t S: A:<span class=\"more-link\"><a href=\"https:\/\/longboard.ee\/et\/longboardid\/tarvikud-ja-varustus\/kindad\/rekd-status-longboardimiskindad\/\">Continue Reading<\/a><\/span><\/p>\n","protected":false},"featured_media":14788,"template":"","meta":[],"product_brand":[],"product_cat":[75],"product_tag":[],"class_list":{"0":"entry","1":"author-johanna","2":"post-14777","3":"product","4":"type-product","5":"status-publish","6":"has-post-thumbnail","7":"product_cat-kindad","8":"pa_suurus-s","9":"pa_suurus-l","10":"pa_suurus-m","11":"pa_suurus-xl","13":"first","14":"outofstock","15":"taxable","16":"shipping-taxable","17":"purchasable","18":"product-type-variable"},"yoast_head":"<!-- This site is optimized with the Yoast SEO plugin v27.3 - https:\/\/yoast.com\/product\/yoast-seo-wordpress\/ -->\n<title>REKD Status longboardimiskindad - Longboard.ee<\/title>\n<meta name=\"description\" content=\"Longboard. ee - longboardid, rula, rulad, t\u00f5ukerattad, quad ilu-rulluisud\" \/>\n<meta name=\"robots\" content=\"index, follow, max-snippet:-1, max-image-preview:large, max-video-preview:-1\" \/>\n<link rel=\"canonical\" href=\"https:\/\/longboard.ee\/et\/longboardid\/tarvikud-ja-varustus\/kindad\/rekd-status-longboardimiskindad\/\" \/>\n<meta name=\"twitter:label1\" content=\"Est. reading time\" \/>\n\t<meta name=\"twitter:data1\" content=\"1 minut\" \/>\n<script type=\"application\/ld+json\" class=\"yoast-schema-graph\">{\"@context\":\"https:\\\/\\\/schema.org\",\"@graph\":[{\"@type\":\"WebPage\",\"@id\":\"https:\\\/\\\/longboard.ee\\\/longboardid\\\/tarvikud-ja-varustus\\\/kindad\\\/rekd-status-longboardimiskindad\\\/\",\"url\":\"https:\\\/\\\/longboard.ee\\\/longboardid\\\/tarvikud-ja-varustus\\\/kindad\\\/rekd-status-longboardimiskindad\\\/\",\"name\":\"REKD Status longboardimiskindad - Longboard.ee\",\"isPartOf\":{\"@id\":\"https:\\\/\\\/longboard.ee\\\/et\\\/#website\"},\"primaryImageOfPage\":{\"@id\":\"https:\\\/\\\/longboard.ee\\\/longboardid\\\/tarvikud-ja-varustus\\\/kindad\\\/rekd-status-longboardimiskindad\\\/#primaryimage\"},\"image\":{\"@id\":\"https:\\\/\\\/longboard.ee\\\/longboardid\\\/tarvikud-ja-varustus\\\/kindad\\\/rekd-status-longboardimiskindad\\\/#primaryimage\"},\"thumbnailUrl\":\"https:\\\/\\\/longboard.ee\\\/wp-content\\\/uploads\\\/2021\\\/04\\\/RKD800-REKD-Status-Gloves-Black-PROMO-02.jpg\",\"datePublished\":\"2021-04-26T10:16:45+00:00\",\"dateModified\":\"2025-03-12T09:40:54+00:00\",\"description\":\"Longboard. ee - longboardid, rula, rulad, t\u00f5ukerattad, quad ilu-rulluisud\",\"breadcrumb\":{\"@id\":\"https:\\\/\\\/longboard.ee\\\/longboardid\\\/tarvikud-ja-varustus\\\/kindad\\\/rekd-status-longboardimiskindad\\\/#breadcrumb\"},\"inLanguage\":\"et\",\"potentialAction\":[{\"@type\":\"ReadAction\",\"target\":[\"https:\\\/\\\/longboard.ee\\\/longboardid\\\/tarvikud-ja-varustus\\\/kindad\\\/rekd-status-longboardimiskindad\\\/\"]}]},{\"@type\":\"ImageObject\",\"inLanguage\":\"et\",\"@id\":\"https:\\\/\\\/longboard.ee\\\/longboardid\\\/tarvikud-ja-varustus\\\/kindad\\\/rekd-status-longboardimiskindad\\\/#primaryimage\",\"url\":\"https:\\\/\\\/longboard.ee\\\/wp-content\\\/uploads\\\/2021\\\/04\\\/RKD800-REKD-Status-Gloves-Black-PROMO-02.jpg\",\"contentUrl\":\"https:\\\/\\\/longboard.ee\\\/wp-content\\\/uploads\\\/2021\\\/04\\\/RKD800-REKD-Status-Gloves-Black-PROMO-02.jpg\",\"width\":1200,\"height\":800},{\"@type\":\"BreadcrumbList\",\"@id\":\"https:\\\/\\\/longboard.ee\\\/longboardid\\\/tarvikud-ja-varustus\\\/kindad\\\/rekd-status-longboardimiskindad\\\/#breadcrumb\",\"itemListElement\":[{\"@type\":\"ListItem\",\"position\":1,\"name\":\"Home\",\"item\":\"https:\\\/\\\/longboard.ee\\\/\"},{\"@type\":\"ListItem\",\"position\":2,\"name\":\"Longboardid, rulad, t\u00f5ukerattad, rulluisud\",\"item\":\"https:\\\/\\\/longboard.ee\\\/longboardid-rulad-toukerattad\\\/\"},{\"@type\":\"ListItem\",\"position\":3,\"name\":\"Tarvikud ja varustus\",\"item\":\"https:\\\/\\\/longboard.ee\\\/et\\\/longboard\\\/tarvikud-ja-varustus\\\/\"},{\"@type\":\"ListItem\",\"position\":4,\"name\":\"Kindad\",\"item\":\"https:\\\/\\\/longboard.ee\\\/et\\\/longboard\\\/tarvikud-ja-varustus\\\/kindad\\\/\"},{\"@type\":\"ListItem\",\"position\":5,\"name\":\"REKD Status longboardimiskindad\"}]},{\"@type\":\"WebSite\",\"@id\":\"https:\\\/\\\/longboard.ee\\\/et\\\/#website\",\"url\":\"https:\\\/\\\/longboard.ee\\\/et\\\/\",\"name\":\"Longboard.ee\",\"description\":\"Longboardide e-pood\",\"publisher\":{\"@id\":\"https:\\\/\\\/longboard.ee\\\/et\\\/#organization\"},\"potentialAction\":[{\"@type\":\"SearchAction\",\"target\":{\"@type\":\"EntryPoint\",\"urlTemplate\":\"https:\\\/\\\/longboard.ee\\\/et\\\/?s={search_term_string}\"},\"query-input\":{\"@type\":\"PropertyValueSpecification\",\"valueRequired\":true,\"valueName\":\"search_term_string\"}}],\"inLanguage\":\"et\"},{\"@type\":\"Organization\",\"@id\":\"https:\\\/\\\/longboard.ee\\\/et\\\/#organization\",\"name\":\"Longboard.ee\",\"url\":\"https:\\\/\\\/longboard.ee\\\/et\\\/\",\"logo\":{\"@type\":\"ImageObject\",\"inLanguage\":\"et\",\"@id\":\"https:\\\/\\\/longboard.ee\\\/et\\\/#\\\/schema\\\/logo\\\/image\\\/\",\"url\":\"https:\\\/\\\/longboard.ee\\\/wp-content\\\/uploads\\\/2021\\\/10\\\/logo55.jpg\",\"contentUrl\":\"https:\\\/\\\/longboard.ee\\\/wp-content\\\/uploads\\\/2021\\\/10\\\/logo55.jpg\",\"width\":180,\"height\":180,\"caption\":\"Longboard.ee\"},\"image\":{\"@id\":\"https:\\\/\\\/longboard.ee\\\/et\\\/#\\\/schema\\\/logo\\\/image\\\/\"},\"sameAs\":[\"https:\\\/\\\/www.facebook.com\\\/Longboardee-131787663895166\\\/\"]}]}<\/script>\n<!-- \/ Yoast SEO plugin. -->","yoast_head_json":{"title":"REKD Status longboardimiskindad - Longboard.ee","description":"Longboard. ee - longboardid, rula, rulad, t\u00f5ukerattad, quad ilu-rulluisud","robots":{"index":"index","follow":"follow","max-snippet":"max-snippet:-1","max-image-preview":"max-image-preview:large","max-video-preview":"max-video-preview:-1"},"canonical":"https:\/\/longboard.ee\/et\/longboardid\/tarvikud-ja-varustus\/kindad\/rekd-status-longboardimiskindad\/","twitter_misc":{"Est. reading time":"1 minut"},"schema":{"@context":"https:\/\/schema.org","@graph":[{"@type":"WebPage","@id":"https:\/\/longboard.ee\/longboardid\/tarvikud-ja-varustus\/kindad\/rekd-status-longboardimiskindad\/","url":"https:\/\/longboard.ee\/longboardid\/tarvikud-ja-varustus\/kindad\/rekd-status-longboardimiskindad\/","name":"REKD Status longboardimiskindad - Longboard.ee","isPartOf":{"@id":"https:\/\/longboard.ee\/et\/#website"},"primaryImageOfPage":{"@id":"https:\/\/longboard.ee\/longboardid\/tarvikud-ja-varustus\/kindad\/rekd-status-longboardimiskindad\/#primaryimage"},"image":{"@id":"https:\/\/longboard.ee\/longboardid\/tarvikud-ja-varustus\/kindad\/rekd-status-longboardimiskindad\/#primaryimage"},"thumbnailUrl":"https:\/\/longboard.ee\/wp-content\/uploads\/2021\/04\/RKD800-REKD-Status-Gloves-Black-PROMO-02.jpg","datePublished":"2021-04-26T10:16:45+00:00","dateModified":"2025-03-12T09:40:54+00:00","description":"Longboard. ee - longboardid, rula, rulad, t\u00f5ukerattad, quad ilu-rulluisud","breadcrumb":{"@id":"https:\/\/longboard.ee\/longboardid\/tarvikud-ja-varustus\/kindad\/rekd-status-longboardimiskindad\/#breadcrumb"},"inLanguage":"et","potentialAction":[{"@type":"ReadAction","target":["https:\/\/longboard.ee\/longboardid\/tarvikud-ja-varustus\/kindad\/rekd-status-longboardimiskindad\/"]}]},{"@type":"ImageObject","inLanguage":"et","@id":"https:\/\/longboard.ee\/longboardid\/tarvikud-ja-varustus\/kindad\/rekd-status-longboardimiskindad\/#primaryimage","url":"https:\/\/longboard.ee\/wp-content\/uploads\/2021\/04\/RKD800-REKD-Status-Gloves-Black-PROMO-02.jpg","contentUrl":"https:\/\/longboard.ee\/wp-content\/uploads\/2021\/04\/RKD800-REKD-Status-Gloves-Black-PROMO-02.jpg","width":1200,"height":800},{"@type":"BreadcrumbList","@id":"https:\/\/longboard.ee\/longboardid\/tarvikud-ja-varustus\/kindad\/rekd-status-longboardimiskindad\/#breadcrumb","itemListElement":[{"@type":"ListItem","position":1,"name":"Home","item":"https:\/\/longboard.ee\/"},{"@type":"ListItem","position":2,"name":"Longboardid, rulad, t\u00f5ukerattad, rulluisud","item":"https:\/\/longboard.ee\/longboardid-rulad-toukerattad\/"},{"@type":"ListItem","position":3,"name":"Tarvikud ja varustus","item":"https:\/\/longboard.ee\/et\/longboard\/tarvikud-ja-varustus\/"},{"@type":"ListItem","position":4,"name":"Kindad","item":"https:\/\/longboard.ee\/et\/longboard\/tarvikud-ja-varustus\/kindad\/"},{"@type":"ListItem","position":5,"name":"REKD Status longboardimiskindad"}]},{"@type":"WebSite","@id":"https:\/\/longboard.ee\/et\/#website","url":"https:\/\/longboard.ee\/et\/","name":"Longboard.ee","description":"Longboardide e-pood","publisher":{"@id":"https:\/\/longboard.ee\/et\/#organization"},"potentialAction":[{"@type":"SearchAction","target":{"@type":"EntryPoint","urlTemplate":"https:\/\/longboard.ee\/et\/?s={search_term_string}"},"query-input":{"@type":"PropertyValueSpecification","valueRequired":true,"valueName":"search_term_string"}}],"inLanguage":"et"},{"@type":"Organization","@id":"https:\/\/longboard.ee\/et\/#organization","name":"Longboard.ee","url":"https:\/\/longboard.ee\/et\/","logo":{"@type":"ImageObject","inLanguage":"et","@id":"https:\/\/longboard.ee\/et\/#\/schema\/logo\/image\/","url":"https:\/\/longboard.ee\/wp-content\/uploads\/2021\/10\/logo55.jpg","contentUrl":"https:\/\/longboard.ee\/wp-content\/uploads\/2021\/10\/logo55.jpg","width":180,"height":180,"caption":"Longboard.ee"},"image":{"@id":"https:\/\/longboard.ee\/et\/#\/schema\/logo\/image\/"},"sameAs":["https:\/\/www.facebook.com\/Longboardee-131787663895166\/"]}]}},"_links":{"self":[{"href":"https:\/\/longboard.ee\/et\/wp-json\/wp\/v2\/product\/14777","targetHints":{"allow":["GET"]}}],"collection":[{"href":"https:\/\/longboard.ee\/et\/wp-json\/wp\/v2\/product"}],"about":[{"href":"https:\/\/longboard.ee\/et\/wp-json\/wp\/v2\/types\/product"}],"wp:featuredmedia":[{"embeddable":true,"href":"https:\/\/longboard.ee\/et\/wp-json\/wp\/v2\/media\/14788"}],"wp:attachment":[{"href":"https:\/\/longboard.ee\/et\/wp-json\/wp\/v2\/media?parent=14777"}],"wp:term":[{"taxonomy":"product_brand","embeddable":true,"href":"https:\/\/longboard.ee\/et\/wp-json\/wp\/v2\/product_brand?post=14777"},{"taxonomy":"product_cat","embeddable":true,"href":"https:\/\/longboard.ee\/et\/wp-json\/wp\/v2\/product_cat?post=14777"},{"taxonomy":"product_tag","embeddable":true,"href":"https:\/\/longboard.ee\/et\/wp-json\/wp\/v2\/product_tag?post=14777"}],"curies":[{"name":"wp","href":"https:\/\/api.w.org\/{rel}","templated":true}]}}