{"id":14815,"date":"2021-05-03T11:29:00","date_gmt":"2021-05-03T11:29:00","guid":{"rendered":"https:\/\/longboard.ee\/?post_type=product&#038;p=14815"},"modified":"2025-11-30T15:40:38","modified_gmt":"2025-11-30T13:40:38","slug":"original-pintail-37%e2%80%b3-longboard-kasutatud","status":"publish","type":"product","link":"https:\/\/longboard.ee\/et\/longboardid\/longboardid\/original\/original-pintail-37%e2%80%b3-longboard-kasutatud\/","title":{"rendered":"Original Pintail 37\u2033 longboard kasutatud"},"content":{"rendered":"<p><a href=\"https:\/\/longboard.ee\/wp-content\/uploads\/2014\/06\/2decef31dbeed501834c1a74555aaaed.jpeg\"><img loading=\"lazy\" decoding=\"async\" class=\"alignleft wp-image-586\" src=\"https:\/\/longboard.ee\/wp-content\/uploads\/2014\/06\/2decef31dbeed501834c1a74555aaaed-150x150.jpeg\" alt=\"2decef31dbeed501834c1a74555aaaed\" width=\"63\" height=\"63\" \/><\/a>Original Skateboards sai alguse 2002. aastal \u00fches New Jersey keldris. Firma asutasid Brad ja Scott Imbries, kes\u00a0 olid tol ajal vaid 17- ja 20-aastased. Praegu asub nende peakorter Portlandis, Oregonis. Original Skateboards&#8217;i longboardid on omaette tippsaavutus, iga detail on peensusteni lihvitud &#8211; ikka k\u00f5ik selleks, et s\u00f5iduelamus oleks maksimaalne!<\/p>\n<p>Original Pintail 37\u2033 \u00a0longboard on klassikaline pintail, mis sobib ideaalselt kruiisimiseks ja <em>carving<\/em>&#8216;uks. Laud on valmistatud 7-kihilisest vahtrast, graafika autor on Joe Hodnicki . Original pintail longboardid on tuntud \u00a0eelk\u00f5ige oma juhitavuse ja stabiilsuse poolest, kuna v\u00f5rreldes teiste pintailidega on lauad madalamad. Original Pintail 37\u2033 \u00a0longboard sobib nii algajale kui vanale kalale!<\/p>\n<p>&nbsp;<\/p>\n<p>Pikkus: 37\u2033<\/p>\n<p>Laius: 8.25\u2033<\/p>\n<p>Laagrid: Original Abec 3 &#8211; NB! Originali Abec 3 on tavaklassi Abec 7!<\/p>\n<p>Truckid: Original S8 200mm Carving Trucks<\/p>\n<p>Rattad: Blood Orange 69 mm Smokes <span class=\"a-list-item\">84A<\/span><\/p>\n<p>&nbsp;<\/p>\n<p>&nbsp;<br \/>\n<iframe loading=\"lazy\"  id=\"_ytid_48388\"  width=\"1380\" height=\"776\"  data-origwidth=\"1380\" data-origheight=\"776\" src=\"https:\/\/www.youtube.com\/embed\/AAuxCwyQAZU?enablejsapi=1&#038;autoplay=0&#038;cc_load_policy=0&#038;cc_lang_pref=&#038;iv_load_policy=3&#038;loop=0&#038;rel=0&#038;fs=1&#038;playsinline=0&#038;autohide=2&#038;theme=dark&#038;color=red&#038;controls=1&#038;disablekb=0&#038;\" class=\"__youtube_prefs__  epyt-is-override  no-lazyload\" title=\"YouTube player\"  allow=\"fullscreen; accelerometer; autoplay; clipboard-write; encrypted-media; gyroscope; picture-in-picture; web-share\" referrerpolicy=\"strict-origin-when-cross-origin\" allowfullscreen data-no-lazy=\"1\" data-skipgform_ajax_framebjll=\"\"><\/iframe><br \/>\n&nbsp;<\/p>\n<p>&nbsp;<\/p>\n","protected":false},"excerpt":{"rendered":"<p>Laagrid: Original Abec 3 &#8211; NB! Originali Abec 3 on tavaklassi Abec 7!<\/p>\n<p>Truckid: Original S8 200mm Carving Trucks<\/p>\n<p>Rattad: Blood Orange 69 mm Smokes <span class=\"a-list-item\">84A<\/span><\/p>\n<p>NB! Rataste v\u00e4rvus erineb pildil olevast!<\/p>\n<p>V\u00e4hekasutatud longboard, v\u00f5ivad esineda m\u00f5ned kriimustused.<span class=\"more-link\"><a href=\"https:\/\/longboard.ee\/et\/longboardid\/longboardid\/original\/original-pintail-37%e2%80%b3-longboard-kasutatud\/\">Continue Reading<\/a><\/span><\/p>\n","protected":false},"featured_media":14904,"template":"","meta":[],"product_brand":[],"product_cat":[76,63],"product_tag":[162,169,170,176],"class_list":{"0":"entry","1":"author-johanna","2":"has-excerpt","3":"post-14815","4":"product","5":"type-product","6":"status-publish","7":"has-post-thumbnail","8":"product_cat-original","9":"product_cat-kasutatud","10":"product_tag-mini-kruiiser","11":"product_tag-pintail","12":"product_tag-top-mount","13":"product_tag-carving","15":"first","16":"instock","17":"sale","18":"featured","19":"taxable","20":"shipping-taxable","21":"purchasable","22":"product-type-simple"},"yoast_head":"<!-- This site is optimized with the Yoast SEO plugin v27.5 - https:\/\/yoast.com\/product\/yoast-seo-wordpress\/ -->\n<title>Longboard.ee - Original Pintail 37 longboard<\/title>\n<meta name=\"description\" content=\"Original Pintail 37\u2033 \u00a0longboard on klassikaline pintail, mis sobib ideaalselt kruiisimiseks ja carving&#039;uks. Laud on valmistatud 7-kihilisest vahtrast, graafika autor on Joe Hodnicki . Original pintail longboardid on tuntud \u00a0eelk\u00f5ige oma juhitavuse ja stabiilsuse poolest, kuna v\u00f5rreldes teiste pintailidega on lauad madalamad. Original Pintail 37\u2033 \u00a0longboard sobib nii algajale kui vanale kalale!\" \/>\n<meta name=\"robots\" content=\"index, follow, max-snippet:-1, max-image-preview:large, max-video-preview:-1\" \/>\n<link rel=\"canonical\" href=\"https:\/\/longboard.ee\/et\/longboardid\/longboardid\/original\/original-pintail-37\u2033-longboard-kasutatud\/\" \/>\n<meta name=\"twitter:label1\" content=\"Est. reading time\" \/>\n\t<meta name=\"twitter:data1\" content=\"1 minut\" \/>\n<script type=\"application\/ld+json\" class=\"yoast-schema-graph\">{\"@context\":\"https:\\\/\\\/schema.org\",\"@graph\":[{\"@type\":\"WebPage\",\"@id\":\"https:\\\/\\\/longboard.ee\\\/longboardid\\\/longboardid\\\/original\\\/original-pintail-37%e2%80%b3-longboard-kasutatud\\\/\",\"url\":\"https:\\\/\\\/longboard.ee\\\/longboardid\\\/longboardid\\\/original\\\/original-pintail-37%e2%80%b3-longboard-kasutatud\\\/\",\"name\":\"Longboard.ee - Original Pintail 37 longboard\",\"isPartOf\":{\"@id\":\"https:\\\/\\\/longboard.ee\\\/et\\\/#website\"},\"primaryImageOfPage\":{\"@id\":\"https:\\\/\\\/longboard.ee\\\/longboardid\\\/longboardid\\\/original\\\/original-pintail-37%e2%80%b3-longboard-kasutatud\\\/#primaryimage\"},\"image\":{\"@id\":\"https:\\\/\\\/longboard.ee\\\/longboardid\\\/longboardid\\\/original\\\/original-pintail-37%e2%80%b3-longboard-kasutatud\\\/#primaryimage\"},\"thumbnailUrl\":\"https:\\\/\\\/longboard.ee\\\/wp-content\\\/uploads\\\/2021\\\/05\\\/original-37.jpeg\",\"datePublished\":\"2021-05-03T11:29:00+00:00\",\"dateModified\":\"2025-11-30T13:40:38+00:00\",\"description\":\"Original Pintail 37\u2033 \u00a0longboard on klassikaline pintail, mis sobib ideaalselt kruiisimiseks ja carving'uks. Laud on valmistatud 7-kihilisest vahtrast, graafika autor on Joe Hodnicki . Original pintail longboardid on tuntud \u00a0eelk\u00f5ige oma juhitavuse ja stabiilsuse poolest, kuna v\u00f5rreldes teiste pintailidega on lauad madalamad. Original Pintail 37\u2033 \u00a0longboard sobib nii algajale kui vanale kalale!\",\"breadcrumb\":{\"@id\":\"https:\\\/\\\/longboard.ee\\\/longboardid\\\/longboardid\\\/original\\\/original-pintail-37%e2%80%b3-longboard-kasutatud\\\/#breadcrumb\"},\"inLanguage\":\"et\",\"potentialAction\":[{\"@type\":\"ReadAction\",\"target\":[\"https:\\\/\\\/longboard.ee\\\/longboardid\\\/longboardid\\\/original\\\/original-pintail-37%e2%80%b3-longboard-kasutatud\\\/\"]}]},{\"@type\":\"ImageObject\",\"inLanguage\":\"et\",\"@id\":\"https:\\\/\\\/longboard.ee\\\/longboardid\\\/longboardid\\\/original\\\/original-pintail-37%e2%80%b3-longboard-kasutatud\\\/#primaryimage\",\"url\":\"https:\\\/\\\/longboard.ee\\\/wp-content\\\/uploads\\\/2021\\\/05\\\/original-37.jpeg\",\"contentUrl\":\"https:\\\/\\\/longboard.ee\\\/wp-content\\\/uploads\\\/2021\\\/05\\\/original-37.jpeg\",\"width\":768,\"height\":1024},{\"@type\":\"BreadcrumbList\",\"@id\":\"https:\\\/\\\/longboard.ee\\\/longboardid\\\/longboardid\\\/original\\\/original-pintail-37%e2%80%b3-longboard-kasutatud\\\/#breadcrumb\",\"itemListElement\":[{\"@type\":\"ListItem\",\"position\":1,\"name\":\"Home\",\"item\":\"https:\\\/\\\/longboard.ee\\\/\"},{\"@type\":\"ListItem\",\"position\":2,\"name\":\"Longboardid, rulad, t\u00f5ukerattad, rulluisud\",\"item\":\"https:\\\/\\\/longboard.ee\\\/longboardid-rulad-toukerattad\\\/\"},{\"@type\":\"ListItem\",\"position\":3,\"name\":\"Kasutatud\",\"item\":\"https:\\\/\\\/longboard.ee\\\/et\\\/longboard\\\/kasutatud\\\/\"},{\"@type\":\"ListItem\",\"position\":4,\"name\":\"Original Pintail 37\u2033 longboard kasutatud\"}]},{\"@type\":\"WebSite\",\"@id\":\"https:\\\/\\\/longboard.ee\\\/et\\\/#website\",\"url\":\"https:\\\/\\\/longboard.ee\\\/et\\\/\",\"name\":\"Longboard.ee\",\"description\":\"Longboardide e-pood\",\"publisher\":{\"@id\":\"https:\\\/\\\/longboard.ee\\\/et\\\/#organization\"},\"potentialAction\":[{\"@type\":\"SearchAction\",\"target\":{\"@type\":\"EntryPoint\",\"urlTemplate\":\"https:\\\/\\\/longboard.ee\\\/et\\\/?s={search_term_string}\"},\"query-input\":{\"@type\":\"PropertyValueSpecification\",\"valueRequired\":true,\"valueName\":\"search_term_string\"}}],\"inLanguage\":\"et\"},{\"@type\":\"Organization\",\"@id\":\"https:\\\/\\\/longboard.ee\\\/et\\\/#organization\",\"name\":\"Longboard.ee\",\"url\":\"https:\\\/\\\/longboard.ee\\\/et\\\/\",\"logo\":{\"@type\":\"ImageObject\",\"inLanguage\":\"et\",\"@id\":\"https:\\\/\\\/longboard.ee\\\/et\\\/#\\\/schema\\\/logo\\\/image\\\/\",\"url\":\"https:\\\/\\\/longboard.ee\\\/wp-content\\\/uploads\\\/2021\\\/10\\\/logo55.jpg\",\"contentUrl\":\"https:\\\/\\\/longboard.ee\\\/wp-content\\\/uploads\\\/2021\\\/10\\\/logo55.jpg\",\"width\":180,\"height\":180,\"caption\":\"Longboard.ee\"},\"image\":{\"@id\":\"https:\\\/\\\/longboard.ee\\\/et\\\/#\\\/schema\\\/logo\\\/image\\\/\"},\"sameAs\":[\"https:\\\/\\\/www.facebook.com\\\/Longboardee-131787663895166\\\/\"]}]}<\/script>\n<!-- \/ Yoast SEO plugin. -->","yoast_head_json":{"title":"Longboard.ee - Original Pintail 37 longboard","description":"Original Pintail 37\u2033 \u00a0longboard on klassikaline pintail, mis sobib ideaalselt kruiisimiseks ja carving'uks. Laud on valmistatud 7-kihilisest vahtrast, graafika autor on Joe Hodnicki . Original pintail longboardid on tuntud \u00a0eelk\u00f5ige oma juhitavuse ja stabiilsuse poolest, kuna v\u00f5rreldes teiste pintailidega on lauad madalamad. Original Pintail 37\u2033 \u00a0longboard sobib nii algajale kui vanale kalale!","robots":{"index":"index","follow":"follow","max-snippet":"max-snippet:-1","max-image-preview":"max-image-preview:large","max-video-preview":"max-video-preview:-1"},"canonical":"https:\/\/longboard.ee\/et\/longboardid\/longboardid\/original\/original-pintail-37\u2033-longboard-kasutatud\/","twitter_misc":{"Est. reading time":"1 minut"},"schema":{"@context":"https:\/\/schema.org","@graph":[{"@type":"WebPage","@id":"https:\/\/longboard.ee\/longboardid\/longboardid\/original\/original-pintail-37%e2%80%b3-longboard-kasutatud\/","url":"https:\/\/longboard.ee\/longboardid\/longboardid\/original\/original-pintail-37%e2%80%b3-longboard-kasutatud\/","name":"Longboard.ee - Original Pintail 37 longboard","isPartOf":{"@id":"https:\/\/longboard.ee\/et\/#website"},"primaryImageOfPage":{"@id":"https:\/\/longboard.ee\/longboardid\/longboardid\/original\/original-pintail-37%e2%80%b3-longboard-kasutatud\/#primaryimage"},"image":{"@id":"https:\/\/longboard.ee\/longboardid\/longboardid\/original\/original-pintail-37%e2%80%b3-longboard-kasutatud\/#primaryimage"},"thumbnailUrl":"https:\/\/longboard.ee\/wp-content\/uploads\/2021\/05\/original-37.jpeg","datePublished":"2021-05-03T11:29:00+00:00","dateModified":"2025-11-30T13:40:38+00:00","description":"Original Pintail 37\u2033 \u00a0longboard on klassikaline pintail, mis sobib ideaalselt kruiisimiseks ja carving'uks. Laud on valmistatud 7-kihilisest vahtrast, graafika autor on Joe Hodnicki . Original pintail longboardid on tuntud \u00a0eelk\u00f5ige oma juhitavuse ja stabiilsuse poolest, kuna v\u00f5rreldes teiste pintailidega on lauad madalamad. Original Pintail 37\u2033 \u00a0longboard sobib nii algajale kui vanale kalale!","breadcrumb":{"@id":"https:\/\/longboard.ee\/longboardid\/longboardid\/original\/original-pintail-37%e2%80%b3-longboard-kasutatud\/#breadcrumb"},"inLanguage":"et","potentialAction":[{"@type":"ReadAction","target":["https:\/\/longboard.ee\/longboardid\/longboardid\/original\/original-pintail-37%e2%80%b3-longboard-kasutatud\/"]}]},{"@type":"ImageObject","inLanguage":"et","@id":"https:\/\/longboard.ee\/longboardid\/longboardid\/original\/original-pintail-37%e2%80%b3-longboard-kasutatud\/#primaryimage","url":"https:\/\/longboard.ee\/wp-content\/uploads\/2021\/05\/original-37.jpeg","contentUrl":"https:\/\/longboard.ee\/wp-content\/uploads\/2021\/05\/original-37.jpeg","width":768,"height":1024},{"@type":"BreadcrumbList","@id":"https:\/\/longboard.ee\/longboardid\/longboardid\/original\/original-pintail-37%e2%80%b3-longboard-kasutatud\/#breadcrumb","itemListElement":[{"@type":"ListItem","position":1,"name":"Home","item":"https:\/\/longboard.ee\/"},{"@type":"ListItem","position":2,"name":"Longboardid, rulad, t\u00f5ukerattad, rulluisud","item":"https:\/\/longboard.ee\/longboardid-rulad-toukerattad\/"},{"@type":"ListItem","position":3,"name":"Kasutatud","item":"https:\/\/longboard.ee\/et\/longboard\/kasutatud\/"},{"@type":"ListItem","position":4,"name":"Original Pintail 37\u2033 longboard kasutatud"}]},{"@type":"WebSite","@id":"https:\/\/longboard.ee\/et\/#website","url":"https:\/\/longboard.ee\/et\/","name":"Longboard.ee","description":"Longboardide e-pood","publisher":{"@id":"https:\/\/longboard.ee\/et\/#organization"},"potentialAction":[{"@type":"SearchAction","target":{"@type":"EntryPoint","urlTemplate":"https:\/\/longboard.ee\/et\/?s={search_term_string}"},"query-input":{"@type":"PropertyValueSpecification","valueRequired":true,"valueName":"search_term_string"}}],"inLanguage":"et"},{"@type":"Organization","@id":"https:\/\/longboard.ee\/et\/#organization","name":"Longboard.ee","url":"https:\/\/longboard.ee\/et\/","logo":{"@type":"ImageObject","inLanguage":"et","@id":"https:\/\/longboard.ee\/et\/#\/schema\/logo\/image\/","url":"https:\/\/longboard.ee\/wp-content\/uploads\/2021\/10\/logo55.jpg","contentUrl":"https:\/\/longboard.ee\/wp-content\/uploads\/2021\/10\/logo55.jpg","width":180,"height":180,"caption":"Longboard.ee"},"image":{"@id":"https:\/\/longboard.ee\/et\/#\/schema\/logo\/image\/"},"sameAs":["https:\/\/www.facebook.com\/Longboardee-131787663895166\/"]}]}},"_links":{"self":[{"href":"https:\/\/longboard.ee\/et\/wp-json\/wp\/v2\/product\/14815","targetHints":{"allow":["GET"]}}],"collection":[{"href":"https:\/\/longboard.ee\/et\/wp-json\/wp\/v2\/product"}],"about":[{"href":"https:\/\/longboard.ee\/et\/wp-json\/wp\/v2\/types\/product"}],"wp:featuredmedia":[{"embeddable":true,"href":"https:\/\/longboard.ee\/et\/wp-json\/wp\/v2\/media\/14904"}],"wp:attachment":[{"href":"https:\/\/longboard.ee\/et\/wp-json\/wp\/v2\/media?parent=14815"}],"wp:term":[{"taxonomy":"product_brand","embeddable":true,"href":"https:\/\/longboard.ee\/et\/wp-json\/wp\/v2\/product_brand?post=14815"},{"taxonomy":"product_cat","embeddable":true,"href":"https:\/\/longboard.ee\/et\/wp-json\/wp\/v2\/product_cat?post=14815"},{"taxonomy":"product_tag","embeddable":true,"href":"https:\/\/longboard.ee\/et\/wp-json\/wp\/v2\/product_tag?post=14815"}],"curies":[{"name":"wp","href":"https:\/\/api.w.org\/{rel}","templated":true}]}}