{"id":15344,"date":"2021-08-06T09:32:33","date_gmt":"2021-08-06T09:32:33","guid":{"rendered":"https:\/\/longboard.ee\/?post_type=product&#038;p=15344"},"modified":"2025-11-30T15:40:09","modified_gmt":"2025-11-30T13:40:09","slug":"loaded-basalt-tesseract-longboard","status":"publish","type":"product","link":"https:\/\/longboard.ee\/et\/longboardid\/longboardid\/loaded\/loaded-basalt-tesseract-longboard\/","title":{"rendered":"Loaded Basalt Tesseract Longboard"},"content":{"rendered":"<p><img loading=\"lazy\" decoding=\"async\" class=\"\" src=\"https:\/\/cdn.shopify.com\/s\/files\/1\/0092\/1085\/5524\/files\/LoadedLogo_black_2024x.png?v=1548997191\" alt=\"Image result for loaded longboards logo\" width=\"159\" height=\"43\" \/><\/p>\n<p>Loadedi meeskond hakkas 1990ndatel katsetama erinevate materjalide ja komponentidega longboarde ning valmistas oma esimese laua \u2013 the Vanguard \u2013 2002. aastal. Nii algaski nende edulugu. Loadedi meeskond loob ainult selliseid longboarde, millega ise tahetakse s\u00f5ita \u2013 selles peitubki nende fenomen \u2013 kvaliteet, suurep\u00e4rased s\u00f5iduomadused ja stiilipuhas disain \u2013 iga detail peensusteni lihvitud! Ja mis veelgi parem\u2026\u00a0 Loaded hoolib keskkonnast: \u00f5libaasil liimi asemel kasutatakse laudade kokku panemiseks puuvaiku.<\/p>\n<p>Loaded Basalt Tesseract on m\u00f5nus ja kerge freestyle longboard, laua funktsionaalne kuju hoiab jalad paigal, et sooritada mis tahes man\u00f6\u00f6vreid, topelt kick-tail aga trikke. Laud on valmistatud bambusest, millele on lisatud basaltkiust kangakihid, p\u00f5hi korgist. Selline materjalide kombinatsioon muudab longboardi painduvaks ja d\u00fcnaamiliseks ning kordades vastupidavamaks.<\/p>\n<p><strong>Pikkus:<\/strong> 39&#8243; (99.1cm)<\/p>\n<p><strong>Laius:<\/strong> 9.5&#8243; (24.1cm)<\/p>\n<p><strong>Teljevahe:<\/strong> 25&#8243; (63.5cm)<\/p>\n<p><strong>Truckid<\/strong>: Paris V2 43\u00b0<br \/>\n<strong>Rattad<\/strong>: Orangatang 86A<br \/>\n<strong>Laagrid<\/strong>: Loaded Jehu<br \/>\n<iframe loading=\"lazy\"  id=\"_ytid_60753\"  width=\"1380\" height=\"776\"  data-origwidth=\"1380\" data-origheight=\"776\" src=\"https:\/\/www.youtube.com\/embed\/4zFrLHVS70g?enablejsapi=1&#038;autoplay=0&#038;cc_load_policy=0&#038;cc_lang_pref=&#038;iv_load_policy=3&#038;loop=0&#038;rel=0&#038;fs=1&#038;playsinline=0&#038;autohide=2&#038;theme=dark&#038;color=red&#038;controls=1&#038;disablekb=0&#038;\" class=\"__youtube_prefs__  epyt-is-override  no-lazyload\" title=\"YouTube player\"  allow=\"fullscreen; accelerometer; autoplay; clipboard-write; encrypted-media; gyroscope; picture-in-picture; web-share\" referrerpolicy=\"strict-origin-when-cross-origin\" allowfullscreen data-no-lazy=\"1\" data-skipgform_ajax_framebjll=\"\"><\/iframe><\/p>\n","protected":false},"excerpt":{"rendered":"<p>Loadedi meeskond hakkas 1990ndatel katsetama erinevate materjalide ja komponentidega longboarde ning valmistas oma esimese laua \u2013 the Vanguard \u2013 2002. aastal. Nii algaski nende edulugu. Loadedi meeskond loob ainult selliseid longboarde, millega ise tahetakse s\u00f5ita \u2013 selles peitubki nende fenomen \u2013 kvaliteet, suurep\u00e4rased s\u00f5iduomadused ja stiilipuhas disain \u2013 iga detail<span class=\"more-link\"><a href=\"https:\/\/longboard.ee\/et\/longboardid\/longboardid\/loaded\/loaded-basalt-tesseract-longboard\/\">Continue Reading<\/a><\/span><\/p>\n","protected":false},"featured_media":15348,"template":"","meta":[],"product_brand":[],"product_cat":[99],"product_tag":[174,175,176,163,164,170],"class_list":{"0":"entry","1":"author-johanna","2":"post-15344","3":"product","4":"type-product","5":"status-publish","6":"has-post-thumbnail","7":"product_cat-loaded","8":"product_tag-freeride","9":"product_tag-freestyle","10":"product_tag-carving","11":"product_tag-kruiiser","12":"product_tag-dancer","13":"product_tag-top-mount","15":"first","16":"instock","17":"sale","18":"taxable","19":"shipping-taxable","20":"purchasable","21":"product-type-simple"},"yoast_head":"<!-- This site is optimized with the Yoast SEO plugin v27.4 - https:\/\/yoast.com\/product\/yoast-seo-wordpress\/ -->\n<title>Loaded Basalt Tesseract Longboard - Longboard.ee<\/title>\n<meta name=\"description\" content=\"Longboard. ee - longboardid, rula, rulad, t\u00f5ukerattad, quad ilu-rulluisud\" \/>\n<meta name=\"robots\" content=\"index, follow, max-snippet:-1, max-image-preview:large, max-video-preview:-1\" \/>\n<link rel=\"canonical\" href=\"https:\/\/longboard.ee\/et\/longboardid\/longboardid\/loaded\/loaded-basalt-tesseract-longboard\/\" \/>\n<meta name=\"twitter:label1\" content=\"Est. reading time\" \/>\n\t<meta name=\"twitter:data1\" content=\"1 minut\" \/>\n<script type=\"application\/ld+json\" class=\"yoast-schema-graph\">{\"@context\":\"https:\\\/\\\/schema.org\",\"@graph\":[{\"@type\":\"WebPage\",\"@id\":\"https:\\\/\\\/longboard.ee\\\/longboardid\\\/longboardid\\\/loaded\\\/loaded-basalt-tesseract-longboard\\\/\",\"url\":\"https:\\\/\\\/longboard.ee\\\/longboardid\\\/longboardid\\\/loaded\\\/loaded-basalt-tesseract-longboard\\\/\",\"name\":\"Loaded Basalt Tesseract Longboard - Longboard.ee\",\"isPartOf\":{\"@id\":\"https:\\\/\\\/longboard.ee\\\/et\\\/#website\"},\"primaryImageOfPage\":{\"@id\":\"https:\\\/\\\/longboard.ee\\\/longboardid\\\/longboardid\\\/loaded\\\/loaded-basalt-tesseract-longboard\\\/#primaryimage\"},\"image\":{\"@id\":\"https:\\\/\\\/longboard.ee\\\/longboardid\\\/longboardid\\\/loaded\\\/loaded-basalt-tesseract-longboard\\\/#primaryimage\"},\"thumbnailUrl\":\"https:\\\/\\\/longboard.ee\\\/wp-content\\\/uploads\\\/2021\\\/08\\\/loaded-basalt-tesseract-complete-longboard-ic.jpg\",\"datePublished\":\"2021-08-06T09:32:33+00:00\",\"dateModified\":\"2025-11-30T13:40:09+00:00\",\"description\":\"Longboard. ee - longboardid, rula, rulad, t\u00f5ukerattad, quad ilu-rulluisud\",\"breadcrumb\":{\"@id\":\"https:\\\/\\\/longboard.ee\\\/longboardid\\\/longboardid\\\/loaded\\\/loaded-basalt-tesseract-longboard\\\/#breadcrumb\"},\"inLanguage\":\"et\",\"potentialAction\":[{\"@type\":\"ReadAction\",\"target\":[\"https:\\\/\\\/longboard.ee\\\/longboardid\\\/longboardid\\\/loaded\\\/loaded-basalt-tesseract-longboard\\\/\"]}]},{\"@type\":\"ImageObject\",\"inLanguage\":\"et\",\"@id\":\"https:\\\/\\\/longboard.ee\\\/longboardid\\\/longboardid\\\/loaded\\\/loaded-basalt-tesseract-longboard\\\/#primaryimage\",\"url\":\"https:\\\/\\\/longboard.ee\\\/wp-content\\\/uploads\\\/2021\\\/08\\\/loaded-basalt-tesseract-complete-longboard-ic.jpg\",\"contentUrl\":\"https:\\\/\\\/longboard.ee\\\/wp-content\\\/uploads\\\/2021\\\/08\\\/loaded-basalt-tesseract-complete-longboard-ic.jpg\",\"width\":1400,\"height\":1400},{\"@type\":\"BreadcrumbList\",\"@id\":\"https:\\\/\\\/longboard.ee\\\/longboardid\\\/longboardid\\\/loaded\\\/loaded-basalt-tesseract-longboard\\\/#breadcrumb\",\"itemListElement\":[{\"@type\":\"ListItem\",\"position\":1,\"name\":\"Home\",\"item\":\"https:\\\/\\\/longboard.ee\\\/\"},{\"@type\":\"ListItem\",\"position\":2,\"name\":\"Longboardid, rulad, t\u00f5ukerattad, rulluisud\",\"item\":\"https:\\\/\\\/longboard.ee\\\/longboardid-rulad-toukerattad\\\/\"},{\"@type\":\"ListItem\",\"position\":3,\"name\":\"Longboardid\",\"item\":\"https:\\\/\\\/longboard.ee\\\/longboard\\\/longboardid\\\/\"},{\"@type\":\"ListItem\",\"position\":4,\"name\":\"Loaded longboardid\",\"item\":\"https:\\\/\\\/longboard.ee\\\/longboard\\\/longboardid\\\/loaded\\\/\"},{\"@type\":\"ListItem\",\"position\":5,\"name\":\"Loaded Basalt Tesseract Longboard\"}]},{\"@type\":\"WebSite\",\"@id\":\"https:\\\/\\\/longboard.ee\\\/et\\\/#website\",\"url\":\"https:\\\/\\\/longboard.ee\\\/et\\\/\",\"name\":\"Longboard.ee\",\"description\":\"Longboardide e-pood\",\"publisher\":{\"@id\":\"https:\\\/\\\/longboard.ee\\\/et\\\/#organization\"},\"potentialAction\":[{\"@type\":\"SearchAction\",\"target\":{\"@type\":\"EntryPoint\",\"urlTemplate\":\"https:\\\/\\\/longboard.ee\\\/et\\\/?s={search_term_string}\"},\"query-input\":{\"@type\":\"PropertyValueSpecification\",\"valueRequired\":true,\"valueName\":\"search_term_string\"}}],\"inLanguage\":\"et\"},{\"@type\":\"Organization\",\"@id\":\"https:\\\/\\\/longboard.ee\\\/et\\\/#organization\",\"name\":\"Longboard.ee\",\"url\":\"https:\\\/\\\/longboard.ee\\\/et\\\/\",\"logo\":{\"@type\":\"ImageObject\",\"inLanguage\":\"et\",\"@id\":\"https:\\\/\\\/longboard.ee\\\/et\\\/#\\\/schema\\\/logo\\\/image\\\/\",\"url\":\"https:\\\/\\\/longboard.ee\\\/wp-content\\\/uploads\\\/2021\\\/10\\\/logo55.jpg\",\"contentUrl\":\"https:\\\/\\\/longboard.ee\\\/wp-content\\\/uploads\\\/2021\\\/10\\\/logo55.jpg\",\"width\":180,\"height\":180,\"caption\":\"Longboard.ee\"},\"image\":{\"@id\":\"https:\\\/\\\/longboard.ee\\\/et\\\/#\\\/schema\\\/logo\\\/image\\\/\"},\"sameAs\":[\"https:\\\/\\\/www.facebook.com\\\/Longboardee-131787663895166\\\/\"]}]}<\/script>\n<!-- \/ Yoast SEO plugin. -->","yoast_head_json":{"title":"Loaded Basalt Tesseract Longboard - Longboard.ee","description":"Longboard. ee - longboardid, rula, rulad, t\u00f5ukerattad, quad ilu-rulluisud","robots":{"index":"index","follow":"follow","max-snippet":"max-snippet:-1","max-image-preview":"max-image-preview:large","max-video-preview":"max-video-preview:-1"},"canonical":"https:\/\/longboard.ee\/et\/longboardid\/longboardid\/loaded\/loaded-basalt-tesseract-longboard\/","twitter_misc":{"Est. reading time":"1 minut"},"schema":{"@context":"https:\/\/schema.org","@graph":[{"@type":"WebPage","@id":"https:\/\/longboard.ee\/longboardid\/longboardid\/loaded\/loaded-basalt-tesseract-longboard\/","url":"https:\/\/longboard.ee\/longboardid\/longboardid\/loaded\/loaded-basalt-tesseract-longboard\/","name":"Loaded Basalt Tesseract Longboard - Longboard.ee","isPartOf":{"@id":"https:\/\/longboard.ee\/et\/#website"},"primaryImageOfPage":{"@id":"https:\/\/longboard.ee\/longboardid\/longboardid\/loaded\/loaded-basalt-tesseract-longboard\/#primaryimage"},"image":{"@id":"https:\/\/longboard.ee\/longboardid\/longboardid\/loaded\/loaded-basalt-tesseract-longboard\/#primaryimage"},"thumbnailUrl":"https:\/\/longboard.ee\/wp-content\/uploads\/2021\/08\/loaded-basalt-tesseract-complete-longboard-ic.jpg","datePublished":"2021-08-06T09:32:33+00:00","dateModified":"2025-11-30T13:40:09+00:00","description":"Longboard. ee - longboardid, rula, rulad, t\u00f5ukerattad, quad ilu-rulluisud","breadcrumb":{"@id":"https:\/\/longboard.ee\/longboardid\/longboardid\/loaded\/loaded-basalt-tesseract-longboard\/#breadcrumb"},"inLanguage":"et","potentialAction":[{"@type":"ReadAction","target":["https:\/\/longboard.ee\/longboardid\/longboardid\/loaded\/loaded-basalt-tesseract-longboard\/"]}]},{"@type":"ImageObject","inLanguage":"et","@id":"https:\/\/longboard.ee\/longboardid\/longboardid\/loaded\/loaded-basalt-tesseract-longboard\/#primaryimage","url":"https:\/\/longboard.ee\/wp-content\/uploads\/2021\/08\/loaded-basalt-tesseract-complete-longboard-ic.jpg","contentUrl":"https:\/\/longboard.ee\/wp-content\/uploads\/2021\/08\/loaded-basalt-tesseract-complete-longboard-ic.jpg","width":1400,"height":1400},{"@type":"BreadcrumbList","@id":"https:\/\/longboard.ee\/longboardid\/longboardid\/loaded\/loaded-basalt-tesseract-longboard\/#breadcrumb","itemListElement":[{"@type":"ListItem","position":1,"name":"Home","item":"https:\/\/longboard.ee\/"},{"@type":"ListItem","position":2,"name":"Longboardid, rulad, t\u00f5ukerattad, rulluisud","item":"https:\/\/longboard.ee\/longboardid-rulad-toukerattad\/"},{"@type":"ListItem","position":3,"name":"Longboardid","item":"https:\/\/longboard.ee\/longboard\/longboardid\/"},{"@type":"ListItem","position":4,"name":"Loaded longboardid","item":"https:\/\/longboard.ee\/longboard\/longboardid\/loaded\/"},{"@type":"ListItem","position":5,"name":"Loaded Basalt Tesseract Longboard"}]},{"@type":"WebSite","@id":"https:\/\/longboard.ee\/et\/#website","url":"https:\/\/longboard.ee\/et\/","name":"Longboard.ee","description":"Longboardide e-pood","publisher":{"@id":"https:\/\/longboard.ee\/et\/#organization"},"potentialAction":[{"@type":"SearchAction","target":{"@type":"EntryPoint","urlTemplate":"https:\/\/longboard.ee\/et\/?s={search_term_string}"},"query-input":{"@type":"PropertyValueSpecification","valueRequired":true,"valueName":"search_term_string"}}],"inLanguage":"et"},{"@type":"Organization","@id":"https:\/\/longboard.ee\/et\/#organization","name":"Longboard.ee","url":"https:\/\/longboard.ee\/et\/","logo":{"@type":"ImageObject","inLanguage":"et","@id":"https:\/\/longboard.ee\/et\/#\/schema\/logo\/image\/","url":"https:\/\/longboard.ee\/wp-content\/uploads\/2021\/10\/logo55.jpg","contentUrl":"https:\/\/longboard.ee\/wp-content\/uploads\/2021\/10\/logo55.jpg","width":180,"height":180,"caption":"Longboard.ee"},"image":{"@id":"https:\/\/longboard.ee\/et\/#\/schema\/logo\/image\/"},"sameAs":["https:\/\/www.facebook.com\/Longboardee-131787663895166\/"]}]}},"_links":{"self":[{"href":"https:\/\/longboard.ee\/et\/wp-json\/wp\/v2\/product\/15344","targetHints":{"allow":["GET"]}}],"collection":[{"href":"https:\/\/longboard.ee\/et\/wp-json\/wp\/v2\/product"}],"about":[{"href":"https:\/\/longboard.ee\/et\/wp-json\/wp\/v2\/types\/product"}],"wp:featuredmedia":[{"embeddable":true,"href":"https:\/\/longboard.ee\/et\/wp-json\/wp\/v2\/media\/15348"}],"wp:attachment":[{"href":"https:\/\/longboard.ee\/et\/wp-json\/wp\/v2\/media?parent=15344"}],"wp:term":[{"taxonomy":"product_brand","embeddable":true,"href":"https:\/\/longboard.ee\/et\/wp-json\/wp\/v2\/product_brand?post=15344"},{"taxonomy":"product_cat","embeddable":true,"href":"https:\/\/longboard.ee\/et\/wp-json\/wp\/v2\/product_cat?post=15344"},{"taxonomy":"product_tag","embeddable":true,"href":"https:\/\/longboard.ee\/et\/wp-json\/wp\/v2\/product_tag?post=15344"}],"curies":[{"name":"wp","href":"https:\/\/api.w.org\/{rel}","templated":true}]}}