{"id":15746,"date":"2021-09-27T11:20:38","date_gmt":"2021-09-27T11:20:38","guid":{"rendered":"https:\/\/longboard.ee\/?post_type=product&#038;p=15746"},"modified":"2025-11-30T15:29:30","modified_gmt":"2025-11-30T13:29:30","slug":"rio-roller-rose-quad-ilu-rulluisud-2","status":"publish","type":"product","link":"https:\/\/longboard.ee\/et\/longboardid\/quad-rulluisud\/rio-roller-rose-quad-ilu-rulluisud-2\/","title":{"rendered":"Rio Roller Rose &#8211; Quad ilu-rulluisud"},"content":{"rendered":"<p><img loading=\"lazy\" decoding=\"async\" class=\" wp-image-4318 alignleft\" src=\"https:\/\/longboard.ee\/wp-content\/uploads\/2019\/10\/Rio-Brand.jpg\" alt=\"\" width=\"73\" height=\"70\" srcset=\"https:\/\/longboard.ee\/wp-content\/uploads\/2019\/10\/Rio-Brand.jpg 111w, https:\/\/longboard.ee\/wp-content\/uploads\/2019\/10\/Rio-Brand-13x12.jpg 13w\" sizes=\"auto, (max-width: 73px) 100vw, 73px\" \/>Rio Roller Rose ilu-rulluisud &#8211; retroh\u00f5ngulised ajatud ja mugavad rulluisud. Sobivad nii siseruumides kui \u00f5ues uisutamiseks.<\/p>\n<p>&nbsp;<\/p>\n<p>&nbsp;<\/p>\n<p>\u00dclaosa &#8211; tugevdusega iluuisu-stiilis PVC tehisnahk.<\/p>\n<p>Truckid &#8211; nailonist tugev raam, alumiimiumist truckid.<\/p>\n<p>Rattad &#8211; PU valu 82A<\/p>\n<p>Laagrid &#8211; ABEC-7<\/p>\n<p>Saadaval olevad m\u00f5\u00f5dud &#8211; EU: 37; 38; 39,5;\u00a0 40,5<\/p>\n<p>&nbsp;<\/p>\n","protected":false},"excerpt":{"rendered":"<p>Rio Roller Rose ilu-rulluisud &#8211; retroh\u00f5ngulised ajatud ja mugavad rulluisud. Sobivad nii siseruumides kui \u00f5ues uisutamiseks. &nbsp; &nbsp; \u00dclaosa &#8211; tugevdusega iluuisu-stiilis PVC tehisnahk. Truckid &#8211; nailonist tugev raam, alumiimiumist truckid. Rattad &#8211; PU valu 82A Laagrid &#8211; ABEC-7 Saadaval olevad m\u00f5\u00f5dud &#8211; EU: 37; 38; 39,5;\u00a0 40,5 &nbsp;<span class=\"more-link\"><a href=\"https:\/\/longboard.ee\/et\/longboardid\/quad-rulluisud\/rio-roller-rose-quad-ilu-rulluisud-2\/\">Continue Reading<\/a><\/span><\/p>\n","protected":false},"featured_media":15757,"template":"","meta":[],"product_brand":[],"product_cat":[117],"product_tag":[],"class_list":{"0":"entry","1":"author-johanna","2":"post-15746","3":"product","4":"type-product","5":"status-publish","6":"has-post-thumbnail","7":"product_cat-quad-rulluisud","8":"pa_suurus-eu-37","9":"pa_suurus-eu-38","10":"pa_suurus-eu-395","11":"pa_suurus-eu-405","12":"pa_varvus-rose","14":"first","15":"instock","16":"taxable","17":"shipping-taxable","18":"purchasable","19":"product-type-variable","20":"has-default-attributes"},"yoast_head":"<!-- This site is optimized with the Yoast SEO plugin v27.4 - https:\/\/yoast.com\/product\/yoast-seo-wordpress\/ -->\n<title>Rio Roller Rose - Quad ilu-rulluisud - Longboard.ee<\/title>\n<meta name=\"description\" content=\"Rio Roller Rose ilu-rulluisud - retroh\u00f5ngulised mugavad rulluisud. Sobivad nii siseruumides kui \u00f5ues uisutamiseks.\u00a0\" \/>\n<meta name=\"robots\" content=\"index, follow, max-snippet:-1, max-image-preview:large, max-video-preview:-1\" \/>\n<link rel=\"canonical\" href=\"https:\/\/longboard.ee\/et\/longboards\/quad-skates\/rio-roller-rose-quad-skates\/\" \/>\n<meta name=\"twitter:label1\" content=\"Est. reading time\" \/>\n\t<meta name=\"twitter:data1\" content=\"1 minut\" \/>\n<script type=\"application\/ld+json\" class=\"yoast-schema-graph\">{\"@context\":\"https:\\\/\\\/schema.org\",\"@graph\":[{\"@type\":\"WebPage\",\"@id\":\"https:\\\/\\\/longboard.ee\\\/en\\\/longboards\\\/quad-skates\\\/rio-roller-rose-quad-skates\\\/\",\"url\":\"https:\\\/\\\/longboard.ee\\\/en\\\/longboards\\\/quad-skates\\\/rio-roller-rose-quad-skates\\\/\",\"name\":\"Rio Roller Rose - Quad ilu-rulluisud - Longboard.ee\",\"isPartOf\":{\"@id\":\"https:\\\/\\\/longboard.ee\\\/et\\\/#website\"},\"primaryImageOfPage\":{\"@id\":\"https:\\\/\\\/longboard.ee\\\/en\\\/longboards\\\/quad-skates\\\/rio-roller-rose-quad-skates\\\/#primaryimage\"},\"image\":{\"@id\":\"https:\\\/\\\/longboard.ee\\\/en\\\/longboards\\\/quad-skates\\\/rio-roller-rose-quad-skates\\\/#primaryimage\"},\"thumbnailUrl\":\"https:\\\/\\\/longboard.ee\\\/wp-content\\\/uploads\\\/2021\\\/09\\\/RIO360ProductOverview.png\",\"datePublished\":\"2021-09-27T11:20:38+00:00\",\"dateModified\":\"2025-11-30T13:29:30+00:00\",\"description\":\"Rio Roller Rose ilu-rulluisud - retroh\u00f5ngulised mugavad rulluisud. Sobivad nii siseruumides kui \u00f5ues uisutamiseks.\u00a0\",\"breadcrumb\":{\"@id\":\"https:\\\/\\\/longboard.ee\\\/en\\\/longboards\\\/quad-skates\\\/rio-roller-rose-quad-skates\\\/#breadcrumb\"},\"inLanguage\":\"et\",\"potentialAction\":[{\"@type\":\"ReadAction\",\"target\":[\"https:\\\/\\\/longboard.ee\\\/en\\\/longboards\\\/quad-skates\\\/rio-roller-rose-quad-skates\\\/\"]}]},{\"@type\":\"ImageObject\",\"inLanguage\":\"et\",\"@id\":\"https:\\\/\\\/longboard.ee\\\/en\\\/longboards\\\/quad-skates\\\/rio-roller-rose-quad-skates\\\/#primaryimage\",\"url\":\"https:\\\/\\\/longboard.ee\\\/wp-content\\\/uploads\\\/2021\\\/09\\\/RIO360ProductOverview.png\",\"contentUrl\":\"https:\\\/\\\/longboard.ee\\\/wp-content\\\/uploads\\\/2021\\\/09\\\/RIO360ProductOverview.png\",\"width\":524,\"height\":620},{\"@type\":\"BreadcrumbList\",\"@id\":\"https:\\\/\\\/longboard.ee\\\/en\\\/longboards\\\/quad-skates\\\/rio-roller-rose-quad-skates\\\/#breadcrumb\",\"itemListElement\":[{\"@type\":\"ListItem\",\"position\":1,\"name\":\"Home\",\"item\":\"https:\\\/\\\/longboard.ee\\\/\"},{\"@type\":\"ListItem\",\"position\":2,\"name\":\"Longboardid, rulad, t\u00f5ukerattad, rulluisud\",\"item\":\"https:\\\/\\\/longboard.ee\\\/longboardid-rulad-toukerattad\\\/\"},{\"@type\":\"ListItem\",\"position\":3,\"name\":\"Quad Rulluisud\",\"item\":\"https:\\\/\\\/longboard.ee\\\/en\\\/longboard\\\/quad-skates\\\/\"},{\"@type\":\"ListItem\",\"position\":4,\"name\":\"Rio Roller Rose &#8211; Quad ilu-rulluisud\"}]},{\"@type\":\"WebSite\",\"@id\":\"https:\\\/\\\/longboard.ee\\\/et\\\/#website\",\"url\":\"https:\\\/\\\/longboard.ee\\\/et\\\/\",\"name\":\"Longboard.ee\",\"description\":\"Longboardide e-pood\",\"publisher\":{\"@id\":\"https:\\\/\\\/longboard.ee\\\/et\\\/#organization\"},\"potentialAction\":[{\"@type\":\"SearchAction\",\"target\":{\"@type\":\"EntryPoint\",\"urlTemplate\":\"https:\\\/\\\/longboard.ee\\\/et\\\/?s={search_term_string}\"},\"query-input\":{\"@type\":\"PropertyValueSpecification\",\"valueRequired\":true,\"valueName\":\"search_term_string\"}}],\"inLanguage\":\"et\"},{\"@type\":\"Organization\",\"@id\":\"https:\\\/\\\/longboard.ee\\\/et\\\/#organization\",\"name\":\"Longboard.ee\",\"url\":\"https:\\\/\\\/longboard.ee\\\/et\\\/\",\"logo\":{\"@type\":\"ImageObject\",\"inLanguage\":\"et\",\"@id\":\"https:\\\/\\\/longboard.ee\\\/et\\\/#\\\/schema\\\/logo\\\/image\\\/\",\"url\":\"https:\\\/\\\/longboard.ee\\\/wp-content\\\/uploads\\\/2021\\\/10\\\/logo55.jpg\",\"contentUrl\":\"https:\\\/\\\/longboard.ee\\\/wp-content\\\/uploads\\\/2021\\\/10\\\/logo55.jpg\",\"width\":180,\"height\":180,\"caption\":\"Longboard.ee\"},\"image\":{\"@id\":\"https:\\\/\\\/longboard.ee\\\/et\\\/#\\\/schema\\\/logo\\\/image\\\/\"},\"sameAs\":[\"https:\\\/\\\/www.facebook.com\\\/Longboardee-131787663895166\\\/\"]}]}<\/script>\n<!-- \/ Yoast SEO plugin. -->","yoast_head_json":{"title":"Rio Roller Rose - Quad ilu-rulluisud - Longboard.ee","description":"Rio Roller Rose ilu-rulluisud - retroh\u00f5ngulised mugavad rulluisud. Sobivad nii siseruumides kui \u00f5ues uisutamiseks.\u00a0","robots":{"index":"index","follow":"follow","max-snippet":"max-snippet:-1","max-image-preview":"max-image-preview:large","max-video-preview":"max-video-preview:-1"},"canonical":"https:\/\/longboard.ee\/et\/longboards\/quad-skates\/rio-roller-rose-quad-skates\/","twitter_misc":{"Est. reading time":"1 minut"},"schema":{"@context":"https:\/\/schema.org","@graph":[{"@type":"WebPage","@id":"https:\/\/longboard.ee\/en\/longboards\/quad-skates\/rio-roller-rose-quad-skates\/","url":"https:\/\/longboard.ee\/en\/longboards\/quad-skates\/rio-roller-rose-quad-skates\/","name":"Rio Roller Rose - Quad ilu-rulluisud - Longboard.ee","isPartOf":{"@id":"https:\/\/longboard.ee\/et\/#website"},"primaryImageOfPage":{"@id":"https:\/\/longboard.ee\/en\/longboards\/quad-skates\/rio-roller-rose-quad-skates\/#primaryimage"},"image":{"@id":"https:\/\/longboard.ee\/en\/longboards\/quad-skates\/rio-roller-rose-quad-skates\/#primaryimage"},"thumbnailUrl":"https:\/\/longboard.ee\/wp-content\/uploads\/2021\/09\/RIO360ProductOverview.png","datePublished":"2021-09-27T11:20:38+00:00","dateModified":"2025-11-30T13:29:30+00:00","description":"Rio Roller Rose ilu-rulluisud - retroh\u00f5ngulised mugavad rulluisud. Sobivad nii siseruumides kui \u00f5ues uisutamiseks.\u00a0","breadcrumb":{"@id":"https:\/\/longboard.ee\/en\/longboards\/quad-skates\/rio-roller-rose-quad-skates\/#breadcrumb"},"inLanguage":"et","potentialAction":[{"@type":"ReadAction","target":["https:\/\/longboard.ee\/en\/longboards\/quad-skates\/rio-roller-rose-quad-skates\/"]}]},{"@type":"ImageObject","inLanguage":"et","@id":"https:\/\/longboard.ee\/en\/longboards\/quad-skates\/rio-roller-rose-quad-skates\/#primaryimage","url":"https:\/\/longboard.ee\/wp-content\/uploads\/2021\/09\/RIO360ProductOverview.png","contentUrl":"https:\/\/longboard.ee\/wp-content\/uploads\/2021\/09\/RIO360ProductOverview.png","width":524,"height":620},{"@type":"BreadcrumbList","@id":"https:\/\/longboard.ee\/en\/longboards\/quad-skates\/rio-roller-rose-quad-skates\/#breadcrumb","itemListElement":[{"@type":"ListItem","position":1,"name":"Home","item":"https:\/\/longboard.ee\/"},{"@type":"ListItem","position":2,"name":"Longboardid, rulad, t\u00f5ukerattad, rulluisud","item":"https:\/\/longboard.ee\/longboardid-rulad-toukerattad\/"},{"@type":"ListItem","position":3,"name":"Quad Rulluisud","item":"https:\/\/longboard.ee\/en\/longboard\/quad-skates\/"},{"@type":"ListItem","position":4,"name":"Rio Roller Rose &#8211; Quad ilu-rulluisud"}]},{"@type":"WebSite","@id":"https:\/\/longboard.ee\/et\/#website","url":"https:\/\/longboard.ee\/et\/","name":"Longboard.ee","description":"Longboardide e-pood","publisher":{"@id":"https:\/\/longboard.ee\/et\/#organization"},"potentialAction":[{"@type":"SearchAction","target":{"@type":"EntryPoint","urlTemplate":"https:\/\/longboard.ee\/et\/?s={search_term_string}"},"query-input":{"@type":"PropertyValueSpecification","valueRequired":true,"valueName":"search_term_string"}}],"inLanguage":"et"},{"@type":"Organization","@id":"https:\/\/longboard.ee\/et\/#organization","name":"Longboard.ee","url":"https:\/\/longboard.ee\/et\/","logo":{"@type":"ImageObject","inLanguage":"et","@id":"https:\/\/longboard.ee\/et\/#\/schema\/logo\/image\/","url":"https:\/\/longboard.ee\/wp-content\/uploads\/2021\/10\/logo55.jpg","contentUrl":"https:\/\/longboard.ee\/wp-content\/uploads\/2021\/10\/logo55.jpg","width":180,"height":180,"caption":"Longboard.ee"},"image":{"@id":"https:\/\/longboard.ee\/et\/#\/schema\/logo\/image\/"},"sameAs":["https:\/\/www.facebook.com\/Longboardee-131787663895166\/"]}]}},"_links":{"self":[{"href":"https:\/\/longboard.ee\/et\/wp-json\/wp\/v2\/product\/15746","targetHints":{"allow":["GET"]}}],"collection":[{"href":"https:\/\/longboard.ee\/et\/wp-json\/wp\/v2\/product"}],"about":[{"href":"https:\/\/longboard.ee\/et\/wp-json\/wp\/v2\/types\/product"}],"wp:featuredmedia":[{"embeddable":true,"href":"https:\/\/longboard.ee\/et\/wp-json\/wp\/v2\/media\/15757"}],"wp:attachment":[{"href":"https:\/\/longboard.ee\/et\/wp-json\/wp\/v2\/media?parent=15746"}],"wp:term":[{"taxonomy":"product_brand","embeddable":true,"href":"https:\/\/longboard.ee\/et\/wp-json\/wp\/v2\/product_brand?post=15746"},{"taxonomy":"product_cat","embeddable":true,"href":"https:\/\/longboard.ee\/et\/wp-json\/wp\/v2\/product_cat?post=15746"},{"taxonomy":"product_tag","embeddable":true,"href":"https:\/\/longboard.ee\/et\/wp-json\/wp\/v2\/product_tag?post=15746"}],"curies":[{"name":"wp","href":"https:\/\/api.w.org\/{rel}","templated":true}]}}