{"id":15761,"date":"2021-09-27T12:27:59","date_gmt":"2021-09-27T09:27:59","guid":{"rendered":"https:\/\/longboard.ee\/?post_type=product&#038;p=15761"},"modified":"2025-04-27T14:53:16","modified_gmt":"2025-04-27T11:53:16","slug":"rekd-ultralite-in-mold-kiiver","status":"publish","type":"product","link":"https:\/\/longboard.ee\/et\/longboardid\/tarvikud-ja-varustus\/kiivrid\/rekd-ultralite-in-mold-kiiver\/","title":{"rendered":"REKD Ultralite In-Mold kiiver"},"content":{"rendered":"<p><a href=\"https:\/\/longboard.ee\/wp-content\/uploads\/2021\/09\/rekd-protection_owler_20160301_065228_original.jpeg\"><img loading=\"lazy\" decoding=\"async\" class=\"alignnone wp-image-15771\" src=\"https:\/\/longboard.ee\/wp-content\/uploads\/2021\/09\/rekd-protection_owler_20160301_065228_original.jpeg\" alt=\"\" width=\"249\" height=\"76\" srcset=\"https:\/\/longboard.ee\/wp-content\/uploads\/2021\/09\/rekd-protection_owler_20160301_065228_original.jpeg 410w, https:\/\/longboard.ee\/wp-content\/uploads\/2021\/09\/rekd-protection_owler_20160301_065228_original-18x5.jpeg 18w\" sizes=\"auto, (max-width: 249px) 100vw, 249px\" \/><\/a><\/p>\n<p>REKD Ultralite kiiver on \u00fclikerge t\u00e4nu In-Mold tehnoloogiale (n\u00e4iteks S\/M kiiver kaalub vaid 295g). Toode vastab EN1078 ja CPSC standarditele. Kiivriga on kaasas kaks erineva paksusega pehmendust.<\/p>\n<p>M\u00f5\u00f5dud:<\/p>\n<p>S\/M \u2013 53-56cm<br \/>\nL\/XL \u2013 57-59cm<\/p>\n<p>&nbsp;<\/p>\n","protected":false},"excerpt":{"rendered":"<p>REKD Ultralite kiiver on \u00fclikerge t\u00e4nu In-Mold tehnoloogiale (n\u00e4iteks S\/M kiiver kaalub vaid 295g). Toode vastab EN1078 ja CPSC standarditele. Kiivriga on kaasas kaks erineva paksusega pehmendust. M\u00f5\u00f5dud: S\/M \u2013 53-56cm L\/XL \u2013 57-59cm &nbsp;<span class=\"more-link\"><a href=\"https:\/\/longboard.ee\/et\/longboardid\/tarvikud-ja-varustus\/kiivrid\/rekd-ultralite-in-mold-kiiver\/\">Continue Reading<\/a><\/span><\/p>\n","protected":false},"featured_media":15809,"template":"","meta":[],"product_brand":[],"product_cat":[74],"product_tag":[],"class_list":{"0":"entry","1":"author-johanna","2":"post-15761","3":"product","4":"type-product","5":"status-publish","6":"has-post-thumbnail","7":"product_cat-kiivrid","8":"pa_suurus-s-m","9":"pa_suurus-l-xl","10":"pa_varvus-sinine","11":"pa_varvus-roheline","12":"pa_varvus-valge","13":"pa_varvus-hall","15":"first","16":"onbackorder","17":"taxable","18":"shipping-taxable","19":"purchasable","20":"product-type-variable"},"yoast_head":"<!-- This site is optimized with the Yoast SEO plugin v27.3 - https:\/\/yoast.com\/product\/yoast-seo-wordpress\/ -->\n<title>REKD Ultralite In-Mold kiiver - Longboard.ee<\/title>\n<meta name=\"description\" content=\"Longboard. ee - longboardid, rula, rulad, t\u00f5ukerattad, quad ilu-rulluisud\" \/>\n<meta name=\"robots\" content=\"index, follow, max-snippet:-1, max-image-preview:large, max-video-preview:-1\" \/>\n<link rel=\"canonical\" href=\"https:\/\/longboard.ee\/et\/longboardid\/tarvikud-ja-varustus\/kiivrid\/rekd-ultralite-in-mold-kiiver\/\" \/>\n<meta name=\"twitter:label1\" content=\"Est. reading time\" \/>\n\t<meta name=\"twitter:data1\" content=\"1 minut\" \/>\n<script type=\"application\/ld+json\" class=\"yoast-schema-graph\">{\"@context\":\"https:\\\/\\\/schema.org\",\"@graph\":[{\"@type\":\"WebPage\",\"@id\":\"https:\\\/\\\/longboard.ee\\\/longboardid\\\/tarvikud-ja-varustus\\\/kiivrid\\\/rekd-ultralite-in-mold-kiiver\\\/\",\"url\":\"https:\\\/\\\/longboard.ee\\\/longboardid\\\/tarvikud-ja-varustus\\\/kiivrid\\\/rekd-ultralite-in-mold-kiiver\\\/\",\"name\":\"REKD Ultralite In-Mold kiiver - Longboard.ee\",\"isPartOf\":{\"@id\":\"https:\\\/\\\/longboard.ee\\\/et\\\/#website\"},\"primaryImageOfPage\":{\"@id\":\"https:\\\/\\\/longboard.ee\\\/longboardid\\\/tarvikud-ja-varustus\\\/kiivrid\\\/rekd-ultralite-in-mold-kiiver\\\/#primaryimage\"},\"image\":{\"@id\":\"https:\\\/\\\/longboard.ee\\\/longboardid\\\/tarvikud-ja-varustus\\\/kiivrid\\\/rekd-ultralite-in-mold-kiiver\\\/#primaryimage\"},\"thumbnailUrl\":\"https:\\\/\\\/longboard.ee\\\/wp-content\\\/uploads\\\/2021\\\/09\\\/RKD259ProductOverview-1.jpg\",\"datePublished\":\"2021-09-27T09:27:59+00:00\",\"dateModified\":\"2025-04-27T11:53:16+00:00\",\"description\":\"Longboard. ee - longboardid, rula, rulad, t\u00f5ukerattad, quad ilu-rulluisud\",\"breadcrumb\":{\"@id\":\"https:\\\/\\\/longboard.ee\\\/longboardid\\\/tarvikud-ja-varustus\\\/kiivrid\\\/rekd-ultralite-in-mold-kiiver\\\/#breadcrumb\"},\"inLanguage\":\"et\",\"potentialAction\":[{\"@type\":\"ReadAction\",\"target\":[\"https:\\\/\\\/longboard.ee\\\/longboardid\\\/tarvikud-ja-varustus\\\/kiivrid\\\/rekd-ultralite-in-mold-kiiver\\\/\"]}]},{\"@type\":\"ImageObject\",\"inLanguage\":\"et\",\"@id\":\"https:\\\/\\\/longboard.ee\\\/longboardid\\\/tarvikud-ja-varustus\\\/kiivrid\\\/rekd-ultralite-in-mold-kiiver\\\/#primaryimage\",\"url\":\"https:\\\/\\\/longboard.ee\\\/wp-content\\\/uploads\\\/2021\\\/09\\\/RKD259ProductOverview-1.jpg\",\"contentUrl\":\"https:\\\/\\\/longboard.ee\\\/wp-content\\\/uploads\\\/2021\\\/09\\\/RKD259ProductOverview-1.jpg\",\"width\":600,\"height\":600},{\"@type\":\"BreadcrumbList\",\"@id\":\"https:\\\/\\\/longboard.ee\\\/longboardid\\\/tarvikud-ja-varustus\\\/kiivrid\\\/rekd-ultralite-in-mold-kiiver\\\/#breadcrumb\",\"itemListElement\":[{\"@type\":\"ListItem\",\"position\":1,\"name\":\"Home\",\"item\":\"https:\\\/\\\/longboard.ee\\\/\"},{\"@type\":\"ListItem\",\"position\":2,\"name\":\"Longboardid, rulad, t\u00f5ukerattad, rulluisud\",\"item\":\"https:\\\/\\\/longboard.ee\\\/longboardid-rulad-toukerattad\\\/\"},{\"@type\":\"ListItem\",\"position\":3,\"name\":\"Tarvikud ja varustus\",\"item\":\"https:\\\/\\\/longboard.ee\\\/et\\\/longboard\\\/tarvikud-ja-varustus\\\/\"},{\"@type\":\"ListItem\",\"position\":4,\"name\":\"Kiivrid\",\"item\":\"https:\\\/\\\/longboard.ee\\\/en\\\/longboard\\\/accessories-2\\\/helmets\\\/\"},{\"@type\":\"ListItem\",\"position\":5,\"name\":\"REKD Ultralite In-Mold kiiver\"}]},{\"@type\":\"WebSite\",\"@id\":\"https:\\\/\\\/longboard.ee\\\/et\\\/#website\",\"url\":\"https:\\\/\\\/longboard.ee\\\/et\\\/\",\"name\":\"Longboard.ee\",\"description\":\"Longboardide e-pood\",\"publisher\":{\"@id\":\"https:\\\/\\\/longboard.ee\\\/et\\\/#organization\"},\"potentialAction\":[{\"@type\":\"SearchAction\",\"target\":{\"@type\":\"EntryPoint\",\"urlTemplate\":\"https:\\\/\\\/longboard.ee\\\/et\\\/?s={search_term_string}\"},\"query-input\":{\"@type\":\"PropertyValueSpecification\",\"valueRequired\":true,\"valueName\":\"search_term_string\"}}],\"inLanguage\":\"et\"},{\"@type\":\"Organization\",\"@id\":\"https:\\\/\\\/longboard.ee\\\/et\\\/#organization\",\"name\":\"Longboard.ee\",\"url\":\"https:\\\/\\\/longboard.ee\\\/et\\\/\",\"logo\":{\"@type\":\"ImageObject\",\"inLanguage\":\"et\",\"@id\":\"https:\\\/\\\/longboard.ee\\\/et\\\/#\\\/schema\\\/logo\\\/image\\\/\",\"url\":\"https:\\\/\\\/longboard.ee\\\/wp-content\\\/uploads\\\/2021\\\/10\\\/logo55.jpg\",\"contentUrl\":\"https:\\\/\\\/longboard.ee\\\/wp-content\\\/uploads\\\/2021\\\/10\\\/logo55.jpg\",\"width\":180,\"height\":180,\"caption\":\"Longboard.ee\"},\"image\":{\"@id\":\"https:\\\/\\\/longboard.ee\\\/et\\\/#\\\/schema\\\/logo\\\/image\\\/\"},\"sameAs\":[\"https:\\\/\\\/www.facebook.com\\\/Longboardee-131787663895166\\\/\"]}]}<\/script>\n<!-- \/ Yoast SEO plugin. -->","yoast_head_json":{"title":"REKD Ultralite In-Mold kiiver - Longboard.ee","description":"Longboard. ee - longboardid, rula, rulad, t\u00f5ukerattad, quad ilu-rulluisud","robots":{"index":"index","follow":"follow","max-snippet":"max-snippet:-1","max-image-preview":"max-image-preview:large","max-video-preview":"max-video-preview:-1"},"canonical":"https:\/\/longboard.ee\/et\/longboardid\/tarvikud-ja-varustus\/kiivrid\/rekd-ultralite-in-mold-kiiver\/","twitter_misc":{"Est. reading time":"1 minut"},"schema":{"@context":"https:\/\/schema.org","@graph":[{"@type":"WebPage","@id":"https:\/\/longboard.ee\/longboardid\/tarvikud-ja-varustus\/kiivrid\/rekd-ultralite-in-mold-kiiver\/","url":"https:\/\/longboard.ee\/longboardid\/tarvikud-ja-varustus\/kiivrid\/rekd-ultralite-in-mold-kiiver\/","name":"REKD Ultralite In-Mold kiiver - Longboard.ee","isPartOf":{"@id":"https:\/\/longboard.ee\/et\/#website"},"primaryImageOfPage":{"@id":"https:\/\/longboard.ee\/longboardid\/tarvikud-ja-varustus\/kiivrid\/rekd-ultralite-in-mold-kiiver\/#primaryimage"},"image":{"@id":"https:\/\/longboard.ee\/longboardid\/tarvikud-ja-varustus\/kiivrid\/rekd-ultralite-in-mold-kiiver\/#primaryimage"},"thumbnailUrl":"https:\/\/longboard.ee\/wp-content\/uploads\/2021\/09\/RKD259ProductOverview-1.jpg","datePublished":"2021-09-27T09:27:59+00:00","dateModified":"2025-04-27T11:53:16+00:00","description":"Longboard. ee - longboardid, rula, rulad, t\u00f5ukerattad, quad ilu-rulluisud","breadcrumb":{"@id":"https:\/\/longboard.ee\/longboardid\/tarvikud-ja-varustus\/kiivrid\/rekd-ultralite-in-mold-kiiver\/#breadcrumb"},"inLanguage":"et","potentialAction":[{"@type":"ReadAction","target":["https:\/\/longboard.ee\/longboardid\/tarvikud-ja-varustus\/kiivrid\/rekd-ultralite-in-mold-kiiver\/"]}]},{"@type":"ImageObject","inLanguage":"et","@id":"https:\/\/longboard.ee\/longboardid\/tarvikud-ja-varustus\/kiivrid\/rekd-ultralite-in-mold-kiiver\/#primaryimage","url":"https:\/\/longboard.ee\/wp-content\/uploads\/2021\/09\/RKD259ProductOverview-1.jpg","contentUrl":"https:\/\/longboard.ee\/wp-content\/uploads\/2021\/09\/RKD259ProductOverview-1.jpg","width":600,"height":600},{"@type":"BreadcrumbList","@id":"https:\/\/longboard.ee\/longboardid\/tarvikud-ja-varustus\/kiivrid\/rekd-ultralite-in-mold-kiiver\/#breadcrumb","itemListElement":[{"@type":"ListItem","position":1,"name":"Home","item":"https:\/\/longboard.ee\/"},{"@type":"ListItem","position":2,"name":"Longboardid, rulad, t\u00f5ukerattad, rulluisud","item":"https:\/\/longboard.ee\/longboardid-rulad-toukerattad\/"},{"@type":"ListItem","position":3,"name":"Tarvikud ja varustus","item":"https:\/\/longboard.ee\/et\/longboard\/tarvikud-ja-varustus\/"},{"@type":"ListItem","position":4,"name":"Kiivrid","item":"https:\/\/longboard.ee\/en\/longboard\/accessories-2\/helmets\/"},{"@type":"ListItem","position":5,"name":"REKD Ultralite In-Mold kiiver"}]},{"@type":"WebSite","@id":"https:\/\/longboard.ee\/et\/#website","url":"https:\/\/longboard.ee\/et\/","name":"Longboard.ee","description":"Longboardide e-pood","publisher":{"@id":"https:\/\/longboard.ee\/et\/#organization"},"potentialAction":[{"@type":"SearchAction","target":{"@type":"EntryPoint","urlTemplate":"https:\/\/longboard.ee\/et\/?s={search_term_string}"},"query-input":{"@type":"PropertyValueSpecification","valueRequired":true,"valueName":"search_term_string"}}],"inLanguage":"et"},{"@type":"Organization","@id":"https:\/\/longboard.ee\/et\/#organization","name":"Longboard.ee","url":"https:\/\/longboard.ee\/et\/","logo":{"@type":"ImageObject","inLanguage":"et","@id":"https:\/\/longboard.ee\/et\/#\/schema\/logo\/image\/","url":"https:\/\/longboard.ee\/wp-content\/uploads\/2021\/10\/logo55.jpg","contentUrl":"https:\/\/longboard.ee\/wp-content\/uploads\/2021\/10\/logo55.jpg","width":180,"height":180,"caption":"Longboard.ee"},"image":{"@id":"https:\/\/longboard.ee\/et\/#\/schema\/logo\/image\/"},"sameAs":["https:\/\/www.facebook.com\/Longboardee-131787663895166\/"]}]}},"_links":{"self":[{"href":"https:\/\/longboard.ee\/et\/wp-json\/wp\/v2\/product\/15761","targetHints":{"allow":["GET"]}}],"collection":[{"href":"https:\/\/longboard.ee\/et\/wp-json\/wp\/v2\/product"}],"about":[{"href":"https:\/\/longboard.ee\/et\/wp-json\/wp\/v2\/types\/product"}],"wp:featuredmedia":[{"embeddable":true,"href":"https:\/\/longboard.ee\/et\/wp-json\/wp\/v2\/media\/15809"}],"wp:attachment":[{"href":"https:\/\/longboard.ee\/et\/wp-json\/wp\/v2\/media?parent=15761"}],"wp:term":[{"taxonomy":"product_brand","embeddable":true,"href":"https:\/\/longboard.ee\/et\/wp-json\/wp\/v2\/product_brand?post=15761"},{"taxonomy":"product_cat","embeddable":true,"href":"https:\/\/longboard.ee\/et\/wp-json\/wp\/v2\/product_cat?post=15761"},{"taxonomy":"product_tag","embeddable":true,"href":"https:\/\/longboard.ee\/et\/wp-json\/wp\/v2\/product_tag?post=15761"}],"curies":[{"name":"wp","href":"https:\/\/api.w.org\/{rel}","templated":true}]}}