{"id":15829,"date":"2021-09-27T14:01:50","date_gmt":"2021-09-27T14:01:50","guid":{"rendered":"https:\/\/longboard.ee\/?post_type=product&#038;p=15829"},"modified":"2023-05-13T12:43:11","modified_gmt":"2023-05-13T09:43:11","slug":"rekd-pro-ramp-polvekaitsmed","status":"publish","type":"product","link":"https:\/\/longboard.ee\/et\/longboardid\/tarvikud-ja-varustus\/kaitsmed\/rekd-pro-ramp-polvekaitsmed\/","title":{"rendered":"REKD Pro Ramp p\u00f5lvekaitsmed"},"content":{"rendered":"<p><img loading=\"lazy\" decoding=\"async\" class=\" wp-image-2491 alignleft\" src=\"https:\/\/longboard.ee\/wp-content\/uploads\/2019\/07\/rekd.jpg\" alt=\"\" width=\"95\" height=\"47\" srcset=\"https:\/\/longboard.ee\/wp-content\/uploads\/2019\/07\/rekd.jpg 137w, https:\/\/longboard.ee\/wp-content\/uploads\/2019\/07\/rekd-16x8.jpg 16w\" sizes=\"auto, (max-width: 95px) 100vw, 95px\" \/><\/p>\n<p>REKD Pro Ramp p\u00f5lvekaitsmed on mugavad ja kaitsevad suuremate p\u00f5rutuste ning vigastuste eest.<\/p>\n<p>&nbsp;<\/p>\n<p>M\u00f5\u00f5detakse 2-3cm p\u00f5lvest \u00fclespoole:<\/p>\n<p>XS: \u00fcmberm\u00f5\u00f5t 32-36cm<\/p>\n<p>S: \u00fcmberm\u00f5\u00f5t 35-39cm<\/p>\n<p>M: \u00fcmberm\u00f5\u00f5t 37-43cm<\/p>\n<p>L: \u00fcmberm\u00f5\u00f5t 38-46cm<\/p>\n<p>XL: \u00fcmberm\u00f5\u00f5t 39-51cm<\/p>\n<p>&nbsp;<\/p>\n","protected":false},"excerpt":{"rendered":"<p>REKD Pro Ramp p\u00f5lvekaitsmed on mugavad ja kaitsevad suuremate p\u00f5rutuste ning vigastuste eest. &nbsp; M\u00f5\u00f5detakse 2-3cm p\u00f5lvest \u00fclespoole: XS: \u00fcmberm\u00f5\u00f5t 32-36cm S: \u00fcmberm\u00f5\u00f5t 35-39cm M: \u00fcmberm\u00f5\u00f5t 37-43cm L: \u00fcmberm\u00f5\u00f5t 38-46cm XL: \u00fcmberm\u00f5\u00f5t 39-51cm &nbsp;<span class=\"more-link\"><a href=\"https:\/\/longboard.ee\/et\/longboardid\/tarvikud-ja-varustus\/kaitsmed\/rekd-pro-ramp-polvekaitsmed\/\">Continue Reading<\/a><\/span><\/p>\n","protected":false},"featured_media":15842,"template":"","meta":[],"product_brand":[],"product_cat":[105],"product_tag":[],"class_list":{"0":"entry","1":"author-johanna","2":"post-15829","3":"product","4":"type-product","5":"status-publish","6":"has-post-thumbnail","7":"product_cat-kaitsmed","8":"pa_suurus-m","9":"pa_suurus-l","10":"pa_suurus-xl","11":"pa_varvus-must","13":"first","14":"instock","15":"taxable","16":"shipping-taxable","17":"purchasable","18":"product-type-variable","19":"has-default-attributes"},"yoast_head":"<!-- This site is optimized with the Yoast SEO plugin v27.3 - https:\/\/yoast.com\/product\/yoast-seo-wordpress\/ -->\n<title>REKD Pro Ramp p\u00f5lvekaitsmed - Longboard.ee<\/title>\n<meta name=\"description\" content=\"Longboard. ee - longboardid, rula, rulad, t\u00f5ukerattad, quad ilu-rulluisud\" \/>\n<meta name=\"robots\" content=\"index, follow, max-snippet:-1, max-image-preview:large, max-video-preview:-1\" \/>\n<link rel=\"canonical\" href=\"https:\/\/longboard.ee\/et\/longboards\/accessories-2\/pad-sets\/rekd-pro-ramp-knee-pads\/\" \/>\n<script type=\"application\/ld+json\" class=\"yoast-schema-graph\">{\"@context\":\"https:\\\/\\\/schema.org\",\"@graph\":[{\"@type\":\"WebPage\",\"@id\":\"https:\\\/\\\/longboard.ee\\\/en\\\/longboards\\\/accessories-2\\\/pad-sets\\\/rekd-pro-ramp-knee-pads\\\/\",\"url\":\"https:\\\/\\\/longboard.ee\\\/en\\\/longboards\\\/accessories-2\\\/pad-sets\\\/rekd-pro-ramp-knee-pads\\\/\",\"name\":\"REKD Pro Ramp p\u00f5lvekaitsmed - Longboard.ee\",\"isPartOf\":{\"@id\":\"https:\\\/\\\/longboard.ee\\\/et\\\/#website\"},\"primaryImageOfPage\":{\"@id\":\"https:\\\/\\\/longboard.ee\\\/en\\\/longboards\\\/accessories-2\\\/pad-sets\\\/rekd-pro-ramp-knee-pads\\\/#primaryimage\"},\"image\":{\"@id\":\"https:\\\/\\\/longboard.ee\\\/en\\\/longboards\\\/accessories-2\\\/pad-sets\\\/rekd-pro-ramp-knee-pads\\\/#primaryimage\"},\"thumbnailUrl\":\"https:\\\/\\\/longboard.ee\\\/wp-content\\\/uploads\\\/2021\\\/09\\\/RKD650-REKD-Pro-Ramp-Knee-Pads-Group.jpg\",\"datePublished\":\"2021-09-27T14:01:50+00:00\",\"dateModified\":\"2023-05-13T09:43:11+00:00\",\"description\":\"Longboard. ee - longboardid, rula, rulad, t\u00f5ukerattad, quad ilu-rulluisud\",\"breadcrumb\":{\"@id\":\"https:\\\/\\\/longboard.ee\\\/en\\\/longboards\\\/accessories-2\\\/pad-sets\\\/rekd-pro-ramp-knee-pads\\\/#breadcrumb\"},\"inLanguage\":\"et\",\"potentialAction\":[{\"@type\":\"ReadAction\",\"target\":[\"https:\\\/\\\/longboard.ee\\\/en\\\/longboards\\\/accessories-2\\\/pad-sets\\\/rekd-pro-ramp-knee-pads\\\/\"]}]},{\"@type\":\"ImageObject\",\"inLanguage\":\"et\",\"@id\":\"https:\\\/\\\/longboard.ee\\\/en\\\/longboards\\\/accessories-2\\\/pad-sets\\\/rekd-pro-ramp-knee-pads\\\/#primaryimage\",\"url\":\"https:\\\/\\\/longboard.ee\\\/wp-content\\\/uploads\\\/2021\\\/09\\\/RKD650-REKD-Pro-Ramp-Knee-Pads-Group.jpg\",\"contentUrl\":\"https:\\\/\\\/longboard.ee\\\/wp-content\\\/uploads\\\/2021\\\/09\\\/RKD650-REKD-Pro-Ramp-Knee-Pads-Group.jpg\",\"width\":1000,\"height\":860},{\"@type\":\"BreadcrumbList\",\"@id\":\"https:\\\/\\\/longboard.ee\\\/en\\\/longboards\\\/accessories-2\\\/pad-sets\\\/rekd-pro-ramp-knee-pads\\\/#breadcrumb\",\"itemListElement\":[{\"@type\":\"ListItem\",\"position\":1,\"name\":\"Home\",\"item\":\"https:\\\/\\\/longboard.ee\\\/\"},{\"@type\":\"ListItem\",\"position\":2,\"name\":\"Longboardid, rulad, t\u00f5ukerattad, rulluisud\",\"item\":\"https:\\\/\\\/longboard.ee\\\/longboardid-rulad-toukerattad\\\/\"},{\"@type\":\"ListItem\",\"position\":3,\"name\":\"Tarvikud ja varustus\",\"item\":\"https:\\\/\\\/longboard.ee\\\/et\\\/longboard\\\/tarvikud-ja-varustus\\\/\"},{\"@type\":\"ListItem\",\"position\":4,\"name\":\"Kaitsmed\",\"item\":\"https:\\\/\\\/longboard.ee\\\/et\\\/longboard\\\/tarvikud-ja-varustus\\\/kaitsmed\\\/\"},{\"@type\":\"ListItem\",\"position\":5,\"name\":\"REKD Pro Ramp p\u00f5lvekaitsmed\"}]},{\"@type\":\"WebSite\",\"@id\":\"https:\\\/\\\/longboard.ee\\\/et\\\/#website\",\"url\":\"https:\\\/\\\/longboard.ee\\\/et\\\/\",\"name\":\"Longboard.ee\",\"description\":\"Longboardide e-pood\",\"publisher\":{\"@id\":\"https:\\\/\\\/longboard.ee\\\/et\\\/#organization\"},\"potentialAction\":[{\"@type\":\"SearchAction\",\"target\":{\"@type\":\"EntryPoint\",\"urlTemplate\":\"https:\\\/\\\/longboard.ee\\\/et\\\/?s={search_term_string}\"},\"query-input\":{\"@type\":\"PropertyValueSpecification\",\"valueRequired\":true,\"valueName\":\"search_term_string\"}}],\"inLanguage\":\"et\"},{\"@type\":\"Organization\",\"@id\":\"https:\\\/\\\/longboard.ee\\\/et\\\/#organization\",\"name\":\"Longboard.ee\",\"url\":\"https:\\\/\\\/longboard.ee\\\/et\\\/\",\"logo\":{\"@type\":\"ImageObject\",\"inLanguage\":\"et\",\"@id\":\"https:\\\/\\\/longboard.ee\\\/et\\\/#\\\/schema\\\/logo\\\/image\\\/\",\"url\":\"https:\\\/\\\/longboard.ee\\\/wp-content\\\/uploads\\\/2021\\\/10\\\/logo55.jpg\",\"contentUrl\":\"https:\\\/\\\/longboard.ee\\\/wp-content\\\/uploads\\\/2021\\\/10\\\/logo55.jpg\",\"width\":180,\"height\":180,\"caption\":\"Longboard.ee\"},\"image\":{\"@id\":\"https:\\\/\\\/longboard.ee\\\/et\\\/#\\\/schema\\\/logo\\\/image\\\/\"},\"sameAs\":[\"https:\\\/\\\/www.facebook.com\\\/Longboardee-131787663895166\\\/\"]}]}<\/script>\n<!-- \/ Yoast SEO plugin. -->","yoast_head_json":{"title":"REKD Pro Ramp p\u00f5lvekaitsmed - Longboard.ee","description":"Longboard. ee - longboardid, rula, rulad, t\u00f5ukerattad, quad ilu-rulluisud","robots":{"index":"index","follow":"follow","max-snippet":"max-snippet:-1","max-image-preview":"max-image-preview:large","max-video-preview":"max-video-preview:-1"},"canonical":"https:\/\/longboard.ee\/et\/longboards\/accessories-2\/pad-sets\/rekd-pro-ramp-knee-pads\/","schema":{"@context":"https:\/\/schema.org","@graph":[{"@type":"WebPage","@id":"https:\/\/longboard.ee\/en\/longboards\/accessories-2\/pad-sets\/rekd-pro-ramp-knee-pads\/","url":"https:\/\/longboard.ee\/en\/longboards\/accessories-2\/pad-sets\/rekd-pro-ramp-knee-pads\/","name":"REKD Pro Ramp p\u00f5lvekaitsmed - Longboard.ee","isPartOf":{"@id":"https:\/\/longboard.ee\/et\/#website"},"primaryImageOfPage":{"@id":"https:\/\/longboard.ee\/en\/longboards\/accessories-2\/pad-sets\/rekd-pro-ramp-knee-pads\/#primaryimage"},"image":{"@id":"https:\/\/longboard.ee\/en\/longboards\/accessories-2\/pad-sets\/rekd-pro-ramp-knee-pads\/#primaryimage"},"thumbnailUrl":"https:\/\/longboard.ee\/wp-content\/uploads\/2021\/09\/RKD650-REKD-Pro-Ramp-Knee-Pads-Group.jpg","datePublished":"2021-09-27T14:01:50+00:00","dateModified":"2023-05-13T09:43:11+00:00","description":"Longboard. ee - longboardid, rula, rulad, t\u00f5ukerattad, quad ilu-rulluisud","breadcrumb":{"@id":"https:\/\/longboard.ee\/en\/longboards\/accessories-2\/pad-sets\/rekd-pro-ramp-knee-pads\/#breadcrumb"},"inLanguage":"et","potentialAction":[{"@type":"ReadAction","target":["https:\/\/longboard.ee\/en\/longboards\/accessories-2\/pad-sets\/rekd-pro-ramp-knee-pads\/"]}]},{"@type":"ImageObject","inLanguage":"et","@id":"https:\/\/longboard.ee\/en\/longboards\/accessories-2\/pad-sets\/rekd-pro-ramp-knee-pads\/#primaryimage","url":"https:\/\/longboard.ee\/wp-content\/uploads\/2021\/09\/RKD650-REKD-Pro-Ramp-Knee-Pads-Group.jpg","contentUrl":"https:\/\/longboard.ee\/wp-content\/uploads\/2021\/09\/RKD650-REKD-Pro-Ramp-Knee-Pads-Group.jpg","width":1000,"height":860},{"@type":"BreadcrumbList","@id":"https:\/\/longboard.ee\/en\/longboards\/accessories-2\/pad-sets\/rekd-pro-ramp-knee-pads\/#breadcrumb","itemListElement":[{"@type":"ListItem","position":1,"name":"Home","item":"https:\/\/longboard.ee\/"},{"@type":"ListItem","position":2,"name":"Longboardid, rulad, t\u00f5ukerattad, rulluisud","item":"https:\/\/longboard.ee\/longboardid-rulad-toukerattad\/"},{"@type":"ListItem","position":3,"name":"Tarvikud ja varustus","item":"https:\/\/longboard.ee\/et\/longboard\/tarvikud-ja-varustus\/"},{"@type":"ListItem","position":4,"name":"Kaitsmed","item":"https:\/\/longboard.ee\/et\/longboard\/tarvikud-ja-varustus\/kaitsmed\/"},{"@type":"ListItem","position":5,"name":"REKD Pro Ramp p\u00f5lvekaitsmed"}]},{"@type":"WebSite","@id":"https:\/\/longboard.ee\/et\/#website","url":"https:\/\/longboard.ee\/et\/","name":"Longboard.ee","description":"Longboardide e-pood","publisher":{"@id":"https:\/\/longboard.ee\/et\/#organization"},"potentialAction":[{"@type":"SearchAction","target":{"@type":"EntryPoint","urlTemplate":"https:\/\/longboard.ee\/et\/?s={search_term_string}"},"query-input":{"@type":"PropertyValueSpecification","valueRequired":true,"valueName":"search_term_string"}}],"inLanguage":"et"},{"@type":"Organization","@id":"https:\/\/longboard.ee\/et\/#organization","name":"Longboard.ee","url":"https:\/\/longboard.ee\/et\/","logo":{"@type":"ImageObject","inLanguage":"et","@id":"https:\/\/longboard.ee\/et\/#\/schema\/logo\/image\/","url":"https:\/\/longboard.ee\/wp-content\/uploads\/2021\/10\/logo55.jpg","contentUrl":"https:\/\/longboard.ee\/wp-content\/uploads\/2021\/10\/logo55.jpg","width":180,"height":180,"caption":"Longboard.ee"},"image":{"@id":"https:\/\/longboard.ee\/et\/#\/schema\/logo\/image\/"},"sameAs":["https:\/\/www.facebook.com\/Longboardee-131787663895166\/"]}]}},"_links":{"self":[{"href":"https:\/\/longboard.ee\/et\/wp-json\/wp\/v2\/product\/15829","targetHints":{"allow":["GET"]}}],"collection":[{"href":"https:\/\/longboard.ee\/et\/wp-json\/wp\/v2\/product"}],"about":[{"href":"https:\/\/longboard.ee\/et\/wp-json\/wp\/v2\/types\/product"}],"wp:featuredmedia":[{"embeddable":true,"href":"https:\/\/longboard.ee\/et\/wp-json\/wp\/v2\/media\/15842"}],"wp:attachment":[{"href":"https:\/\/longboard.ee\/et\/wp-json\/wp\/v2\/media?parent=15829"}],"wp:term":[{"taxonomy":"product_brand","embeddable":true,"href":"https:\/\/longboard.ee\/et\/wp-json\/wp\/v2\/product_brand?post=15829"},{"taxonomy":"product_cat","embeddable":true,"href":"https:\/\/longboard.ee\/et\/wp-json\/wp\/v2\/product_cat?post=15829"},{"taxonomy":"product_tag","embeddable":true,"href":"https:\/\/longboard.ee\/et\/wp-json\/wp\/v2\/product_tag?post=15829"}],"curies":[{"name":"wp","href":"https:\/\/api.w.org\/{rel}","templated":true}]}}