{"id":16097,"date":"2022-04-20T18:41:20","date_gmt":"2022-04-20T15:41:20","guid":{"rendered":"https:\/\/longboard.ee\/?post_type=product&#038;p=16097"},"modified":"2025-07-01T20:39:09","modified_gmt":"2025-07-01T17:39:09","slug":"landyachtz-surfskate-pocket-knife-surf-life-birds-316","status":"publish","type":"product","link":"https:\/\/longboard.ee\/et\/longboardid\/longboardid\/landyachtz\/landyachtz-surfskate-pocket-knife-surf-life-birds-316\/","title":{"rendered":"Landyachtz Surfskate Pocket Knife Surf Life Birds 31.6&#8243;"},"content":{"rendered":"<p>&nbsp;<\/p>\n<div class=\"medium-12 columns\">\n<p><img loading=\"lazy\" decoding=\"async\" class=\"wp-image-13281 alignleft\" src=\"https:\/\/longboard.ee\/wp-content\/uploads\/2020\/05\/e84448092797fcbe39a36b5bef145d83.jpg\" alt=\"\" width=\"224\" height=\"224\" srcset=\"https:\/\/longboard.ee\/wp-content\/uploads\/2020\/05\/e84448092797fcbe39a36b5bef145d83.jpg 1200w, https:\/\/longboard.ee\/wp-content\/uploads\/2020\/05\/e84448092797fcbe39a36b5bef145d83-950x950.jpg 950w, https:\/\/longboard.ee\/wp-content\/uploads\/2020\/05\/e84448092797fcbe39a36b5bef145d83-1024x1024.jpg 1024w, https:\/\/longboard.ee\/wp-content\/uploads\/2020\/05\/e84448092797fcbe39a36b5bef145d83-12x12.jpg 12w, https:\/\/longboard.ee\/wp-content\/uploads\/2020\/05\/e84448092797fcbe39a36b5bef145d83-465x465.jpg 465w, https:\/\/longboard.ee\/wp-content\/uploads\/2020\/05\/e84448092797fcbe39a36b5bef145d83-500x500.jpg 500w, https:\/\/longboard.ee\/wp-content\/uploads\/2020\/05\/e84448092797fcbe39a36b5bef145d83-100x100.jpg 100w\" sizes=\"auto, (max-width: 224px) 100vw, 224px\" \/><\/p>\n<p>Landyachtz Longboards sai alguse 1997. aastal\u00a0\u00a0Vancouveris, British Columbias. Landyachtz toodab nii longboardide laudu, komplekte kui ka rattaid, gripteipi ja kindaid.\u00a0 Landyachtz longboardide k\u00f5rge kvaliteet tuleb sellest, et k\u00f5ik t\u00f6\u00f6tajad on ise rulas\u00f5itjad. Kahe Kanada longboardi-entusiasti v\u00e4ikesest projektist on v\u00e4lja kasvanud rahvusvaheliselt tuntud k\u00f5rgekvaliteediliste longboardide br\u00e4nd.<\/p>\n<p>Landyachtzi moto on &#8211; \u00fcks laud, \u00fcks puu &#8211; mis t\u00e4hendab seda, et iga m\u00fc\u00fcdud longboardi rahast l\u00e4heb osa uue puu istutamiseks. \u00dchest kanada vahtrast saab umbes 60 uut lauda, seega istutatakse asemele 60 puud!<\/p>\n<\/div>\n<article class=\"single-product-details product product-- post-43409 type-product status-publish has-post-thumbnail product_cat-boards product_cat-downhill-freeride product_cat-new-releases product_cat-race product_tag-100-canadian-maple product_tag-deep-concave product_tag-drop-down product_tag-made-in-canada product_tag-multiple-wheel-base-options pa_deck-or-complete-complete pa_deck-or-complete-deck first instock taxable shipping-taxable purchasable product-type-variable has-default-attributes\">\n<div class=\"wrapper\">\n<div class=\"sticky-wrapper\">\n<section class=\"sticky-wrapper__right\">\n<div class=\"accordion accordion--collapse-other\">\n<div class=\"accordion__header\">Landyachtz Surfskate Pocket Knife Surf Life Birds 31.6&#8243; on valmistatud 7-kihilisest kanada vahtrast. Longboard on kicktail-t\u00fc\u00fcpi ja kergelt n\u00f5gus, mis hoiab jalad mugavalt paigal. Esimesed truckid v\u00f5imaldavad h\u00e4sti p\u00f6\u00f6rata, tagumised hoiavad aga laua stabiilsena.<\/div>\n<\/div>\n<div>\n<p>Pikkus: 31.6&#8243;<\/p>\n<\/div>\n<\/section>\n<\/div>\n<\/div>\n<\/article>\n<p>Laius: 9.5&#8243;<\/p>\n<p>&nbsp;<\/p>\n<p>Truckid: Banger RKP (ees), Polar Bear 155\u00a0(taga)<\/p>\n<p>Laagrid: Space Ball Abec 7<\/p>\n<p>Rattad: 63mm 78a Fatty Hawgs<\/p>\n<p>&nbsp;<\/p>\n<h2><\/h2>\n","protected":false},"excerpt":{"rendered":"<p>Truckid: Banger RKP (ees), Polar Bear 155\u00a0(taga)<\/p>\n<p>Laagrid: Space Ball Abec 7<\/p>\n<p>Rattad: 63mm 78a Fatty Hawgs<\/p>\n<h2><\/h2>\n<p><span class=\"more-link\"><a href=\"https:\/\/longboard.ee\/et\/longboardid\/longboardid\/landyachtz\/landyachtz-surfskate-pocket-knife-surf-life-birds-316\/\">Continue Reading<\/a><\/span><\/p>\n","protected":false},"featured_media":16102,"template":"","meta":[],"product_brand":[],"product_cat":[141],"product_tag":[163,170,176,177],"class_list":{"0":"entry","1":"author-johanna","2":"has-excerpt","3":"post-16097","4":"product","5":"type-product","6":"status-publish","7":"has-post-thumbnail","8":"product_cat-landyachtz","9":"product_tag-kruiiser","10":"product_tag-top-mount","11":"product_tag-carving","12":"product_tag-surfskate","14":"first","15":"instock","16":"taxable","17":"shipping-taxable","18":"purchasable","19":"product-type-simple"},"yoast_head":"<!-- This site is optimized with the Yoast SEO plugin v27.5 - https:\/\/yoast.com\/product\/yoast-seo-wordpress\/ -->\n<title>Landyachtz Surfskate Pocket Knife Surf Life Birds - longboard.ee<\/title>\n<meta name=\"description\" content=\"Landyachtz Surfskate Pocket Knife Surf Life Birds 31.6&quot; on valmistatud 7-kihilisest kanada vahtrast. Longboard on kicktail-t\u00fc\u00fcpi ja kergelt n\u00f5gus, mis hoiab jalad mugavalt paigal. Esimesed truckid v\u00f5imaldavad h\u00e4sti p\u00f6\u00f6rata, tagumised hoiavad aga laua stabiilsena.\" \/>\n<meta name=\"robots\" content=\"index, follow, max-snippet:-1, max-image-preview:large, max-video-preview:-1\" \/>\n<link rel=\"canonical\" href=\"https:\/\/longboard.ee\/et\/longboardid\/longboardid\/landyachtz\/landyachtz-surfskate-pocket-knife-surf-life-birds-316\/\" \/>\n<meta name=\"twitter:label1\" content=\"Est. reading time\" \/>\n\t<meta name=\"twitter:data1\" content=\"1 minut\" \/>\n<script type=\"application\/ld+json\" class=\"yoast-schema-graph\">{\"@context\":\"https:\\\/\\\/schema.org\",\"@graph\":[{\"@type\":\"WebPage\",\"@id\":\"https:\\\/\\\/longboard.ee\\\/longboardid\\\/longboardid\\\/landyachtz\\\/landyachtz-surfskate-pocket-knife-surf-life-birds-316\\\/\",\"url\":\"https:\\\/\\\/longboard.ee\\\/longboardid\\\/longboardid\\\/landyachtz\\\/landyachtz-surfskate-pocket-knife-surf-life-birds-316\\\/\",\"name\":\"Landyachtz Surfskate Pocket Knife Surf Life Birds - longboard.ee\",\"isPartOf\":{\"@id\":\"https:\\\/\\\/longboard.ee\\\/et\\\/#website\"},\"primaryImageOfPage\":{\"@id\":\"https:\\\/\\\/longboard.ee\\\/longboardid\\\/longboardid\\\/landyachtz\\\/landyachtz-surfskate-pocket-knife-surf-life-birds-316\\\/#primaryimage\"},\"image\":{\"@id\":\"https:\\\/\\\/longboard.ee\\\/longboardid\\\/longboardid\\\/landyachtz\\\/landyachtz-surfskate-pocket-knife-surf-life-birds-316\\\/#primaryimage\"},\"thumbnailUrl\":\"https:\\\/\\\/longboard.ee\\\/wp-content\\\/uploads\\\/2022\\\/04\\\/121CP-SSSLBRD-Surf_Life_-_Birds_-_Complete-Surf-Skate-Boards-Face-Web_e02f1621-3cbe-46f5-8230-85eddfa620ff_1800x1800.webp\",\"datePublished\":\"2022-04-20T15:41:20+00:00\",\"dateModified\":\"2025-07-01T17:39:09+00:00\",\"description\":\"Landyachtz Surfskate Pocket Knife Surf Life Birds 31.6\\\" on valmistatud 7-kihilisest kanada vahtrast. Longboard on kicktail-t\u00fc\u00fcpi ja kergelt n\u00f5gus, mis hoiab jalad mugavalt paigal. Esimesed truckid v\u00f5imaldavad h\u00e4sti p\u00f6\u00f6rata, tagumised hoiavad aga laua stabiilsena.\",\"breadcrumb\":{\"@id\":\"https:\\\/\\\/longboard.ee\\\/longboardid\\\/longboardid\\\/landyachtz\\\/landyachtz-surfskate-pocket-knife-surf-life-birds-316\\\/#breadcrumb\"},\"inLanguage\":\"et\",\"potentialAction\":[{\"@type\":\"ReadAction\",\"target\":[\"https:\\\/\\\/longboard.ee\\\/longboardid\\\/longboardid\\\/landyachtz\\\/landyachtz-surfskate-pocket-knife-surf-life-birds-316\\\/\"]}]},{\"@type\":\"ImageObject\",\"inLanguage\":\"et\",\"@id\":\"https:\\\/\\\/longboard.ee\\\/longboardid\\\/longboardid\\\/landyachtz\\\/landyachtz-surfskate-pocket-knife-surf-life-birds-316\\\/#primaryimage\",\"url\":\"https:\\\/\\\/longboard.ee\\\/wp-content\\\/uploads\\\/2022\\\/04\\\/121CP-SSSLBRD-Surf_Life_-_Birds_-_Complete-Surf-Skate-Boards-Face-Web_e02f1621-3cbe-46f5-8230-85eddfa620ff_1800x1800.webp\",\"contentUrl\":\"https:\\\/\\\/longboard.ee\\\/wp-content\\\/uploads\\\/2022\\\/04\\\/121CP-SSSLBRD-Surf_Life_-_Birds_-_Complete-Surf-Skate-Boards-Face-Web_e02f1621-3cbe-46f5-8230-85eddfa620ff_1800x1800.webp\",\"width\":1600,\"height\":1600},{\"@type\":\"BreadcrumbList\",\"@id\":\"https:\\\/\\\/longboard.ee\\\/longboardid\\\/longboardid\\\/landyachtz\\\/landyachtz-surfskate-pocket-knife-surf-life-birds-316\\\/#breadcrumb\",\"itemListElement\":[{\"@type\":\"ListItem\",\"position\":1,\"name\":\"Home\",\"item\":\"https:\\\/\\\/longboard.ee\\\/\"},{\"@type\":\"ListItem\",\"position\":2,\"name\":\"Longboardid, rulad, t\u00f5ukerattad, rulluisud\",\"item\":\"https:\\\/\\\/longboard.ee\\\/longboardid-rulad-toukerattad\\\/\"},{\"@type\":\"ListItem\",\"position\":3,\"name\":\"Longboardid\",\"item\":\"https:\\\/\\\/longboard.ee\\\/longboard\\\/longboardid\\\/\"},{\"@type\":\"ListItem\",\"position\":4,\"name\":\"Landyachtz longboardid\",\"item\":\"https:\\\/\\\/longboard.ee\\\/longboard\\\/longboardid\\\/landyachtz\\\/\"},{\"@type\":\"ListItem\",\"position\":5,\"name\":\"Landyachtz Surfskate Pocket Knife Surf Life Birds 31.6&#8243;\"}]},{\"@type\":\"WebSite\",\"@id\":\"https:\\\/\\\/longboard.ee\\\/et\\\/#website\",\"url\":\"https:\\\/\\\/longboard.ee\\\/et\\\/\",\"name\":\"Longboard.ee\",\"description\":\"Longboardide e-pood\",\"publisher\":{\"@id\":\"https:\\\/\\\/longboard.ee\\\/et\\\/#organization\"},\"potentialAction\":[{\"@type\":\"SearchAction\",\"target\":{\"@type\":\"EntryPoint\",\"urlTemplate\":\"https:\\\/\\\/longboard.ee\\\/et\\\/?s={search_term_string}\"},\"query-input\":{\"@type\":\"PropertyValueSpecification\",\"valueRequired\":true,\"valueName\":\"search_term_string\"}}],\"inLanguage\":\"et\"},{\"@type\":\"Organization\",\"@id\":\"https:\\\/\\\/longboard.ee\\\/et\\\/#organization\",\"name\":\"Longboard.ee\",\"url\":\"https:\\\/\\\/longboard.ee\\\/et\\\/\",\"logo\":{\"@type\":\"ImageObject\",\"inLanguage\":\"et\",\"@id\":\"https:\\\/\\\/longboard.ee\\\/et\\\/#\\\/schema\\\/logo\\\/image\\\/\",\"url\":\"https:\\\/\\\/longboard.ee\\\/wp-content\\\/uploads\\\/2021\\\/10\\\/logo55.jpg\",\"contentUrl\":\"https:\\\/\\\/longboard.ee\\\/wp-content\\\/uploads\\\/2021\\\/10\\\/logo55.jpg\",\"width\":180,\"height\":180,\"caption\":\"Longboard.ee\"},\"image\":{\"@id\":\"https:\\\/\\\/longboard.ee\\\/et\\\/#\\\/schema\\\/logo\\\/image\\\/\"},\"sameAs\":[\"https:\\\/\\\/www.facebook.com\\\/Longboardee-131787663895166\\\/\"]}]}<\/script>\n<!-- \/ Yoast SEO plugin. -->","yoast_head_json":{"title":"Landyachtz Surfskate Pocket Knife Surf Life Birds - longboard.ee","description":"Landyachtz Surfskate Pocket Knife Surf Life Birds 31.6\" on valmistatud 7-kihilisest kanada vahtrast. Longboard on kicktail-t\u00fc\u00fcpi ja kergelt n\u00f5gus, mis hoiab jalad mugavalt paigal. Esimesed truckid v\u00f5imaldavad h\u00e4sti p\u00f6\u00f6rata, tagumised hoiavad aga laua stabiilsena.","robots":{"index":"index","follow":"follow","max-snippet":"max-snippet:-1","max-image-preview":"max-image-preview:large","max-video-preview":"max-video-preview:-1"},"canonical":"https:\/\/longboard.ee\/et\/longboardid\/longboardid\/landyachtz\/landyachtz-surfskate-pocket-knife-surf-life-birds-316\/","twitter_misc":{"Est. reading time":"1 minut"},"schema":{"@context":"https:\/\/schema.org","@graph":[{"@type":"WebPage","@id":"https:\/\/longboard.ee\/longboardid\/longboardid\/landyachtz\/landyachtz-surfskate-pocket-knife-surf-life-birds-316\/","url":"https:\/\/longboard.ee\/longboardid\/longboardid\/landyachtz\/landyachtz-surfskate-pocket-knife-surf-life-birds-316\/","name":"Landyachtz Surfskate Pocket Knife Surf Life Birds - longboard.ee","isPartOf":{"@id":"https:\/\/longboard.ee\/et\/#website"},"primaryImageOfPage":{"@id":"https:\/\/longboard.ee\/longboardid\/longboardid\/landyachtz\/landyachtz-surfskate-pocket-knife-surf-life-birds-316\/#primaryimage"},"image":{"@id":"https:\/\/longboard.ee\/longboardid\/longboardid\/landyachtz\/landyachtz-surfskate-pocket-knife-surf-life-birds-316\/#primaryimage"},"thumbnailUrl":"https:\/\/longboard.ee\/wp-content\/uploads\/2022\/04\/121CP-SSSLBRD-Surf_Life_-_Birds_-_Complete-Surf-Skate-Boards-Face-Web_e02f1621-3cbe-46f5-8230-85eddfa620ff_1800x1800.webp","datePublished":"2022-04-20T15:41:20+00:00","dateModified":"2025-07-01T17:39:09+00:00","description":"Landyachtz Surfskate Pocket Knife Surf Life Birds 31.6\" on valmistatud 7-kihilisest kanada vahtrast. Longboard on kicktail-t\u00fc\u00fcpi ja kergelt n\u00f5gus, mis hoiab jalad mugavalt paigal. Esimesed truckid v\u00f5imaldavad h\u00e4sti p\u00f6\u00f6rata, tagumised hoiavad aga laua stabiilsena.","breadcrumb":{"@id":"https:\/\/longboard.ee\/longboardid\/longboardid\/landyachtz\/landyachtz-surfskate-pocket-knife-surf-life-birds-316\/#breadcrumb"},"inLanguage":"et","potentialAction":[{"@type":"ReadAction","target":["https:\/\/longboard.ee\/longboardid\/longboardid\/landyachtz\/landyachtz-surfskate-pocket-knife-surf-life-birds-316\/"]}]},{"@type":"ImageObject","inLanguage":"et","@id":"https:\/\/longboard.ee\/longboardid\/longboardid\/landyachtz\/landyachtz-surfskate-pocket-knife-surf-life-birds-316\/#primaryimage","url":"https:\/\/longboard.ee\/wp-content\/uploads\/2022\/04\/121CP-SSSLBRD-Surf_Life_-_Birds_-_Complete-Surf-Skate-Boards-Face-Web_e02f1621-3cbe-46f5-8230-85eddfa620ff_1800x1800.webp","contentUrl":"https:\/\/longboard.ee\/wp-content\/uploads\/2022\/04\/121CP-SSSLBRD-Surf_Life_-_Birds_-_Complete-Surf-Skate-Boards-Face-Web_e02f1621-3cbe-46f5-8230-85eddfa620ff_1800x1800.webp","width":1600,"height":1600},{"@type":"BreadcrumbList","@id":"https:\/\/longboard.ee\/longboardid\/longboardid\/landyachtz\/landyachtz-surfskate-pocket-knife-surf-life-birds-316\/#breadcrumb","itemListElement":[{"@type":"ListItem","position":1,"name":"Home","item":"https:\/\/longboard.ee\/"},{"@type":"ListItem","position":2,"name":"Longboardid, rulad, t\u00f5ukerattad, rulluisud","item":"https:\/\/longboard.ee\/longboardid-rulad-toukerattad\/"},{"@type":"ListItem","position":3,"name":"Longboardid","item":"https:\/\/longboard.ee\/longboard\/longboardid\/"},{"@type":"ListItem","position":4,"name":"Landyachtz longboardid","item":"https:\/\/longboard.ee\/longboard\/longboardid\/landyachtz\/"},{"@type":"ListItem","position":5,"name":"Landyachtz Surfskate Pocket Knife Surf Life Birds 31.6&#8243;"}]},{"@type":"WebSite","@id":"https:\/\/longboard.ee\/et\/#website","url":"https:\/\/longboard.ee\/et\/","name":"Longboard.ee","description":"Longboardide e-pood","publisher":{"@id":"https:\/\/longboard.ee\/et\/#organization"},"potentialAction":[{"@type":"SearchAction","target":{"@type":"EntryPoint","urlTemplate":"https:\/\/longboard.ee\/et\/?s={search_term_string}"},"query-input":{"@type":"PropertyValueSpecification","valueRequired":true,"valueName":"search_term_string"}}],"inLanguage":"et"},{"@type":"Organization","@id":"https:\/\/longboard.ee\/et\/#organization","name":"Longboard.ee","url":"https:\/\/longboard.ee\/et\/","logo":{"@type":"ImageObject","inLanguage":"et","@id":"https:\/\/longboard.ee\/et\/#\/schema\/logo\/image\/","url":"https:\/\/longboard.ee\/wp-content\/uploads\/2021\/10\/logo55.jpg","contentUrl":"https:\/\/longboard.ee\/wp-content\/uploads\/2021\/10\/logo55.jpg","width":180,"height":180,"caption":"Longboard.ee"},"image":{"@id":"https:\/\/longboard.ee\/et\/#\/schema\/logo\/image\/"},"sameAs":["https:\/\/www.facebook.com\/Longboardee-131787663895166\/"]}]}},"_links":{"self":[{"href":"https:\/\/longboard.ee\/et\/wp-json\/wp\/v2\/product\/16097","targetHints":{"allow":["GET"]}}],"collection":[{"href":"https:\/\/longboard.ee\/et\/wp-json\/wp\/v2\/product"}],"about":[{"href":"https:\/\/longboard.ee\/et\/wp-json\/wp\/v2\/types\/product"}],"wp:featuredmedia":[{"embeddable":true,"href":"https:\/\/longboard.ee\/et\/wp-json\/wp\/v2\/media\/16102"}],"wp:attachment":[{"href":"https:\/\/longboard.ee\/et\/wp-json\/wp\/v2\/media?parent=16097"}],"wp:term":[{"taxonomy":"product_brand","embeddable":true,"href":"https:\/\/longboard.ee\/et\/wp-json\/wp\/v2\/product_brand?post=16097"},{"taxonomy":"product_cat","embeddable":true,"href":"https:\/\/longboard.ee\/et\/wp-json\/wp\/v2\/product_cat?post=16097"},{"taxonomy":"product_tag","embeddable":true,"href":"https:\/\/longboard.ee\/et\/wp-json\/wp\/v2\/product_tag?post=16097"}],"curies":[{"name":"wp","href":"https:\/\/api.w.org\/{rel}","templated":true}]}}