{"id":16146,"date":"2022-05-03T21:24:47","date_gmt":"2022-05-03T18:24:47","guid":{"rendered":"https:\/\/longboard.ee\/?post_type=product&#038;p=16146"},"modified":"2025-11-30T15:36:21","modified_gmt":"2025-11-30T13:36:21","slug":"madrid-drop-through-flamingos-40-longboard","status":"publish","type":"product","link":"https:\/\/longboard.ee\/et\/longboardid\/longboardid\/madrid\/madrid-drop-through-flamingos-40-longboard\/","title":{"rendered":"Madrid Drop Through Flamingos 40\u201d longboard"},"content":{"rendered":"<p><img loading=\"lazy\" decoding=\"async\" class=\" wp-image-13213 alignleft\" src=\"https:\/\/longboard.ee\/wp-content\/uploads\/2020\/04\/madrid-longboard-logo-300x286-2.png\" alt=\"\" width=\"200\" height=\"191\" srcset=\"https:\/\/longboard.ee\/wp-content\/uploads\/2020\/04\/madrid-longboard-logo-300x286-2.png 300w, https:\/\/longboard.ee\/wp-content\/uploads\/2020\/04\/madrid-longboard-logo-300x286-2-13x12.png 13w\" sizes=\"auto, (max-width: 200px) 100vw, 200px\" \/><\/p>\n<div class=\"o9v6fnle cxmmr5t8 oygrvhab hcukyx3x c1et5uql ii04i59q\">\n<div dir=\"auto\">Madridi asutas 1976. aastal USAs Jerry Madrid, kes loobus oma tulet\u00f5rjujakarj\u00e4\u00e4rist rulade loomise nimel.<\/div>\n<div dir=\"auto\"><\/div>\n<\/div>\n<div class=\"o9v6fnle cxmmr5t8 oygrvhab hcukyx3x c1et5uql ii04i59q\">\n<div dir=\"auto\">Madrid hakkas esimesena tootma t\u00e4nap\u00e4evaseid n\u00f5gusaid rulasid, mis muutusid osaks popkultuurist. Esindatud on olnud nii\u00a0<em>Back to the Future<\/em>\u00a0kui ka\u00a0<em>Stranger Things<\/em>\u00a0rulaseeriad.<\/div>\n<\/div>\n<div class=\"o9v6fnle cxmmr5t8 oygrvhab hcukyx3x c1et5uql ii04i59q\">\n<div dir=\"auto\">Madrid kasutas oma teadmisi ka longboardide disainimisel ning teeb koost\u00f6\u00f6d erinevate kunstnikega, mille tulemusena on valminud v\u00e4ga erilise kujundusega lauad.<\/div>\n<\/div>\n<p>Madrid Drop Through Flamingos longboard on omadustelt m\u00f5eldud just kruiisimiseks. Sobib v\u00e4ga h\u00e4sti esimeseks longboardiks.<\/p>\n<p>&nbsp;<\/p>\n<p>&nbsp;<\/p>\n<p>&nbsp;<\/p>\n<p>&nbsp;<\/p>\n<p>&nbsp;<\/p>\n<p>Pikkus: 101.6 cm \/ 40\u201d<br \/>\nLaius: 24.5 cm \/ 9.6\u201d<\/p>\n<p>Truckid: Caliber 184mm 50 mustad<br \/>\nLaagrid: ABEC 7<br \/>\nRattad: Cadillac Coasters 70mm\/78A helesinised<\/p>\n","protected":false},"excerpt":{"rendered":"<p>Truckid: Caliber 184mm 50 mustad<br \/>\nLaagrid: ABEC 7<br \/>\nRattad: Cadillac Coasters 70mm\/78A helesinised<span class=\"more-link\"><a href=\"https:\/\/longboard.ee\/et\/longboardid\/longboardid\/madrid\/madrid-drop-through-flamingos-40-longboard\/\">Continue Reading<\/a><\/span><\/p>\n","protected":false},"featured_media":16148,"template":"","meta":[],"product_brand":[],"product_cat":[140],"product_tag":[163,172,176],"class_list":{"0":"entry","1":"author-johanna","2":"has-excerpt","3":"post-16146","4":"product","5":"type-product","6":"status-publish","7":"has-post-thumbnail","8":"product_cat-madrid","9":"product_tag-kruiiser","10":"product_tag-drop-through","11":"product_tag-carving","13":"first","14":"instock","15":"sale","16":"taxable","17":"shipping-taxable","18":"purchasable","19":"product-type-simple"},"yoast_head":"<!-- This site is optimized with the Yoast SEO plugin v27.4 - https:\/\/yoast.com\/product\/yoast-seo-wordpress\/ -->\n<title>Madrid Drop Through Flamingos 40\u201d longboard - longboard.ee<\/title>\n<meta name=\"description\" content=\"Madrid Drop Through Flamingos longboard on omadustelt m\u00f5eldud just kruiisimiseks. Sobib v\u00e4ga h\u00e4sti esimeseks longboardiks.\" \/>\n<meta name=\"robots\" content=\"index, follow, max-snippet:-1, max-image-preview:large, max-video-preview:-1\" \/>\n<link rel=\"canonical\" href=\"https:\/\/longboard.ee\/et\/longboardid\/longboardid\/madrid\/madrid-drop-through-flamingos-40-longboard\/\" \/>\n<meta name=\"twitter:label1\" content=\"Est. reading time\" \/>\n\t<meta name=\"twitter:data1\" content=\"1 minut\" \/>\n<script type=\"application\/ld+json\" class=\"yoast-schema-graph\">{\"@context\":\"https:\\\/\\\/schema.org\",\"@graph\":[{\"@type\":\"WebPage\",\"@id\":\"https:\\\/\\\/longboard.ee\\\/longboardid\\\/longboardid\\\/madrid\\\/madrid-drop-through-flamingos-40-longboard\\\/\",\"url\":\"https:\\\/\\\/longboard.ee\\\/longboardid\\\/longboardid\\\/madrid\\\/madrid-drop-through-flamingos-40-longboard\\\/\",\"name\":\"Madrid Drop Through Flamingos 40\u201d longboard - longboard.ee\",\"isPartOf\":{\"@id\":\"https:\\\/\\\/longboard.ee\\\/et\\\/#website\"},\"primaryImageOfPage\":{\"@id\":\"https:\\\/\\\/longboard.ee\\\/longboardid\\\/longboardid\\\/madrid\\\/madrid-drop-through-flamingos-40-longboard\\\/#primaryimage\"},\"image\":{\"@id\":\"https:\\\/\\\/longboard.ee\\\/longboardid\\\/longboardid\\\/madrid\\\/madrid-drop-through-flamingos-40-longboard\\\/#primaryimage\"},\"thumbnailUrl\":\"https:\\\/\\\/longboard.ee\\\/wp-content\\\/uploads\\\/2022\\\/05\\\/madrid-flamingos-40-drop-through-longboard-complete.jpeg\",\"datePublished\":\"2022-05-03T18:24:47+00:00\",\"dateModified\":\"2025-11-30T13:36:21+00:00\",\"description\":\"Madrid Drop Through Flamingos longboard on omadustelt m\u00f5eldud just kruiisimiseks. Sobib v\u00e4ga h\u00e4sti esimeseks longboardiks.\",\"breadcrumb\":{\"@id\":\"https:\\\/\\\/longboard.ee\\\/longboardid\\\/longboardid\\\/madrid\\\/madrid-drop-through-flamingos-40-longboard\\\/#breadcrumb\"},\"inLanguage\":\"et\",\"potentialAction\":[{\"@type\":\"ReadAction\",\"target\":[\"https:\\\/\\\/longboard.ee\\\/longboardid\\\/longboardid\\\/madrid\\\/madrid-drop-through-flamingos-40-longboard\\\/\"]}]},{\"@type\":\"ImageObject\",\"inLanguage\":\"et\",\"@id\":\"https:\\\/\\\/longboard.ee\\\/longboardid\\\/longboardid\\\/madrid\\\/madrid-drop-through-flamingos-40-longboard\\\/#primaryimage\",\"url\":\"https:\\\/\\\/longboard.ee\\\/wp-content\\\/uploads\\\/2022\\\/05\\\/madrid-flamingos-40-drop-through-longboard-complete.jpeg\",\"contentUrl\":\"https:\\\/\\\/longboard.ee\\\/wp-content\\\/uploads\\\/2022\\\/05\\\/madrid-flamingos-40-drop-through-longboard-complete.jpeg\",\"width\":800,\"height\":800},{\"@type\":\"BreadcrumbList\",\"@id\":\"https:\\\/\\\/longboard.ee\\\/longboardid\\\/longboardid\\\/madrid\\\/madrid-drop-through-flamingos-40-longboard\\\/#breadcrumb\",\"itemListElement\":[{\"@type\":\"ListItem\",\"position\":1,\"name\":\"Home\",\"item\":\"https:\\\/\\\/longboard.ee\\\/\"},{\"@type\":\"ListItem\",\"position\":2,\"name\":\"Longboardid, rulad, t\u00f5ukerattad, rulluisud\",\"item\":\"https:\\\/\\\/longboard.ee\\\/longboardid-rulad-toukerattad\\\/\"},{\"@type\":\"ListItem\",\"position\":3,\"name\":\"Longboardid\",\"item\":\"https:\\\/\\\/longboard.ee\\\/longboard\\\/longboardid\\\/\"},{\"@type\":\"ListItem\",\"position\":4,\"name\":\"Madrid longboardid\",\"item\":\"https:\\\/\\\/longboard.ee\\\/longboard\\\/longboardid\\\/madrid\\\/\"},{\"@type\":\"ListItem\",\"position\":5,\"name\":\"Madrid Drop Through Flamingos 40\u201d longboard\"}]},{\"@type\":\"WebSite\",\"@id\":\"https:\\\/\\\/longboard.ee\\\/et\\\/#website\",\"url\":\"https:\\\/\\\/longboard.ee\\\/et\\\/\",\"name\":\"Longboard.ee\",\"description\":\"Longboardide e-pood\",\"publisher\":{\"@id\":\"https:\\\/\\\/longboard.ee\\\/et\\\/#organization\"},\"potentialAction\":[{\"@type\":\"SearchAction\",\"target\":{\"@type\":\"EntryPoint\",\"urlTemplate\":\"https:\\\/\\\/longboard.ee\\\/et\\\/?s={search_term_string}\"},\"query-input\":{\"@type\":\"PropertyValueSpecification\",\"valueRequired\":true,\"valueName\":\"search_term_string\"}}],\"inLanguage\":\"et\"},{\"@type\":\"Organization\",\"@id\":\"https:\\\/\\\/longboard.ee\\\/et\\\/#organization\",\"name\":\"Longboard.ee\",\"url\":\"https:\\\/\\\/longboard.ee\\\/et\\\/\",\"logo\":{\"@type\":\"ImageObject\",\"inLanguage\":\"et\",\"@id\":\"https:\\\/\\\/longboard.ee\\\/et\\\/#\\\/schema\\\/logo\\\/image\\\/\",\"url\":\"https:\\\/\\\/longboard.ee\\\/wp-content\\\/uploads\\\/2021\\\/10\\\/logo55.jpg\",\"contentUrl\":\"https:\\\/\\\/longboard.ee\\\/wp-content\\\/uploads\\\/2021\\\/10\\\/logo55.jpg\",\"width\":180,\"height\":180,\"caption\":\"Longboard.ee\"},\"image\":{\"@id\":\"https:\\\/\\\/longboard.ee\\\/et\\\/#\\\/schema\\\/logo\\\/image\\\/\"},\"sameAs\":[\"https:\\\/\\\/www.facebook.com\\\/Longboardee-131787663895166\\\/\"]}]}<\/script>\n<!-- \/ Yoast SEO plugin. -->","yoast_head_json":{"title":"Madrid Drop Through Flamingos 40\u201d longboard - longboard.ee","description":"Madrid Drop Through Flamingos longboard on omadustelt m\u00f5eldud just kruiisimiseks. Sobib v\u00e4ga h\u00e4sti esimeseks longboardiks.","robots":{"index":"index","follow":"follow","max-snippet":"max-snippet:-1","max-image-preview":"max-image-preview:large","max-video-preview":"max-video-preview:-1"},"canonical":"https:\/\/longboard.ee\/et\/longboardid\/longboardid\/madrid\/madrid-drop-through-flamingos-40-longboard\/","twitter_misc":{"Est. reading time":"1 minut"},"schema":{"@context":"https:\/\/schema.org","@graph":[{"@type":"WebPage","@id":"https:\/\/longboard.ee\/longboardid\/longboardid\/madrid\/madrid-drop-through-flamingos-40-longboard\/","url":"https:\/\/longboard.ee\/longboardid\/longboardid\/madrid\/madrid-drop-through-flamingos-40-longboard\/","name":"Madrid Drop Through Flamingos 40\u201d longboard - longboard.ee","isPartOf":{"@id":"https:\/\/longboard.ee\/et\/#website"},"primaryImageOfPage":{"@id":"https:\/\/longboard.ee\/longboardid\/longboardid\/madrid\/madrid-drop-through-flamingos-40-longboard\/#primaryimage"},"image":{"@id":"https:\/\/longboard.ee\/longboardid\/longboardid\/madrid\/madrid-drop-through-flamingos-40-longboard\/#primaryimage"},"thumbnailUrl":"https:\/\/longboard.ee\/wp-content\/uploads\/2022\/05\/madrid-flamingos-40-drop-through-longboard-complete.jpeg","datePublished":"2022-05-03T18:24:47+00:00","dateModified":"2025-11-30T13:36:21+00:00","description":"Madrid Drop Through Flamingos longboard on omadustelt m\u00f5eldud just kruiisimiseks. Sobib v\u00e4ga h\u00e4sti esimeseks longboardiks.","breadcrumb":{"@id":"https:\/\/longboard.ee\/longboardid\/longboardid\/madrid\/madrid-drop-through-flamingos-40-longboard\/#breadcrumb"},"inLanguage":"et","potentialAction":[{"@type":"ReadAction","target":["https:\/\/longboard.ee\/longboardid\/longboardid\/madrid\/madrid-drop-through-flamingos-40-longboard\/"]}]},{"@type":"ImageObject","inLanguage":"et","@id":"https:\/\/longboard.ee\/longboardid\/longboardid\/madrid\/madrid-drop-through-flamingos-40-longboard\/#primaryimage","url":"https:\/\/longboard.ee\/wp-content\/uploads\/2022\/05\/madrid-flamingos-40-drop-through-longboard-complete.jpeg","contentUrl":"https:\/\/longboard.ee\/wp-content\/uploads\/2022\/05\/madrid-flamingos-40-drop-through-longboard-complete.jpeg","width":800,"height":800},{"@type":"BreadcrumbList","@id":"https:\/\/longboard.ee\/longboardid\/longboardid\/madrid\/madrid-drop-through-flamingos-40-longboard\/#breadcrumb","itemListElement":[{"@type":"ListItem","position":1,"name":"Home","item":"https:\/\/longboard.ee\/"},{"@type":"ListItem","position":2,"name":"Longboardid, rulad, t\u00f5ukerattad, rulluisud","item":"https:\/\/longboard.ee\/longboardid-rulad-toukerattad\/"},{"@type":"ListItem","position":3,"name":"Longboardid","item":"https:\/\/longboard.ee\/longboard\/longboardid\/"},{"@type":"ListItem","position":4,"name":"Madrid longboardid","item":"https:\/\/longboard.ee\/longboard\/longboardid\/madrid\/"},{"@type":"ListItem","position":5,"name":"Madrid Drop Through Flamingos 40\u201d longboard"}]},{"@type":"WebSite","@id":"https:\/\/longboard.ee\/et\/#website","url":"https:\/\/longboard.ee\/et\/","name":"Longboard.ee","description":"Longboardide e-pood","publisher":{"@id":"https:\/\/longboard.ee\/et\/#organization"},"potentialAction":[{"@type":"SearchAction","target":{"@type":"EntryPoint","urlTemplate":"https:\/\/longboard.ee\/et\/?s={search_term_string}"},"query-input":{"@type":"PropertyValueSpecification","valueRequired":true,"valueName":"search_term_string"}}],"inLanguage":"et"},{"@type":"Organization","@id":"https:\/\/longboard.ee\/et\/#organization","name":"Longboard.ee","url":"https:\/\/longboard.ee\/et\/","logo":{"@type":"ImageObject","inLanguage":"et","@id":"https:\/\/longboard.ee\/et\/#\/schema\/logo\/image\/","url":"https:\/\/longboard.ee\/wp-content\/uploads\/2021\/10\/logo55.jpg","contentUrl":"https:\/\/longboard.ee\/wp-content\/uploads\/2021\/10\/logo55.jpg","width":180,"height":180,"caption":"Longboard.ee"},"image":{"@id":"https:\/\/longboard.ee\/et\/#\/schema\/logo\/image\/"},"sameAs":["https:\/\/www.facebook.com\/Longboardee-131787663895166\/"]}]}},"_links":{"self":[{"href":"https:\/\/longboard.ee\/et\/wp-json\/wp\/v2\/product\/16146","targetHints":{"allow":["GET"]}}],"collection":[{"href":"https:\/\/longboard.ee\/et\/wp-json\/wp\/v2\/product"}],"about":[{"href":"https:\/\/longboard.ee\/et\/wp-json\/wp\/v2\/types\/product"}],"wp:featuredmedia":[{"embeddable":true,"href":"https:\/\/longboard.ee\/et\/wp-json\/wp\/v2\/media\/16148"}],"wp:attachment":[{"href":"https:\/\/longboard.ee\/et\/wp-json\/wp\/v2\/media?parent=16146"}],"wp:term":[{"taxonomy":"product_brand","embeddable":true,"href":"https:\/\/longboard.ee\/et\/wp-json\/wp\/v2\/product_brand?post=16146"},{"taxonomy":"product_cat","embeddable":true,"href":"https:\/\/longboard.ee\/et\/wp-json\/wp\/v2\/product_cat?post=16146"},{"taxonomy":"product_tag","embeddable":true,"href":"https:\/\/longboard.ee\/et\/wp-json\/wp\/v2\/product_tag?post=16146"}],"curies":[{"name":"wp","href":"https:\/\/api.w.org\/{rel}","templated":true}]}}