{"id":16431,"date":"2023-03-11T14:45:55","date_gmt":"2023-03-11T12:45:55","guid":{"rendered":"https:\/\/longboard.ee\/?post_type=product&#038;p=16431"},"modified":"2024-04-08T22:43:44","modified_gmt":"2024-04-08T19:43:44","slug":"luxe-lite-satin-hollow-180mm-polished-truckide-komplekt-2tk","status":"publish","type":"product","link":"https:\/\/longboard.ee\/et\/longboardid\/tarvikud-ja-varustus\/truckid\/luxe-truckid\/luxe-lite-satin-hollow-180mm-polished-truckide-komplekt-2tk\/","title":{"rendered":"Luxe Lite Satin Hollow 180mm Polished &#8211; truckide komplekt 2tk"},"content":{"rendered":"<p><a href=\"https:\/\/longboard.ee\/wp-content\/uploads\/2021\/07\/16473747_1921204614775008_4908064423909313983_n-2.jpeg\"><img loading=\"lazy\" decoding=\"async\" class=\"alignnone wp-image-15254\" src=\"https:\/\/longboard.ee\/wp-content\/uploads\/2021\/07\/16473747_1921204614775008_4908064423909313983_n-2-950x950.jpeg\" alt=\"\" width=\"224\" height=\"224\" srcset=\"https:\/\/longboard.ee\/wp-content\/uploads\/2021\/07\/16473747_1921204614775008_4908064423909313983_n-2-950x950.jpeg 950w, https:\/\/longboard.ee\/wp-content\/uploads\/2021\/07\/16473747_1921204614775008_4908064423909313983_n-2-12x12.jpeg 12w, https:\/\/longboard.ee\/wp-content\/uploads\/2021\/07\/16473747_1921204614775008_4908064423909313983_n-2-465x465.jpeg 465w, https:\/\/longboard.ee\/wp-content\/uploads\/2021\/07\/16473747_1921204614775008_4908064423909313983_n-2-500x500.jpeg 500w, https:\/\/longboard.ee\/wp-content\/uploads\/2021\/07\/16473747_1921204614775008_4908064423909313983_n-2-100x100.jpeg 100w, https:\/\/longboard.ee\/wp-content\/uploads\/2021\/07\/16473747_1921204614775008_4908064423909313983_n-2.jpeg 960w\" sizes=\"auto, (max-width: 224px) 100vw, 224px\" \/><\/a><\/p>\n<p>Tehnilised n\u00e4itajad:<\/p>\n<p>T\u00fc\u00fcp:\u00a0 \u00a0 \u00a0 \u00a0 \u00a0 \u00a0 \u00a0 \u00a0 \u00a0 \u00a0 \u00a0 \u00a0 \u00a0 \u00a0 \u00a0 \u00a0 \u00a0 \u00a0 \u00a0 Luxe Lite Satin Hollow<\/p>\n<p>Teljepikkus:\u00a0 \u00a0 \u00a0 \u00a0 \u00a0 \u00a0 \u00a0 \u00a0 \u00a0 \u00a0 \u00a0 \u00a0 \u00a0 \u00a0 180mm<\/p>\n<p>Geomeetria:\u00a0 \u00a0 \u00a0 \u00a0 \u00a0 \u00a0 \u00a0 \u00a0 \u00a0 \u00a0 \u00a0 \u00a0 \u00a0 \u00a0 50 kraadi<\/p>\n<p>Telje l\u00e4bim\u00f5\u00f5t:\u00a0 \u00a0 \u00a0 \u00a0 \u00a0 \u00a0 \u00a0 \u00a0 \u00a0 \u00a0 \u00a0 \u00a0 \u00a08mm<\/p>\n<p>&nbsp;<\/p>\n<p>&nbsp;<\/p>\n<p>&nbsp;<\/p>\n<p>&nbsp;<\/p>\n","protected":false},"excerpt":{"rendered":"<p>Tehnilised n\u00e4itajad: T\u00fc\u00fcp:\u00a0 \u00a0 \u00a0 \u00a0 \u00a0 \u00a0 \u00a0 \u00a0 \u00a0 \u00a0 \u00a0 \u00a0 \u00a0 \u00a0 \u00a0 \u00a0 \u00a0 \u00a0 \u00a0 Luxe Lite Satin Hollow Teljepikkus:\u00a0 \u00a0 \u00a0 \u00a0 \u00a0 \u00a0 \u00a0 \u00a0 \u00a0 \u00a0 \u00a0 \u00a0 \u00a0 \u00a0 180mm Geomeetria:\u00a0 \u00a0 \u00a0 \u00a0 \u00a0 \u00a0 \u00a0 \u00a0 \u00a0 \u00a0<span class=\"more-link\"><a href=\"https:\/\/longboard.ee\/et\/longboardid\/tarvikud-ja-varustus\/truckid\/luxe-truckid\/luxe-lite-satin-hollow-180mm-polished-truckide-komplekt-2tk\/\">Continue Reading<\/a><\/span><\/p>\n","protected":false},"featured_media":16433,"template":"","meta":[],"product_brand":[],"product_cat":[70,188,69],"product_tag":[],"class_list":{"0":"entry","1":"author-johanna","2":"post-16431","3":"product","4":"type-product","5":"status-publish","6":"has-post-thumbnail","7":"product_cat-truckid","8":"product_cat-luxe-truckid","9":"product_cat-tarvikud-ja-varustus","11":"first","12":"instock","13":"taxable","14":"shipping-taxable","15":"purchasable","16":"product-type-simple"},"yoast_head":"<!-- This site is optimized with the Yoast SEO plugin v27.3 - https:\/\/yoast.com\/product\/yoast-seo-wordpress\/ -->\n<title>Longboard.ee - Luxe Lite Satin Hollow 180mm Polished - truckide komplekt 2tk<\/title>\n<meta name=\"description\" content=\"Teretulemast meie longboardide e-poodi! Luxe Lite Satin Hollow 180mm Polished - truckide komplekt 2tk\" \/>\n<meta name=\"robots\" content=\"index, follow, max-snippet:-1, max-image-preview:large, max-video-preview:-1\" \/>\n<link rel=\"canonical\" href=\"https:\/\/longboard.ee\/et\/longboardid\/tarvikud-ja-varustus\/truckid\/luxe-truckid\/luxe-lite-satin-hollow-180mm-polished-truckide-komplekt-2tk\/\" \/>\n<meta name=\"twitter:label1\" content=\"Est. reading time\" \/>\n\t<meta name=\"twitter:data1\" content=\"1 minut\" \/>\n<script type=\"application\/ld+json\" class=\"yoast-schema-graph\">{\"@context\":\"https:\\\/\\\/schema.org\",\"@graph\":[{\"@type\":\"WebPage\",\"@id\":\"https:\\\/\\\/longboard.ee\\\/longboardid\\\/tarvikud-ja-varustus\\\/truckid\\\/luxe-truckid\\\/luxe-lite-satin-hollow-180mm-polished-truckide-komplekt-2tk\\\/\",\"url\":\"https:\\\/\\\/longboard.ee\\\/longboardid\\\/tarvikud-ja-varustus\\\/truckid\\\/luxe-truckid\\\/luxe-lite-satin-hollow-180mm-polished-truckide-komplekt-2tk\\\/\",\"name\":\"Longboard.ee - Luxe Lite Satin Hollow 180mm Polished - truckide komplekt 2tk\",\"isPartOf\":{\"@id\":\"https:\\\/\\\/longboard.ee\\\/et\\\/#website\"},\"primaryImageOfPage\":{\"@id\":\"https:\\\/\\\/longboard.ee\\\/longboardid\\\/tarvikud-ja-varustus\\\/truckid\\\/luxe-truckid\\\/luxe-lite-satin-hollow-180mm-polished-truckide-komplekt-2tk\\\/#primaryimage\"},\"image\":{\"@id\":\"https:\\\/\\\/longboard.ee\\\/longboardid\\\/tarvikud-ja-varustus\\\/truckid\\\/luxe-truckid\\\/luxe-lite-satin-hollow-180mm-polished-truckide-komplekt-2tk\\\/#primaryimage\"},\"thumbnailUrl\":\"https:\\\/\\\/longboard.ee\\\/wp-content\\\/uploads\\\/2023\\\/03\\\/luxe-lite-180mm-hollow-kingpin-satin.jpg\",\"datePublished\":\"2023-03-11T12:45:55+00:00\",\"dateModified\":\"2024-04-08T19:43:44+00:00\",\"description\":\"Teretulemast meie longboardide e-poodi! Luxe Lite Satin Hollow 180mm Polished - truckide komplekt 2tk\",\"breadcrumb\":{\"@id\":\"https:\\\/\\\/longboard.ee\\\/longboardid\\\/tarvikud-ja-varustus\\\/truckid\\\/luxe-truckid\\\/luxe-lite-satin-hollow-180mm-polished-truckide-komplekt-2tk\\\/#breadcrumb\"},\"inLanguage\":\"et\",\"potentialAction\":[{\"@type\":\"ReadAction\",\"target\":[\"https:\\\/\\\/longboard.ee\\\/longboardid\\\/tarvikud-ja-varustus\\\/truckid\\\/luxe-truckid\\\/luxe-lite-satin-hollow-180mm-polished-truckide-komplekt-2tk\\\/\"]}]},{\"@type\":\"ImageObject\",\"inLanguage\":\"et\",\"@id\":\"https:\\\/\\\/longboard.ee\\\/longboardid\\\/tarvikud-ja-varustus\\\/truckid\\\/luxe-truckid\\\/luxe-lite-satin-hollow-180mm-polished-truckide-komplekt-2tk\\\/#primaryimage\",\"url\":\"https:\\\/\\\/longboard.ee\\\/wp-content\\\/uploads\\\/2023\\\/03\\\/luxe-lite-180mm-hollow-kingpin-satin.jpg\",\"contentUrl\":\"https:\\\/\\\/longboard.ee\\\/wp-content\\\/uploads\\\/2023\\\/03\\\/luxe-lite-180mm-hollow-kingpin-satin.jpg\",\"width\":800,\"height\":800},{\"@type\":\"BreadcrumbList\",\"@id\":\"https:\\\/\\\/longboard.ee\\\/longboardid\\\/tarvikud-ja-varustus\\\/truckid\\\/luxe-truckid\\\/luxe-lite-satin-hollow-180mm-polished-truckide-komplekt-2tk\\\/#breadcrumb\",\"itemListElement\":[{\"@type\":\"ListItem\",\"position\":1,\"name\":\"Home\",\"item\":\"https:\\\/\\\/longboard.ee\\\/\"},{\"@type\":\"ListItem\",\"position\":2,\"name\":\"Longboardid, rulad, t\u00f5ukerattad, rulluisud\",\"item\":\"https:\\\/\\\/longboard.ee\\\/longboardid-rulad-toukerattad\\\/\"},{\"@type\":\"ListItem\",\"position\":3,\"name\":\"Tarvikud ja varustus\",\"item\":\"https:\\\/\\\/longboard.ee\\\/et\\\/longboard\\\/tarvikud-ja-varustus\\\/\"},{\"@type\":\"ListItem\",\"position\":4,\"name\":\"Truckid\",\"item\":\"https:\\\/\\\/longboard.ee\\\/en\\\/longboard\\\/accessories-2\\\/trucks\\\/\"},{\"@type\":\"ListItem\",\"position\":5,\"name\":\"Luxe truckid\",\"item\":\"https:\\\/\\\/longboard.ee\\\/en\\\/longboard\\\/accessories-2\\\/trucks\\\/luxe-trucks\\\/\"},{\"@type\":\"ListItem\",\"position\":6,\"name\":\"Luxe Lite Satin Hollow 180mm Polished &#8211; truckide komplekt 2tk\"}]},{\"@type\":\"WebSite\",\"@id\":\"https:\\\/\\\/longboard.ee\\\/et\\\/#website\",\"url\":\"https:\\\/\\\/longboard.ee\\\/et\\\/\",\"name\":\"Longboard.ee\",\"description\":\"Longboardide e-pood\",\"publisher\":{\"@id\":\"https:\\\/\\\/longboard.ee\\\/et\\\/#organization\"},\"potentialAction\":[{\"@type\":\"SearchAction\",\"target\":{\"@type\":\"EntryPoint\",\"urlTemplate\":\"https:\\\/\\\/longboard.ee\\\/et\\\/?s={search_term_string}\"},\"query-input\":{\"@type\":\"PropertyValueSpecification\",\"valueRequired\":true,\"valueName\":\"search_term_string\"}}],\"inLanguage\":\"et\"},{\"@type\":\"Organization\",\"@id\":\"https:\\\/\\\/longboard.ee\\\/et\\\/#organization\",\"name\":\"Longboard.ee\",\"url\":\"https:\\\/\\\/longboard.ee\\\/et\\\/\",\"logo\":{\"@type\":\"ImageObject\",\"inLanguage\":\"et\",\"@id\":\"https:\\\/\\\/longboard.ee\\\/et\\\/#\\\/schema\\\/logo\\\/image\\\/\",\"url\":\"https:\\\/\\\/longboard.ee\\\/wp-content\\\/uploads\\\/2021\\\/10\\\/logo55.jpg\",\"contentUrl\":\"https:\\\/\\\/longboard.ee\\\/wp-content\\\/uploads\\\/2021\\\/10\\\/logo55.jpg\",\"width\":180,\"height\":180,\"caption\":\"Longboard.ee\"},\"image\":{\"@id\":\"https:\\\/\\\/longboard.ee\\\/et\\\/#\\\/schema\\\/logo\\\/image\\\/\"},\"sameAs\":[\"https:\\\/\\\/www.facebook.com\\\/Longboardee-131787663895166\\\/\"]}]}<\/script>\n<!-- \/ Yoast SEO plugin. -->","yoast_head_json":{"title":"Longboard.ee - Luxe Lite Satin Hollow 180mm Polished - truckide komplekt 2tk","description":"Teretulemast meie longboardide e-poodi! Luxe Lite Satin Hollow 180mm Polished - truckide komplekt 2tk","robots":{"index":"index","follow":"follow","max-snippet":"max-snippet:-1","max-image-preview":"max-image-preview:large","max-video-preview":"max-video-preview:-1"},"canonical":"https:\/\/longboard.ee\/et\/longboardid\/tarvikud-ja-varustus\/truckid\/luxe-truckid\/luxe-lite-satin-hollow-180mm-polished-truckide-komplekt-2tk\/","twitter_misc":{"Est. reading time":"1 minut"},"schema":{"@context":"https:\/\/schema.org","@graph":[{"@type":"WebPage","@id":"https:\/\/longboard.ee\/longboardid\/tarvikud-ja-varustus\/truckid\/luxe-truckid\/luxe-lite-satin-hollow-180mm-polished-truckide-komplekt-2tk\/","url":"https:\/\/longboard.ee\/longboardid\/tarvikud-ja-varustus\/truckid\/luxe-truckid\/luxe-lite-satin-hollow-180mm-polished-truckide-komplekt-2tk\/","name":"Longboard.ee - Luxe Lite Satin Hollow 180mm Polished - truckide komplekt 2tk","isPartOf":{"@id":"https:\/\/longboard.ee\/et\/#website"},"primaryImageOfPage":{"@id":"https:\/\/longboard.ee\/longboardid\/tarvikud-ja-varustus\/truckid\/luxe-truckid\/luxe-lite-satin-hollow-180mm-polished-truckide-komplekt-2tk\/#primaryimage"},"image":{"@id":"https:\/\/longboard.ee\/longboardid\/tarvikud-ja-varustus\/truckid\/luxe-truckid\/luxe-lite-satin-hollow-180mm-polished-truckide-komplekt-2tk\/#primaryimage"},"thumbnailUrl":"https:\/\/longboard.ee\/wp-content\/uploads\/2023\/03\/luxe-lite-180mm-hollow-kingpin-satin.jpg","datePublished":"2023-03-11T12:45:55+00:00","dateModified":"2024-04-08T19:43:44+00:00","description":"Teretulemast meie longboardide e-poodi! Luxe Lite Satin Hollow 180mm Polished - truckide komplekt 2tk","breadcrumb":{"@id":"https:\/\/longboard.ee\/longboardid\/tarvikud-ja-varustus\/truckid\/luxe-truckid\/luxe-lite-satin-hollow-180mm-polished-truckide-komplekt-2tk\/#breadcrumb"},"inLanguage":"et","potentialAction":[{"@type":"ReadAction","target":["https:\/\/longboard.ee\/longboardid\/tarvikud-ja-varustus\/truckid\/luxe-truckid\/luxe-lite-satin-hollow-180mm-polished-truckide-komplekt-2tk\/"]}]},{"@type":"ImageObject","inLanguage":"et","@id":"https:\/\/longboard.ee\/longboardid\/tarvikud-ja-varustus\/truckid\/luxe-truckid\/luxe-lite-satin-hollow-180mm-polished-truckide-komplekt-2tk\/#primaryimage","url":"https:\/\/longboard.ee\/wp-content\/uploads\/2023\/03\/luxe-lite-180mm-hollow-kingpin-satin.jpg","contentUrl":"https:\/\/longboard.ee\/wp-content\/uploads\/2023\/03\/luxe-lite-180mm-hollow-kingpin-satin.jpg","width":800,"height":800},{"@type":"BreadcrumbList","@id":"https:\/\/longboard.ee\/longboardid\/tarvikud-ja-varustus\/truckid\/luxe-truckid\/luxe-lite-satin-hollow-180mm-polished-truckide-komplekt-2tk\/#breadcrumb","itemListElement":[{"@type":"ListItem","position":1,"name":"Home","item":"https:\/\/longboard.ee\/"},{"@type":"ListItem","position":2,"name":"Longboardid, rulad, t\u00f5ukerattad, rulluisud","item":"https:\/\/longboard.ee\/longboardid-rulad-toukerattad\/"},{"@type":"ListItem","position":3,"name":"Tarvikud ja varustus","item":"https:\/\/longboard.ee\/et\/longboard\/tarvikud-ja-varustus\/"},{"@type":"ListItem","position":4,"name":"Truckid","item":"https:\/\/longboard.ee\/en\/longboard\/accessories-2\/trucks\/"},{"@type":"ListItem","position":5,"name":"Luxe truckid","item":"https:\/\/longboard.ee\/en\/longboard\/accessories-2\/trucks\/luxe-trucks\/"},{"@type":"ListItem","position":6,"name":"Luxe Lite Satin Hollow 180mm Polished &#8211; truckide komplekt 2tk"}]},{"@type":"WebSite","@id":"https:\/\/longboard.ee\/et\/#website","url":"https:\/\/longboard.ee\/et\/","name":"Longboard.ee","description":"Longboardide e-pood","publisher":{"@id":"https:\/\/longboard.ee\/et\/#organization"},"potentialAction":[{"@type":"SearchAction","target":{"@type":"EntryPoint","urlTemplate":"https:\/\/longboard.ee\/et\/?s={search_term_string}"},"query-input":{"@type":"PropertyValueSpecification","valueRequired":true,"valueName":"search_term_string"}}],"inLanguage":"et"},{"@type":"Organization","@id":"https:\/\/longboard.ee\/et\/#organization","name":"Longboard.ee","url":"https:\/\/longboard.ee\/et\/","logo":{"@type":"ImageObject","inLanguage":"et","@id":"https:\/\/longboard.ee\/et\/#\/schema\/logo\/image\/","url":"https:\/\/longboard.ee\/wp-content\/uploads\/2021\/10\/logo55.jpg","contentUrl":"https:\/\/longboard.ee\/wp-content\/uploads\/2021\/10\/logo55.jpg","width":180,"height":180,"caption":"Longboard.ee"},"image":{"@id":"https:\/\/longboard.ee\/et\/#\/schema\/logo\/image\/"},"sameAs":["https:\/\/www.facebook.com\/Longboardee-131787663895166\/"]}]}},"_links":{"self":[{"href":"https:\/\/longboard.ee\/et\/wp-json\/wp\/v2\/product\/16431","targetHints":{"allow":["GET"]}}],"collection":[{"href":"https:\/\/longboard.ee\/et\/wp-json\/wp\/v2\/product"}],"about":[{"href":"https:\/\/longboard.ee\/et\/wp-json\/wp\/v2\/types\/product"}],"wp:featuredmedia":[{"embeddable":true,"href":"https:\/\/longboard.ee\/et\/wp-json\/wp\/v2\/media\/16433"}],"wp:attachment":[{"href":"https:\/\/longboard.ee\/et\/wp-json\/wp\/v2\/media?parent=16431"}],"wp:term":[{"taxonomy":"product_brand","embeddable":true,"href":"https:\/\/longboard.ee\/et\/wp-json\/wp\/v2\/product_brand?post=16431"},{"taxonomy":"product_cat","embeddable":true,"href":"https:\/\/longboard.ee\/et\/wp-json\/wp\/v2\/product_cat?post=16431"},{"taxonomy":"product_tag","embeddable":true,"href":"https:\/\/longboard.ee\/et\/wp-json\/wp\/v2\/product_tag?post=16431"}],"curies":[{"name":"wp","href":"https:\/\/api.w.org\/{rel}","templated":true}]}}