{"id":16481,"date":"2023-03-23T18:20:38","date_gmt":"2023-03-23T16:20:38","guid":{"rendered":"https:\/\/longboard.ee\/?post_type=product&#038;p=16481"},"modified":"2025-11-30T15:38:38","modified_gmt":"2025-11-30T13:38:38","slug":"landyachtz-atv-x-classic-oil-paint-32","status":"publish","type":"product","link":"https:\/\/longboard.ee\/et\/longboardid\/longboardid\/landyachtz\/landyachtz-atv-x-classic-oil-paint-32\/","title":{"rendered":"Landyachtz ATV-X Oil Paint 32&#8243;"},"content":{"rendered":"<p>&nbsp;<\/p>\n<div class=\"medium-12 columns\">\n<p><img loading=\"lazy\" decoding=\"async\" class=\"wp-image-13281 alignleft\" src=\"https:\/\/longboard.ee\/wp-content\/uploads\/2020\/05\/e84448092797fcbe39a36b5bef145d83.jpg\" alt=\"\" width=\"224\" height=\"224\" srcset=\"https:\/\/longboard.ee\/wp-content\/uploads\/2020\/05\/e84448092797fcbe39a36b5bef145d83.jpg 1200w, https:\/\/longboard.ee\/wp-content\/uploads\/2020\/05\/e84448092797fcbe39a36b5bef145d83-950x950.jpg 950w, https:\/\/longboard.ee\/wp-content\/uploads\/2020\/05\/e84448092797fcbe39a36b5bef145d83-1024x1024.jpg 1024w, https:\/\/longboard.ee\/wp-content\/uploads\/2020\/05\/e84448092797fcbe39a36b5bef145d83-12x12.jpg 12w, https:\/\/longboard.ee\/wp-content\/uploads\/2020\/05\/e84448092797fcbe39a36b5bef145d83-465x465.jpg 465w, https:\/\/longboard.ee\/wp-content\/uploads\/2020\/05\/e84448092797fcbe39a36b5bef145d83-500x500.jpg 500w, https:\/\/longboard.ee\/wp-content\/uploads\/2020\/05\/e84448092797fcbe39a36b5bef145d83-100x100.jpg 100w\" sizes=\"auto, (max-width: 224px) 100vw, 224px\" \/><\/p>\n<p>Landyachtz Longboards sai alguse 1997. aastal\u00a0\u00a0Vancouveris, British Columbias. Landyachtz toodab nii longboardide laudu, komplekte kui ka rattaid, gripteipi ja kindaid.\u00a0 Landyachtz longboardide k\u00f5rge kvaliteet tuleb sellest, et k\u00f5ik t\u00f6\u00f6tajad on ise rulas\u00f5itjad. Kahe Kanada longboardi-entusiasti v\u00e4ikesest projektist on v\u00e4lja kasvanud rahvusvaheliselt tuntud k\u00f5rgekvaliteediliste longboardide br\u00e4nd.<\/p>\n<p>Landyachtzi moto on &#8211; \u00fcks laud, \u00fcks puu &#8211; mis t\u00e4hendab seda, et iga m\u00fc\u00fcdud longboardi rahast l\u00e4heb osa uue puu istutamiseks. \u00dchest kanada vahtrast saab umbes 60 uut lauda, seega istutatakse asemele 60 puud!<\/p>\n<\/div>\n<p>ATV-X Classic Oil Paint longboard on rula-t\u00fc\u00fcpi mini-kruiiser, mis on valmistatud 5-kihilisest kanada vahtrast ning millele on lisatud 2 komposiitkihti, et longboard oleks vastupidavam. M\u00f5lemas ninas on kick, mis muudab trikitamise mitmek\u00fclgsemaks. Sobivad stiilid: <em>Park &amp; Vert,<\/em> kruiisimine, <em>carving.<\/em><\/p>\n<p>&nbsp;<\/p>\n<p>Pikkus: 32&#8243;<\/p>\n<p>Laius: 8.5&#8243;<\/p>\n<p>&nbsp;<\/p>\n<p>Truckid: Polar Bear 155mm<\/p>\n<p>Laagrid: Spaceball Bearings<\/p>\n<p>Rattad: 60mm 78a Lil EZ Hawgs<\/p>\n<h2><\/h2>\n","protected":false},"excerpt":{"rendered":"<p>Truckid: Polar Bear 155mm<\/p>\n<p>Laagrid: Spaceball Bearings<\/p>\n<p>Rattad: 60mm 78a Lil EZ Hawgs<\/p>\n<p>&nbsp;<\/p>\n<h2><\/h2>\n<p><span class=\"more-link\"><a href=\"https:\/\/longboard.ee\/et\/longboardid\/longboardid\/landyachtz\/landyachtz-atv-x-classic-oil-paint-32\/\">Continue Reading<\/a><\/span><\/p>\n","protected":false},"featured_media":16486,"template":"","meta":[],"product_brand":[],"product_cat":[141],"product_tag":[162,163,170,176,196],"class_list":{"0":"entry","1":"author-johanna","2":"has-excerpt","3":"post-16481","4":"product","5":"type-product","6":"status-publish","7":"has-post-thumbnail","8":"product_cat-landyachtz","9":"product_tag-mini-kruiiser","10":"product_tag-kruiiser","11":"product_tag-top-mount","12":"product_tag-carving","13":"product_tag-skatepark","15":"first","16":"instock","17":"sale","18":"taxable","19":"shipping-taxable","20":"purchasable","21":"product-type-simple"},"yoast_head":"<!-- This site is optimized with the Yoast SEO plugin v27.5 - https:\/\/yoast.com\/product\/yoast-seo-wordpress\/ -->\n<title>Landyachtz ATV-X Classic Oli Paint 32&quot; - longboard.ee<\/title>\n<meta name=\"description\" content=\"ATV-X Classic Oil Paint longboard on kruiiser-t\u00fc\u00fcpi laud, mis on valmistatud 5-kihilisest kanada vahtrast ning millele on lisatud 2 komposiitkihti, et longboard oleks vastupidavam. M\u00f5lemas ninas on kick, mis muudab trikitamise mitmek\u00fclgsemaks. Sobivad stiilid: Park &amp; Vert, kruiisimine, carving.\" \/>\n<meta name=\"robots\" content=\"index, follow, max-snippet:-1, max-image-preview:large, max-video-preview:-1\" \/>\n<link rel=\"canonical\" href=\"https:\/\/longboard.ee\/et\/longboardid\/longboardid\/landyachtz\/landyachtz-atv-x-classic-oil-paint-32\/\" \/>\n<meta name=\"twitter:label1\" content=\"Est. reading time\" \/>\n\t<meta name=\"twitter:data1\" content=\"1 minut\" \/>\n<script type=\"application\/ld+json\" class=\"yoast-schema-graph\">{\"@context\":\"https:\\\/\\\/schema.org\",\"@graph\":[{\"@type\":\"WebPage\",\"@id\":\"https:\\\/\\\/longboard.ee\\\/longboardid\\\/longboardid\\\/landyachtz\\\/landyachtz-atv-x-classic-oil-paint-32\\\/\",\"url\":\"https:\\\/\\\/longboard.ee\\\/longboardid\\\/longboardid\\\/landyachtz\\\/landyachtz-atv-x-classic-oil-paint-32\\\/\",\"name\":\"Landyachtz ATV-X Classic Oli Paint 32\\\" - longboard.ee\",\"isPartOf\":{\"@id\":\"https:\\\/\\\/longboard.ee\\\/et\\\/#website\"},\"primaryImageOfPage\":{\"@id\":\"https:\\\/\\\/longboard.ee\\\/longboardid\\\/longboardid\\\/landyachtz\\\/landyachtz-atv-x-classic-oil-paint-32\\\/#primaryimage\"},\"image\":{\"@id\":\"https:\\\/\\\/longboard.ee\\\/longboardid\\\/longboardid\\\/landyachtz\\\/landyachtz-atv-x-classic-oil-paint-32\\\/#primaryimage\"},\"thumbnailUrl\":\"https:\\\/\\\/longboard.ee\\\/wp-content\\\/uploads\\\/2023\\\/03\\\/123CP-ATVXCOP-ATV-ATVX-Classic-Oil-paint-Graphic_AD_8086_1-WEB_1800x1800.webp\",\"datePublished\":\"2023-03-23T16:20:38+00:00\",\"dateModified\":\"2025-11-30T13:38:38+00:00\",\"description\":\"ATV-X Classic Oil Paint longboard on kruiiser-t\u00fc\u00fcpi laud, mis on valmistatud 5-kihilisest kanada vahtrast ning millele on lisatud 2 komposiitkihti, et longboard oleks vastupidavam. M\u00f5lemas ninas on kick, mis muudab trikitamise mitmek\u00fclgsemaks. Sobivad stiilid: Park & Vert, kruiisimine, carving.\",\"breadcrumb\":{\"@id\":\"https:\\\/\\\/longboard.ee\\\/longboardid\\\/longboardid\\\/landyachtz\\\/landyachtz-atv-x-classic-oil-paint-32\\\/#breadcrumb\"},\"inLanguage\":\"et\",\"potentialAction\":[{\"@type\":\"ReadAction\",\"target\":[\"https:\\\/\\\/longboard.ee\\\/longboardid\\\/longboardid\\\/landyachtz\\\/landyachtz-atv-x-classic-oil-paint-32\\\/\"]}]},{\"@type\":\"ImageObject\",\"inLanguage\":\"et\",\"@id\":\"https:\\\/\\\/longboard.ee\\\/longboardid\\\/longboardid\\\/landyachtz\\\/landyachtz-atv-x-classic-oil-paint-32\\\/#primaryimage\",\"url\":\"https:\\\/\\\/longboard.ee\\\/wp-content\\\/uploads\\\/2023\\\/03\\\/123CP-ATVXCOP-ATV-ATVX-Classic-Oil-paint-Graphic_AD_8086_1-WEB_1800x1800.webp\",\"contentUrl\":\"https:\\\/\\\/longboard.ee\\\/wp-content\\\/uploads\\\/2023\\\/03\\\/123CP-ATVXCOP-ATV-ATVX-Classic-Oil-paint-Graphic_AD_8086_1-WEB_1800x1800.webp\",\"width\":1600,\"height\":1600},{\"@type\":\"BreadcrumbList\",\"@id\":\"https:\\\/\\\/longboard.ee\\\/longboardid\\\/longboardid\\\/landyachtz\\\/landyachtz-atv-x-classic-oil-paint-32\\\/#breadcrumb\",\"itemListElement\":[{\"@type\":\"ListItem\",\"position\":1,\"name\":\"Home\",\"item\":\"https:\\\/\\\/longboard.ee\\\/\"},{\"@type\":\"ListItem\",\"position\":2,\"name\":\"Longboardid, rulad, t\u00f5ukerattad, rulluisud\",\"item\":\"https:\\\/\\\/longboard.ee\\\/longboardid-rulad-toukerattad\\\/\"},{\"@type\":\"ListItem\",\"position\":3,\"name\":\"Longboardid\",\"item\":\"https:\\\/\\\/longboard.ee\\\/longboard\\\/longboardid\\\/\"},{\"@type\":\"ListItem\",\"position\":4,\"name\":\"Landyachtz longboardid\",\"item\":\"https:\\\/\\\/longboard.ee\\\/longboard\\\/longboardid\\\/landyachtz\\\/\"},{\"@type\":\"ListItem\",\"position\":5,\"name\":\"Landyachtz ATV-X Oil Paint 32&#8243;\"}]},{\"@type\":\"WebSite\",\"@id\":\"https:\\\/\\\/longboard.ee\\\/et\\\/#website\",\"url\":\"https:\\\/\\\/longboard.ee\\\/et\\\/\",\"name\":\"Longboard.ee\",\"description\":\"Longboardide e-pood\",\"publisher\":{\"@id\":\"https:\\\/\\\/longboard.ee\\\/et\\\/#organization\"},\"potentialAction\":[{\"@type\":\"SearchAction\",\"target\":{\"@type\":\"EntryPoint\",\"urlTemplate\":\"https:\\\/\\\/longboard.ee\\\/et\\\/?s={search_term_string}\"},\"query-input\":{\"@type\":\"PropertyValueSpecification\",\"valueRequired\":true,\"valueName\":\"search_term_string\"}}],\"inLanguage\":\"et\"},{\"@type\":\"Organization\",\"@id\":\"https:\\\/\\\/longboard.ee\\\/et\\\/#organization\",\"name\":\"Longboard.ee\",\"url\":\"https:\\\/\\\/longboard.ee\\\/et\\\/\",\"logo\":{\"@type\":\"ImageObject\",\"inLanguage\":\"et\",\"@id\":\"https:\\\/\\\/longboard.ee\\\/et\\\/#\\\/schema\\\/logo\\\/image\\\/\",\"url\":\"https:\\\/\\\/longboard.ee\\\/wp-content\\\/uploads\\\/2021\\\/10\\\/logo55.jpg\",\"contentUrl\":\"https:\\\/\\\/longboard.ee\\\/wp-content\\\/uploads\\\/2021\\\/10\\\/logo55.jpg\",\"width\":180,\"height\":180,\"caption\":\"Longboard.ee\"},\"image\":{\"@id\":\"https:\\\/\\\/longboard.ee\\\/et\\\/#\\\/schema\\\/logo\\\/image\\\/\"},\"sameAs\":[\"https:\\\/\\\/www.facebook.com\\\/Longboardee-131787663895166\\\/\"]}]}<\/script>\n<!-- \/ Yoast SEO plugin. -->","yoast_head_json":{"title":"Landyachtz ATV-X Classic Oli Paint 32\" - longboard.ee","description":"ATV-X Classic Oil Paint longboard on kruiiser-t\u00fc\u00fcpi laud, mis on valmistatud 5-kihilisest kanada vahtrast ning millele on lisatud 2 komposiitkihti, et longboard oleks vastupidavam. M\u00f5lemas ninas on kick, mis muudab trikitamise mitmek\u00fclgsemaks. Sobivad stiilid: Park & Vert, kruiisimine, carving.","robots":{"index":"index","follow":"follow","max-snippet":"max-snippet:-1","max-image-preview":"max-image-preview:large","max-video-preview":"max-video-preview:-1"},"canonical":"https:\/\/longboard.ee\/et\/longboardid\/longboardid\/landyachtz\/landyachtz-atv-x-classic-oil-paint-32\/","twitter_misc":{"Est. reading time":"1 minut"},"schema":{"@context":"https:\/\/schema.org","@graph":[{"@type":"WebPage","@id":"https:\/\/longboard.ee\/longboardid\/longboardid\/landyachtz\/landyachtz-atv-x-classic-oil-paint-32\/","url":"https:\/\/longboard.ee\/longboardid\/longboardid\/landyachtz\/landyachtz-atv-x-classic-oil-paint-32\/","name":"Landyachtz ATV-X Classic Oli Paint 32\" - longboard.ee","isPartOf":{"@id":"https:\/\/longboard.ee\/et\/#website"},"primaryImageOfPage":{"@id":"https:\/\/longboard.ee\/longboardid\/longboardid\/landyachtz\/landyachtz-atv-x-classic-oil-paint-32\/#primaryimage"},"image":{"@id":"https:\/\/longboard.ee\/longboardid\/longboardid\/landyachtz\/landyachtz-atv-x-classic-oil-paint-32\/#primaryimage"},"thumbnailUrl":"https:\/\/longboard.ee\/wp-content\/uploads\/2023\/03\/123CP-ATVXCOP-ATV-ATVX-Classic-Oil-paint-Graphic_AD_8086_1-WEB_1800x1800.webp","datePublished":"2023-03-23T16:20:38+00:00","dateModified":"2025-11-30T13:38:38+00:00","description":"ATV-X Classic Oil Paint longboard on kruiiser-t\u00fc\u00fcpi laud, mis on valmistatud 5-kihilisest kanada vahtrast ning millele on lisatud 2 komposiitkihti, et longboard oleks vastupidavam. M\u00f5lemas ninas on kick, mis muudab trikitamise mitmek\u00fclgsemaks. Sobivad stiilid: Park & Vert, kruiisimine, carving.","breadcrumb":{"@id":"https:\/\/longboard.ee\/longboardid\/longboardid\/landyachtz\/landyachtz-atv-x-classic-oil-paint-32\/#breadcrumb"},"inLanguage":"et","potentialAction":[{"@type":"ReadAction","target":["https:\/\/longboard.ee\/longboardid\/longboardid\/landyachtz\/landyachtz-atv-x-classic-oil-paint-32\/"]}]},{"@type":"ImageObject","inLanguage":"et","@id":"https:\/\/longboard.ee\/longboardid\/longboardid\/landyachtz\/landyachtz-atv-x-classic-oil-paint-32\/#primaryimage","url":"https:\/\/longboard.ee\/wp-content\/uploads\/2023\/03\/123CP-ATVXCOP-ATV-ATVX-Classic-Oil-paint-Graphic_AD_8086_1-WEB_1800x1800.webp","contentUrl":"https:\/\/longboard.ee\/wp-content\/uploads\/2023\/03\/123CP-ATVXCOP-ATV-ATVX-Classic-Oil-paint-Graphic_AD_8086_1-WEB_1800x1800.webp","width":1600,"height":1600},{"@type":"BreadcrumbList","@id":"https:\/\/longboard.ee\/longboardid\/longboardid\/landyachtz\/landyachtz-atv-x-classic-oil-paint-32\/#breadcrumb","itemListElement":[{"@type":"ListItem","position":1,"name":"Home","item":"https:\/\/longboard.ee\/"},{"@type":"ListItem","position":2,"name":"Longboardid, rulad, t\u00f5ukerattad, rulluisud","item":"https:\/\/longboard.ee\/longboardid-rulad-toukerattad\/"},{"@type":"ListItem","position":3,"name":"Longboardid","item":"https:\/\/longboard.ee\/longboard\/longboardid\/"},{"@type":"ListItem","position":4,"name":"Landyachtz longboardid","item":"https:\/\/longboard.ee\/longboard\/longboardid\/landyachtz\/"},{"@type":"ListItem","position":5,"name":"Landyachtz ATV-X Oil Paint 32&#8243;"}]},{"@type":"WebSite","@id":"https:\/\/longboard.ee\/et\/#website","url":"https:\/\/longboard.ee\/et\/","name":"Longboard.ee","description":"Longboardide e-pood","publisher":{"@id":"https:\/\/longboard.ee\/et\/#organization"},"potentialAction":[{"@type":"SearchAction","target":{"@type":"EntryPoint","urlTemplate":"https:\/\/longboard.ee\/et\/?s={search_term_string}"},"query-input":{"@type":"PropertyValueSpecification","valueRequired":true,"valueName":"search_term_string"}}],"inLanguage":"et"},{"@type":"Organization","@id":"https:\/\/longboard.ee\/et\/#organization","name":"Longboard.ee","url":"https:\/\/longboard.ee\/et\/","logo":{"@type":"ImageObject","inLanguage":"et","@id":"https:\/\/longboard.ee\/et\/#\/schema\/logo\/image\/","url":"https:\/\/longboard.ee\/wp-content\/uploads\/2021\/10\/logo55.jpg","contentUrl":"https:\/\/longboard.ee\/wp-content\/uploads\/2021\/10\/logo55.jpg","width":180,"height":180,"caption":"Longboard.ee"},"image":{"@id":"https:\/\/longboard.ee\/et\/#\/schema\/logo\/image\/"},"sameAs":["https:\/\/www.facebook.com\/Longboardee-131787663895166\/"]}]}},"_links":{"self":[{"href":"https:\/\/longboard.ee\/et\/wp-json\/wp\/v2\/product\/16481","targetHints":{"allow":["GET"]}}],"collection":[{"href":"https:\/\/longboard.ee\/et\/wp-json\/wp\/v2\/product"}],"about":[{"href":"https:\/\/longboard.ee\/et\/wp-json\/wp\/v2\/types\/product"}],"wp:featuredmedia":[{"embeddable":true,"href":"https:\/\/longboard.ee\/et\/wp-json\/wp\/v2\/media\/16486"}],"wp:attachment":[{"href":"https:\/\/longboard.ee\/et\/wp-json\/wp\/v2\/media?parent=16481"}],"wp:term":[{"taxonomy":"product_brand","embeddable":true,"href":"https:\/\/longboard.ee\/et\/wp-json\/wp\/v2\/product_brand?post=16481"},{"taxonomy":"product_cat","embeddable":true,"href":"https:\/\/longboard.ee\/et\/wp-json\/wp\/v2\/product_cat?post=16481"},{"taxonomy":"product_tag","embeddable":true,"href":"https:\/\/longboard.ee\/et\/wp-json\/wp\/v2\/product_tag?post=16481"}],"curies":[{"name":"wp","href":"https:\/\/api.w.org\/{rel}","templated":true}]}}