{"id":2481,"date":"2019-07-14T09:53:08","date_gmt":"2019-07-14T09:53:08","guid":{"rendered":"https:\/\/longboard.ee\/?post_type=product&#038;p=2481"},"modified":"2025-06-25T15:19:15","modified_gmt":"2025-06-25T12:19:15","slug":"kaitsmetekomplektrekd","status":"publish","type":"product","link":"https:\/\/longboard.ee\/et\/longboardid\/tarvikud-ja-varustus\/kaitsmed\/kaitsmetekomplektrekd\/","title":{"rendered":"Kaitsmete komplekt REKD"},"content":{"rendered":"<p><img loading=\"lazy\" decoding=\"async\" class=\" wp-image-2491 alignleft\" src=\"https:\/\/longboard.ee\/wp-content\/uploads\/2019\/07\/rekd.jpg\" alt=\"\" width=\"95\" height=\"47\" srcset=\"https:\/\/longboard.ee\/wp-content\/uploads\/2019\/07\/rekd.jpg 137w, https:\/\/longboard.ee\/wp-content\/uploads\/2019\/07\/rekd-16x8.jpg 16w\" sizes=\"auto, (max-width: 95px) 100vw, 95px\" \/><\/p>\n<p>REKD kvaliteetne kaitsmete komplekt tagab korraliku k\u00fc\u00fcnarnukkide, p\u00f5lvede ja randmete kaitse.<\/p>\n<p>&nbsp;<\/p>\n<p>M\u00f5\u00f5dud 3-5cm p\u00f5lvest \u00fcles; 2-4 cm k\u00fc\u00fcnarnukist \u00fcles.<\/p>\n<p>XS: p\u00f5lv: &lt;23cm, k\u00fc\u00fcnarnukk: &lt;20cm<\/p>\n<p>S: p\u00f5lv: &lt;26cm, k\u00fc\u00fcnarnukk: &lt;23cm<\/p>\n<p>M: p\u00f5lv: &lt;30cm, k\u00fc\u00fcnarnukk: &lt;26cm<\/p>\n<p>L: p\u00f5lv: &lt;34cm, k\u00fc\u00fcnarnukk: &lt;30cm<\/p>\n<p>XL: p\u00f5lv: &lt;42cm, k\u00fc\u00fcnarnukk: &lt;36cm<\/p>\n","protected":false},"excerpt":{"rendered":"<p>REKD kvaliteetne kaitsmete komplekt tagab korraliku k\u00fc\u00fcnarnukkide, p\u00f5lvede ja randmete kaitse. &nbsp; M\u00f5\u00f5dud 3-5cm p\u00f5lvest \u00fcles; 2-4 cm k\u00fc\u00fcnarnukist \u00fcles. XS: p\u00f5lv: &lt;23cm, k\u00fc\u00fcnarnukk: &lt;20cm S: p\u00f5lv: &lt;26cm, k\u00fc\u00fcnarnukk: &lt;23cm M: p\u00f5lv: &lt;30cm, k\u00fc\u00fcnarnukk: &lt;26cm L: p\u00f5lv: &lt;34cm, k\u00fc\u00fcnarnukk: &lt;30cm XL: p\u00f5lv: &lt;42cm, k\u00fc\u00fcnarnukk: &lt;36cm<span class=\"more-link\"><a href=\"https:\/\/longboard.ee\/et\/longboardid\/tarvikud-ja-varustus\/kaitsmed\/kaitsmetekomplektrekd\/\">Continue Reading<\/a><\/span><\/p>\n","protected":false},"featured_media":2525,"template":"","meta":[],"product_brand":[],"product_cat":[105],"product_tag":[],"class_list":{"0":"entry","1":"author-nzz","2":"post-2481","3":"product","4":"type-product","5":"status-publish","6":"has-post-thumbnail","7":"product_cat-kaitsmed","8":"pa_suurus-xs","9":"pa_suurus-s","10":"pa_suurus-m","11":"pa_suurus-l","12":"pa_suurus-xl","13":"pa_varvus-helesinine","14":"pa_varvus-must","15":"pa_varvus-roosa","17":"first","18":"instock","19":"taxable","20":"shipping-taxable","21":"purchasable","22":"product-type-variable"},"yoast_head":"<!-- This site is optimized with the Yoast SEO plugin v27.4 - https:\/\/yoast.com\/product\/yoast-seo-wordpress\/ -->\n<title>Kaitsmete komplekt REKD - Longboard.ee<\/title>\n<meta name=\"description\" content=\"Longboard. ee - longboardid, rula, rulad, t\u00f5ukerattad, quad ilu-rulluisud\" \/>\n<meta name=\"robots\" content=\"index, follow, max-snippet:-1, max-image-preview:large, max-video-preview:-1\" \/>\n<link rel=\"canonical\" href=\"https:\/\/longboard.ee\/et\/longboardid\/tarvikud-ja-varustus\/kaitsmed\/kaitsmetekomplektrekd\/\" \/>\n<script type=\"application\/ld+json\" class=\"yoast-schema-graph\">{\"@context\":\"https:\\\/\\\/schema.org\",\"@graph\":[{\"@type\":\"WebPage\",\"@id\":\"https:\\\/\\\/longboard.ee\\\/longboardid\\\/tarvikud-ja-varustus\\\/kaitsmed\\\/kaitsmetekomplektrekd\\\/\",\"url\":\"https:\\\/\\\/longboard.ee\\\/longboardid\\\/tarvikud-ja-varustus\\\/kaitsmed\\\/kaitsmetekomplektrekd\\\/\",\"name\":\"Kaitsmete komplekt REKD - Longboard.ee\",\"isPartOf\":{\"@id\":\"https:\\\/\\\/longboard.ee\\\/et\\\/#website\"},\"primaryImageOfPage\":{\"@id\":\"https:\\\/\\\/longboard.ee\\\/longboardid\\\/tarvikud-ja-varustus\\\/kaitsmed\\\/kaitsmetekomplektrekd\\\/#primaryimage\"},\"image\":{\"@id\":\"https:\\\/\\\/longboard.ee\\\/longboardid\\\/tarvikud-ja-varustus\\\/kaitsmed\\\/kaitsmetekomplektrekd\\\/#primaryimage\"},\"thumbnailUrl\":\"https:\\\/\\\/longboard.ee\\\/wp-content\\\/uploads\\\/2019\\\/07\\\/RKD600_Heavy_Duty_Triple_Pad_Set_Group_1024x1024.jpg\",\"datePublished\":\"2019-07-14T09:53:08+00:00\",\"dateModified\":\"2025-06-25T12:19:15+00:00\",\"description\":\"Longboard. ee - longboardid, rula, rulad, t\u00f5ukerattad, quad ilu-rulluisud\",\"breadcrumb\":{\"@id\":\"https:\\\/\\\/longboard.ee\\\/longboardid\\\/tarvikud-ja-varustus\\\/kaitsmed\\\/kaitsmetekomplektrekd\\\/#breadcrumb\"},\"inLanguage\":\"et\",\"potentialAction\":[{\"@type\":\"ReadAction\",\"target\":[\"https:\\\/\\\/longboard.ee\\\/longboardid\\\/tarvikud-ja-varustus\\\/kaitsmed\\\/kaitsmetekomplektrekd\\\/\"]}]},{\"@type\":\"ImageObject\",\"inLanguage\":\"et\",\"@id\":\"https:\\\/\\\/longboard.ee\\\/longboardid\\\/tarvikud-ja-varustus\\\/kaitsmed\\\/kaitsmetekomplektrekd\\\/#primaryimage\",\"url\":\"https:\\\/\\\/longboard.ee\\\/wp-content\\\/uploads\\\/2019\\\/07\\\/RKD600_Heavy_Duty_Triple_Pad_Set_Group_1024x1024.jpg\",\"contentUrl\":\"https:\\\/\\\/longboard.ee\\\/wp-content\\\/uploads\\\/2019\\\/07\\\/RKD600_Heavy_Duty_Triple_Pad_Set_Group_1024x1024.jpg\",\"width\":1024,\"height\":819},{\"@type\":\"BreadcrumbList\",\"@id\":\"https:\\\/\\\/longboard.ee\\\/longboardid\\\/tarvikud-ja-varustus\\\/kaitsmed\\\/kaitsmetekomplektrekd\\\/#breadcrumb\",\"itemListElement\":[{\"@type\":\"ListItem\",\"position\":1,\"name\":\"Home\",\"item\":\"https:\\\/\\\/longboard.ee\\\/\"},{\"@type\":\"ListItem\",\"position\":2,\"name\":\"Longboardid, rulad, t\u00f5ukerattad, rulluisud\",\"item\":\"https:\\\/\\\/longboard.ee\\\/longboardid-rulad-toukerattad\\\/\"},{\"@type\":\"ListItem\",\"position\":3,\"name\":\"Tarvikud ja varustus\",\"item\":\"https:\\\/\\\/longboard.ee\\\/et\\\/longboard\\\/tarvikud-ja-varustus\\\/\"},{\"@type\":\"ListItem\",\"position\":4,\"name\":\"Kaitsmed\",\"item\":\"https:\\\/\\\/longboard.ee\\\/et\\\/longboard\\\/tarvikud-ja-varustus\\\/kaitsmed\\\/\"},{\"@type\":\"ListItem\",\"position\":5,\"name\":\"Kaitsmete komplekt REKD\"}]},{\"@type\":\"WebSite\",\"@id\":\"https:\\\/\\\/longboard.ee\\\/et\\\/#website\",\"url\":\"https:\\\/\\\/longboard.ee\\\/et\\\/\",\"name\":\"Longboard.ee\",\"description\":\"Longboardide e-pood\",\"publisher\":{\"@id\":\"https:\\\/\\\/longboard.ee\\\/et\\\/#organization\"},\"potentialAction\":[{\"@type\":\"SearchAction\",\"target\":{\"@type\":\"EntryPoint\",\"urlTemplate\":\"https:\\\/\\\/longboard.ee\\\/et\\\/?s={search_term_string}\"},\"query-input\":{\"@type\":\"PropertyValueSpecification\",\"valueRequired\":true,\"valueName\":\"search_term_string\"}}],\"inLanguage\":\"et\"},{\"@type\":\"Organization\",\"@id\":\"https:\\\/\\\/longboard.ee\\\/et\\\/#organization\",\"name\":\"Longboard.ee\",\"url\":\"https:\\\/\\\/longboard.ee\\\/et\\\/\",\"logo\":{\"@type\":\"ImageObject\",\"inLanguage\":\"et\",\"@id\":\"https:\\\/\\\/longboard.ee\\\/et\\\/#\\\/schema\\\/logo\\\/image\\\/\",\"url\":\"https:\\\/\\\/longboard.ee\\\/wp-content\\\/uploads\\\/2021\\\/10\\\/logo55.jpg\",\"contentUrl\":\"https:\\\/\\\/longboard.ee\\\/wp-content\\\/uploads\\\/2021\\\/10\\\/logo55.jpg\",\"width\":180,\"height\":180,\"caption\":\"Longboard.ee\"},\"image\":{\"@id\":\"https:\\\/\\\/longboard.ee\\\/et\\\/#\\\/schema\\\/logo\\\/image\\\/\"},\"sameAs\":[\"https:\\\/\\\/www.facebook.com\\\/Longboardee-131787663895166\\\/\"]}]}<\/script>\n<!-- \/ Yoast SEO plugin. -->","yoast_head_json":{"title":"Kaitsmete komplekt REKD - Longboard.ee","description":"Longboard. ee - longboardid, rula, rulad, t\u00f5ukerattad, quad ilu-rulluisud","robots":{"index":"index","follow":"follow","max-snippet":"max-snippet:-1","max-image-preview":"max-image-preview:large","max-video-preview":"max-video-preview:-1"},"canonical":"https:\/\/longboard.ee\/et\/longboardid\/tarvikud-ja-varustus\/kaitsmed\/kaitsmetekomplektrekd\/","schema":{"@context":"https:\/\/schema.org","@graph":[{"@type":"WebPage","@id":"https:\/\/longboard.ee\/longboardid\/tarvikud-ja-varustus\/kaitsmed\/kaitsmetekomplektrekd\/","url":"https:\/\/longboard.ee\/longboardid\/tarvikud-ja-varustus\/kaitsmed\/kaitsmetekomplektrekd\/","name":"Kaitsmete komplekt REKD - Longboard.ee","isPartOf":{"@id":"https:\/\/longboard.ee\/et\/#website"},"primaryImageOfPage":{"@id":"https:\/\/longboard.ee\/longboardid\/tarvikud-ja-varustus\/kaitsmed\/kaitsmetekomplektrekd\/#primaryimage"},"image":{"@id":"https:\/\/longboard.ee\/longboardid\/tarvikud-ja-varustus\/kaitsmed\/kaitsmetekomplektrekd\/#primaryimage"},"thumbnailUrl":"https:\/\/longboard.ee\/wp-content\/uploads\/2019\/07\/RKD600_Heavy_Duty_Triple_Pad_Set_Group_1024x1024.jpg","datePublished":"2019-07-14T09:53:08+00:00","dateModified":"2025-06-25T12:19:15+00:00","description":"Longboard. ee - longboardid, rula, rulad, t\u00f5ukerattad, quad ilu-rulluisud","breadcrumb":{"@id":"https:\/\/longboard.ee\/longboardid\/tarvikud-ja-varustus\/kaitsmed\/kaitsmetekomplektrekd\/#breadcrumb"},"inLanguage":"et","potentialAction":[{"@type":"ReadAction","target":["https:\/\/longboard.ee\/longboardid\/tarvikud-ja-varustus\/kaitsmed\/kaitsmetekomplektrekd\/"]}]},{"@type":"ImageObject","inLanguage":"et","@id":"https:\/\/longboard.ee\/longboardid\/tarvikud-ja-varustus\/kaitsmed\/kaitsmetekomplektrekd\/#primaryimage","url":"https:\/\/longboard.ee\/wp-content\/uploads\/2019\/07\/RKD600_Heavy_Duty_Triple_Pad_Set_Group_1024x1024.jpg","contentUrl":"https:\/\/longboard.ee\/wp-content\/uploads\/2019\/07\/RKD600_Heavy_Duty_Triple_Pad_Set_Group_1024x1024.jpg","width":1024,"height":819},{"@type":"BreadcrumbList","@id":"https:\/\/longboard.ee\/longboardid\/tarvikud-ja-varustus\/kaitsmed\/kaitsmetekomplektrekd\/#breadcrumb","itemListElement":[{"@type":"ListItem","position":1,"name":"Home","item":"https:\/\/longboard.ee\/"},{"@type":"ListItem","position":2,"name":"Longboardid, rulad, t\u00f5ukerattad, rulluisud","item":"https:\/\/longboard.ee\/longboardid-rulad-toukerattad\/"},{"@type":"ListItem","position":3,"name":"Tarvikud ja varustus","item":"https:\/\/longboard.ee\/et\/longboard\/tarvikud-ja-varustus\/"},{"@type":"ListItem","position":4,"name":"Kaitsmed","item":"https:\/\/longboard.ee\/et\/longboard\/tarvikud-ja-varustus\/kaitsmed\/"},{"@type":"ListItem","position":5,"name":"Kaitsmete komplekt REKD"}]},{"@type":"WebSite","@id":"https:\/\/longboard.ee\/et\/#website","url":"https:\/\/longboard.ee\/et\/","name":"Longboard.ee","description":"Longboardide e-pood","publisher":{"@id":"https:\/\/longboard.ee\/et\/#organization"},"potentialAction":[{"@type":"SearchAction","target":{"@type":"EntryPoint","urlTemplate":"https:\/\/longboard.ee\/et\/?s={search_term_string}"},"query-input":{"@type":"PropertyValueSpecification","valueRequired":true,"valueName":"search_term_string"}}],"inLanguage":"et"},{"@type":"Organization","@id":"https:\/\/longboard.ee\/et\/#organization","name":"Longboard.ee","url":"https:\/\/longboard.ee\/et\/","logo":{"@type":"ImageObject","inLanguage":"et","@id":"https:\/\/longboard.ee\/et\/#\/schema\/logo\/image\/","url":"https:\/\/longboard.ee\/wp-content\/uploads\/2021\/10\/logo55.jpg","contentUrl":"https:\/\/longboard.ee\/wp-content\/uploads\/2021\/10\/logo55.jpg","width":180,"height":180,"caption":"Longboard.ee"},"image":{"@id":"https:\/\/longboard.ee\/et\/#\/schema\/logo\/image\/"},"sameAs":["https:\/\/www.facebook.com\/Longboardee-131787663895166\/"]}]}},"_links":{"self":[{"href":"https:\/\/longboard.ee\/et\/wp-json\/wp\/v2\/product\/2481","targetHints":{"allow":["GET"]}}],"collection":[{"href":"https:\/\/longboard.ee\/et\/wp-json\/wp\/v2\/product"}],"about":[{"href":"https:\/\/longboard.ee\/et\/wp-json\/wp\/v2\/types\/product"}],"wp:featuredmedia":[{"embeddable":true,"href":"https:\/\/longboard.ee\/et\/wp-json\/wp\/v2\/media\/2525"}],"wp:attachment":[{"href":"https:\/\/longboard.ee\/et\/wp-json\/wp\/v2\/media?parent=2481"}],"wp:term":[{"taxonomy":"product_brand","embeddable":true,"href":"https:\/\/longboard.ee\/et\/wp-json\/wp\/v2\/product_brand?post=2481"},{"taxonomy":"product_cat","embeddable":true,"href":"https:\/\/longboard.ee\/et\/wp-json\/wp\/v2\/product_cat?post=2481"},{"taxonomy":"product_tag","embeddable":true,"href":"https:\/\/longboard.ee\/et\/wp-json\/wp\/v2\/product_tag?post=2481"}],"curies":[{"name":"wp","href":"https:\/\/api.w.org\/{rel}","templated":true}]}}