{"id":4209,"date":"2019-10-13T09:02:01","date_gmt":"2019-10-13T06:02:01","guid":{"rendered":"https:\/\/longboard.ee\/?post_type=product&#038;p=4209"},"modified":"2025-11-30T15:42:04","modified_gmt":"2025-11-30T13:42:04","slug":"frenzy-205mm-dualbrake-champaign","status":"publish","type":"product","link":"https:\/\/longboard.ee\/et\/longboardid\/linnatoukerattad\/frenzy-205mm-dualbrake-champaign\/","title":{"rendered":"Frenzy 205mm Dual Brake Champaign &#8211; linnat\u00f5ukeratas"},"content":{"rendered":"<p><img loading=\"lazy\" decoding=\"async\" class=\"alignleft\" src=\"https:\/\/www.statesideskates.com\/media\/stateside%20skates\/brand%20logos\/FrenzyLogo.png\" alt=\"Frenzy Scooters\" width=\"147\" height=\"68\" \/>Frenzy\u00a0 t\u00f5ukerattad on m\u00f5eldud inimestele kellele meeldib kulgeda stiilselt ja mugavalt. T\u00f5ukerattad on kiired, s\u00f5itmine ei n\u00f5ua suurt pingutust ega ka elektrit.<\/p>\n<p>T\u00f5ukerattaid saab kiirelt kompaktseks kokku pakkida.<\/p>\n<p>&nbsp;<\/p>\n<p>Rattad: 205mm 82A PU<\/p>\n<p>Laagrid: Abec-7<\/p>\n<p>K\u00f5rgus: 87 &#8211; 96cm<\/p>\n<p>Pikkus: 91 cm<\/p>\n<p>Laius: 49 cm<\/p>\n<p>Kaal: 4.76 kg<\/p>\n<p>T\u00f5ukerattal on nii k\u00e4si kui jalgpidur.<\/p>\n<p>&nbsp;<\/p>\n<p>Tootja link:<\/p>\n<p><a href=\"https:\/\/www.frenzyscooters.com\/fr205db\">https:\/\/www.frenzyscooters.com\/fr205db<\/a><\/p>\n","protected":false},"excerpt":{"rendered":"<p>Frenzy\u00a0 t\u00f5ukerattad on m\u00f5eldud inimestele kellele meeldib kulgeda stiilselt ja mugavalt. T\u00f5ukerattad on kiired, s\u00f5itmine ei n\u00f5ua suurt pingutust ega ka elektrit. T\u00f5ukerattaid saab kiirelt kompaktseks kokku pakkida. &nbsp; Rattad: 205mm 82A PU Laagrid: Abec-7 K\u00f5rgus: 87 &#8211; 96cm Pikkus: 91 cm Laius: 49 cm Kaal: 4.76 kg T\u00f5ukerattal on<span class=\"more-link\"><a href=\"https:\/\/longboard.ee\/et\/longboardid\/linnatoukerattad\/frenzy-205mm-dualbrake-champaign\/\">Continue Reading<\/a><\/span><\/p>\n","protected":false},"featured_media":4211,"template":"","meta":[],"product_brand":[],"product_cat":[115],"product_tag":[],"class_list":{"0":"entry","1":"author-nzz","2":"post-4209","3":"product","4":"type-product","5":"status-publish","6":"has-post-thumbnail","7":"product_cat-linnatoukerattad","9":"first","10":"instock","11":"sale","12":"taxable","13":"shipping-taxable","14":"purchasable","15":"product-type-simple"},"yoast_head":"<!-- This site is optimized with the Yoast SEO plugin v27.5 - https:\/\/yoast.com\/product\/yoast-seo-wordpress\/ -->\n<title>Frenzy 205mm Dual Brake Champaign - linnat\u00f5ukeratas - Longboard.ee<\/title>\n<meta name=\"description\" content=\"Frenzy\u00a0linnat\u00f5ukerattad on m\u00f5eldud inimestele kellele meeldib kulgeda stiilselt ja mugavalt. T\u00f5ukerattad on kiired, s\u00f5itmine ei n\u00f5ua suurt pingutust ega ka elektrit.\" \/>\n<meta name=\"robots\" content=\"index, follow, max-snippet:-1, max-image-preview:large, max-video-preview:-1\" \/>\n<link rel=\"canonical\" href=\"https:\/\/longboard.ee\/et\/longboardid\/linnatoukerattad\/frenzy-205mm-dualbrake-champaign\/\" \/>\n<script type=\"application\/ld+json\" class=\"yoast-schema-graph\">{\"@context\":\"https:\\\/\\\/schema.org\",\"@graph\":[{\"@type\":\"WebPage\",\"@id\":\"https:\\\/\\\/longboard.ee\\\/longboardid\\\/linnatoukerattad\\\/frenzy-205mm-dualbrake-champaign\\\/\",\"url\":\"https:\\\/\\\/longboard.ee\\\/longboardid\\\/linnatoukerattad\\\/frenzy-205mm-dualbrake-champaign\\\/\",\"name\":\"Frenzy 205mm Dual Brake Champaign - linnat\u00f5ukeratas - Longboard.ee\",\"isPartOf\":{\"@id\":\"https:\\\/\\\/longboard.ee\\\/et\\\/#website\"},\"primaryImageOfPage\":{\"@id\":\"https:\\\/\\\/longboard.ee\\\/longboardid\\\/linnatoukerattad\\\/frenzy-205mm-dualbrake-champaign\\\/#primaryimage\"},\"image\":{\"@id\":\"https:\\\/\\\/longboard.ee\\\/longboardid\\\/linnatoukerattad\\\/frenzy-205mm-dualbrake-champaign\\\/#primaryimage\"},\"thumbnailUrl\":\"https:\\\/\\\/longboard.ee\\\/wp-content\\\/uploads\\\/2019\\\/10\\\/FR205DB-Frenzy-205mm-Dual-Brake-Plus-Champagne-Main.jpg\",\"datePublished\":\"2019-10-13T06:02:01+00:00\",\"dateModified\":\"2025-11-30T13:42:04+00:00\",\"description\":\"Frenzy\u00a0linnat\u00f5ukerattad on m\u00f5eldud inimestele kellele meeldib kulgeda stiilselt ja mugavalt. T\u00f5ukerattad on kiired, s\u00f5itmine ei n\u00f5ua suurt pingutust ega ka elektrit.\",\"breadcrumb\":{\"@id\":\"https:\\\/\\\/longboard.ee\\\/longboardid\\\/linnatoukerattad\\\/frenzy-205mm-dualbrake-champaign\\\/#breadcrumb\"},\"inLanguage\":\"et\",\"potentialAction\":[{\"@type\":\"ReadAction\",\"target\":[\"https:\\\/\\\/longboard.ee\\\/longboardid\\\/linnatoukerattad\\\/frenzy-205mm-dualbrake-champaign\\\/\"]}]},{\"@type\":\"ImageObject\",\"inLanguage\":\"et\",\"@id\":\"https:\\\/\\\/longboard.ee\\\/longboardid\\\/linnatoukerattad\\\/frenzy-205mm-dualbrake-champaign\\\/#primaryimage\",\"url\":\"https:\\\/\\\/longboard.ee\\\/wp-content\\\/uploads\\\/2019\\\/10\\\/FR205DB-Frenzy-205mm-Dual-Brake-Plus-Champagne-Main.jpg\",\"contentUrl\":\"https:\\\/\\\/longboard.ee\\\/wp-content\\\/uploads\\\/2019\\\/10\\\/FR205DB-Frenzy-205mm-Dual-Brake-Plus-Champagne-Main.jpg\",\"width\":690,\"height\":1000},{\"@type\":\"BreadcrumbList\",\"@id\":\"https:\\\/\\\/longboard.ee\\\/longboardid\\\/linnatoukerattad\\\/frenzy-205mm-dualbrake-champaign\\\/#breadcrumb\",\"itemListElement\":[{\"@type\":\"ListItem\",\"position\":1,\"name\":\"Home\",\"item\":\"https:\\\/\\\/longboard.ee\\\/\"},{\"@type\":\"ListItem\",\"position\":2,\"name\":\"Longboardid, rulad, t\u00f5ukerattad, rulluisud\",\"item\":\"https:\\\/\\\/longboard.ee\\\/longboardid-rulad-toukerattad\\\/\"},{\"@type\":\"ListItem\",\"position\":3,\"name\":\"Linnat\u00f5ukerattad\",\"item\":\"https:\\\/\\\/longboard.ee\\\/en\\\/longboard\\\/city-scooters\\\/\"},{\"@type\":\"ListItem\",\"position\":4,\"name\":\"Frenzy 205mm Dual Brake Champaign &#8211; linnat\u00f5ukeratas\"}]},{\"@type\":\"WebSite\",\"@id\":\"https:\\\/\\\/longboard.ee\\\/et\\\/#website\",\"url\":\"https:\\\/\\\/longboard.ee\\\/et\\\/\",\"name\":\"Longboard.ee\",\"description\":\"Longboardide e-pood\",\"publisher\":{\"@id\":\"https:\\\/\\\/longboard.ee\\\/et\\\/#organization\"},\"potentialAction\":[{\"@type\":\"SearchAction\",\"target\":{\"@type\":\"EntryPoint\",\"urlTemplate\":\"https:\\\/\\\/longboard.ee\\\/et\\\/?s={search_term_string}\"},\"query-input\":{\"@type\":\"PropertyValueSpecification\",\"valueRequired\":true,\"valueName\":\"search_term_string\"}}],\"inLanguage\":\"et\"},{\"@type\":\"Organization\",\"@id\":\"https:\\\/\\\/longboard.ee\\\/et\\\/#organization\",\"name\":\"Longboard.ee\",\"url\":\"https:\\\/\\\/longboard.ee\\\/et\\\/\",\"logo\":{\"@type\":\"ImageObject\",\"inLanguage\":\"et\",\"@id\":\"https:\\\/\\\/longboard.ee\\\/et\\\/#\\\/schema\\\/logo\\\/image\\\/\",\"url\":\"https:\\\/\\\/longboard.ee\\\/wp-content\\\/uploads\\\/2021\\\/10\\\/logo55.jpg\",\"contentUrl\":\"https:\\\/\\\/longboard.ee\\\/wp-content\\\/uploads\\\/2021\\\/10\\\/logo55.jpg\",\"width\":180,\"height\":180,\"caption\":\"Longboard.ee\"},\"image\":{\"@id\":\"https:\\\/\\\/longboard.ee\\\/et\\\/#\\\/schema\\\/logo\\\/image\\\/\"},\"sameAs\":[\"https:\\\/\\\/www.facebook.com\\\/Longboardee-131787663895166\\\/\"]}]}<\/script>\n<!-- \/ Yoast SEO plugin. -->","yoast_head_json":{"title":"Frenzy 205mm Dual Brake Champaign - linnat\u00f5ukeratas - Longboard.ee","description":"Frenzy\u00a0linnat\u00f5ukerattad on m\u00f5eldud inimestele kellele meeldib kulgeda stiilselt ja mugavalt. T\u00f5ukerattad on kiired, s\u00f5itmine ei n\u00f5ua suurt pingutust ega ka elektrit.","robots":{"index":"index","follow":"follow","max-snippet":"max-snippet:-1","max-image-preview":"max-image-preview:large","max-video-preview":"max-video-preview:-1"},"canonical":"https:\/\/longboard.ee\/et\/longboardid\/linnatoukerattad\/frenzy-205mm-dualbrake-champaign\/","schema":{"@context":"https:\/\/schema.org","@graph":[{"@type":"WebPage","@id":"https:\/\/longboard.ee\/longboardid\/linnatoukerattad\/frenzy-205mm-dualbrake-champaign\/","url":"https:\/\/longboard.ee\/longboardid\/linnatoukerattad\/frenzy-205mm-dualbrake-champaign\/","name":"Frenzy 205mm Dual Brake Champaign - linnat\u00f5ukeratas - Longboard.ee","isPartOf":{"@id":"https:\/\/longboard.ee\/et\/#website"},"primaryImageOfPage":{"@id":"https:\/\/longboard.ee\/longboardid\/linnatoukerattad\/frenzy-205mm-dualbrake-champaign\/#primaryimage"},"image":{"@id":"https:\/\/longboard.ee\/longboardid\/linnatoukerattad\/frenzy-205mm-dualbrake-champaign\/#primaryimage"},"thumbnailUrl":"https:\/\/longboard.ee\/wp-content\/uploads\/2019\/10\/FR205DB-Frenzy-205mm-Dual-Brake-Plus-Champagne-Main.jpg","datePublished":"2019-10-13T06:02:01+00:00","dateModified":"2025-11-30T13:42:04+00:00","description":"Frenzy\u00a0linnat\u00f5ukerattad on m\u00f5eldud inimestele kellele meeldib kulgeda stiilselt ja mugavalt. T\u00f5ukerattad on kiired, s\u00f5itmine ei n\u00f5ua suurt pingutust ega ka elektrit.","breadcrumb":{"@id":"https:\/\/longboard.ee\/longboardid\/linnatoukerattad\/frenzy-205mm-dualbrake-champaign\/#breadcrumb"},"inLanguage":"et","potentialAction":[{"@type":"ReadAction","target":["https:\/\/longboard.ee\/longboardid\/linnatoukerattad\/frenzy-205mm-dualbrake-champaign\/"]}]},{"@type":"ImageObject","inLanguage":"et","@id":"https:\/\/longboard.ee\/longboardid\/linnatoukerattad\/frenzy-205mm-dualbrake-champaign\/#primaryimage","url":"https:\/\/longboard.ee\/wp-content\/uploads\/2019\/10\/FR205DB-Frenzy-205mm-Dual-Brake-Plus-Champagne-Main.jpg","contentUrl":"https:\/\/longboard.ee\/wp-content\/uploads\/2019\/10\/FR205DB-Frenzy-205mm-Dual-Brake-Plus-Champagne-Main.jpg","width":690,"height":1000},{"@type":"BreadcrumbList","@id":"https:\/\/longboard.ee\/longboardid\/linnatoukerattad\/frenzy-205mm-dualbrake-champaign\/#breadcrumb","itemListElement":[{"@type":"ListItem","position":1,"name":"Home","item":"https:\/\/longboard.ee\/"},{"@type":"ListItem","position":2,"name":"Longboardid, rulad, t\u00f5ukerattad, rulluisud","item":"https:\/\/longboard.ee\/longboardid-rulad-toukerattad\/"},{"@type":"ListItem","position":3,"name":"Linnat\u00f5ukerattad","item":"https:\/\/longboard.ee\/en\/longboard\/city-scooters\/"},{"@type":"ListItem","position":4,"name":"Frenzy 205mm Dual Brake Champaign &#8211; linnat\u00f5ukeratas"}]},{"@type":"WebSite","@id":"https:\/\/longboard.ee\/et\/#website","url":"https:\/\/longboard.ee\/et\/","name":"Longboard.ee","description":"Longboardide e-pood","publisher":{"@id":"https:\/\/longboard.ee\/et\/#organization"},"potentialAction":[{"@type":"SearchAction","target":{"@type":"EntryPoint","urlTemplate":"https:\/\/longboard.ee\/et\/?s={search_term_string}"},"query-input":{"@type":"PropertyValueSpecification","valueRequired":true,"valueName":"search_term_string"}}],"inLanguage":"et"},{"@type":"Organization","@id":"https:\/\/longboard.ee\/et\/#organization","name":"Longboard.ee","url":"https:\/\/longboard.ee\/et\/","logo":{"@type":"ImageObject","inLanguage":"et","@id":"https:\/\/longboard.ee\/et\/#\/schema\/logo\/image\/","url":"https:\/\/longboard.ee\/wp-content\/uploads\/2021\/10\/logo55.jpg","contentUrl":"https:\/\/longboard.ee\/wp-content\/uploads\/2021\/10\/logo55.jpg","width":180,"height":180,"caption":"Longboard.ee"},"image":{"@id":"https:\/\/longboard.ee\/et\/#\/schema\/logo\/image\/"},"sameAs":["https:\/\/www.facebook.com\/Longboardee-131787663895166\/"]}]}},"_links":{"self":[{"href":"https:\/\/longboard.ee\/et\/wp-json\/wp\/v2\/product\/4209","targetHints":{"allow":["GET"]}}],"collection":[{"href":"https:\/\/longboard.ee\/et\/wp-json\/wp\/v2\/product"}],"about":[{"href":"https:\/\/longboard.ee\/et\/wp-json\/wp\/v2\/types\/product"}],"wp:featuredmedia":[{"embeddable":true,"href":"https:\/\/longboard.ee\/et\/wp-json\/wp\/v2\/media\/4211"}],"wp:attachment":[{"href":"https:\/\/longboard.ee\/et\/wp-json\/wp\/v2\/media?parent=4209"}],"wp:term":[{"taxonomy":"product_brand","embeddable":true,"href":"https:\/\/longboard.ee\/et\/wp-json\/wp\/v2\/product_brand?post=4209"},{"taxonomy":"product_cat","embeddable":true,"href":"https:\/\/longboard.ee\/et\/wp-json\/wp\/v2\/product_cat?post=4209"},{"taxonomy":"product_tag","embeddable":true,"href":"https:\/\/longboard.ee\/et\/wp-json\/wp\/v2\/product_tag?post=4209"}],"curies":[{"name":"wp","href":"https:\/\/api.w.org\/{rel}","templated":true}]}}