{"id":4220,"date":"2019-10-13T10:46:49","date_gmt":"2019-10-13T07:46:49","guid":{"rendered":"https:\/\/longboard.ee\/?post_type=product&#038;p=4220"},"modified":"2025-11-30T15:41:50","modified_gmt":"2025-11-30T13:41:50","slug":"frenzy-205mm-dual-brake-titanium-linnatoukeratas","status":"publish","type":"product","link":"https:\/\/longboard.ee\/et\/longboardid\/linnatoukerattad\/frenzy-205mm-dual-brake-titanium-linnatoukeratas\/","title":{"rendered":"Frenzy 205mm Dual Brake Titanium &#8211; linnat\u00f5ukeratas"},"content":{"rendered":"<p><img loading=\"lazy\" decoding=\"async\" class=\"alignnone wp-image-14598\" src=\"https:\/\/longboard.ee\/wp-content\/uploads\/2019\/10\/Screenshot-2021-03-30-at-08.56.10.png\" alt=\"\" width=\"266\" height=\"91\" srcset=\"https:\/\/longboard.ee\/wp-content\/uploads\/2019\/10\/Screenshot-2021-03-30-at-08.56.10.png 456w, https:\/\/longboard.ee\/wp-content\/uploads\/2019\/10\/Screenshot-2021-03-30-at-08.56.10-16x5.png 16w\" sizes=\"auto, (max-width: 266px) 100vw, 266px\" \/><\/p>\n<p>Frenzy\u00a0 t\u00f5ukerattad on m\u00f5eldud inimestele kellele meeldib kulgeda stiilselt ja mugavalt. T\u00f5ukerattad on kiired, s\u00f5itmine ei n\u00f5ua suurt pingutust ega ka elektrit.<\/p>\n<p>T\u00f5ukerattaid saab kiirelt kompaktseks kokku pakkida.<\/p>\n<p>&nbsp;<\/p>\n<p>Rattad: 205mm 82A PU<\/p>\n<p>Laagrid: Abec-7<\/p>\n<p>K\u00f5rgus: 87 &#8211; 96cm<\/p>\n<p>Pikkus: 91 cm<\/p>\n<p>Laius: 49 cm<\/p>\n<p>Kaal: 4.76 kg<\/p>\n<p>T\u00f5ukerattal on nii k\u00e4si kui jalgpidur.<\/p>\n<p>Tootja link:<\/p>\n<p><a href=\"https:\/\/www.frenzyscooters.com\/fr205db\">https:\/\/www.frenzyscooters.com\/fr205db<\/a><\/p>\n","protected":false},"excerpt":{"rendered":"<p>Frenzy\u00a0 t\u00f5ukerattad on m\u00f5eldud inimestele kellele meeldib kulgeda stiilselt ja mugavalt. T\u00f5ukerattad on kiired, s\u00f5itmine ei n\u00f5ua suurt pingutust ega ka elektrit. T\u00f5ukerattaid saab kiirelt kompaktseks kokku pakkida. &nbsp; Rattad: 205mm 82A PU Laagrid: Abec-7 K\u00f5rgus: 87 &#8211; 96cm Pikkus: 91 cm Laius: 49 cm Kaal: 4.76 kg T\u00f5ukerattal on<span class=\"more-link\"><a href=\"https:\/\/longboard.ee\/et\/longboardid\/linnatoukerattad\/frenzy-205mm-dual-brake-titanium-linnatoukeratas\/\">Continue Reading<\/a><\/span><\/p>\n","protected":false},"featured_media":4217,"template":"","meta":[],"product_brand":[],"product_cat":[115],"product_tag":[],"class_list":{"0":"entry","1":"author-nzz","2":"post-4220","3":"product","4":"type-product","5":"status-publish","6":"has-post-thumbnail","7":"product_cat-linnatoukerattad","9":"first","10":"instock","11":"sale","12":"taxable","13":"shipping-taxable","14":"purchasable","15":"product-type-simple"},"yoast_head":"<!-- This site is optimized with the Yoast SEO plugin v27.3 - https:\/\/yoast.com\/product\/yoast-seo-wordpress\/ -->\n<title>Frenzy 205mm Dual Brake Titanium - linnat\u00f5ukeratas - Longboard.ee<\/title>\n<meta name=\"description\" content=\"Frenzy\u00a0linnat\u00f5ukerattad on m\u00f5eldud inimestele kellele meeldib kulgeda stiilselt ja mugavalt. T\u00f5ukerattad on kiired, s\u00f5itmine ei n\u00f5ua suurt pingutust ega ka elektrit.\" \/>\n<meta name=\"robots\" content=\"index, follow, max-snippet:-1, max-image-preview:large, max-video-preview:-1\" \/>\n<link rel=\"canonical\" href=\"https:\/\/longboard.ee\/et\/longboardid\/linnatoukerattad\/frenzy-205mm-dual-brake-titanium-linnatoukeratas\/\" \/>\n<meta name=\"twitter:label1\" content=\"Est. reading time\" \/>\n\t<meta name=\"twitter:data1\" content=\"1 minut\" \/>\n<script type=\"application\/ld+json\" class=\"yoast-schema-graph\">{\"@context\":\"https:\\\/\\\/schema.org\",\"@graph\":[{\"@type\":\"WebPage\",\"@id\":\"https:\\\/\\\/longboard.ee\\\/longboardid\\\/linnatoukerattad\\\/frenzy-205mm-dual-brake-titanium-linnatoukeratas\\\/\",\"url\":\"https:\\\/\\\/longboard.ee\\\/longboardid\\\/linnatoukerattad\\\/frenzy-205mm-dual-brake-titanium-linnatoukeratas\\\/\",\"name\":\"Frenzy 205mm Dual Brake Titanium - linnat\u00f5ukeratas - Longboard.ee\",\"isPartOf\":{\"@id\":\"https:\\\/\\\/longboard.ee\\\/et\\\/#website\"},\"primaryImageOfPage\":{\"@id\":\"https:\\\/\\\/longboard.ee\\\/longboardid\\\/linnatoukerattad\\\/frenzy-205mm-dual-brake-titanium-linnatoukeratas\\\/#primaryimage\"},\"image\":{\"@id\":\"https:\\\/\\\/longboard.ee\\\/longboardid\\\/linnatoukerattad\\\/frenzy-205mm-dual-brake-titanium-linnatoukeratas\\\/#primaryimage\"},\"thumbnailUrl\":\"https:\\\/\\\/longboard.ee\\\/wp-content\\\/uploads\\\/2019\\\/10\\\/FR205DB-Frenzy-205mm-Dual-Brake-Plus-Titanium-Main.jpg\",\"datePublished\":\"2019-10-13T07:46:49+00:00\",\"dateModified\":\"2025-11-30T13:41:50+00:00\",\"description\":\"Frenzy\u00a0linnat\u00f5ukerattad on m\u00f5eldud inimestele kellele meeldib kulgeda stiilselt ja mugavalt. T\u00f5ukerattad on kiired, s\u00f5itmine ei n\u00f5ua suurt pingutust ega ka elektrit.\",\"breadcrumb\":{\"@id\":\"https:\\\/\\\/longboard.ee\\\/longboardid\\\/linnatoukerattad\\\/frenzy-205mm-dual-brake-titanium-linnatoukeratas\\\/#breadcrumb\"},\"inLanguage\":\"et\",\"potentialAction\":[{\"@type\":\"ReadAction\",\"target\":[\"https:\\\/\\\/longboard.ee\\\/longboardid\\\/linnatoukerattad\\\/frenzy-205mm-dual-brake-titanium-linnatoukeratas\\\/\"]}]},{\"@type\":\"ImageObject\",\"inLanguage\":\"et\",\"@id\":\"https:\\\/\\\/longboard.ee\\\/longboardid\\\/linnatoukerattad\\\/frenzy-205mm-dual-brake-titanium-linnatoukeratas\\\/#primaryimage\",\"url\":\"https:\\\/\\\/longboard.ee\\\/wp-content\\\/uploads\\\/2019\\\/10\\\/FR205DB-Frenzy-205mm-Dual-Brake-Plus-Titanium-Main.jpg\",\"contentUrl\":\"https:\\\/\\\/longboard.ee\\\/wp-content\\\/uploads\\\/2019\\\/10\\\/FR205DB-Frenzy-205mm-Dual-Brake-Plus-Titanium-Main.jpg\",\"width\":676,\"height\":1000},{\"@type\":\"BreadcrumbList\",\"@id\":\"https:\\\/\\\/longboard.ee\\\/longboardid\\\/linnatoukerattad\\\/frenzy-205mm-dual-brake-titanium-linnatoukeratas\\\/#breadcrumb\",\"itemListElement\":[{\"@type\":\"ListItem\",\"position\":1,\"name\":\"Home\",\"item\":\"https:\\\/\\\/longboard.ee\\\/\"},{\"@type\":\"ListItem\",\"position\":2,\"name\":\"Longboardid, rulad, t\u00f5ukerattad, rulluisud\",\"item\":\"https:\\\/\\\/longboard.ee\\\/longboardid-rulad-toukerattad\\\/\"},{\"@type\":\"ListItem\",\"position\":3,\"name\":\"Linnat\u00f5ukerattad\",\"item\":\"https:\\\/\\\/longboard.ee\\\/en\\\/longboard\\\/city-scooters\\\/\"},{\"@type\":\"ListItem\",\"position\":4,\"name\":\"Frenzy 205mm Dual Brake Titanium &#8211; linnat\u00f5ukeratas\"}]},{\"@type\":\"WebSite\",\"@id\":\"https:\\\/\\\/longboard.ee\\\/et\\\/#website\",\"url\":\"https:\\\/\\\/longboard.ee\\\/et\\\/\",\"name\":\"Longboard.ee\",\"description\":\"Longboardide e-pood\",\"publisher\":{\"@id\":\"https:\\\/\\\/longboard.ee\\\/et\\\/#organization\"},\"potentialAction\":[{\"@type\":\"SearchAction\",\"target\":{\"@type\":\"EntryPoint\",\"urlTemplate\":\"https:\\\/\\\/longboard.ee\\\/et\\\/?s={search_term_string}\"},\"query-input\":{\"@type\":\"PropertyValueSpecification\",\"valueRequired\":true,\"valueName\":\"search_term_string\"}}],\"inLanguage\":\"et\"},{\"@type\":\"Organization\",\"@id\":\"https:\\\/\\\/longboard.ee\\\/et\\\/#organization\",\"name\":\"Longboard.ee\",\"url\":\"https:\\\/\\\/longboard.ee\\\/et\\\/\",\"logo\":{\"@type\":\"ImageObject\",\"inLanguage\":\"et\",\"@id\":\"https:\\\/\\\/longboard.ee\\\/et\\\/#\\\/schema\\\/logo\\\/image\\\/\",\"url\":\"https:\\\/\\\/longboard.ee\\\/wp-content\\\/uploads\\\/2021\\\/10\\\/logo55.jpg\",\"contentUrl\":\"https:\\\/\\\/longboard.ee\\\/wp-content\\\/uploads\\\/2021\\\/10\\\/logo55.jpg\",\"width\":180,\"height\":180,\"caption\":\"Longboard.ee\"},\"image\":{\"@id\":\"https:\\\/\\\/longboard.ee\\\/et\\\/#\\\/schema\\\/logo\\\/image\\\/\"},\"sameAs\":[\"https:\\\/\\\/www.facebook.com\\\/Longboardee-131787663895166\\\/\"]}]}<\/script>\n<!-- \/ Yoast SEO plugin. -->","yoast_head_json":{"title":"Frenzy 205mm Dual Brake Titanium - linnat\u00f5ukeratas - Longboard.ee","description":"Frenzy\u00a0linnat\u00f5ukerattad on m\u00f5eldud inimestele kellele meeldib kulgeda stiilselt ja mugavalt. T\u00f5ukerattad on kiired, s\u00f5itmine ei n\u00f5ua suurt pingutust ega ka elektrit.","robots":{"index":"index","follow":"follow","max-snippet":"max-snippet:-1","max-image-preview":"max-image-preview:large","max-video-preview":"max-video-preview:-1"},"canonical":"https:\/\/longboard.ee\/et\/longboardid\/linnatoukerattad\/frenzy-205mm-dual-brake-titanium-linnatoukeratas\/","twitter_misc":{"Est. reading time":"1 minut"},"schema":{"@context":"https:\/\/schema.org","@graph":[{"@type":"WebPage","@id":"https:\/\/longboard.ee\/longboardid\/linnatoukerattad\/frenzy-205mm-dual-brake-titanium-linnatoukeratas\/","url":"https:\/\/longboard.ee\/longboardid\/linnatoukerattad\/frenzy-205mm-dual-brake-titanium-linnatoukeratas\/","name":"Frenzy 205mm Dual Brake Titanium - linnat\u00f5ukeratas - Longboard.ee","isPartOf":{"@id":"https:\/\/longboard.ee\/et\/#website"},"primaryImageOfPage":{"@id":"https:\/\/longboard.ee\/longboardid\/linnatoukerattad\/frenzy-205mm-dual-brake-titanium-linnatoukeratas\/#primaryimage"},"image":{"@id":"https:\/\/longboard.ee\/longboardid\/linnatoukerattad\/frenzy-205mm-dual-brake-titanium-linnatoukeratas\/#primaryimage"},"thumbnailUrl":"https:\/\/longboard.ee\/wp-content\/uploads\/2019\/10\/FR205DB-Frenzy-205mm-Dual-Brake-Plus-Titanium-Main.jpg","datePublished":"2019-10-13T07:46:49+00:00","dateModified":"2025-11-30T13:41:50+00:00","description":"Frenzy\u00a0linnat\u00f5ukerattad on m\u00f5eldud inimestele kellele meeldib kulgeda stiilselt ja mugavalt. T\u00f5ukerattad on kiired, s\u00f5itmine ei n\u00f5ua suurt pingutust ega ka elektrit.","breadcrumb":{"@id":"https:\/\/longboard.ee\/longboardid\/linnatoukerattad\/frenzy-205mm-dual-brake-titanium-linnatoukeratas\/#breadcrumb"},"inLanguage":"et","potentialAction":[{"@type":"ReadAction","target":["https:\/\/longboard.ee\/longboardid\/linnatoukerattad\/frenzy-205mm-dual-brake-titanium-linnatoukeratas\/"]}]},{"@type":"ImageObject","inLanguage":"et","@id":"https:\/\/longboard.ee\/longboardid\/linnatoukerattad\/frenzy-205mm-dual-brake-titanium-linnatoukeratas\/#primaryimage","url":"https:\/\/longboard.ee\/wp-content\/uploads\/2019\/10\/FR205DB-Frenzy-205mm-Dual-Brake-Plus-Titanium-Main.jpg","contentUrl":"https:\/\/longboard.ee\/wp-content\/uploads\/2019\/10\/FR205DB-Frenzy-205mm-Dual-Brake-Plus-Titanium-Main.jpg","width":676,"height":1000},{"@type":"BreadcrumbList","@id":"https:\/\/longboard.ee\/longboardid\/linnatoukerattad\/frenzy-205mm-dual-brake-titanium-linnatoukeratas\/#breadcrumb","itemListElement":[{"@type":"ListItem","position":1,"name":"Home","item":"https:\/\/longboard.ee\/"},{"@type":"ListItem","position":2,"name":"Longboardid, rulad, t\u00f5ukerattad, rulluisud","item":"https:\/\/longboard.ee\/longboardid-rulad-toukerattad\/"},{"@type":"ListItem","position":3,"name":"Linnat\u00f5ukerattad","item":"https:\/\/longboard.ee\/en\/longboard\/city-scooters\/"},{"@type":"ListItem","position":4,"name":"Frenzy 205mm Dual Brake Titanium &#8211; linnat\u00f5ukeratas"}]},{"@type":"WebSite","@id":"https:\/\/longboard.ee\/et\/#website","url":"https:\/\/longboard.ee\/et\/","name":"Longboard.ee","description":"Longboardide e-pood","publisher":{"@id":"https:\/\/longboard.ee\/et\/#organization"},"potentialAction":[{"@type":"SearchAction","target":{"@type":"EntryPoint","urlTemplate":"https:\/\/longboard.ee\/et\/?s={search_term_string}"},"query-input":{"@type":"PropertyValueSpecification","valueRequired":true,"valueName":"search_term_string"}}],"inLanguage":"et"},{"@type":"Organization","@id":"https:\/\/longboard.ee\/et\/#organization","name":"Longboard.ee","url":"https:\/\/longboard.ee\/et\/","logo":{"@type":"ImageObject","inLanguage":"et","@id":"https:\/\/longboard.ee\/et\/#\/schema\/logo\/image\/","url":"https:\/\/longboard.ee\/wp-content\/uploads\/2021\/10\/logo55.jpg","contentUrl":"https:\/\/longboard.ee\/wp-content\/uploads\/2021\/10\/logo55.jpg","width":180,"height":180,"caption":"Longboard.ee"},"image":{"@id":"https:\/\/longboard.ee\/et\/#\/schema\/logo\/image\/"},"sameAs":["https:\/\/www.facebook.com\/Longboardee-131787663895166\/"]}]}},"_links":{"self":[{"href":"https:\/\/longboard.ee\/et\/wp-json\/wp\/v2\/product\/4220","targetHints":{"allow":["GET"]}}],"collection":[{"href":"https:\/\/longboard.ee\/et\/wp-json\/wp\/v2\/product"}],"about":[{"href":"https:\/\/longboard.ee\/et\/wp-json\/wp\/v2\/types\/product"}],"wp:featuredmedia":[{"embeddable":true,"href":"https:\/\/longboard.ee\/et\/wp-json\/wp\/v2\/media\/4217"}],"wp:attachment":[{"href":"https:\/\/longboard.ee\/et\/wp-json\/wp\/v2\/media?parent=4220"}],"wp:term":[{"taxonomy":"product_brand","embeddable":true,"href":"https:\/\/longboard.ee\/et\/wp-json\/wp\/v2\/product_brand?post=4220"},{"taxonomy":"product_cat","embeddable":true,"href":"https:\/\/longboard.ee\/et\/wp-json\/wp\/v2\/product_cat?post=4220"},{"taxonomy":"product_tag","embeddable":true,"href":"https:\/\/longboard.ee\/et\/wp-json\/wp\/v2\/product_tag?post=4220"}],"curies":[{"name":"wp","href":"https:\/\/api.w.org\/{rel}","templated":true}]}}